{"id":3971,"date":"2022-12-12T09:29:31","date_gmt":"2022-12-12T07:29:31","guid":{"rendered":"https:\/\/luxsauna.fi\/okategoriserad\/lux-bastu-s\/"},"modified":"2024-05-05T12:09:44","modified_gmt":"2024-05-05T09:09:44","slug":"lux-bastu-s","status":"publish","type":"product","link":"https:\/\/luxsauna.fi\/sv\/bastu-utomhus\/lux-bastu-s\/","title":{"rendered":"Traditionell S billig g\u00e5rdsbastu"},"content":{"rendered":"\n<h2 class=\"wp-block-heading\" style=\"font-size:34px;font-style:normal;font-weight:200\">M\u00e5tt<\/h2>\n\n<p>5.5m2 bastu<\/p>\n\n<p>M\u00e5tt: 2200*2570 mm<\/p>\n\n<figure class=\"wp-block-image size-large\"><img decoding=\"async\" width=\"970\" height=\"1024\" src=\"https:\/\/luxsauna.fi\/wp-content\/uploads\/2022\/12\/Lux-Sauna-S-mitat-970x1024.jpg\" alt=\"Lux Sauna S m&#xE5;tt\" class=\"wp-image-2269\" srcset=\"https:\/\/luxsauna.fi\/wp-content\/uploads\/2022\/12\/Lux-Sauna-S-mitat-970x1024.jpg 970w, https:\/\/luxsauna.fi\/wp-content\/uploads\/2022\/12\/Lux-Sauna-S-mitat-530x559.jpg 530w, https:\/\/luxsauna.fi\/wp-content\/uploads\/2022\/12\/Lux-Sauna-S-mitat-720x760.jpg 720w, https:\/\/luxsauna.fi\/wp-content\/uploads\/2022\/12\/Lux-Sauna-S-mitat-284x300.jpg 284w, https:\/\/luxsauna.fi\/wp-content\/uploads\/2022\/12\/Lux-Sauna-S-mitat-768x810.jpg 768w, https:\/\/luxsauna.fi\/wp-content\/uploads\/2022\/12\/Lux-Sauna-S-mitat.jpg 1068w\" sizes=\"(max-width: 970px) 100vw, 970px\" \/><\/figure>\n\n<h2 class=\"wp-block-heading\" style=\"font-size:34px;font-style:normal;font-weight:200\">V\u00e5r bastu har allt en bastu\u00e4lskare kan beh\u00f6va.<\/h2>\n\n<ul>\n<li>Kamin eller elektrisk spis<\/li>\n\n\n\n<li>Tj\u00e4rade klappbr\u00e4dor<\/li>\n\n\n\n<li>D\u00f6rrar och f\u00f6nster av glas<\/li>\n\n\n\n<li>Skorsten och skorstenshatt<\/li>\n\n\n\n<li>Filttak<\/li>\n\n\n\n<li>Grundade element<\/li>\n<\/ul>\n\n<p>Vid prefabricerade leveranser \u00e4r tak, golv och v\u00e4ggar l\u00e4ttmonterade element.<\/p>\n\n<h2 class=\"wp-block-heading\" style=\"font-size:34px;font-style:normal;font-weight:200\">Tillbeh\u00f6r<\/h2>\n\n<ul>\n<li>Vattenbeh\u00e5llare f\u00f6r spisen<\/li>\n\n\n\n<li>Ryggst\u00f6d<\/li>\n\n\n\n<li>Led-lampor<\/li>\n\n\n\n<li>L\u00e5s p\u00e5 d\u00f6rren<\/li>\n\n\n\n<li>M\u00e5lning utomhus<\/li>\n\n\n\n<li>Markarbeten<\/li>\n\n\n\n<li>Nyckelf\u00e4rdiga installationer<\/li>\n\n\n\n<li>P\u00e5litlig leverans, \u00e4ven till \u00f6n<\/li>\n<\/ul>\n\n<h3 class=\"wp-block-heading\" style=\"font-size:34px;font-style:normal;font-weight:200\">Traditionell innerg\u00e5rdsbastu S Mer information<\/h3>\n\n<p>I Finland, d\u00e4r den traditionella bastun \u00e4r mycket uppskattad, erbjuder Lux Sauna mycket avkopplande bad \u00f6ver hela landet. Den billiga traditionella <a href=\"https:\/\/luxsauna.fi\/sv\/produkt-kategori\/bastu-utomhus\/\">utomhusbastun<\/a> S-modellen \u00e4r kubisk till formen och representerar d\u00e4rf\u00f6r ocks\u00e5 en nyare era, som har vunnit stor popularitet p\u00e5 olika platser i Finland s\u00e5v\u00e4l som i andra delar av v\u00e4rlden. S\u00e5 den h\u00e4r stilen g\u00f6r dig inte besviken! Den lockar seglare till ett oemotst\u00e5ndligt \u00f6gonblick d\u00e4r \u00e5nga, relationer och traditioner m\u00f6ts. I v\u00e5rt utbud ing\u00e5r \u00e4ven en liknande <a href=\"https:\/\/luxsauna.fi\/sv\/bastu-utomhus\/lux-bastu-m\/\">utomhusbastumodell med omkl\u00e4dningsrum<\/a>. Upplev din egen Lux Sauna-\u00f6gonblick med oss. <\/p>\n\n<h3 class=\"has-larger-font-size wp-block-heading\" style=\"font-style:normal;font-weight:200\">En billig men h\u00f6gkvalitativ utomhusbastu<\/h3>\n\n<p>Den traditionella S \u00e4r den perfekta g\u00e5rdsbastun f\u00f6r g\u00e4ster eller en familj, som perfekt rymmer 5 personer f\u00f6r att njuta av den heta \u00e5ngan samtidigt som du njuter av sk\u00e4rg\u00e5rden, tr\u00e4dg\u00e5rden eller n\u00e4stan vilken plats du vill i landskapet d\u00e4r bastumodellen \u00e4r placerad. Dess tre snyggt smala och avl\u00e5nga f\u00f6nster m\u00f6jligg\u00f6r tillr\u00e4ckligt med integritet samtidigt som de h\u00e5nar landskapet fr\u00e5n tv\u00e5 olika h\u00e5ll.<\/p>\n\n<p>Den f\u00f6rtrollande solnedg\u00e5ngen, den gr\u00f6na midsommarnatten och vintersn\u00f6n kan alla ses med den traditionella S-utomhusbastun, eftersom de h\u00e5llbara alb\u00e4nkarna \u00e4r perfekt placerade s\u00e5 att du kan se ut framifr\u00e5n och fr\u00e5n sidan.<\/p>\n\n<p>Den traditionella Lux Sauna S \u00e4r en f\u00e4rdig bastu som transporteras till platsen som den \u00e4r, men om platsen \u00e4r sv\u00e5r f\u00f6r transport \u00e4r det m\u00f6jligt att transportera g\u00e5rdsbastun som element. <\/p>\n\n<p>Om du har dr\u00f6mt om en finsk tr\u00e4dg\u00e5rdsbastu som har blivit popul\u00e4r i andra delar av v\u00e4rlden beh\u00f6ver du inte dr\u00f6mma l\u00e4ngre &#8211; nu \u00e4r det dags att f\u00f6rverkliga den!<\/p>\n","protected":false},"excerpt":{"rendered":"<p>M\u00e5tt 5.5m2 bastu M\u00e5tt: 2200*2570 mm V\u00e5r bastu har allt en bastu\u00e4lskare kan beh\u00f6va. Vid prefabricerade leveranser \u00e4r tak, golv och v\u00e4ggar l\u00e4ttmonterade element. Tillbeh\u00f6r Traditionell innerg\u00e5rdsbastu S Mer information I Finland, d\u00e4r den traditionella bastun \u00e4r mycket uppskattad, erbjuder Lux Sauna mycket avkopplande bad \u00f6ver hela landet. Den billiga traditionella utomhusbastun S-modellen \u00e4r kubisk&nbsp;<a class=\"readbutton\" href=\"https:\/\/luxsauna.fi\/sv\/bastu-utomhus\/lux-bastu-s\/\">L\u00e4s mer<\/a><\/p>\n","protected":false},"featured_media":5383,"comment_status":"open","ping_status":"closed","template":"","meta":{"_uag_custom_page_level_css":"","_genesis_hide_title":false,"_genesis_hide_breadcrumbs":false,"_genesis_hide_singular_image":false,"_genesis_hide_footer_widgets":false,"_genesis_custom_body_class":"","_genesis_custom_post_class":"","_genesis_layout":""},"product_cat":[137,237,133],"product_tag":[],"berocket_brand":[],"uagb_featured_image_src":{"full":["https:\/\/luxsauna.fi\/wp-content\/uploads\/2022\/12\/Perinteinen-pihasauna-S-1.jpg",1200,696,false],"thumbnail":["https:\/\/luxsauna.fi\/wp-content\/uploads\/2022\/12\/Perinteinen-pihasauna-S-1-150x150.jpg",150,150,true],"medium":["https:\/\/luxsauna.fi\/wp-content\/uploads\/2022\/12\/Perinteinen-pihasauna-S-1-300x174.jpg",300,174,true],"medium_large":["https:\/\/luxsauna.fi\/wp-content\/uploads\/2022\/12\/Perinteinen-pihasauna-S-1-768x445.jpg",768,445,true],"large":["https:\/\/luxsauna.fi\/wp-content\/uploads\/2022\/12\/Perinteinen-pihasauna-S-1-1024x594.jpg",1024,594,true],"1536x1536":["https:\/\/luxsauna.fi\/wp-content\/uploads\/2022\/12\/Perinteinen-pihasauna-S-1.jpg",1200,696,false],"2048x2048":["https:\/\/luxsauna.fi\/wp-content\/uploads\/2022\/12\/Perinteinen-pihasauna-S-1.jpg",1200,696,false],"featured-blog":["https:\/\/luxsauna.fi\/wp-content\/uploads\/2022\/12\/Perinteinen-pihasauna-S-1-600x338.jpg",600,338,true],"sidebar-thumbnail":["https:\/\/luxsauna.fi\/wp-content\/uploads\/2022\/12\/Perinteinen-pihasauna-S-1-80x80.jpg",80,80,true],"gb-block-post-grid-landscape":["https:\/\/luxsauna.fi\/wp-content\/uploads\/2022\/12\/Perinteinen-pihasauna-S-1-600x400.jpg",600,400,true],"gb-block-post-grid-square":["https:\/\/luxsauna.fi\/wp-content\/uploads\/2022\/12\/Perinteinen-pihasauna-S-1-600x600.jpg",600,600,true],"cfw_cart_thumb":["https:\/\/luxsauna.fi\/wp-content\/uploads\/2022\/12\/Perinteinen-pihasauna-S-1.jpg",60,35,false],"woocommerce_thumbnail":["https:\/\/luxsauna.fi\/wp-content\/uploads\/2022\/12\/Perinteinen-pihasauna-S-1-530x307.jpg",530,307,true],"woocommerce_single":["https:\/\/luxsauna.fi\/wp-content\/uploads\/2022\/12\/Perinteinen-pihasauna-S-1-720x418.jpg",720,418,true],"woocommerce_gallery_thumbnail":["https:\/\/luxsauna.fi\/wp-content\/uploads\/2022\/12\/Perinteinen-pihasauna-S-1-180x180.jpg",180,180,true]},"uagb_author_info":{"display_name":"Raido","author_link":"https:\/\/luxsauna.fi\/sv\/author\/"},"uagb_comment_info":0,"uagb_excerpt":"M\u00e5tt 5.5m2 bastu M\u00e5tt: 2200*2570 mm V\u00e5r bastu har allt en bastu\u00e4lskare kan beh\u00f6va. Vid prefabricerade leveranser \u00e4r tak, golv och v\u00e4ggar l\u00e4ttmonterade element. Tillbeh\u00f6r Traditionell innerg\u00e5rdsbastu S Mer information I Finland, d\u00e4r den traditionella bastun \u00e4r mycket uppskattad, erbjuder Lux Sauna mycket avkopplande bad \u00f6ver hela landet. Den billiga traditionella utomhusbastun S-modellen \u00e4r kubisk&nbsp;L\u00e4s&hellip;","_links":{"self":[{"href":"https:\/\/luxsauna.fi\/sv\/wp-json\/wp\/v2\/product\/3971"}],"collection":[{"href":"https:\/\/luxsauna.fi\/sv\/wp-json\/wp\/v2\/product"}],"about":[{"href":"https:\/\/luxsauna.fi\/sv\/wp-json\/wp\/v2\/types\/product"}],"replies":[{"embeddable":true,"href":"https:\/\/luxsauna.fi\/sv\/wp-json\/wp\/v2\/comments?post=3971"}],"wp:featuredmedia":[{"embeddable":true,"href":"https:\/\/luxsauna.fi\/sv\/wp-json\/wp\/v2\/media\/5383"}],"wp:attachment":[{"href":"https:\/\/luxsauna.fi\/sv\/wp-json\/wp\/v2\/media?parent=3971"}],"wp:term":[{"taxonomy":"product_cat","embeddable":true,"href":"https:\/\/luxsauna.fi\/sv\/wp-json\/wp\/v2\/product_cat?post=3971"},{"taxonomy":"product_tag","embeddable":true,"href":"https:\/\/luxsauna.fi\/sv\/wp-json\/wp\/v2\/product_tag?post=3971"},{"taxonomy":"berocket_brand","embeddable":true,"href":"https:\/\/luxsauna.fi\/sv\/wp-json\/wp\/v2\/berocket_brand?post=3971"}],"curies":[{"name":"wp","href":"https:\/\/api.w.org\/{rel}","templated":true}]}}