{"id":3961,"date":"2022-12-12T09:42:33","date_gmt":"2022-12-12T07:42:33","guid":{"rendered":"https:\/\/luxsauna.fi\/okategoriserad\/lux-bastu-m-patio\/"},"modified":"2023-08-18T09:50:39","modified_gmt":"2023-08-18T06:50:39","slug":"lux-bastu-m-patio","status":"publish","type":"product","link":"https:\/\/luxsauna.fi\/sv\/bastu-utomhus\/lux-bastu-m-patio\/","title":{"rendered":"En traditionell M innerg\u00e5rdsbastu med terrass"},"content":{"rendered":"\n<h2 class=\"wp-block-heading\" style=\"font-style:normal;font-weight:200\">M\u00e5tt<\/h2>\n\n<p>6m2 bastu + 6m2 uteplats<\/p>\n\n<p>M\u00e5tt: 4200*2570 mm<\/p>\n\n<figure class=\"wp-block-image size-large\"><img decoding=\"async\" width=\"1024\" height=\"662\" src=\"https:\/\/luxsauna.fi\/wp-content\/uploads\/2022\/12\/Lux-Sauna-M-patio-mitat-1024x662.jpg\" alt=\"Lux Sauna M patio dimensioner\" class=\"wp-image-2259\" srcset=\"https:\/\/luxsauna.fi\/wp-content\/uploads\/2022\/12\/Lux-Sauna-M-patio-mitat-1024x662.jpg 1024w, https:\/\/luxsauna.fi\/wp-content\/uploads\/2022\/12\/Lux-Sauna-M-patio-mitat-530x343.jpg 530w, https:\/\/luxsauna.fi\/wp-content\/uploads\/2022\/12\/Lux-Sauna-M-patio-mitat-720x466.jpg 720w, https:\/\/luxsauna.fi\/wp-content\/uploads\/2022\/12\/Lux-Sauna-M-patio-mitat-300x194.jpg 300w, https:\/\/luxsauna.fi\/wp-content\/uploads\/2022\/12\/Lux-Sauna-M-patio-mitat-768x497.jpg 768w, https:\/\/luxsauna.fi\/wp-content\/uploads\/2022\/12\/Lux-Sauna-M-patio-mitat.jpg 1365w\" sizes=\"(max-width: 1024px) 100vw, 1024px\" \/><\/figure>\n\n<div class=\"wp-block-genesis-blocks-gb-columns gb-layout-columns-1 gb-1-col-equal gb-columns-center\"><div class=\"gb-layout-column-wrap gb-block-layout-column-gap-2 gb-is-responsive-column\" style=\"max-width:700px\">\n<div class=\"wp-block-genesis-blocks-gb-column gb-block-layout-column gb-is-vertically-aligned-center\"><div class=\"gb-block-layout-column-inner\">\n<h2 class=\"wp-block-heading\" style=\"font-size:34px;font-style:normal;font-weight:200\">V\u00e5r bastu har allt en bastu\u00e4lskare kan beh\u00f6va.<\/h2>\n\n\n\n<ul>\n<li>Kamin eller elektrisk spis<\/li>\n\n\n\n<li>Tj\u00e4rade klappbr\u00e4dor<\/li>\n\n\n\n<li>D\u00f6rrar och f\u00f6nster av glas<\/li>\n\n\n\n<li>Skorsten och skorstenshatt<\/li>\n\n\n\n<li>Filttak<\/li>\n\n\n\n<li>Grundade element<\/li>\n<\/ul>\n\n\n\n<p>Vid prefabricerade leveranser \u00e4r tak, golv och v\u00e4ggar l\u00e4ttmonterade element.<\/p>\n<\/div><\/div>\n<\/div><\/div>\n\n<div class=\"wp-block-genesis-blocks-gb-columns gb-layout-columns-1 gb-1-col-equal gb-columns-center\"><div class=\"gb-layout-column-wrap gb-block-layout-column-gap-2 gb-is-responsive-column\" style=\"max-width:700px\">\n<div class=\"wp-block-genesis-blocks-gb-column gb-block-layout-column gb-is-vertically-aligned-center\"><div class=\"gb-block-layout-column-inner\">\n<h2 class=\"wp-block-heading\" style=\"font-size:34px;font-style:normal;font-weight:200\">Tillbeh\u00f6r<\/h2>\n\n\n\n<ul>\n<li>Vattenbeh\u00e5llare f\u00f6r spisen<\/li>\n\n\n\n<li>Ryggst\u00f6d<\/li>\n\n\n\n<li>Led-lampor<\/li>\n\n\n\n<li>L\u00e5s p\u00e5 d\u00f6rren<\/li>\n\n\n\n<li>M\u00e5lning utomhus<\/li>\n\n\n\n<li>Markarbeten<\/li>\n\n\n\n<li>Nyckelf\u00e4rdiga installationer<\/li>\n\n\n\n<li>P\u00e5litlig leverans, \u00e4ven till \u00f6n<\/li>\n<\/ul>\n<\/div><\/div>\n<\/div><\/div>\n\n<h3 class=\"wp-block-heading\" style=\"font-size:34px;font-style:normal;font-weight:200\">Mer information &#8211; Innerg\u00e5rdsbastu med terrass<\/h3>\n\n<p>I Finland, d\u00e4r den traditionella bastun \u00e4r mycket uppskattad, erbjuder Lux Sauna mycket avkopplande bad \u00f6ver hela landet. Den traditionella M utomhusbastun p\u00e5 terrassen \u00e4r utrustad med en uteplats, har en kubisk form och representerar d\u00e4rf\u00f6r ocks\u00e5 en nyare tid, som vunnit stor popularitet p\u00e5 olika platser i Finland och i andra delar av v\u00e4rlden. S\u00e5 den h\u00e4r stilen g\u00f6r dig inte besviken! Den lockar seglare till ett oemotst\u00e5ndligt \u00f6gonblick d\u00e4r \u00e5nga, relationer och traditioner m\u00f6ts. Se \u00e4ven <a href=\"https:\/\/luxsauna.fi\/sv\/bastu-utomhus\/lux-sauna-panaroma-m\/\">Traditional Panorama M Black Utomhusbastu<\/a> och upplev din egen Lux Sauna-stund med oss.<\/p>\n\n<p>Den traditionella M med terrass \u00e4r den perfekta <a href=\"https:\/\/luxsauna.fi\/sv\/produkt-kategori\/bastu-utomhus\/\">innerg\u00e5rdsbastun<\/a> f\u00f6r g\u00e4ster eller familj, som passar perfekt f\u00f6r 5 personer att njuta av de varma baden samtidigt medan du njuter av sk\u00e4rg\u00e5rdens landskap, tr\u00e4dg\u00e5rden eller vad du vill, d\u00e4r bastumodellen \u00e4r placerad. Basturummet har tre bekv\u00e4mt smala och avl\u00e5nga f\u00f6nster som ger tillr\u00e4ckligt med avskildhet samtidigt som man kan se utsikten fr\u00e5n tv\u00e5 olika h\u00e5ll. Dessutom finns det en rymlig uteplats som g\u00f6r det m\u00f6jligt att koppla av i bastun utanf\u00f6r basturummet.<\/p>\n\n<p>F\u00f6rtrollande solnedg\u00e5ngar, gr\u00f6na midsommarn\u00e4tter och sn\u00f6 p\u00e5 vintern kan ses fr\u00e5n den traditionella M Patio utomhusbastun, eftersom de slitstarka tj\u00e4rplankorna \u00e4r perfekt placerade f\u00f6r att ge utsikt p\u00e5 fram- och sidorna.<\/p>\n\n<p>Den traditionella Lux Sauna M Patio \u00e4r en prefabricerad bastu som transporteras till platsen som den \u00e4r, men om platsen \u00e4r sv\u00e5r att transportera \u00e4r det m\u00f6jligt att transportera bastun som en prefabricerad bastu. Basturummet \u00e4r lika stort som i de traditionella S- och M-modellerna.<\/p>\n\n<p>Om du har dr\u00f6mt om en finsk tr\u00e4dg\u00e5rdsbastu som har blivit popul\u00e4r i andra delar av v\u00e4rlden beh\u00f6ver du inte dr\u00f6mma l\u00e4ngre &#8211; nu \u00e4r det dags att f\u00f6rverkliga den!<\/p>\n","protected":false},"excerpt":{"rendered":"<p>G\u00e5rdsbastu med terrass &#8211; Bastuupplevelser f\u00f6r din bakg\u00e5rd, sj\u00f6 eller stuga.<\/p>\n<p>I priset ing\u00e5r ej tillbeh\u00f6r. F\u00f6r att f\u00e5 fullt pris, v\u00e4lj bara tillbeh\u00f6ren, klicka p\u00e5 &#8220;Beg\u00e4r offert&#8221;, fyll i dina uppgifter s\u00e5 f\u00e5r du snabbt en offert.<\/p>\n","protected":false},"featured_media":5422,"comment_status":"open","ping_status":"closed","template":"","meta":{"_uag_custom_page_level_css":"","_genesis_hide_title":false,"_genesis_hide_breadcrumbs":false,"_genesis_hide_singular_image":false,"_genesis_hide_footer_widgets":false,"_genesis_custom_body_class":"","_genesis_custom_post_class":"","_genesis_layout":""},"product_cat":[137,133],"product_tag":[],"berocket_brand":[],"uagb_featured_image_src":{"full":["https:\/\/luxsauna.fi\/wp-content\/uploads\/2022\/12\/Pihasauna-terassilla-perinteinen-M-malli.jpg",1600,1114,false],"thumbnail":["https:\/\/luxsauna.fi\/wp-content\/uploads\/2022\/12\/Pihasauna-terassilla-perinteinen-M-malli-150x150.jpg",150,150,true],"medium":["https:\/\/luxsauna.fi\/wp-content\/uploads\/2022\/12\/Pihasauna-terassilla-perinteinen-M-malli-300x209.jpg",300,209,true],"medium_large":["https:\/\/luxsauna.fi\/wp-content\/uploads\/2022\/12\/Pihasauna-terassilla-perinteinen-M-malli-768x535.jpg",768,535,true],"large":["https:\/\/luxsauna.fi\/wp-content\/uploads\/2022\/12\/Pihasauna-terassilla-perinteinen-M-malli-1024x713.jpg",1024,713,true],"1536x1536":["https:\/\/luxsauna.fi\/wp-content\/uploads\/2022\/12\/Pihasauna-terassilla-perinteinen-M-malli-1536x1069.jpg",1536,1069,true],"2048x2048":["https:\/\/luxsauna.fi\/wp-content\/uploads\/2022\/12\/Pihasauna-terassilla-perinteinen-M-malli.jpg",1600,1114,false],"featured-blog":["https:\/\/luxsauna.fi\/wp-content\/uploads\/2022\/12\/Pihasauna-terassilla-perinteinen-M-malli-600x338.jpg",600,338,true],"sidebar-thumbnail":["https:\/\/luxsauna.fi\/wp-content\/uploads\/2022\/12\/Pihasauna-terassilla-perinteinen-M-malli-80x80.jpg",80,80,true],"gb-block-post-grid-landscape":["https:\/\/luxsauna.fi\/wp-content\/uploads\/2022\/12\/Pihasauna-terassilla-perinteinen-M-malli-600x400.jpg",600,400,true],"gb-block-post-grid-square":["https:\/\/luxsauna.fi\/wp-content\/uploads\/2022\/12\/Pihasauna-terassilla-perinteinen-M-malli-600x600.jpg",600,600,true],"cfw_cart_thumb":["https:\/\/luxsauna.fi\/wp-content\/uploads\/2022\/12\/Pihasauna-terassilla-perinteinen-M-malli.jpg",60,42,false],"woocommerce_thumbnail":["https:\/\/luxsauna.fi\/wp-content\/uploads\/2022\/12\/Pihasauna-terassilla-perinteinen-M-malli-530x369.jpg",530,369,true],"woocommerce_single":["https:\/\/luxsauna.fi\/wp-content\/uploads\/2022\/12\/Pihasauna-terassilla-perinteinen-M-malli-720x501.jpg",720,501,true],"woocommerce_gallery_thumbnail":["https:\/\/luxsauna.fi\/wp-content\/uploads\/2022\/12\/Pihasauna-terassilla-perinteinen-M-malli-180x180.jpg",180,180,true]},"uagb_author_info":{"display_name":"Raido","author_link":"https:\/\/luxsauna.fi\/sv\/author\/"},"uagb_comment_info":0,"uagb_excerpt":"G\u00e5rdsbastu med terrass - Bastuupplevelser f\u00f6r din bakg\u00e5rd, sj\u00f6 eller stuga. I priset ing\u00e5r ej tillbeh\u00f6r. F\u00f6r att f\u00e5 fullt pris, v\u00e4lj bara tillbeh\u00f6ren, klicka p\u00e5 \"Beg\u00e4r offert\", fyll i dina uppgifter s\u00e5 f\u00e5r du snabbt en offert.","_links":{"self":[{"href":"https:\/\/luxsauna.fi\/sv\/wp-json\/wp\/v2\/product\/3961"}],"collection":[{"href":"https:\/\/luxsauna.fi\/sv\/wp-json\/wp\/v2\/product"}],"about":[{"href":"https:\/\/luxsauna.fi\/sv\/wp-json\/wp\/v2\/types\/product"}],"replies":[{"embeddable":true,"href":"https:\/\/luxsauna.fi\/sv\/wp-json\/wp\/v2\/comments?post=3961"}],"wp:featuredmedia":[{"embeddable":true,"href":"https:\/\/luxsauna.fi\/sv\/wp-json\/wp\/v2\/media\/5422"}],"wp:attachment":[{"href":"https:\/\/luxsauna.fi\/sv\/wp-json\/wp\/v2\/media?parent=3961"}],"wp:term":[{"taxonomy":"product_cat","embeddable":true,"href":"https:\/\/luxsauna.fi\/sv\/wp-json\/wp\/v2\/product_cat?post=3961"},{"taxonomy":"product_tag","embeddable":true,"href":"https:\/\/luxsauna.fi\/sv\/wp-json\/wp\/v2\/product_tag?post=3961"},{"taxonomy":"berocket_brand","embeddable":true,"href":"https:\/\/luxsauna.fi\/sv\/wp-json\/wp\/v2\/berocket_brand?post=3961"}],"curies":[{"name":"wp","href":"https:\/\/api.w.org\/{rel}","templated":true}]}}