{"id":3956,"date":"2022-12-12T09:44:31","date_gmt":"2022-12-12T07:44:31","guid":{"rendered":"https:\/\/luxsauna.fi\/okategoriserad\/lux-sauna-panaroma-s\/"},"modified":"2023-08-17T13:03:09","modified_gmt":"2023-08-17T10:03:09","slug":"lux-sauna-panaroma-s","status":"publish","type":"product","link":"https:\/\/luxsauna.fi\/sv\/bastu-utomhus\/lux-sauna-panaroma-s\/","title":{"rendered":"Traditionell S Panorama Courtyard bastu"},"content":{"rendered":"\n<h2 class=\"wp-block-heading\" style=\"font-size:34px;font-style:normal;font-weight:200\">M\u00e5tt<\/h2>\n\n<p>5.5m2 bastu<\/p>\n\n<p>M\u00e5tt: 2200*2570 mm<\/p>\n\n<figure class=\"wp-block-image size-large\"><img decoding=\"async\" width=\"1024\" height=\"970\" src=\"https:\/\/luxsauna.fi\/wp-content\/uploads\/2022\/12\/Lux-Sauna-Panaroma-S-1-1024x970.jpg\" alt=\"Lux Sauna Panaroma S dimensioner\" class=\"wp-image-4823\" srcset=\"https:\/\/luxsauna.fi\/wp-content\/uploads\/2022\/12\/Lux-Sauna-Panaroma-S-1-1024x970.jpg 1024w, https:\/\/luxsauna.fi\/wp-content\/uploads\/2022\/12\/Lux-Sauna-Panaroma-S-1-530x502.jpg 530w, https:\/\/luxsauna.fi\/wp-content\/uploads\/2022\/12\/Lux-Sauna-Panaroma-S-1-720x682.jpg 720w, https:\/\/luxsauna.fi\/wp-content\/uploads\/2022\/12\/Lux-Sauna-Panaroma-S-1-300x284.jpg 300w, https:\/\/luxsauna.fi\/wp-content\/uploads\/2022\/12\/Lux-Sauna-Panaroma-S-1-768x728.jpg 768w, https:\/\/luxsauna.fi\/wp-content\/uploads\/2022\/12\/Lux-Sauna-Panaroma-S-1.jpg 1127w\" sizes=\"(max-width: 1024px) 100vw, 1024px\" \/><\/figure>\n\n<h2 class=\"wp-block-heading\" style=\"font-size:34px;font-style:normal;font-weight:200\">V\u00e5r bastu har allt en bastu\u00e4lskare kan beh\u00f6va.<\/h2>\n\n<ul>\n<li>Kamin eller elektrisk spis<\/li>\n\n\n\n<li>Tj\u00e4rade klappbr\u00e4dor<\/li>\n\n\n\n<li>D\u00f6rrar och f\u00f6nster av glas<\/li>\n\n\n\n<li>Skorsten och skorstenshatt<\/li>\n\n\n\n<li>Filttak<\/li>\n\n\n\n<li>Grundade element<\/li>\n<\/ul>\n\n<p>Vid prefabricerade leveranser \u00e4r tak, golv och v\u00e4ggar l\u00e4ttmonterade element.<\/p>\n\n<h2 class=\"wp-block-heading\" style=\"font-size:34px;font-style:normal;font-weight:200\">Tillbeh\u00f6r<\/h2>\n\n<ul>\n<li>Vattenbeh\u00e5llare f\u00f6r spisen<\/li>\n\n\n\n<li>Ryggst\u00f6d<\/li>\n\n\n\n<li>Led-lampor<\/li>\n\n\n\n<li>L\u00e5s p\u00e5 d\u00f6rren<\/li>\n\n\n\n<li>M\u00e5lning utomhus<\/li>\n\n\n\n<li>Markarbeten<\/li>\n\n\n\n<li>Nyckelf\u00e4rdiga installationer<\/li>\n\n\n\n<li>P\u00e5litlig leverans, \u00e4ven till \u00f6n<\/li>\n<\/ul>\n\n<h3 class=\"wp-block-heading\" style=\"font-size:34px;font-style:normal;font-weight:200\">Tr\u00e4dg\u00e5rdsbastu till salu: Traditionell M Mer information<\/h3>\n\n<p>I Finland, d\u00e4r den traditionella bastun \u00e4r mycket uppskattad, erbjuder Lux Sauna mycket avkopplande bad \u00f6ver hela landet. Den traditionella Panorama S-modellen har kubisk form och representerar d\u00e4rmed ocks\u00e5 en nyare tid, som har blivit mycket popul\u00e4r b\u00e5de p\u00e5 olika platser i Finland och p\u00e5 andra h\u00e5ll i v\u00e4rlden. S\u00e5 den h\u00e4r stilen g\u00f6r dig inte besviken! Den lockar seglare till ett oemotst\u00e5ndligt \u00f6gonblick d\u00e4r \u00e5nga, relationer och traditioner m\u00f6ts. Upplev din egen Lux Sauna-\u00f6gonblick med oss.<\/p>\n\n<p>Den billiga utomhusbastun Panorama S \u00e4r en perfekt utomhusbastu f\u00f6r g\u00e4ster eller familj, som passar perfekt f\u00f6r 5 personer att njuta av de varma baden samtidigt medan du njuter av sk\u00e4rg\u00e5rdens landskap, tr\u00e4dg\u00e5rden eller vilken plats du vill, d\u00e4r bastumodellen \u00e4r placerad. Basturummet har en fantastisk utsikt genom ett f\u00f6nster fr\u00e5n golv till tak med utsikt \u00f6ver det vackra landskapet. Det stora f\u00f6nstret representerar en elegant design, b\u00e5de fr\u00e5n utsidan och insidan, som kommer att \u00f6vertyga varje seglare g\u00e5ng p\u00e5 g\u00e5ng. Vi har \u00e4ven en <a href=\"\/?p=3961\">Traditional M Garden bastu p\u00e5 terrassen<\/a>, d\u00e4r njutningen forts\u00e4tter \u00e4ven efter badet.<\/p>\n\n<p>F\u00f6rtrollande solnedg\u00e5ngar, gr\u00f6na midsommarn\u00e4tter och sn\u00f6 p\u00e5 vintern kan ses fr\u00e5n den traditionella Panorama S-utomhusbastun, eftersom de h\u00e5llbara tj\u00e4rade f\u00f6nsterluckorna \u00e4r perfekt placerade s\u00e5 att de ger utsikt fr\u00e5n framsidan och sidan.<\/p>\n\n<p>Den traditionella Lux Sauna Panorama S \u00e4r en prefabricerad bastu som transporteras till platsen som den \u00e4r, men om platsen \u00e4r sv\u00e5r att transportera \u00e4r det m\u00f6jligt att transportera utomhusbastun i prefabricerad form. Basturummet \u00e4r lika stort som i den traditionella S-modellen.<\/p>\n\n<p>Om du har dr\u00f6mt om en finsk tr\u00e4dg\u00e5rdsbastu som har blivit popul\u00e4r i andra delar av v\u00e4rlden beh\u00f6ver du inte dr\u00f6mma l\u00e4ngre &#8211; nu \u00e4r det dags att f\u00f6rverkliga den!<\/p>\n","protected":false},"excerpt":{"rendered":"<p>I priset ing\u00e5r ej tillbeh\u00f6r. F\u00f6r att f\u00e5 fullt pris, v\u00e4lj bara tillbeh\u00f6ren, klicka p\u00e5 &#8220;Beg\u00e4r offert&#8221;, fyll i dina uppgifter s\u00e5 f\u00e5r du snabbt en offert.<\/p>\n","protected":false},"featured_media":5368,"comment_status":"open","ping_status":"closed","template":"","meta":{"_uag_custom_page_level_css":"","_genesis_hide_title":false,"_genesis_hide_breadcrumbs":false,"_genesis_hide_singular_image":false,"_genesis_hide_footer_widgets":false,"_genesis_custom_body_class":"","_genesis_custom_post_class":"","_genesis_layout":""},"product_cat":[137,237,133],"product_tag":[],"berocket_brand":[],"uagb_featured_image_src":{"full":["https:\/\/luxsauna.fi\/wp-content\/uploads\/2022\/12\/Halpa-pihasauna-panaroma-s.jpg",800,557,false],"thumbnail":["https:\/\/luxsauna.fi\/wp-content\/uploads\/2022\/12\/Halpa-pihasauna-panaroma-s-150x150.jpg",150,150,true],"medium":["https:\/\/luxsauna.fi\/wp-content\/uploads\/2022\/12\/Halpa-pihasauna-panaroma-s-300x209.jpg",300,209,true],"medium_large":["https:\/\/luxsauna.fi\/wp-content\/uploads\/2022\/12\/Halpa-pihasauna-panaroma-s-768x535.jpg",768,535,true],"large":["https:\/\/luxsauna.fi\/wp-content\/uploads\/2022\/12\/Halpa-pihasauna-panaroma-s.jpg",800,557,false],"1536x1536":["https:\/\/luxsauna.fi\/wp-content\/uploads\/2022\/12\/Halpa-pihasauna-panaroma-s.jpg",800,557,false],"2048x2048":["https:\/\/luxsauna.fi\/wp-content\/uploads\/2022\/12\/Halpa-pihasauna-panaroma-s.jpg",800,557,false],"featured-blog":["https:\/\/luxsauna.fi\/wp-content\/uploads\/2022\/12\/Halpa-pihasauna-panaroma-s-600x338.jpg",600,338,true],"sidebar-thumbnail":["https:\/\/luxsauna.fi\/wp-content\/uploads\/2022\/12\/Halpa-pihasauna-panaroma-s-80x80.jpg",80,80,true],"gb-block-post-grid-landscape":["https:\/\/luxsauna.fi\/wp-content\/uploads\/2022\/12\/Halpa-pihasauna-panaroma-s-600x400.jpg",600,400,true],"gb-block-post-grid-square":["https:\/\/luxsauna.fi\/wp-content\/uploads\/2022\/12\/Halpa-pihasauna-panaroma-s-600x557.jpg",600,557,true],"cfw_cart_thumb":["https:\/\/luxsauna.fi\/wp-content\/uploads\/2022\/12\/Halpa-pihasauna-panaroma-s.jpg",60,42,false],"woocommerce_thumbnail":["https:\/\/luxsauna.fi\/wp-content\/uploads\/2022\/12\/Halpa-pihasauna-panaroma-s-530x369.jpg",530,369,true],"woocommerce_single":["https:\/\/luxsauna.fi\/wp-content\/uploads\/2022\/12\/Halpa-pihasauna-panaroma-s-720x501.jpg",720,501,true],"woocommerce_gallery_thumbnail":["https:\/\/luxsauna.fi\/wp-content\/uploads\/2022\/12\/Halpa-pihasauna-panaroma-s-180x180.jpg",180,180,true]},"uagb_author_info":{"display_name":"Raido","author_link":"https:\/\/luxsauna.fi\/sv\/author\/"},"uagb_comment_info":0,"uagb_excerpt":"I priset ing\u00e5r ej tillbeh\u00f6r. F\u00f6r att f\u00e5 fullt pris, v\u00e4lj bara tillbeh\u00f6ren, klicka p\u00e5 \"Beg\u00e4r offert\", fyll i dina uppgifter s\u00e5 f\u00e5r du snabbt en offert.","_links":{"self":[{"href":"https:\/\/luxsauna.fi\/sv\/wp-json\/wp\/v2\/product\/3956"}],"collection":[{"href":"https:\/\/luxsauna.fi\/sv\/wp-json\/wp\/v2\/product"}],"about":[{"href":"https:\/\/luxsauna.fi\/sv\/wp-json\/wp\/v2\/types\/product"}],"replies":[{"embeddable":true,"href":"https:\/\/luxsauna.fi\/sv\/wp-json\/wp\/v2\/comments?post=3956"}],"wp:featuredmedia":[{"embeddable":true,"href":"https:\/\/luxsauna.fi\/sv\/wp-json\/wp\/v2\/media\/5368"}],"wp:attachment":[{"href":"https:\/\/luxsauna.fi\/sv\/wp-json\/wp\/v2\/media?parent=3956"}],"wp:term":[{"taxonomy":"product_cat","embeddable":true,"href":"https:\/\/luxsauna.fi\/sv\/wp-json\/wp\/v2\/product_cat?post=3956"},{"taxonomy":"product_tag","embeddable":true,"href":"https:\/\/luxsauna.fi\/sv\/wp-json\/wp\/v2\/product_tag?post=3956"},{"taxonomy":"berocket_brand","embeddable":true,"href":"https:\/\/luxsauna.fi\/sv\/wp-json\/wp\/v2\/berocket_brand?post=3956"}],"curies":[{"name":"wp","href":"https:\/\/api.w.org\/{rel}","templated":true}]}}