{"id":3951,"date":"2022-12-12T09:48:51","date_gmt":"2022-12-12T07:48:51","guid":{"rendered":"https:\/\/luxsauna.fi\/okategoriserad\/lux-sauna-panorama-m\/"},"modified":"2023-08-17T12:16:07","modified_gmt":"2023-08-17T09:16:07","slug":"lux-sauna-panaroma-m","status":"publish","type":"product","link":"https:\/\/luxsauna.fi\/sv\/bastu-utomhus\/lux-sauna-panaroma-m\/","title":{"rendered":"Traditionell Panorama M Svart Uteplats Bastu"},"content":{"rendered":"\n<h3 class=\"wp-block-heading\" style=\"font-size:34px;font-style:normal;font-weight:200\">M\u00e5tt<\/h3>\n\n<p>5,5m2 bastu + 4m2 omkl\u00e4dningsrum<\/p>\n\n<p>M\u00e5tt: 3830*2570 mm<\/p>\n\n<figure class=\"wp-block-image size-large\"><img decoding=\"async\" width=\"1024\" height=\"789\" src=\"https:\/\/luxsauna.fi\/wp-content\/uploads\/2022\/12\/Lux-sauna-M-mitat-1024x789.jpg\" alt=\"Lux bastu M m&#xE5;tt\" class=\"wp-image-2258\" srcset=\"https:\/\/luxsauna.fi\/wp-content\/uploads\/2022\/12\/Lux-sauna-M-mitat-1024x789.jpg 1024w, https:\/\/luxsauna.fi\/wp-content\/uploads\/2022\/12\/Lux-sauna-M-mitat-530x409.jpg 530w, https:\/\/luxsauna.fi\/wp-content\/uploads\/2022\/12\/Lux-sauna-M-mitat-720x555.jpg 720w, https:\/\/luxsauna.fi\/wp-content\/uploads\/2022\/12\/Lux-sauna-M-mitat-300x231.jpg 300w, https:\/\/luxsauna.fi\/wp-content\/uploads\/2022\/12\/Lux-sauna-M-mitat-768x592.jpg 768w, https:\/\/luxsauna.fi\/wp-content\/uploads\/2022\/12\/Lux-sauna-M-mitat.jpg 1257w\" sizes=\"(max-width: 1024px) 100vw, 1024px\" \/><\/figure>\n\n<h3 class=\"wp-block-heading\" style=\"font-size:34px;font-style:normal;font-weight:200\">V\u00e5r bastu har allt en bastu\u00e4lskare kan beh\u00f6va.<\/h3>\n\n<ul>\n<li>Kamin eller elektrisk spis<\/li>\n\n\n\n<li>Tj\u00e4rade klappbr\u00e4dor<\/li>\n\n\n\n<li>D\u00f6rrar och f\u00f6nster av glas<\/li>\n\n\n\n<li>Skorsten och skorstenshatt<\/li>\n\n\n\n<li>Filttak<\/li>\n\n\n\n<li>Grundade element<\/li>\n<\/ul>\n\n<p>Vid prefabricerade leveranser \u00e4r tak, golv och v\u00e4ggar l\u00e4ttmonterade element.<\/p>\n\n<h3 class=\"wp-block-heading\" style=\"font-size:34px;font-style:normal;font-weight:200\">Tillbeh\u00f6r<\/h3>\n\n<ul>\n<li>Vattenbeh\u00e5llare f\u00f6r spisen<\/li>\n\n\n\n<li>Ryggst\u00f6d<\/li>\n\n\n\n<li>Led-lampor<\/li>\n\n\n\n<li>L\u00e5s p\u00e5 d\u00f6rren<\/li>\n\n\n\n<li>M\u00e5lning utomhus<\/li>\n\n\n\n<li>Markarbeten<\/li>\n\n\n\n<li>Nyckelf\u00e4rdiga installationer<\/li>\n\n\n\n<li>P\u00e5litlig leverans, \u00e4ven till \u00f6n<\/li>\n<\/ul>\n\n<h3 class=\"wp-block-heading\" style=\"font-size:34px;font-style:normal;font-weight:200\">Mer information &#8211; Traditionell M Black Patio Sauna<\/h3>\n\n<p>I Finland, d\u00e4r den traditionella bastun \u00e4r mycket uppskattad, erbjuder Lux Sauna mycket avkopplande bad \u00f6ver hela landet. Den traditionella Panorama M-modellen har ett <a href=\"\/?p=3966\">omkl\u00e4dningsrum<\/a>, \u00e4r rektangul\u00e4r i sin form och representerar d\u00e4rmed ocks\u00e5 den nyare tiden, som har blivit mycket popul\u00e4r b\u00e5de p\u00e5 olika platser i Finland och p\u00e5 andra h\u00e5ll i v\u00e4rlden. S\u00e5 den h\u00e4r stilen g\u00f6r dig inte besviken! Den lockar seglare till ett oemotst\u00e5ndligt \u00f6gonblick d\u00e4r \u00e5nga, relationer och traditioner m\u00f6ts. Upplev din egen Lux Sauna-\u00f6gonblick med oss.<\/p>\n\n<p>Den traditionella Panorama M med omkl\u00e4dningsrum \u00e4r den perfekta <a href=\"\/?p=3971\">tr\u00e4dg\u00e5rdsbastun<\/a> f\u00f6r g\u00e4ster eller familjen, med plats f\u00f6r 5 personer som kan njuta av varma bad samtidigt och samtidigt njuta av landskapet p\u00e5 \u00f6n, i tr\u00e4dg\u00e5rden eller var du \u00e4n v\u00e4ljer att placera bastumodellen. Basturummet har en fantastisk utsikt genom ett f\u00f6nster fr\u00e5n golv till tak med utsikt \u00f6ver det vackra landskapet. Det stora f\u00f6nstret representerar en elegant design, b\u00e5de fr\u00e5n utsidan och insidan, som kommer att \u00f6vertyga varje seglare g\u00e5ng p\u00e5 g\u00e5ng.<\/p>\n\n<p>F\u00f6rtrollande solnedg\u00e5ngar, gr\u00f6na midsommarn\u00e4tter och sn\u00f6 p\u00e5 vintern kan ses fr\u00e5n den traditionella Panorama M-utomhusbastun, eftersom de t\u00e5liga tj\u00e4rade f\u00f6nsterluckorna \u00e4r perfekt placerade s\u00e5 att de ger utsikt fr\u00e5n framsidan och sidan. Ett omkl\u00e4dningsrum i samma byggnad g\u00f6r bastuupplevelsen \u00e4nnu bekv\u00e4mare.<\/p>\n\n<p>Den traditionella Lux Sauna Panorama M med omkl\u00e4dningsrum \u00e4r en prefabricerad bastu som transporteras till platsen som den \u00e4r, men om platsen \u00e4r sv\u00e5r att transportera \u00e4r det m\u00f6jligt att transportera utomhusbastun i element.<\/p>\n\n<p>Om du har dr\u00f6mt om en finsk tr\u00e4dg\u00e5rdsbastu som har blivit popul\u00e4r i andra delar av v\u00e4rlden beh\u00f6ver du inte dr\u00f6mma l\u00e4ngre &#8211; nu \u00e4r det dags att f\u00f6rverkliga den!<\/p>\n","protected":false},"excerpt":{"rendered":"<p>M\u00e5tt 5,5m2 bastu + 4m2 omkl\u00e4dningsrum M\u00e5tt: 3830*2570 mm V\u00e5r bastu har allt en bastu\u00e4lskare kan beh\u00f6va. Vid prefabricerade leveranser \u00e4r tak, golv och v\u00e4ggar l\u00e4ttmonterade element. Tillbeh\u00f6r Mer information &#8211; Traditionell M Black Patio Sauna I Finland, d\u00e4r den traditionella bastun \u00e4r mycket uppskattad, erbjuder Lux Sauna mycket avkopplande bad \u00f6ver hela landet. Den&nbsp;<a class=\"readbutton\" href=\"https:\/\/luxsauna.fi\/sv\/bastu-utomhus\/lux-sauna-panaroma-m\/\">L\u00e4s mer<\/a><\/p>\n","protected":false},"featured_media":5752,"comment_status":"open","ping_status":"closed","template":"","meta":{"_uag_custom_page_level_css":"","_genesis_hide_title":false,"_genesis_hide_breadcrumbs":false,"_genesis_hide_singular_image":false,"_genesis_hide_footer_widgets":false,"_genesis_custom_body_class":"","_genesis_custom_post_class":"","_genesis_layout":""},"product_cat":[137,133],"product_tag":[],"berocket_brand":[],"uagb_featured_image_src":{"full":["https:\/\/luxsauna.fi\/wp-content\/uploads\/2022\/12\/Musta-pihasauna-panorama-plus.jpg",800,557,false],"thumbnail":["https:\/\/luxsauna.fi\/wp-content\/uploads\/2022\/12\/Musta-pihasauna-panorama-plus-150x150.jpg",150,150,true],"medium":["https:\/\/luxsauna.fi\/wp-content\/uploads\/2022\/12\/Musta-pihasauna-panorama-plus-300x209.jpg",300,209,true],"medium_large":["https:\/\/luxsauna.fi\/wp-content\/uploads\/2022\/12\/Musta-pihasauna-panorama-plus-768x535.jpg",768,535,true],"large":["https:\/\/luxsauna.fi\/wp-content\/uploads\/2022\/12\/Musta-pihasauna-panorama-plus.jpg",800,557,false],"1536x1536":["https:\/\/luxsauna.fi\/wp-content\/uploads\/2022\/12\/Musta-pihasauna-panorama-plus.jpg",800,557,false],"2048x2048":["https:\/\/luxsauna.fi\/wp-content\/uploads\/2022\/12\/Musta-pihasauna-panorama-plus.jpg",800,557,false],"featured-blog":["https:\/\/luxsauna.fi\/wp-content\/uploads\/2022\/12\/Musta-pihasauna-panorama-plus-600x338.jpg",600,338,true],"sidebar-thumbnail":["https:\/\/luxsauna.fi\/wp-content\/uploads\/2022\/12\/Musta-pihasauna-panorama-plus-80x80.jpg",80,80,true],"gb-block-post-grid-landscape":["https:\/\/luxsauna.fi\/wp-content\/uploads\/2022\/12\/Musta-pihasauna-panorama-plus-600x400.jpg",600,400,true],"gb-block-post-grid-square":["https:\/\/luxsauna.fi\/wp-content\/uploads\/2022\/12\/Musta-pihasauna-panorama-plus-600x557.jpg",600,557,true],"cfw_cart_thumb":["https:\/\/luxsauna.fi\/wp-content\/uploads\/2022\/12\/Musta-pihasauna-panorama-plus.jpg",60,42,false],"woocommerce_thumbnail":["https:\/\/luxsauna.fi\/wp-content\/uploads\/2022\/12\/Musta-pihasauna-panorama-plus-530x369.jpg",530,369,true],"woocommerce_single":["https:\/\/luxsauna.fi\/wp-content\/uploads\/2022\/12\/Musta-pihasauna-panorama-plus-720x501.jpg",720,501,true],"woocommerce_gallery_thumbnail":["https:\/\/luxsauna.fi\/wp-content\/uploads\/2022\/12\/Musta-pihasauna-panorama-plus-180x180.jpg",180,180,true]},"uagb_author_info":{"display_name":"Raido","author_link":"https:\/\/luxsauna.fi\/sv\/author\/"},"uagb_comment_info":0,"uagb_excerpt":"M\u00e5tt 5,5m2 bastu + 4m2 omkl\u00e4dningsrum M\u00e5tt: 3830*2570 mm V\u00e5r bastu har allt en bastu\u00e4lskare kan beh\u00f6va. Vid prefabricerade leveranser \u00e4r tak, golv och v\u00e4ggar l\u00e4ttmonterade element. Tillbeh\u00f6r Mer information &#8211; Traditionell M Black Patio Sauna I Finland, d\u00e4r den traditionella bastun \u00e4r mycket uppskattad, erbjuder Lux Sauna mycket avkopplande bad \u00f6ver hela landet. Den&nbsp;L\u00e4s&hellip;","_links":{"self":[{"href":"https:\/\/luxsauna.fi\/sv\/wp-json\/wp\/v2\/product\/3951"}],"collection":[{"href":"https:\/\/luxsauna.fi\/sv\/wp-json\/wp\/v2\/product"}],"about":[{"href":"https:\/\/luxsauna.fi\/sv\/wp-json\/wp\/v2\/types\/product"}],"replies":[{"embeddable":true,"href":"https:\/\/luxsauna.fi\/sv\/wp-json\/wp\/v2\/comments?post=3951"}],"wp:featuredmedia":[{"embeddable":true,"href":"https:\/\/luxsauna.fi\/sv\/wp-json\/wp\/v2\/media\/5752"}],"wp:attachment":[{"href":"https:\/\/luxsauna.fi\/sv\/wp-json\/wp\/v2\/media?parent=3951"}],"wp:term":[{"taxonomy":"product_cat","embeddable":true,"href":"https:\/\/luxsauna.fi\/sv\/wp-json\/wp\/v2\/product_cat?post=3951"},{"taxonomy":"product_tag","embeddable":true,"href":"https:\/\/luxsauna.fi\/sv\/wp-json\/wp\/v2\/product_tag?post=3951"},{"taxonomy":"berocket_brand","embeddable":true,"href":"https:\/\/luxsauna.fi\/sv\/wp-json\/wp\/v2\/berocket_brand?post=3951"}],"curies":[{"name":"wp","href":"https:\/\/api.w.org\/{rel}","templated":true}]}}