{"id":3931,"date":"2022-12-13T09:57:06","date_gmt":"2022-12-13T07:57:06","guid":{"rendered":"https:\/\/luxsauna.fi\/okategoriserad\/lux-sauna-moderni-xl\/"},"modified":"2023-08-22T13:06:23","modified_gmt":"2023-08-22T10:06:23","slug":"lux-sauna-modern-xl","status":"publish","type":"product","link":"https:\/\/luxsauna.fi\/sv\/bastu-utomhus\/lux-sauna-modern-xl\/","title":{"rendered":"Lux Sauna Modern XL"},"content":{"rendered":"\n<h2 class=\"wp-block-heading\" style=\"font-size:34px;font-style:normal;font-weight:200\">M\u00e5tt<\/h2>\n\n<p>20m2 bastu + 2,7 m2<\/p>\n\n<p>M\u00e5tt: 3500*5500 mm + 1500*1800m<\/p>\n\n<figure class=\"wp-block-image size-large\"><img decoding=\"async\" width=\"1024\" height=\"843\" src=\"https:\/\/luxsauna.fi\/wp-content\/uploads\/2022\/12\/Lux-sauna-Moderni-XL-1-1024x843.jpg\" alt=\"Lux bastu Modern XL\" class=\"wp-image-2275\" srcset=\"https:\/\/luxsauna.fi\/wp-content\/uploads\/2022\/12\/Lux-sauna-Moderni-XL-1-1024x843.jpg 1024w, https:\/\/luxsauna.fi\/wp-content\/uploads\/2022\/12\/Lux-sauna-Moderni-XL-1-530x436.jpg 530w, https:\/\/luxsauna.fi\/wp-content\/uploads\/2022\/12\/Lux-sauna-Moderni-XL-1-720x592.jpg 720w, https:\/\/luxsauna.fi\/wp-content\/uploads\/2022\/12\/Lux-sauna-Moderni-XL-1-300x247.jpg 300w, https:\/\/luxsauna.fi\/wp-content\/uploads\/2022\/12\/Lux-sauna-Moderni-XL-1-768x632.jpg 768w, https:\/\/luxsauna.fi\/wp-content\/uploads\/2022\/12\/Lux-sauna-Moderni-XL-1.jpg 1264w\" sizes=\"(max-width: 1024px) 100vw, 1024px\" \/><\/figure>\n\n<h2 class=\"wp-block-heading\" style=\"font-size:34px;font-style:normal;font-weight:200\">V\u00e5r bastu har allt en bastu\u00e4lskare kan beh\u00f6va.<\/h2>\n\n<ul>\n<li>Kamin eller elektrisk spis<\/li>\n\n\n\n<li>Asp takbj\u00e4lkar<\/li>\n\n\n\n<li>D\u00f6rrar och f\u00f6nster av glas<\/li>\n\n\n\n<li>Skorsten och skorstenshatt<\/li>\n\n\n\n<li>Filttak<\/li>\n\n\n\n<li>Grundade element<\/li>\n<\/ul>\n\n<p>Vid prefabricerade leveranser \u00e4r tak, golv och v\u00e4ggar l\u00e4ttmonterade element.<\/p>\n\n<h2 class=\"wp-block-heading\" style=\"font-size:34px;font-style:normal;font-weight:200\">Tillbeh\u00f6r<\/h2>\n\n<ul>\n<li>Vattenbeh\u00e5llare f\u00f6r spisen<\/li>\n\n\n\n<li>Ryggst\u00f6d<\/li>\n\n\n\n<li>Led-lampor<\/li>\n\n\n\n<li>L\u00e5s p\u00e5 d\u00f6rren<\/li>\n\n\n\n<li>M\u00e5lning utomhus<\/li>\n\n\n\n<li>P\u00e5litlig leverans, \u00e4ven till \u00f6n<\/li>\n<\/ul>\n\n<h3 class=\"wp-block-heading\" style=\"font-size:34px;font-style:normal;font-weight:200\">Mer information om denna bastuavdelning<\/h3>\n\n<p>Lux Sauna erbjuder avkopplande bad i hela Finland d\u00e4r bastu och landskap kombineras. Den stiliga moderna XL-modellen \u00e4r stor, har ett omkl\u00e4dningsrum, \u00e4r kubisk i formen och representerar d\u00e4rmed en modern era som har blivit mycket popul\u00e4r b\u00e5de p\u00e5 olika platser i Finland och p\u00e5 andra h\u00e5ll i v\u00e4rlden. S\u00e5 den h\u00e4r stilen g\u00f6r dig inte besviken! Den lockar seglare till en oemotst\u00e5ndlig stund av lycka, relationer och landskap. Upplev din egen Lux Sauna-\u00f6gonblick med oss.<\/p>\n\n<p>Den moderna XL med omkl\u00e4dningsrum \u00e4r den perfekta tr\u00e4dg\u00e5rdsbastun f\u00f6r g\u00e4ster eller familjen, med plats f\u00f6r upp till 20 personer som kan njuta av varma bad samtidigt och samtidigt njuta av \u00f6ns, tr\u00e4dg\u00e5rdens eller n\u00e4stan vilken plats som helst d\u00e4r bastumodellen \u00e4r placerad. Det stora f\u00f6nstret \u00e4r lika stort som hela framv\u00e4ggen, vilket ger en utsikt \u00f6ver varje detalj p\u00e5 g\u00e5rden.  <\/p>\n\n<p>F\u00f6rtrollande solnedg\u00e5ngar, gr\u00f6na midsommarn\u00e4tter och sn\u00f6 p\u00e5 vintern kan ses med Modern XL utomhusbastu, eftersom de h\u00e5llbara tr\u00e4plankorna \u00e4r perfekt placerade s\u00e5 att de \u00e4r v\u00e4nda mot det stora f\u00f6nsterglaset.<\/p>\n\n<p>Lux Sauna Moderni XL med omkl\u00e4dningsrum \u00e4r en stor prefabricerad bastu som transporteras till platsen som den \u00e4r, men om platsen \u00e4r sv\u00e5r att transportera \u00e4r det m\u00f6jligt att transportera utomhusbastun i element.  <\/p>\n\n<p>Om du har dr\u00f6mt om en finsk tr\u00e4dg\u00e5rdsbastu som har blivit popul\u00e4r i andra delar av v\u00e4rlden beh\u00f6ver du inte dr\u00f6mma l\u00e4ngre &#8211; nu \u00e4r det dags att f\u00f6rverkliga den!<\/p>\n","protected":false},"excerpt":{"rendered":"<p><strong>Bastu storlek: 20m2 (3500\u00d75500 +omkl\u00e4dningsrum: 1500\u00d71800 mm) | 20 personer.<\/strong><\/p>\n","protected":false},"featured_media":3515,"comment_status":"open","ping_status":"closed","template":"","meta":{"_uag_custom_page_level_css":"","_genesis_hide_title":false,"_genesis_hide_breadcrumbs":false,"_genesis_hide_singular_image":false,"_genesis_hide_footer_widgets":false,"_genesis_custom_body_class":"","_genesis_custom_post_class":"","_genesis_layout":""},"product_cat":[137,128],"product_tag":[],"berocket_brand":[],"uagb_featured_image_src":{"full":["https:\/\/luxsauna.fi\/wp-content\/uploads\/2022\/12\/Lux-Sauna-Moderni-xl.jpg",1200,696,false],"thumbnail":["https:\/\/luxsauna.fi\/wp-content\/uploads\/2022\/12\/Lux-Sauna-Moderni-xl-150x150.jpg",150,150,true],"medium":["https:\/\/luxsauna.fi\/wp-content\/uploads\/2022\/12\/Lux-Sauna-Moderni-xl-300x174.jpg",300,174,true],"medium_large":["https:\/\/luxsauna.fi\/wp-content\/uploads\/2022\/12\/Lux-Sauna-Moderni-xl-768x445.jpg",768,445,true],"large":["https:\/\/luxsauna.fi\/wp-content\/uploads\/2022\/12\/Lux-Sauna-Moderni-xl-1024x594.jpg",1024,594,true],"1536x1536":["https:\/\/luxsauna.fi\/wp-content\/uploads\/2022\/12\/Lux-Sauna-Moderni-xl.jpg",1200,696,false],"2048x2048":["https:\/\/luxsauna.fi\/wp-content\/uploads\/2022\/12\/Lux-Sauna-Moderni-xl.jpg",1200,696,false],"featured-blog":["https:\/\/luxsauna.fi\/wp-content\/uploads\/2022\/12\/Lux-Sauna-Moderni-xl-600x338.jpg",600,338,true],"sidebar-thumbnail":["https:\/\/luxsauna.fi\/wp-content\/uploads\/2022\/12\/Lux-Sauna-Moderni-xl-80x80.jpg",80,80,true],"gb-block-post-grid-landscape":["https:\/\/luxsauna.fi\/wp-content\/uploads\/2022\/12\/Lux-Sauna-Moderni-xl.jpg",600,348,false],"gb-block-post-grid-square":["https:\/\/luxsauna.fi\/wp-content\/uploads\/2022\/12\/Lux-Sauna-Moderni-xl.jpg",600,348,false],"cfw_cart_thumb":["https:\/\/luxsauna.fi\/wp-content\/uploads\/2022\/12\/Lux-Sauna-Moderni-xl.jpg",60,35,false],"woocommerce_thumbnail":["https:\/\/luxsauna.fi\/wp-content\/uploads\/2022\/12\/Lux-Sauna-Moderni-xl-530x307.jpg",530,307,true],"woocommerce_single":["https:\/\/luxsauna.fi\/wp-content\/uploads\/2022\/12\/Lux-Sauna-Moderni-xl-720x418.jpg",720,418,true],"woocommerce_gallery_thumbnail":["https:\/\/luxsauna.fi\/wp-content\/uploads\/2022\/12\/Lux-Sauna-Moderni-xl-180x180.jpg",180,180,true]},"uagb_author_info":{"display_name":"Christine","author_link":"https:\/\/luxsauna.fi\/sv\/author\/"},"uagb_comment_info":0,"uagb_excerpt":"Bastu storlek: 20m2 (3500\u00d75500 +omkl\u00e4dningsrum: 1500\u00d71800 mm) | 20 personer.","_links":{"self":[{"href":"https:\/\/luxsauna.fi\/sv\/wp-json\/wp\/v2\/product\/3931"}],"collection":[{"href":"https:\/\/luxsauna.fi\/sv\/wp-json\/wp\/v2\/product"}],"about":[{"href":"https:\/\/luxsauna.fi\/sv\/wp-json\/wp\/v2\/types\/product"}],"replies":[{"embeddable":true,"href":"https:\/\/luxsauna.fi\/sv\/wp-json\/wp\/v2\/comments?post=3931"}],"wp:featuredmedia":[{"embeddable":true,"href":"https:\/\/luxsauna.fi\/sv\/wp-json\/wp\/v2\/media\/3515"}],"wp:attachment":[{"href":"https:\/\/luxsauna.fi\/sv\/wp-json\/wp\/v2\/media?parent=3931"}],"wp:term":[{"taxonomy":"product_cat","embeddable":true,"href":"https:\/\/luxsauna.fi\/sv\/wp-json\/wp\/v2\/product_cat?post=3931"},{"taxonomy":"product_tag","embeddable":true,"href":"https:\/\/luxsauna.fi\/sv\/wp-json\/wp\/v2\/product_tag?post=3931"},{"taxonomy":"berocket_brand","embeddable":true,"href":"https:\/\/luxsauna.fi\/sv\/wp-json\/wp\/v2\/berocket_brand?post=3931"}],"curies":[{"name":"wp","href":"https:\/\/api.w.org\/{rel}","templated":true}]}}