{"id":7561,"date":"2020-11-09T17:58:35","date_gmt":"2020-11-09T15:58:35","guid":{"rendered":"https:\/\/luxsauna.fi\/villkor\/"},"modified":"2024-05-09T13:12:41","modified_gmt":"2024-05-09T10:12:41","slug":"villkor","status":"publish","type":"page","link":"https:\/\/luxsauna.fi\/sv\/villkor\/","title":{"rendered":"Villkor"},"content":{"rendered":"\n<div style=\"height:40px\" aria-hidden=\"true\" class=\"wp-block-spacer\"><\/div>\n\n\n\n<h1 class=\"wp-block-heading\">Villkor<\/h1>\n\n\n\n<p><strong>Webbsajt &#8211; <\/strong><a href=\"https:\/\/luxsauna.fi\/sv\/\"><strong>https:\/\/luxsauna.fi<\/strong><\/a><\/p>\n\n\n\n<p>Lux Sauna (Lux sauna Oy) \u00e4r registrerad \u00e4gare och operat\u00f6r av webbplatsen <a href=\"https:\/\/luxsauna.fi\/sv\/\">https:\/\/luxsauna.fi<\/a> (kallad &#8220;vi&#8221; eller &#8220;v\u00e5r&#8221;).<\/p>\n\n\n\n<p>Lux Sauna Oy f\u00f6rser dig med all information, funktioner, produkterbjudanden och tj\u00e4nster, policyer, villkor och annan information p\u00e5 denna webbplats. Om du inte vill acceptera n\u00e5gon av policyerna eller villkoren b\u00f6r du sluta forts\u00e4tta p\u00e5 v\u00e5r sida och sluta anv\u00e4nda alla tj\u00e4nster eller produkter vi erbjuder. <\/p>\n\n\n\n<p>Om du har n\u00e5gra problem eller klagom\u00e5l och n\u00e5gon beg\u00e4ran om information, v\u00e4lkomnar vi dig att kontakta oss direkt (e-post). Vi svarar dig s\u00e5 snart som m\u00f6jligt. <\/p>\n\n\n\n<p><strong>Integritet<\/strong><\/p>\n\n\n\n<p>Vi p\u00e5 Lux Sauna samlar in information om v\u00e5ra kunder och lagrar dem f\u00f6r att kunna forts\u00e4tta bastubest\u00e4llningar. Vi samlar \u00e4ven in information genom att v\u00e4lja ett nyhetsbrev d\u00e4r kunden har valt motsvarande ruta f\u00f6r att f\u00e5 marknadsf\u00f6ringskampanjer fr\u00e5n oss. Vi anv\u00e4nder endast denna information i marknadsf\u00f6ringssyfte och delar den inte med andra parter. Om du aldrig vill f\u00e5 dessa igen kan du kontakta oss n\u00e4r som helst s\u00e5 tar vi bort dig fr\u00e5n listan och raderar den information du har lagrat.   <\/p>\n\n\n\n<p>L\u00e4s mer om v\u00e5r <a href=\"\/?page_id=7486\"> integritets- och cookiepolicy<\/a>.<\/p>\n\n\n\n<p>Vi f\u00f6rbeh\u00e5ller oss r\u00e4tten att uppdatera, \u00e4ndra eller ers\u00e4tta n\u00e5gon del av anv\u00e4ndarvillkoren. H\u00e5ll det uppdaterat med nya tj\u00e4nster och produkter vi publicerar eller annan n\u00f6dv\u00e4ndig information. De nuvarande villkoren uppdaterades senast den 7 november 2022.   <\/p>\n","protected":false},"excerpt":{"rendered":"<p>Villkor Webbsajt &#8211; https:\/\/luxsauna.fi Lux Sauna (Lux sauna Oy) \u00e4r registrerad \u00e4gare och operat\u00f6r av webbplatsen https:\/\/luxsauna.fi (kallad &#8220;vi&#8221; eller &#8220;v\u00e5r&#8221;). Lux Sauna Oy f\u00f6rser dig med all information, funktioner, produkterbjudanden och tj\u00e4nster, policyer, villkor och annan information p\u00e5 denna webbplats. Om du inte vill acceptera n\u00e5gon av policyerna eller villkoren b\u00f6r du sluta forts\u00e4tta&nbsp;<a class=\"readbutton\" href=\"https:\/\/luxsauna.fi\/sv\/villkor\/\">L\u00e4s mer<\/a><\/p>\n","protected":false},"author":2,"featured_media":0,"parent":0,"menu_order":0,"comment_status":"closed","ping_status":"closed","template":"","meta":{"_uag_custom_page_level_css":"","_genesis_hide_title":false,"_genesis_hide_breadcrumbs":false,"_genesis_hide_singular_image":false,"_genesis_hide_footer_widgets":false,"_genesis_custom_body_class":"","_genesis_custom_post_class":"","_genesis_layout":"full-width-content","footnotes":""},"featured_image_src":null,"featured_image_src_square":null,"uagb_featured_image_src":{"full":false,"thumbnail":false,"medium":false,"medium_large":false,"large":false,"1536x1536":false,"2048x2048":false,"featured-blog":false,"sidebar-thumbnail":false,"gb-block-post-grid-landscape":false,"gb-block-post-grid-square":false,"cfw_cart_thumb":false,"woocommerce_thumbnail":false,"woocommerce_single":false,"woocommerce_gallery_thumbnail":false},"uagb_author_info":{"display_name":"Christine","author_link":"https:\/\/luxsauna.fi\/sv\/author\/christine\/"},"uagb_comment_info":0,"uagb_excerpt":"Villkor Webbsajt &#8211; https:\/\/luxsauna.fi Lux Sauna (Lux sauna Oy) \u00e4r registrerad \u00e4gare och operat\u00f6r av webbplatsen https:\/\/luxsauna.fi (kallad &#8220;vi&#8221; eller &#8220;v\u00e5r&#8221;). Lux Sauna Oy f\u00f6rser dig med all information, funktioner, produkterbjudanden och tj\u00e4nster, policyer, villkor och annan information p\u00e5 denna webbplats. Om du inte vill acceptera n\u00e5gon av policyerna eller villkoren b\u00f6r du sluta forts\u00e4tta&nbsp;L\u00e4s&hellip;","_links":{"self":[{"href":"https:\/\/luxsauna.fi\/sv\/wp-json\/wp\/v2\/pages\/7561"}],"collection":[{"href":"https:\/\/luxsauna.fi\/sv\/wp-json\/wp\/v2\/pages"}],"about":[{"href":"https:\/\/luxsauna.fi\/sv\/wp-json\/wp\/v2\/types\/page"}],"author":[{"embeddable":true,"href":"https:\/\/luxsauna.fi\/sv\/wp-json\/wp\/v2\/users\/2"}],"replies":[{"embeddable":true,"href":"https:\/\/luxsauna.fi\/sv\/wp-json\/wp\/v2\/comments?post=7561"}],"version-history":[{"count":3,"href":"https:\/\/luxsauna.fi\/sv\/wp-json\/wp\/v2\/pages\/7561\/revisions"}],"predecessor-version":[{"id":7591,"href":"https:\/\/luxsauna.fi\/sv\/wp-json\/wp\/v2\/pages\/7561\/revisions\/7591"}],"wp:attachment":[{"href":"https:\/\/luxsauna.fi\/sv\/wp-json\/wp\/v2\/media?parent=7561"}],"curies":[{"name":"wp","href":"https:\/\/api.w.org\/{rel}","templated":true}]}}