{"id":7551,"date":"2023-07-05T10:25:19","date_gmt":"2023-07-05T07:25:19","guid":{"rendered":"https:\/\/luxsauna.fi\/levereringsmetoder\/"},"modified":"2024-05-09T13:12:11","modified_gmt":"2024-05-09T10:12:11","slug":"levereringsmetoder","status":"publish","type":"page","link":"https:\/\/luxsauna.fi\/sv\/levereringsmetoder\/","title":{"rendered":"Levereringsmetoder"},"content":{"rendered":"\n<div style=\"height:40px\" aria-hidden=\"true\" class=\"wp-block-spacer\"><\/div>\n\n\n\n<h1 class=\"wp-block-heading\">Levereringsmetoder<\/h1>\n\n\n\n<p>P\u00e5 denna sida hittar du alla tillg\u00e4ngliga leveranss\u00e4tt.<\/p>\n\n\n\n<h2 class=\"wp-block-heading\">G\u00e5rdsbastur<\/h2>\n\n\n\n<p>G\u00e5rdsbastur levereras p\u00e5 uppdrag av tillverkaren enligt separat avtal. Leverans sker oftast med hj\u00e4lp av lastbil och kran, s\u00e5 att utomhusbastun kan flyttas exakt och s\u00e4kert till den plats du \u00f6nskar. Mer detaljerad information om leverans av utomhusbastun och scheman kommer \u00f6verens om vid best\u00e4llning.<\/p>\n\n\n\n<h2 class=\"wp-block-heading\">Badtunnor, bastuaggregat, terrassm\u00f6bler och tr\u00e4material<\/h2>\n\n\n\n<p>Vi erbjuder tv\u00e5 leveransalternativ f\u00f6r kaminer, kaminer, utem\u00f6bler och tr\u00e4material: <\/p>\n\n\n\n<ul>\n<li>PostNord<\/li>\n\n\n\n<li>Kaukokiito<\/li>\n<\/ul>\n\n\n\n<p><strong>Anm\u00e4rkningar om leveranser:<\/strong><\/p>\n\n\n\n<ul>\n<li>Vi f\u00f6rs\u00f6ker behandla din best\u00e4llning s\u00e5 snabbt som m\u00f6jligt och leverera produkterna enligt det leveranss\u00e4tt du v\u00e4ljer.<\/li>\n\n\n\n<li>Leveranstiden kan variera beroende p\u00e5 produkt, leveransadress och vilket leveranss\u00e4tt du v\u00e4ljer.<\/li>\n\n\n\n<li>Vi kommer att informera dig om best\u00e4llningens leveransschema och sp\u00e5rningsinformation s\u00e5 snart som m\u00f6jligt efter att best\u00e4llningen har behandlats.<\/li>\n\n\n\n<li>Se till att leveransadressen du anger \u00e4r korrekt s\u00e5 att vi kan garantera en framg\u00e5ngsrik leverans.<\/li>\n<\/ul>\n\n\n\n<p>Om du har fr\u00e5gor om leveranss\u00e4tt eller beh\u00f6ver mer information kan du kontakta oss.<\/p>\n","protected":false},"excerpt":{"rendered":"<p>Levereringsmetoder P\u00e5 denna sida hittar du alla tillg\u00e4ngliga leveranss\u00e4tt. G\u00e5rdsbastur G\u00e5rdsbastur levereras p\u00e5 uppdrag av tillverkaren enligt separat avtal. Leverans sker oftast med hj\u00e4lp av lastbil och kran, s\u00e5 att utomhusbastun kan flyttas exakt och s\u00e4kert till den plats du \u00f6nskar. Mer detaljerad information om leverans av utomhusbastun och scheman kommer \u00f6verens om vid best\u00e4llning.&nbsp;<a class=\"readbutton\" href=\"https:\/\/luxsauna.fi\/sv\/levereringsmetoder\/\">L\u00e4s mer<\/a><\/p>\n","protected":false},"author":2,"featured_media":0,"parent":0,"menu_order":0,"comment_status":"closed","ping_status":"closed","template":"","meta":{"_uag_custom_page_level_css":"","_genesis_hide_title":false,"_genesis_hide_breadcrumbs":false,"_genesis_hide_singular_image":false,"_genesis_hide_footer_widgets":false,"_genesis_custom_body_class":"","_genesis_custom_post_class":"","_genesis_layout":"","footnotes":""},"featured_image_src":null,"featured_image_src_square":null,"uagb_featured_image_src":{"full":false,"thumbnail":false,"medium":false,"medium_large":false,"large":false,"1536x1536":false,"2048x2048":false,"featured-blog":false,"sidebar-thumbnail":false,"gb-block-post-grid-landscape":false,"gb-block-post-grid-square":false,"cfw_cart_thumb":false,"woocommerce_thumbnail":false,"woocommerce_single":false,"woocommerce_gallery_thumbnail":false},"uagb_author_info":{"display_name":"Christine","author_link":"https:\/\/luxsauna.fi\/sv\/author\/christine\/"},"uagb_comment_info":0,"uagb_excerpt":"Levereringsmetoder P\u00e5 denna sida hittar du alla tillg\u00e4ngliga leveranss\u00e4tt. G\u00e5rdsbastur G\u00e5rdsbastur levereras p\u00e5 uppdrag av tillverkaren enligt separat avtal. Leverans sker oftast med hj\u00e4lp av lastbil och kran, s\u00e5 att utomhusbastun kan flyttas exakt och s\u00e4kert till den plats du \u00f6nskar. Mer detaljerad information om leverans av utomhusbastun och scheman kommer \u00f6verens om vid best\u00e4llning.&nbsp;L\u00e4s&hellip;","_links":{"self":[{"href":"https:\/\/luxsauna.fi\/sv\/wp-json\/wp\/v2\/pages\/7551"}],"collection":[{"href":"https:\/\/luxsauna.fi\/sv\/wp-json\/wp\/v2\/pages"}],"about":[{"href":"https:\/\/luxsauna.fi\/sv\/wp-json\/wp\/v2\/types\/page"}],"author":[{"embeddable":true,"href":"https:\/\/luxsauna.fi\/sv\/wp-json\/wp\/v2\/users\/2"}],"replies":[{"embeddable":true,"href":"https:\/\/luxsauna.fi\/sv\/wp-json\/wp\/v2\/comments?post=7551"}],"version-history":[{"count":2,"href":"https:\/\/luxsauna.fi\/sv\/wp-json\/wp\/v2\/pages\/7551\/revisions"}],"predecessor-version":[{"id":7589,"href":"https:\/\/luxsauna.fi\/sv\/wp-json\/wp\/v2\/pages\/7551\/revisions\/7589"}],"wp:attachment":[{"href":"https:\/\/luxsauna.fi\/sv\/wp-json\/wp\/v2\/media?parent=7551"}],"curies":[{"name":"wp","href":"https:\/\/api.w.org\/{rel}","templated":true}]}}