{"id":7541,"date":"2023-07-05T10:02:29","date_gmt":"2023-07-05T07:02:29","guid":{"rendered":"https:\/\/luxsauna.fi\/betalningsmetoder\/"},"modified":"2024-05-09T13:11:23","modified_gmt":"2024-05-09T10:11:23","slug":"betalningsmetoder","status":"publish","type":"page","link":"https:\/\/luxsauna.fi\/sv\/betalningsmetoder\/","title":{"rendered":"Betalningsmetoder"},"content":{"rendered":"\n<div style=\"height:40px\" aria-hidden=\"true\" class=\"wp-block-spacer\"><\/div>\n\n\n\n<h1 class=\"wp-block-heading\">Betalningsmetoder<\/h1>\n\n\n\n<p>Vi vill g\u00f6ra din shoppingupplevelse s\u00e5 trevlig som m\u00f6jligt och erbjuda dig s\u00e4kra och p\u00e5litliga betalningsalternativ. Nedan finns en lista \u00f6ver de betalningsmetoder vi accepterar, som alla f\u00f6ljer den finska konsumentskyddslagen.<\/p>\n\n\n\n<h2 class=\"wp-block-heading\">1. Klarna<\/h2>\n\n\n\n<p>Vi erbjuder \u00e4ven Klarna betaltj\u00e4nster som erbjuder flexibla betalningsalternativ. Med Klarna-betalning kan du betala f\u00f6r ditt k\u00f6p:<\/p>\n\n\n\n<ul>\n<li>Betala med faktura<\/li>\n\n\n\n<li>P\u00e5 avbetalningsplanen<\/li>\n\n\n\n<li>Med Klarna konto <\/li>\n<\/ul>\n\n\n\n<p>Du hittar Klarnas betalningsvillkor p\u00e5 v\u00e5r hemsida och de g\u00e4ller n\u00e4r du g\u00f6r Klarna-betalningar.<\/p>\n\n\n\n<h2 class=\"wp-block-heading\">2. Kreditkort (Klarna eller Stripe)<\/h2>\n\n\n\n<p>Vi accepterar f\u00f6ljande kreditkort:<\/p>\n\n\n\n<ul>\n<li>Visa<\/li>\n\n\n\n<li>Visa Electron<\/li>\n\n\n\n<li>Mastercard<\/li>\n\n\n\n<li>Maestro<\/li>\n<\/ul>\n\n\n\n<h2 class=\"wp-block-heading\">3. Internetbanktj\u00e4nster (Klarna)<\/h2>\n\n\n\n<p>Vi erbjuder m\u00f6jligheten att betala f\u00f6r dina k\u00f6p med Finlands popul\u00e4raste n\u00e4tbanker.<\/p>\n\n\n\n<h2 class=\"wp-block-heading\">Andra \u00f6verv\u00e4ganden<\/h2>\n\n\n\n<p>Observera att valet av betalningsmetod kan variera baserat p\u00e5 det totala v\u00e4rdet av best\u00e4llningen, produkter eller andra faktorer. Vi str\u00e4var efter att erbjuda ett s\u00e5 omfattande utbud av alternativ som m\u00f6jligt, s\u00e5 att du kan v\u00e4lja den mest l\u00e4mpliga betalningsmetoden f\u00f6r dig.<\/p>\n\n\n\n<p>Alla betalningsmetoder vi erbjuder f\u00f6ljer den finska konsumentskyddslagen. Vi f\u00f6rbinder oss att f\u00f6lja anvisningarna fr\u00e5n den finska konsumentverket och att s\u00e4kerst\u00e4lla att v\u00e5ra kunder skyddas i sina r\u00e4ttigheter.<\/p>\n\n\n\n<p>V\u00e5ra k\u00f6ptransaktioner \u00e4r alltid s\u00e4kra och p\u00e5litliga. Vi garanterar skyddet av din integritet och dina personuppgifter i alla betalningstransaktioner.<\/p>\n\n\n\n<p>Om du har n\u00e5gra fr\u00e5gor om betalningsmetoder eller beh\u00f6ver mer information, tveka inte att kontakta oss.<\/p>\n","protected":false},"excerpt":{"rendered":"<p>Betalningsmetoder Vi vill g\u00f6ra din shoppingupplevelse s\u00e5 trevlig som m\u00f6jligt och erbjuda dig s\u00e4kra och p\u00e5litliga betalningsalternativ. Nedan finns en lista \u00f6ver de betalningsmetoder vi accepterar, som alla f\u00f6ljer den finska konsumentskyddslagen. 1. Klarna Vi erbjuder \u00e4ven Klarna betaltj\u00e4nster som erbjuder flexibla betalningsalternativ. Med Klarna-betalning kan du betala f\u00f6r ditt k\u00f6p: Du hittar Klarnas betalningsvillkor&nbsp;<a class=\"readbutton\" href=\"https:\/\/luxsauna.fi\/sv\/betalningsmetoder\/\">L\u00e4s mer<\/a><\/p>\n","protected":false},"author":2,"featured_media":0,"parent":0,"menu_order":0,"comment_status":"closed","ping_status":"closed","template":"","meta":{"_uag_custom_page_level_css":"","_genesis_hide_title":false,"_genesis_hide_breadcrumbs":false,"_genesis_hide_singular_image":false,"_genesis_hide_footer_widgets":false,"_genesis_custom_body_class":"","_genesis_custom_post_class":"","_genesis_layout":"","footnotes":""},"featured_image_src":null,"featured_image_src_square":null,"uagb_featured_image_src":{"full":false,"thumbnail":false,"medium":false,"medium_large":false,"large":false,"1536x1536":false,"2048x2048":false,"featured-blog":false,"sidebar-thumbnail":false,"gb-block-post-grid-landscape":false,"gb-block-post-grid-square":false,"cfw_cart_thumb":false,"woocommerce_thumbnail":false,"woocommerce_single":false,"woocommerce_gallery_thumbnail":false},"uagb_author_info":{"display_name":"Christine","author_link":"https:\/\/luxsauna.fi\/sv\/author\/christine\/"},"uagb_comment_info":0,"uagb_excerpt":"Betalningsmetoder Vi vill g\u00f6ra din shoppingupplevelse s\u00e5 trevlig som m\u00f6jligt och erbjuda dig s\u00e4kra och p\u00e5litliga betalningsalternativ. Nedan finns en lista \u00f6ver de betalningsmetoder vi accepterar, som alla f\u00f6ljer den finska konsumentskyddslagen. 1. Klarna Vi erbjuder \u00e4ven Klarna betaltj\u00e4nster som erbjuder flexibla betalningsalternativ. Med Klarna-betalning kan du betala f\u00f6r ditt k\u00f6p: Du hittar Klarnas betalningsvillkor&nbsp;L\u00e4s&hellip;","_links":{"self":[{"href":"https:\/\/luxsauna.fi\/sv\/wp-json\/wp\/v2\/pages\/7541"}],"collection":[{"href":"https:\/\/luxsauna.fi\/sv\/wp-json\/wp\/v2\/pages"}],"about":[{"href":"https:\/\/luxsauna.fi\/sv\/wp-json\/wp\/v2\/types\/page"}],"author":[{"embeddable":true,"href":"https:\/\/luxsauna.fi\/sv\/wp-json\/wp\/v2\/users\/2"}],"replies":[{"embeddable":true,"href":"https:\/\/luxsauna.fi\/sv\/wp-json\/wp\/v2\/comments?post=7541"}],"version-history":[{"count":2,"href":"https:\/\/luxsauna.fi\/sv\/wp-json\/wp\/v2\/pages\/7541\/revisions"}],"predecessor-version":[{"id":7587,"href":"https:\/\/luxsauna.fi\/sv\/wp-json\/wp\/v2\/pages\/7541\/revisions\/7587"}],"wp:attachment":[{"href":"https:\/\/luxsauna.fi\/sv\/wp-json\/wp\/v2\/media?parent=7541"}],"curies":[{"name":"wp","href":"https:\/\/api.w.org\/{rel}","templated":true}]}}