{"id":7532,"date":"2023-07-05T10:36:10","date_gmt":"2023-07-05T07:36:10","guid":{"rendered":"https:\/\/luxsauna.fi\/garanti\/"},"modified":"2024-05-09T13:11:20","modified_gmt":"2024-05-09T10:11:20","slug":"garanti","status":"publish","type":"page","link":"https:\/\/luxsauna.fi\/sv\/garanti\/","title":{"rendered":"Garanti"},"content":{"rendered":"\n<div style=\"height:40px\" aria-hidden=\"true\" class=\"wp-block-spacer\"><\/div>\n\n\n\n<h1 class=\"wp-block-heading\">Garanti<\/h1>\n\n\n\n<p>P\u00e5 denna sida hittar du garantier f\u00f6r v\u00e5ra produkter.<\/p>\n\n\n\n<h2 class=\"wp-block-heading\">G\u00e5rdsbastur<\/h2>\n\n\n\n<p>Garantin f\u00f6r uteplatsbastur \u00e4r 2 \u00e5r f\u00f6r material och komponenter.<\/p>\n\n\n\n<h2 class=\"wp-block-heading\">Badtunnor och badkar<\/h2>\n\n\n\n<p>Badtunnan och dess reservdelar har 3 \u00e5rs garanti och dessutom har bass\u00e4ngens glasfiberpool 5 \u00e5rs garanti. <\/p>\n\n\n\n<h2 class=\"wp-block-heading\">Bastuaggregat<\/h2>\n\n\n\n<p>Garantin f\u00f6r bastuaggregat varierar beroende p\u00e5 m\u00e4rke.<\/p>\n\n\n\n<h2 class=\"wp-block-heading\">Tr\u00e4material<\/h2>\n\n\n\n<p>Tr\u00e4material har en garanti baserad p\u00e5 s\u00e4ljarens specifika uppgifter som l\u00e4mnas i kontraktet. S\u00e4ljaren ansvarar inte f\u00f6r produktens l\u00e4mplighet f\u00f6r kundens avsedda anv\u00e4ndning, om inte s\u00e4ljaren var medveten om detta vid avtalets ing\u00e5ende. Tr\u00e4produkterna \u00e4r individuella och de levererade produkterna kan skilja sig fr\u00e5n de presenterade bilderna, till exempel vad g\u00e4ller f\u00e4rgton eller ytm\u00f6nster.<\/p>\n\n\n\n<p>S\u00e4ljaren l\u00e4mnar en bygggaranti f\u00f6r de produkter som tillverkas enligt kundens best\u00e4llning, som \u00e4r giltig i 6 m\u00e5nader fr\u00e5n transaktionstillf\u00e4llet. Denna garanti t\u00e4cker tillverknings- och materialfel.<\/p>\n","protected":false},"excerpt":{"rendered":"<p>Garanti P\u00e5 denna sida hittar du garantier f\u00f6r v\u00e5ra produkter. G\u00e5rdsbastur Garantin f\u00f6r uteplatsbastur \u00e4r 2 \u00e5r f\u00f6r material och komponenter. Badtunnor och badkar Badtunnan och dess reservdelar har 3 \u00e5rs garanti och dessutom har bass\u00e4ngens glasfiberpool 5 \u00e5rs garanti. Bastuaggregat Garantin f\u00f6r bastuaggregat varierar beroende p\u00e5 m\u00e4rke. Tr\u00e4material Tr\u00e4material har en garanti baserad p\u00e5&nbsp;<a class=\"readbutton\" href=\"https:\/\/luxsauna.fi\/sv\/garanti\/\">L\u00e4s mer<\/a><\/p>\n","protected":false},"author":2,"featured_media":0,"parent":0,"menu_order":0,"comment_status":"closed","ping_status":"closed","template":"","meta":{"_uag_custom_page_level_css":"","_genesis_hide_title":false,"_genesis_hide_breadcrumbs":false,"_genesis_hide_singular_image":false,"_genesis_hide_footer_widgets":false,"_genesis_custom_body_class":"","_genesis_custom_post_class":"","_genesis_layout":"","footnotes":""},"featured_image_src":null,"featured_image_src_square":null,"uagb_featured_image_src":{"full":false,"thumbnail":false,"medium":false,"medium_large":false,"large":false,"1536x1536":false,"2048x2048":false,"featured-blog":false,"sidebar-thumbnail":false,"gb-block-post-grid-landscape":false,"gb-block-post-grid-square":false,"cfw_cart_thumb":false,"woocommerce_thumbnail":false,"woocommerce_single":false,"woocommerce_gallery_thumbnail":false},"uagb_author_info":{"display_name":"Christine","author_link":"https:\/\/luxsauna.fi\/sv\/author\/christine\/"},"uagb_comment_info":0,"uagb_excerpt":"Garanti P\u00e5 denna sida hittar du garantier f\u00f6r v\u00e5ra produkter. G\u00e5rdsbastur Garantin f\u00f6r uteplatsbastur \u00e4r 2 \u00e5r f\u00f6r material och komponenter. Badtunnor och badkar Badtunnan och dess reservdelar har 3 \u00e5rs garanti och dessutom har bass\u00e4ngens glasfiberpool 5 \u00e5rs garanti. Bastuaggregat Garantin f\u00f6r bastuaggregat varierar beroende p\u00e5 m\u00e4rke. Tr\u00e4material Tr\u00e4material har en garanti baserad p\u00e5&nbsp;L\u00e4s&hellip;","_links":{"self":[{"href":"https:\/\/luxsauna.fi\/sv\/wp-json\/wp\/v2\/pages\/7532"}],"collection":[{"href":"https:\/\/luxsauna.fi\/sv\/wp-json\/wp\/v2\/pages"}],"about":[{"href":"https:\/\/luxsauna.fi\/sv\/wp-json\/wp\/v2\/types\/page"}],"author":[{"embeddable":true,"href":"https:\/\/luxsauna.fi\/sv\/wp-json\/wp\/v2\/users\/2"}],"replies":[{"embeddable":true,"href":"https:\/\/luxsauna.fi\/sv\/wp-json\/wp\/v2\/comments?post=7532"}],"version-history":[{"count":2,"href":"https:\/\/luxsauna.fi\/sv\/wp-json\/wp\/v2\/pages\/7532\/revisions"}],"predecessor-version":[{"id":7586,"href":"https:\/\/luxsauna.fi\/sv\/wp-json\/wp\/v2\/pages\/7532\/revisions\/7586"}],"wp:attachment":[{"href":"https:\/\/luxsauna.fi\/sv\/wp-json\/wp\/v2\/media?parent=7532"}],"curies":[{"name":"wp","href":"https:\/\/api.w.org\/{rel}","templated":true}]}}