{"id":7486,"date":"2020-11-17T12:36:19","date_gmt":"2020-11-17T10:36:19","guid":{"rendered":"https:\/\/luxsauna.fi\/tietosuoja-ja-evastekaytanto\/"},"modified":"2024-05-07T11:49:22","modified_gmt":"2024-05-07T08:49:22","slug":"integritets-och-cookiepolicy","status":"publish","type":"page","link":"https:\/\/luxsauna.fi\/sv\/integritets-och-cookiepolicy\/","title":{"rendered":"Integritets- och cookiepolicy"},"content":{"rendered":"\n<div style=\"height:40px\" aria-hidden=\"true\" class=\"wp-block-spacer\"><\/div>\n\n\n\n<h1 class=\"wp-block-heading\">Integritets- och cookiepolicy<\/h1>\n\n\n\n<p>V\u00e5r f\u00f6retags sekretess- och cookie-policy<\/p>\n\n\n\n<p>Denna sekretess- och cookie-policy f\u00f6rklarar hur vi anv\u00e4nder personuppgifter som samlas in fr\u00e5n dig n\u00e4r du bes\u00f6ker v\u00e5r webbplats, prenumererar p\u00e5 v\u00e5rt nyhetsbrev eller k\u00f6per v\u00e5ra produkter och tj\u00e4nster.<\/p>\n\n\n\n<p>Inkluderade \u00e4mnen:<\/p>\n\n\n\n<ul>\n<li>Vilken information samlar vi in?<\/li>\n\n\n\n<li>Hur samlar vi in din information? <\/li>\n\n\n\n<li>Hur anv\u00e4nder vi din information? <\/li>\n\n\n\n<li>Hur lagrar vi din information? <\/li>\n\n\n\n<li>Marknadsf\u00f6ring <\/li>\n\n\n\n<li>Vilka \u00e4r dina integritetsr\u00e4ttigheter? <\/li>\n\n\n\n<li>Vad \u00e4r cookies? <\/li>\n\n\n\n<li>Hur anv\u00e4nder vi cookies? <\/li>\n\n\n\n<li>Vilka typer av cookies anv\u00e4nder vi? <\/li>\n\n\n\n<li>Hur hanterar du dina cookies? <\/li>\n\n\n\n<li>Andra webbplatsers sekretesspolicyer \u00c4ndringar i v\u00e5r sekretesspolicy <\/li>\n\n\n\n<li>Hur kontaktar du oss? <\/li>\n<\/ul>\n\n\n\n<p><strong>Vilken information samlar vi in?<\/strong><\/p>\n\n\n\n<p>V\u00e5rt f\u00f6retag Lux Sauna Oy (bastuaff\u00e4r) samlar in f\u00f6ljande data:<\/p>\n\n\n\n<ul>\n<li><strong>Personlig identifieringsinformation<\/strong> (namn, e-postadress, telefonnummer och kreditkortsinformation). <\/li>\n\n\n\n<li><strong>Icke-personlig identifieringsinformation<\/strong> (webbl\u00e4sarnamn, dator typ, operativsystem, internetleverant\u00f6rer och liknande data).<\/li>\n<\/ul>\n\n\n\n<p>Dessutom samlar vi in statistiska och m\u00e4tningsdata fr\u00e5n v\u00e5r webbplats, s\u00e5som sidvisningar, avvisningsfrekvens, tid spenderad p\u00e5 platsen och annan information f\u00f6r att f\u00f6rb\u00e4ttra anv\u00e4ndarengagemang och retentionssatser. Dessa data samlas endast in f\u00f6r Lux Saunas anv\u00e4ndning och s\u00e4ljs eller l\u00e4mnas inte ut till n\u00e5gra andra parter.<\/p>\n\n\n\n<p><strong>Hur samlar vi in din information?<\/strong><\/p>\n\n\n\n<p>Du tillhandah\u00e5ller v\u00e5rt f\u00f6retag mestadels den information vi samlar in. Vi samlar in och bearbetar information n\u00e4r:<\/p>\n\n\n\n<p>Du k\u00f6per n\u00e5gon av v\u00e5ra produkter eller tj\u00e4nster, s\u00e5som tr\u00e4dg\u00e5rdsbastur, bubbelbad, tunnbastur och andra bastur eller tj\u00e4nster. Du prenumererar frivilligt p\u00e5 v\u00e5rt nyhetsbrev. Du ger feedback om v\u00e5ra produkter och tj\u00e4nster. V\u00e5rt f\u00f6retag kan ocks\u00e5 f\u00e5 din information indirekt fr\u00e5n f\u00f6ljande k\u00e4llor:<\/p>\n\n\n\n<p>N\u00e4r du bes\u00f6ker v\u00e5r webbplats &#8211; kakor (f\u00f6rklarade i andra \u00e4mnen) och statistik som n\u00e4mns under insamlade data. Eller genom andra aktiviteter, tj\u00e4nster, funktioner eller resurser som vi g\u00f6r tillg\u00e4ngliga p\u00e5 v\u00e5r webbplats.<\/p>\n\n\n\n<p><strong>Hur anv\u00e4nder vi din information?<\/strong><\/p>\n\n\n\n<p>V\u00e5rt f\u00f6retag samlar in din information f\u00f6r att:<\/p>\n\n\n\n<ul>\n<li>Bearbeta dina bastubest\u00e4llningar. <\/li>\n\n\n\n<li>Kontakta dig ang\u00e5ende dina f\u00f6rfr\u00e5gningar via telefon, e-post eller kontaktformul\u00e4r. <\/li>\n\n\n\n<li>Skicka e-postmeddelanden om specialerbjudanden p\u00e5 mest \u00f6nskade produkter. <\/li>\n\n\n\n<li>Tillhandah\u00e5lla marknadsf\u00f6ringskampanjer som \u00e4r skr\u00e4ddarsydda baserat p\u00e5 dina nuvarande k\u00f6p och preferenser.<\/li>\n<\/ul>\n\n\n\n<p>Dessutom kan informationen delas med tredje parter s\u00e5som:<\/p>\n\n\n\n<ul>\n<li>Revisorer. <\/li>\n\n\n\n<li>Budb\u00e4rare. <\/li>\n\n\n\n<li>Under bearbetningen av best\u00e4llningar f\u00f6r att f\u00f6rhindra bedr\u00e4gligt k\u00f6p kan v\u00e5rt f\u00f6retag dela din information och ocks\u00e5 anv\u00e4nda kreditreferensbyr\u00e5information om dig.<\/li>\n<\/ul>\n\n\n\n<p><strong>Hur lagrar vi din information?<\/strong><\/p>\n\n\n\n<p>V\u00e5rt f\u00f6retag lagrar s\u00e4kert dina data i Getresponse och Clickfunnels datacenter, och dessa data \u00f6verf\u00f6rs inte till n\u00e5gra andra datacenter. Detta g\u00f6r det mycket s\u00e4kert, eftersom dessa tv\u00e5 plattformar ut\u00f6var stor f\u00f6rsiktighet n\u00e4r det g\u00e4ller s\u00e4kerheten f\u00f6r de data de lagrar.<\/p>\n\n\n\n<p>Om du v\u00e4ljer att avsluta prenumerationen p\u00e5 v\u00e5rt nyhetsbrev eller beg\u00e4ra radering av dina data, kommer din information att raderas permanent fr\u00e5n Getresponse och Clickfunnels datacenter eller med n\u00e5got annat medel som den har lagrats och samlats in inom ett \u00e5r fr\u00e5n meddelandet.<\/p>\n\n\n\n<p><strong>Marknadsf\u00f6ring<\/strong><\/p>\n\n\n\n<p>V\u00e5rt f\u00f6retag vill skicka information och erbjudanden om nya produkter och tj\u00e4nster som du kanske vill k\u00f6pa. Vi vill ocks\u00e5 skicka marknadsf\u00f6ringsinformation fr\u00e5n f\u00f6retag vi samarbetar med.<\/p>\n\n\n\n<p>Detta g\u00f6rs endast efter att du har samtyckt till att ta emot marknadsf\u00f6ringskampanjer och e-postmeddelanden fr\u00e5n oss genom att v\u00e4lja v\u00e5rt nyhetsbrev. Du kan n\u00e4r som helst avanm\u00e4la dig senare.<\/p>\n\n\n\n<p>Den mottagna informationen beh\u00e5lls tills vi levererar nytt inneh\u00e5ll, erbjudanden eller nyhetsbrev som du har valt. Den raderas d\u00e4refter, eller om du v\u00e4ljer att avanm\u00e4la dig fr\u00e5n v\u00e5rt nyhetsbrev. Dessutom n\u00e4r du beg\u00e4r radering av dina data.<\/p>\n\n\n\n<p>Du har fullst\u00e4ndig r\u00e4tt n\u00e4r som helst att sluta ta emot marknadsf\u00f6ringskampanjer via e-post eller telefon samt att sluta dela data med v\u00e5ra partners och ett annat medlem av v\u00e5rt f\u00f6retag.<\/p>\n\n\n\n<p>Om du inte l\u00e4ngre vill ta emot e-post fr\u00e5n oss, klicka h\u00e4r.<\/p>\n\n\n\n<p><strong>Vad \u00e4r dina integritetsr\u00e4ttigheter?<\/strong><\/p>\n\n\n\n<p>V\u00e5rt f\u00f6retag vill se till att du \u00e4r fullt medveten om alla dina integritetsr\u00e4ttigheter. Varje anv\u00e4ndare har f\u00f6ljande r\u00e4ttigheter:<\/p>\n\n\n\n<p><strong>R\u00e4tt till information<\/strong> &#8211; Du har r\u00e4tt att beg\u00e4ra alla personuppgifter som v\u00e5rt f\u00f6retag har om dig. En liten avgift kan g\u00e4lla f\u00f6r denna tj\u00e4nst.<\/p>\n\n\n\n<p><strong>R\u00e4ttelse<\/strong> &#8211; Du har r\u00e4tt att beg\u00e4ra att v\u00e5rt f\u00f6retag r\u00e4ttar till eventuell information som du anser \u00e4r felaktig. Du har ocks\u00e5 r\u00e4tt att beg\u00e4ra ytterligare information om den \u00e4r ofullst\u00e4ndig.<\/p>\n\n\n\n<p><strong>R\u00e4tt till radering<\/strong> &#8211; Du har r\u00e4tt att beg\u00e4ra att v\u00e5rt f\u00f6retag raderar dina personuppgifter under vissa f\u00f6ruts\u00e4ttningar.<\/p>\n\n\n\n<p><strong>R\u00e4tt till begr\u00e4nsning av behandling <\/strong>&#8211; Du har r\u00e4tt att beg\u00e4ra att v\u00e5rt f\u00f6retag begr\u00e4nsar behandlingen av dina personuppgifter under vissa f\u00f6ruts\u00e4ttningar.<\/p>\n\n\n\n<p><strong>R\u00e4tt att inv\u00e4nda mot behandling<\/strong> &#8211; Du har r\u00e4tt att inv\u00e4nda mot v\u00e5rt f\u00f6retags behandling av dina personuppgifter under vissa f\u00f6ruts\u00e4ttningar.<\/p>\n\n\n\n<p><strong>R\u00e4tt till dataportabilitet<\/strong> &#8211; Du har r\u00e4tt att beg\u00e4ra att v\u00e5rt f\u00f6retag \u00f6verf\u00f6r de data vi har samlat in till en annan organisation eller direkt till dig under vissa f\u00f6ruts\u00e4ttningar.<\/p>\n\n\n\n<p>N\u00e4r du har gjort en beg\u00e4ran har vi en m\u00e5nad p\u00e5 oss att svara. Om du vill ut\u00f6va n\u00e5gon av dessa r\u00e4ttigheter, kontakta oss:<\/p>\n\n\n\n<p>+358 40 816 2667<\/p>\n\n\n\n<p>Eller via e-post p\u00e5<\/p>\n\n\n\n<p><a>myynti@luxsauna.fi<\/a><\/p>\n\n\n\n<p><strong>Vad \u00e4r cookies?<\/strong><\/p>\n\n\n\n<p>Cookies \u00e4r sm\u00e5 filer\/data om din dator och surfningsbeteende som automatiskt samlas in och \u00e5tkommas av webben eller klientdatorn. F\u00f6r mer information, bes\u00f6k <a href=\"https:\/\/ec.europa.eu\/info\/cookies_fi\" target=\"_blank\" rel=\"noopener\">https:\/\/ec.europa.eu\/info\/cookies_fi<\/a>.<\/p>\n\n\n\n<p><strong>Hur anv\u00e4nder vi cookies?<\/strong><\/p>\n\n\n\n<p>V\u00e5rt f\u00f6retag anv\u00e4nder cookies p\u00e5 flera s\u00e4tt f\u00f6r att f\u00f6rb\u00e4ttra din upplevelse p\u00e5 v\u00e5r webbplats, inklusive:<\/p>\n\n\n\n<p>F\u00f6rst\u00e5 hur du anv\u00e4nder v\u00e5r webbplats Tillhandah\u00e5lla marknadsf\u00f6ringskampanjer Riktning p\u00e5 sociala medier Riktning p\u00e5 dig igen efter att ha bes\u00f6kt v\u00e5r webbplats. <\/p>\n\n\n\n<p><strong>Vilka typer av cookies anv\u00e4nder vi?<\/strong><\/p>\n\n\n\n<p>Det finns flera typer av cookies, men v\u00e5r webbplats anv\u00e4nder:<\/p>\n\n\n\n<p><strong>Funktionalitet<\/strong> &#8211; N\u00e4r du bes\u00f6ker v\u00e5r webbplats samlar vi in cookie-data f\u00f6r att komma ih\u00e5g dina valda inst\u00e4llningar, s\u00e5som accepterade cookies, spr\u00e5k och plats. Vi anv\u00e4nder f\u00f6rstapartscookies &#8211; f\u00f6r att samla in data p\u00e5 v\u00e5r webbplats. Och tredjepartscookies &#8211; som v\u00e5r webbplats inte samlar in direkt, men tredje parter samlar ist\u00e4llet in f\u00f6r riktad reklam, chattrobotar och sociala knappar.<\/p>\n\n\n\n<p><strong>Reklam<\/strong> &#8211; V\u00e5rt f\u00f6retag samlar in information om ditt bes\u00f6k p\u00e5 v\u00e5r webbplats, vilket inneh\u00e5ll du har l\u00e4st, l\u00e4nkar du har klickat p\u00e5, och information om din IP-adress, webbl\u00e4sare och enhet. V\u00e5rt f\u00f6retag kan dela denna information med tredje parter och reklampartners f\u00f6r reklam\u00e4ndam\u00e5l. Detta inneb\u00e4r att om du har bes\u00f6kt v\u00e5r webbplats och sedan bes\u00f6kt en annan webbplats kan de visa dig annonser f\u00f6r produkter och tj\u00e4nster.<\/p>\n\n\n\n<p><strong>Hur hanterar du dina cookies?<\/strong><\/p>\n\n\n\n<p>Du kan n\u00e4r som helst st\u00e4lla in dina webbl\u00e4sarinst\u00e4llningar f\u00f6r att inte acceptera cookies. Metoden f\u00f6r detta varierar f\u00f6r varje webbl\u00e4sare och f\u00f6r denna webbplats <a href=\"https:\/\/m.wikihow.com\/Disable-Cookies\" target=\"_blank\" rel=\"noopener\">https:\/\/m.wikihow.com\/Disable-Cookies<\/a><\/p>\n\n\n\n<p>Observera: Om du inaktiverar cookies i din webbl\u00e4sare kanske du inte kan se vissa funktioner och funktioner p\u00e5 v\u00e5r webbplats.<\/p>\n\n\n\n<p><strong>Andra webbplatsers sekretesspolicyer<\/strong><\/p>\n\n\n\n<p>\u00c4ven om vi har l\u00e4nkar till andra webbplatser t\u00e4cker v\u00e5r sekretess- och cookie-policy endast v\u00e5r webbplats. Detta inneb\u00e4r att om du klickar p\u00e5 l\u00e4nkar till en annan webbplats fr\u00e5n v\u00e5r webbplats b\u00f6r du hitta och l\u00e4sa deras policyer f\u00f6r att f\u00f6rst\u00e5 hur de samlar in och behandlar dina data.<\/p>\n\n\n\n<p><strong>\u00c4ndringar i v\u00e5r sekretesspolicy<\/strong><\/p>\n\n\n\n<p>V\u00e5rt f\u00f6retag respekterar personuppgifter mycket och uppdaterar d\u00e4rf\u00f6r regelbundet sin sekretesspolicy f\u00f6r att h\u00e5lla j\u00e4mna steg med insamling och behandling av nya data. Den aktuella sekretess- och cookie-policyn uppdaterades senast den 10 juli 2023.<\/p>\n\n\n\n<p><strong>Hur kontaktar du oss?<\/strong><\/p>\n\n\n\n<p>Om du har n\u00e5gra fr\u00e5gor om hur vi samlar in dina data, vilka data vi beh\u00e5ller och behandlar, eller vill ut\u00f6va n\u00e5gon av dina integritetsr\u00e4ttigheter, tveka inte att kontakta oss:<\/p>\n\n\n\n<p>Skicka oss ett e-postmeddelande: <a>myynti@luxsauna.fi<\/a><\/p>\n\n\n\n<p>Ring oss: +358 40 816 2667<\/p>\n\n\n\n<p><\/p>\n","protected":false},"excerpt":{"rendered":"<p>Integritets- och cookiepolicy V\u00e5r f\u00f6retags sekretess- och cookie-policy Denna sekretess- och cookie-policy f\u00f6rklarar hur vi anv\u00e4nder personuppgifter som samlas in fr\u00e5n dig n\u00e4r du bes\u00f6ker v\u00e5r webbplats, prenumererar p\u00e5 v\u00e5rt nyhetsbrev eller k\u00f6per v\u00e5ra produkter och tj\u00e4nster. Inkluderade \u00e4mnen: Vilken information samlar vi in? V\u00e5rt f\u00f6retag Lux Sauna Oy (bastuaff\u00e4r) samlar in f\u00f6ljande data: Dessutom&nbsp;<a class=\"readbutton\" href=\"https:\/\/luxsauna.fi\/sv\/integritets-och-cookiepolicy\/\">L\u00e4s mer<\/a><\/p>\n","protected":false},"author":1,"featured_media":0,"parent":0,"menu_order":0,"comment_status":"closed","ping_status":"closed","template":"","meta":{"_uag_custom_page_level_css":"","_genesis_hide_title":false,"_genesis_hide_breadcrumbs":false,"_genesis_hide_singular_image":false,"_genesis_hide_footer_widgets":false,"_genesis_custom_body_class":"","_genesis_custom_post_class":"","_genesis_layout":"full-width-content","footnotes":""},"featured_image_src":null,"featured_image_src_square":null,"uagb_featured_image_src":{"full":false,"thumbnail":false,"medium":false,"medium_large":false,"large":false,"1536x1536":false,"2048x2048":false,"featured-blog":false,"sidebar-thumbnail":false,"gb-block-post-grid-landscape":false,"gb-block-post-grid-square":false,"cfw_cart_thumb":false,"woocommerce_thumbnail":false,"woocommerce_single":false,"woocommerce_gallery_thumbnail":false},"uagb_author_info":{"display_name":"Raido","author_link":"https:\/\/luxsauna.fi\/sv\/author\/sauna\/"},"uagb_comment_info":0,"uagb_excerpt":"Integritets- och cookiepolicy V\u00e5r f\u00f6retags sekretess- och cookie-policy Denna sekretess- och cookie-policy f\u00f6rklarar hur vi anv\u00e4nder personuppgifter som samlas in fr\u00e5n dig n\u00e4r du bes\u00f6ker v\u00e5r webbplats, prenumererar p\u00e5 v\u00e5rt nyhetsbrev eller k\u00f6per v\u00e5ra produkter och tj\u00e4nster. Inkluderade \u00e4mnen: Vilken information samlar vi in? V\u00e5rt f\u00f6retag Lux Sauna Oy (bastuaff\u00e4r) samlar in f\u00f6ljande data: Dessutom&nbsp;L\u00e4s&hellip;","_links":{"self":[{"href":"https:\/\/luxsauna.fi\/sv\/wp-json\/wp\/v2\/pages\/7486"}],"collection":[{"href":"https:\/\/luxsauna.fi\/sv\/wp-json\/wp\/v2\/pages"}],"about":[{"href":"https:\/\/luxsauna.fi\/sv\/wp-json\/wp\/v2\/types\/page"}],"author":[{"embeddable":true,"href":"https:\/\/luxsauna.fi\/sv\/wp-json\/wp\/v2\/users\/1"}],"replies":[{"embeddable":true,"href":"https:\/\/luxsauna.fi\/sv\/wp-json\/wp\/v2\/comments?post=7486"}],"version-history":[{"count":2,"href":"https:\/\/luxsauna.fi\/sv\/wp-json\/wp\/v2\/pages\/7486\/revisions"}],"predecessor-version":[{"id":7498,"href":"https:\/\/luxsauna.fi\/sv\/wp-json\/wp\/v2\/pages\/7486\/revisions\/7498"}],"wp:attachment":[{"href":"https:\/\/luxsauna.fi\/sv\/wp-json\/wp\/v2\/media?parent=7486"}],"curies":[{"name":"wp","href":"https:\/\/api.w.org\/{rel}","templated":true}]}}