{"id":3968,"date":"2022-12-12T09:29:31","date_gmt":"2022-12-12T07:29:31","guid":{"rendered":"https:\/\/luxsauna.fi\/maaratlemata\/lux-saun-s\/"},"modified":"2023-08-18T11:33:36","modified_gmt":"2023-08-18T08:33:36","slug":"lux-saun-s","status":"publish","type":"product","link":"https:\/\/luxsauna.fi\/et\/saunad\/lux-saun-s\/","title":{"rendered":"Traditsiooniline S odav v\u00e4lisaun"},"content":{"rendered":"\n<h2 class=\"wp-block-heading\" style=\"font-size:34px;font-style:normal;font-weight:200\">M\u00f5\u00f5tmed<\/h2>\n\n<p>5.5m2 saun<\/p>\n\n<p>M\u00f5\u00f5tmed: 2200*2570 mm<\/p>\n\n<figure class=\"wp-block-image size-large\"><img decoding=\"async\" width=\"970\" height=\"1024\" src=\"https:\/\/luxsauna.fi\/wp-content\/uploads\/2022\/12\/Lux-Sauna-S-mitat-970x1024.jpg\" alt=\"Lux Saun S m&#xF5;&#xF5;dud\" class=\"wp-image-2269\" srcset=\"https:\/\/luxsauna.fi\/wp-content\/uploads\/2022\/12\/Lux-Sauna-S-mitat-970x1024.jpg 970w, https:\/\/luxsauna.fi\/wp-content\/uploads\/2022\/12\/Lux-Sauna-S-mitat-530x559.jpg 530w, https:\/\/luxsauna.fi\/wp-content\/uploads\/2022\/12\/Lux-Sauna-S-mitat-720x760.jpg 720w, https:\/\/luxsauna.fi\/wp-content\/uploads\/2022\/12\/Lux-Sauna-S-mitat-284x300.jpg 284w, https:\/\/luxsauna.fi\/wp-content\/uploads\/2022\/12\/Lux-Sauna-S-mitat-768x810.jpg 768w, https:\/\/luxsauna.fi\/wp-content\/uploads\/2022\/12\/Lux-Sauna-S-mitat.jpg 1068w\" sizes=\"(max-width: 970px) 100vw, 970px\" \/><\/figure>\n\n<h2 class=\"wp-block-heading\" style=\"font-size:34px;font-style:normal;font-weight:200\">Meie saunas on k\u00f5ik, mida saunas\u00f5ber kunagi vajab.<\/h2>\n\n<ul>\n<li>Puidu- v\u00f5i elektrikeris<\/li>\n\n\n\n<li>T\u00f5rvalepalavatsid<\/li>\n\n\n\n<li>Klaasuksed ja aknad<\/li>\n\n\n\n<li>Korsten ja torum\u00fctsike<\/li>\n\n\n\n<li>Viltkate<\/li>\n\n\n\n<li>Krunditud elemendid<\/li>\n<\/ul>\n\n<p>Kokkupandava tarne puhul on katus, p\u00f5rand ja seinad kergesti kokkupandavad elemendid.<\/p>\n\n<h2 class=\"wp-block-heading\" style=\"font-size:34px;font-style:normal;font-weight:200\">Tarvikud<\/h2>\n\n<ul>\n<li>Kerise veepaak<\/li>\n\n\n\n<li>Seljatugi<\/li>\n\n\n\n<li>Led tuled<\/li>\n\n\n\n<li>Lukk uksel<\/li>\n\n\n\n<li>V\u00e4lisv\u00e4rvimine<\/li>\n\n\n\n<li>Alust\u00f6\u00f6<\/li>\n\n\n\n<li>V\u00f5tmed k\u00e4tte paigaldus<\/li>\n\n\n\n<li>Usaldusv\u00e4\u00e4rne tarne, ka saarele<\/li>\n<\/ul>\n\n<h3 class=\"wp-block-heading\" style=\"font-size:34px;font-style:normal;font-weight:200\">Traditsiooniline v\u00e4lisaun S Rohkem infot<\/h3>\n\n<p>Kui traditsiooniline saun on v\u00e4ga hinnatud, siis Lux Sauna pakub v\u00e4ga l\u00f5\u00f5gastavaid saunu kogu Soomes. Soodne traditsiooniline <a href=\"https:\/\/luxsauna.fi\/et\/tootekategooria\/saunad\/\">v\u00e4lisauna<\/a> S-mudel on kuubikukujuline ja esindab seet\u00f5ttu ka uuemat ajastut, mis on kogunud suurt populaarsust nii Soome erinevates paikades kui ka mujal maailmas. Nii et see stiil ei valmista pettumust! See meelitab saunalisi vastupandamatule hetkele, kus saavad kokku leil, suhted ja traditsioonid. Meie valikus on ka sarnane <a href=\"https:\/\/luxsauna.fi\/et\/saunad\/lux-saun-m\/\">v\u00e4lisauna mudel koos riietusruumiga<\/a>. Kogege koos meiega oma Lux Sauna hetke. <\/p>\n\n<h3 class=\"has-larger-font-size wp-block-heading\" style=\"font-style:normal;font-weight:200\">Soodne, kuid kvaliteetne v\u00e4lisaun<\/h3>\n\n<p>Traditsiooniline S on ideaalne aiasaun k\u00fclalistele v\u00f5i perele, mis mahutab suurep\u00e4raselt 5 inimest, et nautida samal ajal kuuma leili, nautides samal ajal saarestikku, aeda v\u00f5i peaaegu k\u00f5iki teile meeldivaid kohti maastikul, kuhu saunamudel on paigutatud. Selle kolm kenasti kitsast ja piklikku akent v\u00f5imaldavad piisavalt privaatsust, pilkates samal ajal maastikku kahest erinevast suunast.<\/p>\n\n<p>Lummavat p\u00e4ikeseloojangut, rohelist jaani\u00f6\u00f6d ja talvist lund saab n\u00e4ha traditsioonilise S-v\u00e4lisaunaga, sest vastupidavad lepapingid on ideaalselt paigutatud nii, et n\u00e4ed eest ja k\u00fcljelt.<\/p>\n\n<p>Traditsiooniline Lux Sauna S on valmissaun, mis transporditakse objektile sellisena, nagu see on, kuid kui asukohta on raske transportida, on v\u00f5imalik \u00f5uesauna elementidena transportida. <\/p>\n\n<p>Kui oled unistanud mujal maailmas populaarsust kogunud Soome aiasaunast, siis ei pea enam unistama &#8211; n\u00fc\u00fcd on aeg see teoks teha!<\/p>\n","protected":false},"excerpt":{"rendered":"<p>M\u00f5\u00f5tmed 5.5m2 saun M\u00f5\u00f5tmed: 2200*2570 mm Meie saunas on k\u00f5ik, mida saunas\u00f5ber kunagi vajab. Kokkupandava tarne puhul on katus, p\u00f5rand ja seinad kergesti kokkupandavad elemendid. Tarvikud Traditsiooniline v\u00e4lisaun S Rohkem infot Kui traditsiooniline saun on v\u00e4ga hinnatud, siis Lux Sauna pakub v\u00e4ga l\u00f5\u00f5gastavaid saunu kogu Soomes. Soodne traditsiooniline v\u00e4lisauna S-mudel on kuubikukujuline ja esindab seet\u00f5ttu&nbsp;<a class=\"readbutton\" href=\"https:\/\/luxsauna.fi\/et\/saunad\/lux-saun-s\/\">Loe rohkem<\/a><\/p>\n","protected":false},"featured_media":5380,"comment_status":"open","ping_status":"closed","template":"","meta":{"_uag_custom_page_level_css":"","_genesis_hide_title":false,"_genesis_hide_breadcrumbs":false,"_genesis_hide_singular_image":false,"_genesis_hide_footer_widgets":false,"_genesis_custom_body_class":"","_genesis_custom_post_class":"","_genesis_layout":""},"product_cat":[135,130,234],"product_tag":[],"berocket_brand":[],"uagb_featured_image_src":{"full":["https:\/\/luxsauna.fi\/wp-content\/uploads\/2022\/12\/Perinteinen-pihasauna-S-1.jpg",1200,696,false],"thumbnail":["https:\/\/luxsauna.fi\/wp-content\/uploads\/2022\/12\/Perinteinen-pihasauna-S-1-150x150.jpg",150,150,true],"medium":["https:\/\/luxsauna.fi\/wp-content\/uploads\/2022\/12\/Perinteinen-pihasauna-S-1-300x174.jpg",300,174,true],"medium_large":["https:\/\/luxsauna.fi\/wp-content\/uploads\/2022\/12\/Perinteinen-pihasauna-S-1-768x445.jpg",768,445,true],"large":["https:\/\/luxsauna.fi\/wp-content\/uploads\/2022\/12\/Perinteinen-pihasauna-S-1-1024x594.jpg",1024,594,true],"1536x1536":["https:\/\/luxsauna.fi\/wp-content\/uploads\/2022\/12\/Perinteinen-pihasauna-S-1.jpg",1200,696,false],"2048x2048":["https:\/\/luxsauna.fi\/wp-content\/uploads\/2022\/12\/Perinteinen-pihasauna-S-1.jpg",1200,696,false],"featured-blog":["https:\/\/luxsauna.fi\/wp-content\/uploads\/2022\/12\/Perinteinen-pihasauna-S-1-600x338.jpg",600,338,true],"sidebar-thumbnail":["https:\/\/luxsauna.fi\/wp-content\/uploads\/2022\/12\/Perinteinen-pihasauna-S-1-80x80.jpg",80,80,true],"gb-block-post-grid-landscape":["https:\/\/luxsauna.fi\/wp-content\/uploads\/2022\/12\/Perinteinen-pihasauna-S-1-600x400.jpg",600,400,true],"gb-block-post-grid-square":["https:\/\/luxsauna.fi\/wp-content\/uploads\/2022\/12\/Perinteinen-pihasauna-S-1-600x600.jpg",600,600,true],"cfw_cart_thumb":["https:\/\/luxsauna.fi\/wp-content\/uploads\/2022\/12\/Perinteinen-pihasauna-S-1.jpg",60,35,false],"woocommerce_thumbnail":["https:\/\/luxsauna.fi\/wp-content\/uploads\/2022\/12\/Perinteinen-pihasauna-S-1-530x307.jpg",530,307,true],"woocommerce_single":["https:\/\/luxsauna.fi\/wp-content\/uploads\/2022\/12\/Perinteinen-pihasauna-S-1-720x418.jpg",720,418,true],"woocommerce_gallery_thumbnail":["https:\/\/luxsauna.fi\/wp-content\/uploads\/2022\/12\/Perinteinen-pihasauna-S-1-180x180.jpg",180,180,true]},"uagb_author_info":{"display_name":"Raido","author_link":"https:\/\/luxsauna.fi\/et\/author\/"},"uagb_comment_info":0,"uagb_excerpt":"M\u00f5\u00f5tmed 5.5m2 saun M\u00f5\u00f5tmed: 2200*2570 mm Meie saunas on k\u00f5ik, mida saunas\u00f5ber kunagi vajab. Kokkupandava tarne puhul on katus, p\u00f5rand ja seinad kergesti kokkupandavad elemendid. Tarvikud Traditsiooniline v\u00e4lisaun S Rohkem infot Kui traditsiooniline saun on v\u00e4ga hinnatud, siis Lux Sauna pakub v\u00e4ga l\u00f5\u00f5gastavaid saunu kogu Soomes. Soodne traditsiooniline v\u00e4lisauna S-mudel on kuubikukujuline ja esindab seet\u00f5ttu&nbsp;Loe&hellip;","_links":{"self":[{"href":"https:\/\/luxsauna.fi\/et\/wp-json\/wp\/v2\/product\/3968"}],"collection":[{"href":"https:\/\/luxsauna.fi\/et\/wp-json\/wp\/v2\/product"}],"about":[{"href":"https:\/\/luxsauna.fi\/et\/wp-json\/wp\/v2\/types\/product"}],"replies":[{"embeddable":true,"href":"https:\/\/luxsauna.fi\/et\/wp-json\/wp\/v2\/comments?post=3968"}],"wp:featuredmedia":[{"embeddable":true,"href":"https:\/\/luxsauna.fi\/et\/wp-json\/wp\/v2\/media\/5380"}],"wp:attachment":[{"href":"https:\/\/luxsauna.fi\/et\/wp-json\/wp\/v2\/media?parent=3968"}],"wp:term":[{"taxonomy":"product_cat","embeddable":true,"href":"https:\/\/luxsauna.fi\/et\/wp-json\/wp\/v2\/product_cat?post=3968"},{"taxonomy":"product_tag","embeddable":true,"href":"https:\/\/luxsauna.fi\/et\/wp-json\/wp\/v2\/product_tag?post=3968"},{"taxonomy":"berocket_brand","embeddable":true,"href":"https:\/\/luxsauna.fi\/et\/wp-json\/wp\/v2\/berocket_brand?post=3968"}],"curies":[{"name":"wp","href":"https:\/\/api.w.org\/{rel}","templated":true}]}}