{"id":3963,"date":"2022-12-12T09:38:38","date_gmt":"2022-12-12T07:38:38","guid":{"rendered":"https:\/\/luxsauna.fi\/maaratlemata\/lux-saun-m\/"},"modified":"2023-08-16T13:03:57","modified_gmt":"2023-08-16T10:03:57","slug":"lux-saun-m","status":"publish","type":"product","link":"https:\/\/luxsauna.fi\/et\/saunad\/lux-saun-m\/","title":{"rendered":"Traditsiooniline M aiasaun riietusruumiga"},"content":{"rendered":"\n<div class=\"wp-block-genesis-blocks-gb-columns gb-layout-columns-1 gb-1-col-equal gb-columns-center\"><div class=\"gb-layout-column-wrap gb-block-layout-column-gap-2 gb-is-responsive-column\" style=\"max-width:700px\">\n<div class=\"wp-block-genesis-blocks-gb-column gb-block-layout-column gb-is-vertically-aligned-center\"><div class=\"gb-block-layout-column-inner\">\n<h2 class=\"wp-block-heading\" style=\"font-size:34px;font-style:normal;font-weight:200\">M\u00f5\u00f5tmed<\/h2>\n\n\n\n<p>5.5m2 Saun + 4m2 Rr<\/p>\n\n\n\n<p>M\u00f5\u00f5tmed: 3830*2570 mm<\/p>\n\n\n\n<figure class=\"wp-block-image size-large\"><img decoding=\"async\" width=\"1024\" height=\"789\" src=\"https:\/\/luxsauna.fi\/wp-content\/uploads\/2022\/12\/Lux-sauna-M-mitat-1024x789.jpg\" alt=\"Lux sauna M m&#xF5;&#xF5;tmed\" class=\"wp-image-2258\" srcset=\"https:\/\/luxsauna.fi\/wp-content\/uploads\/2022\/12\/Lux-sauna-M-mitat-1024x789.jpg 1024w, https:\/\/luxsauna.fi\/wp-content\/uploads\/2022\/12\/Lux-sauna-M-mitat-530x409.jpg 530w, https:\/\/luxsauna.fi\/wp-content\/uploads\/2022\/12\/Lux-sauna-M-mitat-720x555.jpg 720w, https:\/\/luxsauna.fi\/wp-content\/uploads\/2022\/12\/Lux-sauna-M-mitat-300x231.jpg 300w, https:\/\/luxsauna.fi\/wp-content\/uploads\/2022\/12\/Lux-sauna-M-mitat-768x592.jpg 768w, https:\/\/luxsauna.fi\/wp-content\/uploads\/2022\/12\/Lux-sauna-M-mitat.jpg 1257w\" sizes=\"(max-width: 1024px) 100vw, 1024px\" \/><\/figure>\n<\/div><\/div>\n<\/div><\/div>\n\n<div class=\"wp-block-genesis-blocks-gb-columns gb-layout-columns-1 gb-1-col-equal gb-columns-center\"><div class=\"gb-layout-column-wrap gb-block-layout-column-gap-2 gb-is-responsive-column\" style=\"max-width:700px\">\n<div class=\"wp-block-genesis-blocks-gb-column gb-block-layout-column gb-is-vertically-aligned-center\"><div class=\"gb-block-layout-column-inner\">\n<h2 class=\"wp-block-heading\" style=\"font-size:34px;font-style:normal;font-weight:200\">Meie saunas on k\u00f5ik, mida saunas\u00f5ber kunagi vajab.<\/h2>\n\n\n\n<ul>\n<li>Puidu- v\u00f5i elektrikeris<\/li>\n\n\n\n<li>T\u00f5rvalepalavatsid<\/li>\n\n\n\n<li>Klaasuksed ja aknad<\/li>\n\n\n\n<li>Korsten ja torum\u00fctsike<\/li>\n\n\n\n<li>Viltkate<\/li>\n\n\n\n<li>Krunditud elemendid<\/li>\n<\/ul>\n\n\n\n<p>Kokkupandava tarne puhul on katus, p\u00f5rand ja seinad kergesti kokkupandavad elemendid.<\/p>\n<\/div><\/div>\n<\/div><\/div>\n\n<div class=\"wp-block-genesis-blocks-gb-columns gb-layout-columns-1 gb-1-col-equal gb-columns-center\"><div class=\"gb-layout-column-wrap gb-block-layout-column-gap-2 gb-is-responsive-column\" style=\"max-width:700px\">\n<div class=\"wp-block-genesis-blocks-gb-column gb-block-layout-column gb-is-vertically-aligned-center\"><div class=\"gb-block-layout-column-inner\">\n<h2 class=\"wp-block-heading\" style=\"font-size:34px;font-style:normal;font-weight:200\">Tarvikud<\/h2>\n\n\n\n<ul>\n<li>Kerise veepaak<\/li>\n\n\n\n<li>Seljatugi<\/li>\n\n\n\n<li>Led tuled<\/li>\n\n\n\n<li>Lukk uksel<\/li>\n\n\n\n<li>V\u00e4lisv\u00e4rvimine<\/li>\n\n\n\n<li>Alust\u00f6\u00f6<\/li>\n\n\n\n<li>V\u00f5tmed k\u00e4tte paigaldus<\/li>\n\n\n\n<li>Usaldusv\u00e4\u00e4rne tarne, ka saarele<\/li>\n<\/ul>\n<\/div><\/div>\n<\/div><\/div>\n\n<div class=\"wp-block-genesis-blocks-gb-columns gb-layout-columns-1 gb-1-col-equal gb-columns-center\"><div class=\"gb-layout-column-wrap gb-block-layout-column-gap-2 gb-is-responsive-column\" style=\"max-width:700px\">\n<div class=\"wp-block-genesis-blocks-gb-column gb-block-layout-column gb-is-vertically-aligned-center\"><div class=\"gb-block-layout-column-inner\">\n<h3 class=\"wp-block-heading\" style=\"font-size:34px;font-style:normal;font-weight:200\">Traditsiooniline M aiasaun riietusruumiga Rohkem infot<\/h3>\n\n\n\n<p>Seal kus traditsiooniline saun on v\u00e4ga hinnatud, siis Lux Sauna pakub v\u00e4ga l\u00f5\u00f5gastavaid leile kogu Soomes. <\/p>\n\n\n\n<p>Traditsiooniline M aiasaun riietusruumiga on kuubikukujuline ja esindab seet\u00f5ttu ka uuemat ajastut, mis on kogunud suurt populaarsust erinevates paikades Soomes ja mujal maailmas. Nii et see stiil ei valmista pettumust! See meelitab saunalisi vastupandamatule hetkele, kus saavad kokku leil, suhted ja traditsioonid. Kogege koos meiega oma Lux Sauna hetke.<\/p>\n\n\n\n<p>Traditsiooniline M riietusruumiga on ideaalne v\u00e4lisaun k\u00fclalistele v\u00f5i perele, mis mahutab ideaalselt 5 inimest, et nautida kuuma leili, nautides samal ajal saarestikku, aeda v\u00f5i peaaegu iga soovitud koha maastikku, kuhu saunamudel on paigutatud. Selle saunaruumis on kolm mugavalt kitsast ja piklikku akent, mis v\u00f5imaldavad piisavalt privaatsust, samas kui vaated on n\u00e4ha kahest erinevast suunast. <\/p>\n\n\n\n<p>Lummavat p\u00e4ikeseloojangut, rohelist jaani\u00f6\u00f6d ja talvist lund saab n\u00e4ha traditsioonilise M-v\u00e4lisaunaga, sest vastupidavad lepapingid on ideaalselt paigutatud nii, et n\u00e4ed eest ja k\u00fcljelt.<\/p>\n\n\n\n<p>Traditsioonilises Lux Sauna M riietusruumiga on valmis saun, mis transporditakse sellisena paigaldatud objektile, kuid kui asukoht on transportimiseks ebamugav, on v\u00f5imalik v\u00e4lisauna elementidena transportida. Meil on <a href=\"https:\/\/luxsauna.fi\/et\/saunad\/lux-sauna-panaroma-s\/\">m\u00fc\u00fcgil ka ilma riietusruumita panoraamklassis v\u00e4lisaun<\/a>. Tutvu n\u00fc\u00fcd.<\/p>\n\n\n\n<p>Kui oled unistanud mujal maailmas populaarsust kogunud Soome aiasaunast, siis ei pea enam unistama &#8211; n\u00fc\u00fcd on aeg see teoks teha!<\/p>\n<\/div><\/div>\n<\/div><\/div>\n\n<div class=\"wp-block-genesis-blocks-gb-columns gb-layout-service-2 gb-layout-columns-1 one-column gb-columns-center\" style=\"padding-right:5%;padding-bottom:10%;padding-left:5%\"><div class=\"gb-layout-column-wrap gb-block-layout-column-gap-2 gb-is-responsive-column\" style=\"max-width:1200px\">\n<div class=\"wp-block-genesis-blocks-gb-column gb-block-layout-column\"><div class=\"gb-block-layout-column-inner\">\n<div style=\"margin-bottom:5%\" class=\"wp-block-genesis-blocks-gb-container gb-block-container\"><div class=\"gb-container-inside\"><div class=\"gb-container-content\" style=\"max-width:700px\">\n<h3 class=\"has-text-align-left wp-block-heading\" style=\"font-size:34px;font-style:normal;font-weight:200;text-transform:none\">Korduma kippuvad k\u00fcsimused sauna ostmise kohta<\/h3>\n\n\n\n<div class=\"wp-block-uagb-faq uagb-faq__outer-wrap uagb-block-2f6dd6d5 uagb-faq-icon-row uagb-faq-layout-accordion uagb-faq-expand-first-false uagb-faq-inactive-other-true uagb-faq__wrap uagb-buttons-layout-wrap uagb-faq-equal-height\" data-faqtoggle=\"true\" role=\"tablist\">\n<div class=\"wp-block-uagb-faq-child uagb-faq-child__outer-wrap uagb-faq-item uagb-block-3d6ac847\" role=\"tab\" tabindex=\"0\"><div class=\"uagb-faq-questions-button uagb-faq-questions\"><span class=\"uagb-icon uagb-faq-icon-wrap\"><svg xmlns=\"https:\/\/www.w3.org\/2000\/svg\" viewbox=\"0 0 448 512\"><path d=\"M432 256c0 17.69-14.33 32.01-32 32.01H256v144c0 17.69-14.33 31.99-32 31.99s-32-14.3-32-31.99v-144H48c-17.67 0-32-14.32-32-32.01s14.33-31.99 32-31.99H192v-144c0-17.69 14.33-32.01 32-32.01s32 14.32 32 32.01v144h144C417.7 224 432 238.3 432 256z\"><\/path><\/svg><\/span><span class=\"uagb-icon-active uagb-faq-icon-wrap\"><svg xmlns=\"https:\/\/www.w3.org\/2000\/svg\" viewbox=\"0 0 448 512\"><path d=\"M400 288h-352c-17.69 0-32-14.32-32-32.01s14.31-31.99 32-31.99h352c17.69 0 32 14.3 32 31.99S417.7 288 400 288z\"><\/path><\/svg><\/span><span class=\"uagb-question\">Kas see mudel sobib mulle?<\/span><\/div><p class=\"uagb-faq-content\">Jah, kindlasti on meie M-sauna mudel loodud sobima igale suurele v\u00f5i v\u00e4ikesele koduaiale. See on kompaktne, kuid avar, kus kuni 4-5 inimest saavad nautida kuuma sauna elamust oma kodus, suvilas v\u00f5i j\u00e4rve \u00e4\u00e4res.<\/p><\/div>\n\n\n\n<div class=\"wp-block-uagb-faq-child uagb-faq-child__outer-wrap uagb-faq-item uagb-block-8a956201\" role=\"tab\" tabindex=\"0\"><div class=\"uagb-faq-questions-button uagb-faq-questions\"><span class=\"uagb-icon uagb-faq-icon-wrap\"><svg xmlns=\"https:\/\/www.w3.org\/2000\/svg\" viewbox=\"0 0 448 512\"><path d=\"M432 256c0 17.69-14.33 32.01-32 32.01H256v144c0 17.69-14.33 31.99-32 31.99s-32-14.3-32-31.99v-144H48c-17.67 0-32-14.32-32-32.01s14.33-31.99 32-31.99H192v-144c0-17.69 14.33-32.01 32-32.01s32 14.32 32 32.01v144h144C417.7 224 432 238.3 432 256z\"><\/path><\/svg><\/span><span class=\"uagb-icon-active uagb-faq-icon-wrap\"><svg xmlns=\"https:\/\/www.w3.org\/2000\/svg\" viewbox=\"0 0 448 512\"><path d=\"M400 288h-352c-17.69 0-32-14.32-32-32.01s14.31-31.99 32-31.99h352c17.69 0 32 14.3 32 31.99S417.7 288 400 288z\"><\/path><\/svg><\/span><span class=\"uagb-question\">Kui palju kohaletoimetamine maksab?<\/span><\/div><p class=\"uagb-faq-content\">Vastus: kohaletoimetamise tasu on 4,4\u20135 \u20ac\/km, mille arvutame teie tarneaadressi alusel p\u00e4rast hinnapakkumise k\u00fcsimist.<\/p><\/div>\n\n\n\n<div class=\"wp-block-uagb-faq-child uagb-faq-child__outer-wrap uagb-faq-item uagb-block-ac4d99a8\" role=\"tab\" tabindex=\"0\"><div class=\"uagb-faq-questions-button uagb-faq-questions\"><span class=\"uagb-icon uagb-faq-icon-wrap\"><svg xmlns=\"https:\/\/www.w3.org\/2000\/svg\" viewbox=\"0 0 448 512\"><path d=\"M432 256c0 17.69-14.33 32.01-32 32.01H256v144c0 17.69-14.33 31.99-32 31.99s-32-14.3-32-31.99v-144H48c-17.67 0-32-14.32-32-32.01s14.33-31.99 32-31.99H192v-144c0-17.69 14.33-32.01 32-32.01s32 14.32 32 32.01v144h144C417.7 224 432 238.3 432 256z\"><\/path><\/svg><\/span><span class=\"uagb-icon-active uagb-faq-icon-wrap\"><svg xmlns=\"https:\/\/www.w3.org\/2000\/svg\" viewbox=\"0 0 448 512\"><path d=\"M400 288h-352c-17.69 0-32-14.32-32-32.01s14.31-31.99 32-31.99h352c17.69 0 32 14.3 32 31.99S417.7 288 400 288z\"><\/path><\/svg><\/span><span class=\"uagb-question\">Kuidas tagab Lux Sauna M ohutuse?<\/span><\/div><p class=\"uagb-faq-content\">Vastus: K\u00f5ik meie saunaosakonnad on varustatud kaasaegsete turvaelementidega, sealhulgas korrektsete keriseseadmete paigalduse ja saunakorstna k\u00fcttekaitsega. Lisaks tagavad selle tugev struktuur ja vastupidavad materjalid turvalise ja nauditava saunaelamuse.<\/p><\/div>\n\n\n\n<div class=\"wp-block-uagb-faq-child uagb-faq-child__outer-wrap uagb-faq-item uagb-block-fd0924c1\" role=\"tab\" tabindex=\"0\"><div class=\"uagb-faq-questions-button uagb-faq-questions\"><span class=\"uagb-icon uagb-faq-icon-wrap\"><svg xmlns=\"https:\/\/www.w3.org\/2000\/svg\" viewbox=\"0 0 448 512\"><path d=\"M432 256c0 17.69-14.33 32.01-32 32.01H256v144c0 17.69-14.33 31.99-32 31.99s-32-14.3-32-31.99v-144H48c-17.67 0-32-14.32-32-32.01s14.33-31.99 32-31.99H192v-144c0-17.69 14.33-32.01 32-32.01s32 14.32 32 32.01v144h144C417.7 224 432 238.3 432 256z\"><\/path><\/svg><\/span><span class=\"uagb-icon-active uagb-faq-icon-wrap\"><svg xmlns=\"https:\/\/www.w3.org\/2000\/svg\" viewbox=\"0 0 448 512\"><path d=\"M400 288h-352c-17.69 0-32-14.32-32-32.01s14.31-31.99 32-31.99h352c17.69 0 32 14.3 32 31.99S417.7 288 400 288z\"><\/path><\/svg><\/span><span class=\"uagb-question\">Kas mul on vaja ehitusluba?<\/span><\/div><p class=\"uagb-faq-content\">Vastus: Sauna ehitamiseks, kapitaalremondiks v\u00f5i hoone oluliseks muutmiseks on tavaliselt vaja luba. Selleks, et teha kindlaks, kas luba v\u00f5i avaldus on vajalik, tuleb l\u00e4bi viia eell\u00e4bir\u00e4\u00e4kimised <a href=\"https:\/\/www.lupapiste.fi\/login\/fi\" target=\"_blank\" rel=\"noopener\">Lupapiste veebip\u00f5hise loateenuse<\/a> kaudu.<\/p><\/div>\n\n\n\n<div class=\"wp-block-uagb-faq-child uagb-faq-child__outer-wrap uagb-faq-item uagb-block-00ff6be6\" role=\"tab\" tabindex=\"0\"><div class=\"uagb-faq-questions-button uagb-faq-questions\"><span class=\"uagb-icon uagb-faq-icon-wrap\"><svg xmlns=\"https:\/\/www.w3.org\/2000\/svg\" viewbox=\"0 0 448 512\"><path d=\"M432 256c0 17.69-14.33 32.01-32 32.01H256v144c0 17.69-14.33 31.99-32 31.99s-32-14.3-32-31.99v-144H48c-17.67 0-32-14.32-32-32.01s14.33-31.99 32-31.99H192v-144c0-17.69 14.33-32.01 32-32.01s32 14.32 32 32.01v144h144C417.7 224 432 238.3 432 256z\"><\/path><\/svg><\/span><span class=\"uagb-icon-active uagb-faq-icon-wrap\"><svg xmlns=\"https:\/\/www.w3.org\/2000\/svg\" viewbox=\"0 0 448 512\"><path d=\"M400 288h-352c-17.69 0-32-14.32-32-32.01s14.31-31.99 32-31.99h352c17.69 0 32 14.3 32 31.99S417.7 288 400 288z\"><\/path><\/svg><\/span><span class=\"uagb-question\">Kas traditsiooniline saun pole parem kui v\u00e4lisaun? <\/span><\/div><p class=\"uagb-faq-content\">Vastus: Tegelikult pakub meie Sauna M t\u00e4pselt sama unikaalset ja v\u00e4rskendavat kogemust nagu iga teine traditsiooniline saun. Saad lihtsalt \u00f5ues saunas l\u00f5\u00f5gastuda. Lisaks s\u00e4\u00e4stab selle energias\u00e4\u00e4stlik disain raha ja pakub samu eeliseid tervisele kui traditsiooniline saun.<\/p><\/div>\n\n\n\n<div class=\"wp-block-uagb-faq-child uagb-faq-child__outer-wrap uagb-faq-item uagb-block-1b08df4d\" role=\"tab\" tabindex=\"0\"><div class=\"uagb-faq-questions-button uagb-faq-questions\"><span class=\"uagb-icon uagb-faq-icon-wrap\"><svg xmlns=\"https:\/\/www.w3.org\/2000\/svg\" viewbox=\"0 0 448 512\"><path d=\"M432 256c0 17.69-14.33 32.01-32 32.01H256v144c0 17.69-14.33 31.99-32 31.99s-32-14.3-32-31.99v-144H48c-17.67 0-32-14.32-32-32.01s14.33-31.99 32-31.99H192v-144c0-17.69 14.33-32.01 32-32.01s32 14.32 32 32.01v144h144C417.7 224 432 238.3 432 256z\"><\/path><\/svg><\/span><span class=\"uagb-icon-active uagb-faq-icon-wrap\"><svg xmlns=\"https:\/\/www.w3.org\/2000\/svg\" viewbox=\"0 0 448 512\"><path d=\"M400 288h-352c-17.69 0-32-14.32-32-32.01s14.31-31.99 32-31.99h352c17.69 0 32 14.3 32 31.99S417.7 288 400 288z\"><\/path><\/svg><\/span><span class=\"uagb-question\">Kuidas on Sauna M v\u00f5rreldes teiste turul olevate v\u00e4lisaunadega?<\/span><\/div><p class=\"uagb-faq-content\">Vastus: Meie v\u00e4lisaunad on t\u00f5eliselt unikaalsed ja tipptasemel materjalid ning ehitus.<br>Lisaks eristab meid konkurentidest meie p\u00fchendumus klientide rahulolule ja k\u00f5rgele kvaliteedile.<\/p><\/div>\n\n\n\n<div class=\"wp-block-uagb-faq-child uagb-faq-child__outer-wrap uagb-faq-item uagb-block-7e1ac44f\" role=\"tab\" tabindex=\"0\"><div class=\"uagb-faq-questions-button uagb-faq-questions\"><span class=\"uagb-icon uagb-faq-icon-wrap\"><svg xmlns=\"https:\/\/www.w3.org\/2000\/svg\" viewbox=\"0 0 448 512\"><path d=\"M432 256c0 17.69-14.33 32.01-32 32.01H256v144c0 17.69-14.33 31.99-32 31.99s-32-14.3-32-31.99v-144H48c-17.67 0-32-14.32-32-32.01s14.33-31.99 32-31.99H192v-144c0-17.69 14.33-32.01 32-32.01s32 14.32 32 32.01v144h144C417.7 224 432 238.3 432 256z\"><\/path><\/svg><\/span><span class=\"uagb-icon-active uagb-faq-icon-wrap\"><svg xmlns=\"https:\/\/www.w3.org\/2000\/svg\" viewbox=\"0 0 448 512\"><path d=\"M400 288h-352c-17.69 0-32-14.32-32-32.01s14.31-31.99 32-31.99h352c17.69 0 32 14.3 32 31.99S417.7 288 400 288z\"><\/path><\/svg><\/span><span class=\"uagb-question\">Mille poolest erineb Luxsauna.fi teistest saunapakkujatest?<\/span><\/div><p class=\"uagb-faq-content\">Vastus: Lux Saunas seame esikohale kliendikogemuse ja rahulolu. Meie p\u00fchendumus kvaliteetsetele materjalidele ja ehitusele tagab kauakestva ja nauditava saunaelamuse aastateks.<\/p><\/div>\n\n\n\n<div class=\"wp-block-uagb-faq-child uagb-faq-child__outer-wrap uagb-faq-item uagb-block-20bf9b20\" role=\"tab\" tabindex=\"0\"><div class=\"uagb-faq-questions-button uagb-faq-questions\"><span class=\"uagb-icon uagb-faq-icon-wrap\"><svg xmlns=\"https:\/\/www.w3.org\/2000\/svg\" viewbox=\"0 0 448 512\"><path d=\"M432 256c0 17.69-14.33 32.01-32 32.01H256v144c0 17.69-14.33 31.99-32 31.99s-32-14.3-32-31.99v-144H48c-17.67 0-32-14.32-32-32.01s14.33-31.99 32-31.99H192v-144c0-17.69 14.33-32.01 32-32.01s32 14.32 32 32.01v144h144C417.7 224 432 238.3 432 256z\"><\/path><\/svg><\/span><span class=\"uagb-icon-active uagb-faq-icon-wrap\"><svg xmlns=\"https:\/\/www.w3.org\/2000\/svg\" viewbox=\"0 0 448 512\"><path d=\"M400 288h-352c-17.69 0-32-14.32-32-32.01s14.31-31.99 32-31.99h352c17.69 0 32 14.3 32 31.99S417.7 288 400 288z\"><\/path><\/svg><\/span><span class=\"uagb-question\">Kui kaua v\u00f5tab aega Sauna M paigaldamine? <\/span><\/div><p class=\"uagb-faq-content\">Vastus: V\u00f5tmed k\u00e4tte p\u00f5him\u00f5ttel on meie montaa\u017eiprotsess nii l\u00fchike kui paar tundi. Kui valid selle elementideks ja valmistad selle ise ette, on sellega kaasas h\u00f5lpsasti j\u00e4rgitavad juhised lihtsaks montaa\u017eiprotsessiks (aeg s\u00f5ltub endast).<\/p><\/div>\n\n\n\n<div class=\"wp-block-uagb-faq-child uagb-faq-child__outer-wrap uagb-faq-item uagb-block-87930c01\" role=\"tab\" tabindex=\"0\"><div class=\"uagb-faq-questions-button uagb-faq-questions\"><span class=\"uagb-icon uagb-faq-icon-wrap\"><svg xmlns=\"https:\/\/www.w3.org\/2000\/svg\" viewbox=\"0 0 448 512\"><path d=\"M432 256c0 17.69-14.33 32.01-32 32.01H256v144c0 17.69-14.33 31.99-32 31.99s-32-14.3-32-31.99v-144H48c-17.67 0-32-14.32-32-32.01s14.33-31.99 32-31.99H192v-144c0-17.69 14.33-32.01 32-32.01s32 14.32 32 32.01v144h144C417.7 224 432 238.3 432 256z\"><\/path><\/svg><\/span><span class=\"uagb-icon-active uagb-faq-icon-wrap\"><svg xmlns=\"https:\/\/www.w3.org\/2000\/svg\" viewbox=\"0 0 448 512\"><path d=\"M400 288h-352c-17.69 0-32-14.32-32-32.01s14.31-31.99 32-31.99h352c17.69 0 32 14.3 32 31.99S417.7 288 400 288z\"><\/path><\/svg><\/span><span class=\"uagb-question\">Mida Sauna M pakkumine sisaldab?<\/span><\/div><p class=\"uagb-faq-content\">Vastus: Meie v\u00e4lisauna M pakett sisaldab k\u00f5ike alustamiseks vajalikku, sealhulgas sauna, tarvikuid ja juhiseid. Lisaks saate meie lisatarvikutega m\u00e4\u00e4ratleda sauna t\u00e4pselt nii, nagu soovite.<\/p><\/div>\n\n\n\n<div class=\"wp-block-uagb-faq-child uagb-faq-child__outer-wrap uagb-faq-item uagb-block-8c829a2b\" role=\"tab\" tabindex=\"0\"><div class=\"uagb-faq-questions-button uagb-faq-questions\"><span class=\"uagb-icon uagb-faq-icon-wrap\"><svg xmlns=\"https:\/\/www.w3.org\/2000\/svg\" viewbox=\"0 0 448 512\"><path d=\"M432 256c0 17.69-14.33 32.01-32 32.01H256v144c0 17.69-14.33 31.99-32 31.99s-32-14.3-32-31.99v-144H48c-17.67 0-32-14.32-32-32.01s14.33-31.99 32-31.99H192v-144c0-17.69 14.33-32.01 32-32.01s32 14.32 32 32.01v144h144C417.7 224 432 238.3 432 256z\"><\/path><\/svg><\/span><span class=\"uagb-icon-active uagb-faq-icon-wrap\"><svg xmlns=\"https:\/\/www.w3.org\/2000\/svg\" viewbox=\"0 0 448 512\"><path d=\"M400 288h-352c-17.69 0-32-14.32-32-32.01s14.31-31.99 32-31.99h352c17.69 0 32 14.3 32 31.99S417.7 288 400 288z\"><\/path><\/svg><\/span><span class=\"uagb-question\">Milline on teie tagastuspoliitika?<\/span><\/div><p class=\"uagb-faq-content\">Meie hinnakujundus toimib j\u00e4rgmiselt.<br>V\u00f5ite maksta 100% ja saada kogu raha tagasi enne, kui saunaosakonna ettevalmistus on alanud, miinus Stripe&#8217;i ja meie panga t\u00f6\u00f6tlemistasud. Kui oleme tootmisega alustanud, ei saa te raha tagasi, sest kuigi me seisame oma toodete kvaliteedi taga, peame maksma puidu ja t\u00f6\u00f6tajate eest.<br><br>Sama kehtib ka siis, kui otsustate maksta osamaksetena 35% ja 65%. N\u00e4iteks v\u00f5ite maksta 35%, mis on t\u00e4ielikult tagastatav, kuni tootmine on alanud, miinus Stripe- ja pangakonto t\u00f6\u00f6tlemistasud. P\u00e4rast tootmise alustamist seda enam ei tagastata. \u00dclej\u00e4\u00e4nud 65% + saatmiskulud on samuti tagastamatud ja need tuleb tasuda p\u00e4rast saunaosade valmimist, enne kui saadame selle teie aadressile.<\/p><\/div>\n<\/div>\n<\/div><\/div><\/div>\n<\/div><\/div>\n<\/div><\/div>\n","protected":false},"excerpt":{"rendered":"<p>Aiasaun riietusruumiga pakub t\u00e4iuslikku kombinatsiooni elegantsist ja praktilisusest. Kvaliteetne Soome disain ja avar riietusruum loovad ideaalse milj\u00f6\u00f6 saunaelamuseks. Soeta oma v\u00e4lisaun koos riietusruumiga ja kutsu s\u00f5brad l\u00f5\u00f5gastavaid hetki nautima. Hind ei sisalda lisavarustust. T\u00e4ishinna saamiseks vali lihtsalt tarvikud, vajuta &#8220;K\u00fcsi hinnapakkumist&#8221;, t\u00e4itke oma andmed ja saate kiiresti hinnapakkumise.<\/p>\n","protected":false},"featured_media":5401,"comment_status":"open","ping_status":"closed","template":"","meta":{"_uag_custom_page_level_css":"","_genesis_hide_title":false,"_genesis_hide_breadcrumbs":false,"_genesis_hide_singular_image":false,"_genesis_hide_footer_widgets":false,"_genesis_custom_body_class":"","_genesis_custom_post_class":"","_genesis_layout":""},"product_cat":[135,130],"product_tag":[],"berocket_brand":[],"uagb_featured_image_src":{"full":["https:\/\/luxsauna.fi\/wp-content\/uploads\/2022\/12\/Pihasauna-pukuhuoneella-eli-tuvalla.jpg",1901,1202,false],"thumbnail":["https:\/\/luxsauna.fi\/wp-content\/uploads\/2022\/12\/Pihasauna-pukuhuoneella-eli-tuvalla-150x150.jpg",150,150,true],"medium":["https:\/\/luxsauna.fi\/wp-content\/uploads\/2022\/12\/Pihasauna-pukuhuoneella-eli-tuvalla-300x190.jpg",300,190,true],"medium_large":["https:\/\/luxsauna.fi\/wp-content\/uploads\/2022\/12\/Pihasauna-pukuhuoneella-eli-tuvalla-768x486.jpg",768,486,true],"large":["https:\/\/luxsauna.fi\/wp-content\/uploads\/2022\/12\/Pihasauna-pukuhuoneella-eli-tuvalla-1024x647.jpg",1024,647,true],"1536x1536":["https:\/\/luxsauna.fi\/wp-content\/uploads\/2022\/12\/Pihasauna-pukuhuoneella-eli-tuvalla-1536x971.jpg",1536,971,true],"2048x2048":["https:\/\/luxsauna.fi\/wp-content\/uploads\/2022\/12\/Pihasauna-pukuhuoneella-eli-tuvalla.jpg",1901,1202,false],"featured-blog":["https:\/\/luxsauna.fi\/wp-content\/uploads\/2022\/12\/Pihasauna-pukuhuoneella-eli-tuvalla-600x338.jpg",600,338,true],"sidebar-thumbnail":["https:\/\/luxsauna.fi\/wp-content\/uploads\/2022\/12\/Pihasauna-pukuhuoneella-eli-tuvalla-80x80.jpg",80,80,true],"gb-block-post-grid-landscape":["https:\/\/luxsauna.fi\/wp-content\/uploads\/2022\/12\/Pihasauna-pukuhuoneella-eli-tuvalla-600x400.jpg",600,400,true],"gb-block-post-grid-square":["https:\/\/luxsauna.fi\/wp-content\/uploads\/2022\/12\/Pihasauna-pukuhuoneella-eli-tuvalla-600x600.jpg",600,600,true],"cfw_cart_thumb":["https:\/\/luxsauna.fi\/wp-content\/uploads\/2022\/12\/Pihasauna-pukuhuoneella-eli-tuvalla.jpg",60,38,false],"woocommerce_thumbnail":["https:\/\/luxsauna.fi\/wp-content\/uploads\/2022\/12\/Pihasauna-pukuhuoneella-eli-tuvalla-530x335.jpg",530,335,true],"woocommerce_single":["https:\/\/luxsauna.fi\/wp-content\/uploads\/2022\/12\/Pihasauna-pukuhuoneella-eli-tuvalla-720x455.jpg",720,455,true],"woocommerce_gallery_thumbnail":["https:\/\/luxsauna.fi\/wp-content\/uploads\/2022\/12\/Pihasauna-pukuhuoneella-eli-tuvalla-180x180.jpg",180,180,true]},"uagb_author_info":{"display_name":"Raido","author_link":"https:\/\/luxsauna.fi\/et\/author\/"},"uagb_comment_info":0,"uagb_excerpt":"Aiasaun riietusruumiga pakub t\u00e4iuslikku kombinatsiooni elegantsist ja praktilisusest. Kvaliteetne Soome disain ja avar riietusruum loovad ideaalse milj\u00f6\u00f6 saunaelamuseks. Soeta oma v\u00e4lisaun koos riietusruumiga ja kutsu s\u00f5brad l\u00f5\u00f5gastavaid hetki nautima. Hind ei sisalda lisavarustust. T\u00e4ishinna saamiseks vali lihtsalt tarvikud, vajuta \"K\u00fcsi hinnapakkumist\", t\u00e4itke oma andmed ja saate kiiresti hinnapakkumise.","_links":{"self":[{"href":"https:\/\/luxsauna.fi\/et\/wp-json\/wp\/v2\/product\/3963"}],"collection":[{"href":"https:\/\/luxsauna.fi\/et\/wp-json\/wp\/v2\/product"}],"about":[{"href":"https:\/\/luxsauna.fi\/et\/wp-json\/wp\/v2\/types\/product"}],"replies":[{"embeddable":true,"href":"https:\/\/luxsauna.fi\/et\/wp-json\/wp\/v2\/comments?post=3963"}],"wp:featuredmedia":[{"embeddable":true,"href":"https:\/\/luxsauna.fi\/et\/wp-json\/wp\/v2\/media\/5401"}],"wp:attachment":[{"href":"https:\/\/luxsauna.fi\/et\/wp-json\/wp\/v2\/media?parent=3963"}],"wp:term":[{"taxonomy":"product_cat","embeddable":true,"href":"https:\/\/luxsauna.fi\/et\/wp-json\/wp\/v2\/product_cat?post=3963"},{"taxonomy":"product_tag","embeddable":true,"href":"https:\/\/luxsauna.fi\/et\/wp-json\/wp\/v2\/product_tag?post=3963"},{"taxonomy":"berocket_brand","embeddable":true,"href":"https:\/\/luxsauna.fi\/et\/wp-json\/wp\/v2\/berocket_brand?post=3963"}],"curies":[{"name":"wp","href":"https:\/\/api.w.org\/{rel}","templated":true}]}}