{"id":3958,"date":"2022-12-12T09:42:33","date_gmt":"2022-12-12T07:42:33","guid":{"rendered":"https:\/\/luxsauna.fi\/maaratlemata\/lux-sauna-m-patio\/"},"modified":"2023-08-18T09:28:51","modified_gmt":"2023-08-18T06:28:51","slug":"lux-sauna-m-patio","status":"publish","type":"product","link":"https:\/\/luxsauna.fi\/et\/saunad\/lux-sauna-m-patio\/","title":{"rendered":"Traditsiooniline M v\u00e4lisaun terassiga"},"content":{"rendered":"\n<h2 class=\"wp-block-heading\" style=\"font-style:normal;font-weight:200\">M\u00f5\u00f5tmed<\/h2>\n\n<p>6m2 saun + 6m2 terrass<\/p>\n\n<p>M\u00f5\u00f5tmed: 4200*2570 mm<\/p>\n\n<figure class=\"wp-block-image size-large\"><img decoding=\"async\" width=\"1024\" height=\"662\" src=\"https:\/\/luxsauna.fi\/wp-content\/uploads\/2022\/12\/Lux-Sauna-M-patio-mitat-1024x662.jpg\" alt=\"Lux Sauna M terrassi m&#xF5;&#xF5;tmed\" class=\"wp-image-2259\" srcset=\"https:\/\/luxsauna.fi\/wp-content\/uploads\/2022\/12\/Lux-Sauna-M-patio-mitat-1024x662.jpg 1024w, https:\/\/luxsauna.fi\/wp-content\/uploads\/2022\/12\/Lux-Sauna-M-patio-mitat-530x343.jpg 530w, https:\/\/luxsauna.fi\/wp-content\/uploads\/2022\/12\/Lux-Sauna-M-patio-mitat-720x466.jpg 720w, https:\/\/luxsauna.fi\/wp-content\/uploads\/2022\/12\/Lux-Sauna-M-patio-mitat-300x194.jpg 300w, https:\/\/luxsauna.fi\/wp-content\/uploads\/2022\/12\/Lux-Sauna-M-patio-mitat-768x497.jpg 768w, https:\/\/luxsauna.fi\/wp-content\/uploads\/2022\/12\/Lux-Sauna-M-patio-mitat.jpg 1365w\" sizes=\"(max-width: 1024px) 100vw, 1024px\" \/><\/figure>\n\n<div class=\"wp-block-genesis-blocks-gb-columns gb-layout-columns-1 gb-1-col-equal gb-columns-center\"><div class=\"gb-layout-column-wrap gb-block-layout-column-gap-2 gb-is-responsive-column\" style=\"max-width:700px\">\n<div class=\"wp-block-genesis-blocks-gb-column gb-block-layout-column gb-is-vertically-aligned-center\"><div class=\"gb-block-layout-column-inner\">\n<h2 class=\"wp-block-heading\" style=\"font-size:34px;font-style:normal;font-weight:200\">Meie saunas on k\u00f5ik, mida saunas\u00f5ber kunagi vajab.<\/h2>\n\n\n\n<ul>\n<li>Puidu- v\u00f5i elektrikeris<\/li>\n\n\n\n<li>T\u00f5rvalepalavatsid<\/li>\n\n\n\n<li>Klaasuksed ja aknad<\/li>\n\n\n\n<li>Korsten ja torum\u00fctsike<\/li>\n\n\n\n<li>Viltkate<\/li>\n\n\n\n<li>Krunditud elemendid<\/li>\n<\/ul>\n\n\n\n<p>Kokkupandava tarne puhul on katus, p\u00f5rand ja seinad kergesti kokkupandavad elemendid.<\/p>\n<\/div><\/div>\n<\/div><\/div>\n\n<div class=\"wp-block-genesis-blocks-gb-columns gb-layout-columns-1 gb-1-col-equal gb-columns-center\"><div class=\"gb-layout-column-wrap gb-block-layout-column-gap-2 gb-is-responsive-column\" style=\"max-width:700px\">\n<div class=\"wp-block-genesis-blocks-gb-column gb-block-layout-column gb-is-vertically-aligned-center\"><div class=\"gb-block-layout-column-inner\">\n<h2 class=\"wp-block-heading\" style=\"font-size:34px;font-style:normal;font-weight:200\">Tarvikud<\/h2>\n\n\n\n<ul>\n<li>Kerise veepaak<\/li>\n\n\n\n<li>Seljatugi<\/li>\n\n\n\n<li>Led tuled<\/li>\n\n\n\n<li>Lukk uksel<\/li>\n\n\n\n<li>V\u00e4lisv\u00e4rvimine<\/li>\n\n\n\n<li>Alust\u00f6\u00f6<\/li>\n\n\n\n<li>V\u00f5tmed k\u00e4tte paigaldus<\/li>\n\n\n\n<li>Usaldusv\u00e4\u00e4rne tarne, ka saarele<\/li>\n<\/ul>\n<\/div><\/div>\n<\/div><\/div>\n\n<h3 class=\"wp-block-heading\" style=\"font-size:34px;font-style:normal;font-weight:200\">Rohkem infot &#8211; V\u00e4lisaun terassiga<\/h3>\n\n<p>Kui traditsiooniline saun on v\u00e4ga hinnatud, siis Lux Sauna pakub v\u00e4ga l\u00f5\u00f5gastavaid saunu kogu Soomes. Traditsiooniline M v\u00e4lisaun terassiga on varustatud sise\u00f5uega, kuubikukujuline ja esindab seet\u00f5ttu ka uuemat ajastut, mis on kogunud suurt populaarsust nii Soome erinevates paikades kui ka mujal maailmas. Nii et see stiil ei valmista pettumust! See meelitab saunalisi vastupandamatule hetkele, kus saavad kokku leil, suhted ja traditsioonid. Vaata ka <a href=\"https:\/\/luxsauna.fi\/et\/saunad\/lux-sauna-panaroma-m\/\">Traditsioonilist Panorama M Must V\u00e4lisauna<\/a> ja koge oma Lux Sauna hetke koos meiega.<\/p>\n\n<p>Traditsiooniline M terrassiga on ideaalne <a href=\"https:\/\/luxsauna.fi\/et\/tootekategooria\/saunad\/\">v\u00e4lisaun<\/a> k\u00fclalistele v\u00f5i perele, mis sobib suurep\u00e4raselt 5 inimesele korraga kuuma vanni nautima, nautides saarestiku maastikku, aeda v\u00f5i mida iganes soovite, kus on saunamudel asetatud. Selle saunaruumis on kolm mugavalt kitsast ja piklikku akent, mis v\u00f5imaldavad piisavalt privaatsust, samas kui vaated on n\u00e4ha kahest erinevast suunast. Lisaks sellele v\u00f5imaldab avar terrass l\u00f5\u00f5gastavat saunakogemust v\u00e4ljaspool saunaruumi.<\/p>\n\n<p>Lummavaid p\u00e4ikeseloojanguid, rohelisi jaanip\u00e4eva\u00f5htuid ja talvist lund on v\u00f5imalik n\u00e4ha traditsioonilisest M Patio v\u00e4lissaunast, sest vastupidavad t\u00f5rvaplaatidest rulood on ideaalselt paigutatud nii, et need v\u00f5imaldavad vaateid nii eest kui ka k\u00fcljelt.<\/p>\n\n<p>Traditsiooniline Lux Sauna M Patio on kokkupandav saun, mis transporditakse kohale sellisena nagu ta on, kuid kui asukoht on raskesti transporditav, on v\u00f5imalik terrassisauna transportida ka kokkupandava saunana. Selle saunaruum on sama suur kui traditsioonilistel S- ja M-mudelitel.<\/p>\n\n<p>Kui oled unistanud mujal maailmas populaarsust kogunud Soome aiasaunast, siis ei pea enam unistama &#8211; n\u00fc\u00fcd on aeg see teoks teha!<\/p>\n","protected":false},"excerpt":{"rendered":"<p>V\u00e4lisaun terassiga &#8211; Saunaelamused oma tagahoovis, j\u00e4rves v\u00f5i suvilas.<\/p>\n<p>Hind ei sisalda lisavarustust. T\u00e4ishinna saamiseks vali lihtsalt tarvikud, vajuta &#8220;K\u00fcsi hinnapakkumist&#8221;, t\u00e4itke oma andmed ja saate kiiresti hinnapakkumise.<\/p>\n","protected":false},"featured_media":5419,"comment_status":"open","ping_status":"closed","template":"","meta":{"_uag_custom_page_level_css":"","_genesis_hide_title":false,"_genesis_hide_breadcrumbs":false,"_genesis_hide_singular_image":false,"_genesis_hide_footer_widgets":false,"_genesis_custom_body_class":"","_genesis_custom_post_class":"","_genesis_layout":""},"product_cat":[135,130],"product_tag":[],"berocket_brand":[],"uagb_featured_image_src":{"full":["https:\/\/luxsauna.fi\/wp-content\/uploads\/2022\/12\/Pihasauna-terassilla-perinteinen-M-malli.jpg",1600,1114,false],"thumbnail":["https:\/\/luxsauna.fi\/wp-content\/uploads\/2022\/12\/Pihasauna-terassilla-perinteinen-M-malli-150x150.jpg",150,150,true],"medium":["https:\/\/luxsauna.fi\/wp-content\/uploads\/2022\/12\/Pihasauna-terassilla-perinteinen-M-malli-300x209.jpg",300,209,true],"medium_large":["https:\/\/luxsauna.fi\/wp-content\/uploads\/2022\/12\/Pihasauna-terassilla-perinteinen-M-malli-768x535.jpg",768,535,true],"large":["https:\/\/luxsauna.fi\/wp-content\/uploads\/2022\/12\/Pihasauna-terassilla-perinteinen-M-malli-1024x713.jpg",1024,713,true],"1536x1536":["https:\/\/luxsauna.fi\/wp-content\/uploads\/2022\/12\/Pihasauna-terassilla-perinteinen-M-malli-1536x1069.jpg",1536,1069,true],"2048x2048":["https:\/\/luxsauna.fi\/wp-content\/uploads\/2022\/12\/Pihasauna-terassilla-perinteinen-M-malli.jpg",1600,1114,false],"featured-blog":["https:\/\/luxsauna.fi\/wp-content\/uploads\/2022\/12\/Pihasauna-terassilla-perinteinen-M-malli-600x338.jpg",600,338,true],"sidebar-thumbnail":["https:\/\/luxsauna.fi\/wp-content\/uploads\/2022\/12\/Pihasauna-terassilla-perinteinen-M-malli-80x80.jpg",80,80,true],"gb-block-post-grid-landscape":["https:\/\/luxsauna.fi\/wp-content\/uploads\/2022\/12\/Pihasauna-terassilla-perinteinen-M-malli-600x400.jpg",600,400,true],"gb-block-post-grid-square":["https:\/\/luxsauna.fi\/wp-content\/uploads\/2022\/12\/Pihasauna-terassilla-perinteinen-M-malli-600x600.jpg",600,600,true],"cfw_cart_thumb":["https:\/\/luxsauna.fi\/wp-content\/uploads\/2022\/12\/Pihasauna-terassilla-perinteinen-M-malli.jpg",60,42,false],"woocommerce_thumbnail":["https:\/\/luxsauna.fi\/wp-content\/uploads\/2022\/12\/Pihasauna-terassilla-perinteinen-M-malli-530x369.jpg",530,369,true],"woocommerce_single":["https:\/\/luxsauna.fi\/wp-content\/uploads\/2022\/12\/Pihasauna-terassilla-perinteinen-M-malli-720x501.jpg",720,501,true],"woocommerce_gallery_thumbnail":["https:\/\/luxsauna.fi\/wp-content\/uploads\/2022\/12\/Pihasauna-terassilla-perinteinen-M-malli-180x180.jpg",180,180,true]},"uagb_author_info":{"display_name":"Raido","author_link":"https:\/\/luxsauna.fi\/et\/author\/"},"uagb_comment_info":0,"uagb_excerpt":"V\u00e4lisaun terassiga - Saunaelamused oma tagahoovis, j\u00e4rves v\u00f5i suvilas. Hind ei sisalda lisavarustust. T\u00e4ishinna saamiseks vali lihtsalt tarvikud, vajuta \"K\u00fcsi hinnapakkumist\", t\u00e4itke oma andmed ja saate kiiresti hinnapakkumise.","_links":{"self":[{"href":"https:\/\/luxsauna.fi\/et\/wp-json\/wp\/v2\/product\/3958"}],"collection":[{"href":"https:\/\/luxsauna.fi\/et\/wp-json\/wp\/v2\/product"}],"about":[{"href":"https:\/\/luxsauna.fi\/et\/wp-json\/wp\/v2\/types\/product"}],"replies":[{"embeddable":true,"href":"https:\/\/luxsauna.fi\/et\/wp-json\/wp\/v2\/comments?post=3958"}],"wp:featuredmedia":[{"embeddable":true,"href":"https:\/\/luxsauna.fi\/et\/wp-json\/wp\/v2\/media\/5419"}],"wp:attachment":[{"href":"https:\/\/luxsauna.fi\/et\/wp-json\/wp\/v2\/media?parent=3958"}],"wp:term":[{"taxonomy":"product_cat","embeddable":true,"href":"https:\/\/luxsauna.fi\/et\/wp-json\/wp\/v2\/product_cat?post=3958"},{"taxonomy":"product_tag","embeddable":true,"href":"https:\/\/luxsauna.fi\/et\/wp-json\/wp\/v2\/product_tag?post=3958"},{"taxonomy":"berocket_brand","embeddable":true,"href":"https:\/\/luxsauna.fi\/et\/wp-json\/wp\/v2\/berocket_brand?post=3958"}],"curies":[{"name":"wp","href":"https:\/\/api.w.org\/{rel}","templated":true}]}}