{"id":3953,"date":"2022-12-12T09:44:31","date_gmt":"2022-12-12T07:44:31","guid":{"rendered":"https:\/\/luxsauna.fi\/maaratlemata\/lux-sauna-panaroma-s\/"},"modified":"2023-08-17T12:48:34","modified_gmt":"2023-08-17T09:48:34","slug":"lux-sauna-panaroma-s","status":"publish","type":"product","link":"https:\/\/luxsauna.fi\/et\/saunad\/lux-sauna-panaroma-s\/","title":{"rendered":"Traditsiooniline S Panorama V\u00e4lisaun"},"content":{"rendered":"\n<h2 class=\"wp-block-heading\" style=\"font-size:34px;font-style:normal;font-weight:200\">M\u00f5\u00f5tmed<\/h2>\n\n<p>5.5m2 saun<\/p>\n\n<p>M\u00f5\u00f5tmed: 2200*2570 mm<\/p>\n\n<figure class=\"wp-block-image size-large\"><img decoding=\"async\" width=\"1024\" height=\"970\" src=\"https:\/\/luxsauna.fi\/wp-content\/uploads\/2022\/12\/Lux-Sauna-Panaroma-S-1-1024x970.jpg\" alt=\"Lux Sauna Panaroma S m&#xF5;&#xF5;tmed\" class=\"wp-image-4823\" srcset=\"https:\/\/luxsauna.fi\/wp-content\/uploads\/2022\/12\/Lux-Sauna-Panaroma-S-1-1024x970.jpg 1024w, https:\/\/luxsauna.fi\/wp-content\/uploads\/2022\/12\/Lux-Sauna-Panaroma-S-1-530x502.jpg 530w, https:\/\/luxsauna.fi\/wp-content\/uploads\/2022\/12\/Lux-Sauna-Panaroma-S-1-720x682.jpg 720w, https:\/\/luxsauna.fi\/wp-content\/uploads\/2022\/12\/Lux-Sauna-Panaroma-S-1-300x284.jpg 300w, https:\/\/luxsauna.fi\/wp-content\/uploads\/2022\/12\/Lux-Sauna-Panaroma-S-1-768x728.jpg 768w, https:\/\/luxsauna.fi\/wp-content\/uploads\/2022\/12\/Lux-Sauna-Panaroma-S-1.jpg 1127w\" sizes=\"(max-width: 1024px) 100vw, 1024px\" \/><\/figure>\n\n<h2 class=\"wp-block-heading\" style=\"font-size:34px;font-style:normal;font-weight:200\">Meie saunas on k\u00f5ik, mida saunas\u00f5ber kunagi vajab.<\/h2>\n\n<ul>\n<li>Puidu- v\u00f5i elektrikeris<\/li>\n\n\n\n<li>T\u00f5rvalepalavatsid<\/li>\n\n\n\n<li>Klaasuksed ja aknad<\/li>\n\n\n\n<li>Korsten ja torum\u00fctsike<\/li>\n\n\n\n<li>Viltkate<\/li>\n\n\n\n<li>Krunditud elemendid<\/li>\n<\/ul>\n\n<p>Kokkupandava tarne puhul on katus, p\u00f5rand ja seinad kergesti kokkupandavad elemendid.<\/p>\n\n<h2 class=\"wp-block-heading\" style=\"font-size:34px;font-style:normal;font-weight:200\">Tarvikud<\/h2>\n\n<ul>\n<li>Kerise veepaak<\/li>\n\n\n\n<li>Seljatugi<\/li>\n\n\n\n<li>Led tuled<\/li>\n\n\n\n<li>Lukk uksel<\/li>\n\n\n\n<li>V\u00e4lisv\u00e4rvimine<\/li>\n\n\n\n<li>Alust\u00f6\u00f6<\/li>\n\n\n\n<li>V\u00f5tmed k\u00e4tte paigaldus<\/li>\n\n\n\n<li>Usaldusv\u00e4\u00e4rne tarne, ka saarele<\/li>\n<\/ul>\n\n<h3 class=\"wp-block-heading\" style=\"font-size:34px;font-style:normal;font-weight:200\">M\u00fc\u00fca v\u00e4lisaun: Traditsiooniline M T\u00e4psem info<\/h3>\n\n<p>Kui traditsiooniline saun on v\u00e4ga hinnatud, siis Lux Sauna pakub v\u00e4ga l\u00f5\u00f5gastavaid saunu kogu Soomes. Traditsiooniline Panorama S mudel on kuubikujuline ja esindab seega ka uuemat ajastut, mis on saavutanud suure populaarsuse erinevates kohtades Soomes ja kogu maailmas. Nii et see stiil ei valmista pettumust! See meelitab saunalisi vastupandamatule hetkele, kus saavad kokku leil, suhted ja traditsioonid. Kogege koos meiega oma Lux Sauna hetke.<\/p>\n\n<p>Soodne v\u00e4lisaun Panorama S on ideaalne v\u00e4lisaun k\u00fclalistele v\u00f5i perele, mis sobib suurep\u00e4raselt 5 inimesele korraga kuuma leili nautima, nautides samal ajal saarestiku maastikku, aeda v\u00f5i \u00fcksk\u00f5ik millises soovitud kohas, kus saunamudel asetatakse. Selle saunaruumist avaneb lummav vaade l\u00e4bi p\u00f5randast laeni ulatuva akna, kust avaneb vaade kaunile maastikule. Suur aken esindab elegantset disaini nii v\u00e4ljast kui ka seest, mis veenab iga sauna entusiasti ikka ja j\u00e4lle. Meil on ka <a href=\"\/?p=3957\">Traditsiooniline M V\u00e4lisaun terassiga<\/a>, kus nautimist j\u00e4tkub ka p\u00e4rast leili.<\/p>\n\n<p>Lummavaid p\u00e4ikeseloojanguid, rohelisi jaanip\u00e4eva\u00f5htuid ja talvist lund saab n\u00e4ha traditsioonilisest Panorama S v\u00e4lisaunast, sest vastupidavad t\u00f5rvatud aknaluugid on ideaalselt paigutatud nii, et avanevad vaated nii eest kui ka k\u00fcljelt.<\/p>\n\n<p>Traditsiooniline Lux Sauna Panorama S on kokkupandav saun, mis transporditakse kohale sellisena, nagu see on, kuid kui asukoht on raskesti transporditav, on v\u00f5imalik v\u00e4lissauna transportida ka kokkupanduna. Selle saunaruum on sama suur kui traditsioonilisel S-mudelil.<\/p>\n\n<p>Kui oled unistanud mujal maailmas populaarsust kogunud Soome aiasaunast, siis ei pea enam unistama &#8211; n\u00fc\u00fcd on aeg see teoks teha!<\/p>\n","protected":false},"excerpt":{"rendered":"<p>Hind ei sisalda lisavarustust. T\u00e4ishinna saamiseks vali lihtsalt tarvikud, vajuta &#8220;K\u00fcsi hinnapakkumist&#8221;, t\u00e4itke oma andmed ja saate kiiresti hinnapakkumise.<\/p>\n","protected":false},"featured_media":5365,"comment_status":"open","ping_status":"closed","template":"","meta":{"_uag_custom_page_level_css":"","_genesis_hide_title":false,"_genesis_hide_breadcrumbs":false,"_genesis_hide_singular_image":false,"_genesis_hide_footer_widgets":false,"_genesis_custom_body_class":"","_genesis_custom_post_class":"","_genesis_layout":""},"product_cat":[135,130,234],"product_tag":[],"berocket_brand":[],"uagb_featured_image_src":{"full":["https:\/\/luxsauna.fi\/wp-content\/uploads\/2022\/12\/Halpa-pihasauna-panaroma-s.jpg",800,557,false],"thumbnail":["https:\/\/luxsauna.fi\/wp-content\/uploads\/2022\/12\/Halpa-pihasauna-panaroma-s-150x150.jpg",150,150,true],"medium":["https:\/\/luxsauna.fi\/wp-content\/uploads\/2022\/12\/Halpa-pihasauna-panaroma-s-300x209.jpg",300,209,true],"medium_large":["https:\/\/luxsauna.fi\/wp-content\/uploads\/2022\/12\/Halpa-pihasauna-panaroma-s-768x535.jpg",768,535,true],"large":["https:\/\/luxsauna.fi\/wp-content\/uploads\/2022\/12\/Halpa-pihasauna-panaroma-s.jpg",800,557,false],"1536x1536":["https:\/\/luxsauna.fi\/wp-content\/uploads\/2022\/12\/Halpa-pihasauna-panaroma-s.jpg",800,557,false],"2048x2048":["https:\/\/luxsauna.fi\/wp-content\/uploads\/2022\/12\/Halpa-pihasauna-panaroma-s.jpg",800,557,false],"featured-blog":["https:\/\/luxsauna.fi\/wp-content\/uploads\/2022\/12\/Halpa-pihasauna-panaroma-s-600x338.jpg",600,338,true],"sidebar-thumbnail":["https:\/\/luxsauna.fi\/wp-content\/uploads\/2022\/12\/Halpa-pihasauna-panaroma-s-80x80.jpg",80,80,true],"gb-block-post-grid-landscape":["https:\/\/luxsauna.fi\/wp-content\/uploads\/2022\/12\/Halpa-pihasauna-panaroma-s-600x400.jpg",600,400,true],"gb-block-post-grid-square":["https:\/\/luxsauna.fi\/wp-content\/uploads\/2022\/12\/Halpa-pihasauna-panaroma-s-600x557.jpg",600,557,true],"cfw_cart_thumb":["https:\/\/luxsauna.fi\/wp-content\/uploads\/2022\/12\/Halpa-pihasauna-panaroma-s.jpg",60,42,false],"woocommerce_thumbnail":["https:\/\/luxsauna.fi\/wp-content\/uploads\/2022\/12\/Halpa-pihasauna-panaroma-s-530x369.jpg",530,369,true],"woocommerce_single":["https:\/\/luxsauna.fi\/wp-content\/uploads\/2022\/12\/Halpa-pihasauna-panaroma-s-720x501.jpg",720,501,true],"woocommerce_gallery_thumbnail":["https:\/\/luxsauna.fi\/wp-content\/uploads\/2022\/12\/Halpa-pihasauna-panaroma-s-180x180.jpg",180,180,true]},"uagb_author_info":{"display_name":"Raido","author_link":"https:\/\/luxsauna.fi\/et\/author\/"},"uagb_comment_info":0,"uagb_excerpt":"Hind ei sisalda lisavarustust. T\u00e4ishinna saamiseks vali lihtsalt tarvikud, vajuta \"K\u00fcsi hinnapakkumist\", t\u00e4itke oma andmed ja saate kiiresti hinnapakkumise.","_links":{"self":[{"href":"https:\/\/luxsauna.fi\/et\/wp-json\/wp\/v2\/product\/3953"}],"collection":[{"href":"https:\/\/luxsauna.fi\/et\/wp-json\/wp\/v2\/product"}],"about":[{"href":"https:\/\/luxsauna.fi\/et\/wp-json\/wp\/v2\/types\/product"}],"replies":[{"embeddable":true,"href":"https:\/\/luxsauna.fi\/et\/wp-json\/wp\/v2\/comments?post=3953"}],"wp:featuredmedia":[{"embeddable":true,"href":"https:\/\/luxsauna.fi\/et\/wp-json\/wp\/v2\/media\/5365"}],"wp:attachment":[{"href":"https:\/\/luxsauna.fi\/et\/wp-json\/wp\/v2\/media?parent=3953"}],"wp:term":[{"taxonomy":"product_cat","embeddable":true,"href":"https:\/\/luxsauna.fi\/et\/wp-json\/wp\/v2\/product_cat?post=3953"},{"taxonomy":"product_tag","embeddable":true,"href":"https:\/\/luxsauna.fi\/et\/wp-json\/wp\/v2\/product_tag?post=3953"},{"taxonomy":"berocket_brand","embeddable":true,"href":"https:\/\/luxsauna.fi\/et\/wp-json\/wp\/v2\/berocket_brand?post=3953"}],"curies":[{"name":"wp","href":"https:\/\/api.w.org\/{rel}","templated":true}]}}