{"id":3943,"date":"2022-12-13T08:14:17","date_gmt":"2022-12-13T06:14:17","guid":{"rendered":"https:\/\/luxsauna.fi\/maaratlemata\/lux-sauna-moderni-s\/"},"modified":"2023-08-22T12:35:22","modified_gmt":"2023-08-22T09:35:22","slug":"lux-sauna-moderni-s","status":"publish","type":"product","link":"https:\/\/luxsauna.fi\/et\/saunad\/lux-sauna-moderni-s\/","title":{"rendered":"Kaasaegne S v\u00e4lisaun, v\u00e4ikemudel"},"content":{"rendered":"\n<h2 class=\"wp-block-heading\" style=\"font-size:34px;font-style:normal;font-weight:200\">M\u00f5\u00f5tmed<\/h2>\n\n<p>6m2 Saun | 6 inimest<\/p>\n\n<p>M\u00f5\u00f5dud: 2200&#215;2500 mm<\/p>\n\n<figure class=\"wp-block-image size-large\"><img decoding=\"async\" width=\"1024\" height=\"810\" src=\"https:\/\/luxsauna.fi\/wp-content\/uploads\/2022\/12\/Moderni-S-pihasauna-pieni-malli-mitat-1024x810.jpg\" alt=\"Kaasaegne S v&#xE4;lisaun v&#xE4;ikemudeli m&#xF5;&#xF5;dud\" class=\"wp-image-7043\" srcset=\"https:\/\/luxsauna.fi\/wp-content\/uploads\/2022\/12\/Moderni-S-pihasauna-pieni-malli-mitat-1024x810.jpg 1024w, https:\/\/luxsauna.fi\/wp-content\/uploads\/2022\/12\/Moderni-S-pihasauna-pieni-malli-mitat-530x419.jpg 530w, https:\/\/luxsauna.fi\/wp-content\/uploads\/2022\/12\/Moderni-S-pihasauna-pieni-malli-mitat-720x570.jpg 720w, https:\/\/luxsauna.fi\/wp-content\/uploads\/2022\/12\/Moderni-S-pihasauna-pieni-malli-mitat-300x237.jpg 300w, https:\/\/luxsauna.fi\/wp-content\/uploads\/2022\/12\/Moderni-S-pihasauna-pieni-malli-mitat-768x608.jpg 768w, https:\/\/luxsauna.fi\/wp-content\/uploads\/2022\/12\/Moderni-S-pihasauna-pieni-malli-mitat.jpg 1125w\" sizes=\"(max-width: 1024px) 100vw, 1024px\" \/><\/figure>\n\n<h2 class=\"wp-block-heading\" style=\"font-size:34px;font-style:normal;font-weight:200\">Meie saunas on k\u00f5ik, mida saunas\u00f5ber kunagi vajab.<\/h2>\n\n<ul>\n<li>Puidu- v\u00f5i elektrikeris<\/li>\n\n\n\n<li>Haavapuust lava<\/li>\n\n\n\n<li>Klaasuksed ja aknad<\/li>\n\n\n\n<li>Korsten ja torum\u00fctsike<\/li>\n\n\n\n<li>Viltkate<\/li>\n\n\n\n<li>Krunditud elemendid<\/li>\n<\/ul>\n\n<p>Kokkupandava tarne puhul on katus, p\u00f5rand ja seinad kergesti kokkupandavad elemendid.<\/p>\n\n<h2 class=\"wp-block-heading\" style=\"font-size:34px;font-style:normal;font-weight:200\">Tarvikud<\/h2>\n\n<ul>\n<li>Kerise veepaak<\/li>\n\n\n\n<li>Seljatugi<\/li>\n\n\n\n<li>Led tuled<\/li>\n\n\n\n<li>Lukk uksel<\/li>\n\n\n\n<li>V\u00e4lisv\u00e4rvimine<\/li>\n\n\n\n<li>Usaldusv\u00e4\u00e4rne tarne, ka saarele<\/li>\n<\/ul>\n\n<h3 class=\"wp-block-heading\" style=\"font-size:34px;font-style:normal;font-weight:200\">Rohkem teavet selle saunaosa kohta<\/h3>\n\n<p>Kui saun ja maastik on \u00fchendatud, pakub Lux Sauna v\u00e4ga l\u00f5\u00f5gastavaid saunu kogu Soomes. Kaunis kaasaegne S-mudel on kuubikujuline, esindades moodsat ajastut, mis on saavutanud suure populaarsuse nii Soomes kui ka kogu maailmas. Nii et see stiil ei valmista pettumust! See meelitab saunas\u00f5brad vastupandamatu hetkega leilile, suhetele ja maastikule. Kogege koos meiega oma Lux Sauna hetke.<\/p>\n\n<h2 class=\"wp-block-heading\" style=\"font-style:normal;font-weight:200\">V\u00e4lisauna v\u00e4ike mudel pakub suurep\u00e4rast saunaelamust<\/h2>\n\n<p>Modern S on ideaalne v\u00e4lissaun k\u00fclalistele v\u00f5i perele, mis mahutab mugavalt 5 inimest, kes saavad samaaegselt nautida kuuma sauna, nautides samal ajal saare, aia v\u00f5i kus iganes saunamudeli paigutada. Selle aken on kogu esiseina suurune, nii et iga detail esiplaanil on esiplaanil.  <\/p>\n\n<p>Lummavaid p\u00e4ikeseloojanguid, rohelisi jaanip\u00e4eva\u00f5htuid ja talvist lund saab n\u00e4ha Modern S v\u00e4lissaunast, sest vastupidavad puidust plangud on ideaalselt paigutatud suure aknaklaasi poole.<\/p>\n\n<p>Lux Sauna Moderni S on kokkupandav saun, mis transporditakse kohale sellisena, nagu see on, kuid kui asukoht on raskesti transporditav, on v\u00f5imalik v\u00e4lissauna transportida kokkupandavate elementidena.  <\/p>\n\n<p>Kui oled unistanud mujal maailmas populaarsust kogunud Soome aiasaunast, siis ei pea enam unistama &#8211; n\u00fc\u00fcd on aeg see teoks teha!<\/p>\n","protected":false},"excerpt":{"rendered":"<p>Kaasaegne S v\u00e4lisauna v\u00e4ike mudel, suurep\u00e4rane saunaelamus. Naudi saunar\u00f5\u00f5mu oma koduaiasaunas. Tutvu meie valikuga ja telli kohe.<\/p>\n","protected":false},"featured_media":3492,"comment_status":"open","ping_status":"closed","template":"","meta":{"_uag_custom_page_level_css":"","_genesis_hide_title":false,"_genesis_hide_breadcrumbs":false,"_genesis_hide_singular_image":false,"_genesis_hide_footer_widgets":false,"_genesis_custom_body_class":"","_genesis_custom_post_class":"","_genesis_layout":""},"product_cat":[135,122,234],"product_tag":[],"berocket_brand":[],"uagb_featured_image_src":{"full":["https:\/\/luxsauna.fi\/wp-content\/uploads\/2022\/12\/Lux-Sauna-moderni-M.jpg",1200,696,false],"thumbnail":["https:\/\/luxsauna.fi\/wp-content\/uploads\/2022\/12\/Lux-Sauna-moderni-M-150x150.jpg",150,150,true],"medium":["https:\/\/luxsauna.fi\/wp-content\/uploads\/2022\/12\/Lux-Sauna-moderni-M-300x174.jpg",300,174,true],"medium_large":["https:\/\/luxsauna.fi\/wp-content\/uploads\/2022\/12\/Lux-Sauna-moderni-M-768x445.jpg",768,445,true],"large":["https:\/\/luxsauna.fi\/wp-content\/uploads\/2022\/12\/Lux-Sauna-moderni-M-1024x594.jpg",1024,594,true],"1536x1536":["https:\/\/luxsauna.fi\/wp-content\/uploads\/2022\/12\/Lux-Sauna-moderni-M.jpg",1200,696,false],"2048x2048":["https:\/\/luxsauna.fi\/wp-content\/uploads\/2022\/12\/Lux-Sauna-moderni-M.jpg",1200,696,false],"featured-blog":["https:\/\/luxsauna.fi\/wp-content\/uploads\/2022\/12\/Lux-Sauna-moderni-M-600x338.jpg",600,338,true],"sidebar-thumbnail":["https:\/\/luxsauna.fi\/wp-content\/uploads\/2022\/12\/Lux-Sauna-moderni-M-80x80.jpg",80,80,true],"gb-block-post-grid-landscape":["https:\/\/luxsauna.fi\/wp-content\/uploads\/2022\/12\/Lux-Sauna-moderni-M.jpg",600,348,false],"gb-block-post-grid-square":["https:\/\/luxsauna.fi\/wp-content\/uploads\/2022\/12\/Lux-Sauna-moderni-M.jpg",600,348,false],"cfw_cart_thumb":["https:\/\/luxsauna.fi\/wp-content\/uploads\/2022\/12\/Lux-Sauna-moderni-M.jpg",60,35,false],"woocommerce_thumbnail":["https:\/\/luxsauna.fi\/wp-content\/uploads\/2022\/12\/Lux-Sauna-moderni-M-530x307.jpg",530,307,true],"woocommerce_single":["https:\/\/luxsauna.fi\/wp-content\/uploads\/2022\/12\/Lux-Sauna-moderni-M-720x418.jpg",720,418,true],"woocommerce_gallery_thumbnail":["https:\/\/luxsauna.fi\/wp-content\/uploads\/2022\/12\/Lux-Sauna-moderni-M-180x180.jpg",180,180,true]},"uagb_author_info":{"display_name":"Christine","author_link":"https:\/\/luxsauna.fi\/et\/author\/"},"uagb_comment_info":0,"uagb_excerpt":"Kaasaegne S v\u00e4lisauna v\u00e4ike mudel, suurep\u00e4rane saunaelamus. Naudi saunar\u00f5\u00f5mu oma koduaiasaunas. Tutvu meie valikuga ja telli kohe.","_links":{"self":[{"href":"https:\/\/luxsauna.fi\/et\/wp-json\/wp\/v2\/product\/3943"}],"collection":[{"href":"https:\/\/luxsauna.fi\/et\/wp-json\/wp\/v2\/product"}],"about":[{"href":"https:\/\/luxsauna.fi\/et\/wp-json\/wp\/v2\/types\/product"}],"replies":[{"embeddable":true,"href":"https:\/\/luxsauna.fi\/et\/wp-json\/wp\/v2\/comments?post=3943"}],"wp:featuredmedia":[{"embeddable":true,"href":"https:\/\/luxsauna.fi\/et\/wp-json\/wp\/v2\/media\/3492"}],"wp:attachment":[{"href":"https:\/\/luxsauna.fi\/et\/wp-json\/wp\/v2\/media?parent=3943"}],"wp:term":[{"taxonomy":"product_cat","embeddable":true,"href":"https:\/\/luxsauna.fi\/et\/wp-json\/wp\/v2\/product_cat?post=3943"},{"taxonomy":"product_tag","embeddable":true,"href":"https:\/\/luxsauna.fi\/et\/wp-json\/wp\/v2\/product_tag?post=3943"},{"taxonomy":"berocket_brand","embeddable":true,"href":"https:\/\/luxsauna.fi\/et\/wp-json\/wp\/v2\/berocket_brand?post=3943"}],"curies":[{"name":"wp","href":"https:\/\/api.w.org\/{rel}","templated":true}]}}