{"id":3938,"date":"2022-12-13T08:19:08","date_gmt":"2022-12-13T06:19:08","guid":{"rendered":"https:\/\/luxsauna.fi\/maaratlemata\/lux-sauna-moderni-m\/"},"modified":"2023-08-22T12:26:28","modified_gmt":"2023-08-22T09:26:28","slug":"lux-sauna-moderni-m","status":"publish","type":"product","link":"https:\/\/luxsauna.fi\/et\/saunad\/lux-sauna-moderni-m\/","title":{"rendered":"Lux Sauna Kaasaegne M"},"content":{"rendered":"\n<h2 class=\"wp-block-heading\" style=\"font-size:34px;font-style:normal;font-weight:200\">M\u00f5\u00f5tmed<\/h2>\n\n<p>6m2 (Sauna + riietusruum)<\/p>\n\n<p>Sauna 2200\u00d72500 mm + riietusruum 1200&#215;1500 mm<\/p>\n\n<figure class=\"wp-block-image size-large\"><img decoding=\"async\" width=\"1024\" height=\"578\" src=\"https:\/\/luxsauna.fi\/wp-content\/uploads\/2022\/12\/Lux-sauna-moderni-M-2-1024x578.jpg\" alt=\"Lux Sauna Kaasaegne M\" class=\"wp-image-7036\" srcset=\"https:\/\/luxsauna.fi\/wp-content\/uploads\/2022\/12\/Lux-sauna-moderni-M-2-1024x578.jpg 1024w, https:\/\/luxsauna.fi\/wp-content\/uploads\/2022\/12\/Lux-sauna-moderni-M-2-530x299.jpg 530w, https:\/\/luxsauna.fi\/wp-content\/uploads\/2022\/12\/Lux-sauna-moderni-M-2-720x407.jpg 720w, https:\/\/luxsauna.fi\/wp-content\/uploads\/2022\/12\/Lux-sauna-moderni-M-2-300x169.jpg 300w, https:\/\/luxsauna.fi\/wp-content\/uploads\/2022\/12\/Lux-sauna-moderni-M-2-768x434.jpg 768w, https:\/\/luxsauna.fi\/wp-content\/uploads\/2022\/12\/Lux-sauna-moderni-M-2-600x338.jpg 600w, https:\/\/luxsauna.fi\/wp-content\/uploads\/2022\/12\/Lux-sauna-moderni-M-2.jpg 1261w\" sizes=\"(max-width: 1024px) 100vw, 1024px\" \/><\/figure>\n\n<h2 class=\"wp-block-heading\" style=\"font-size:34px;font-style:normal;font-weight:200\">Meie saunas on k\u00f5ik, mida saunas\u00f5ber kunagi vajab.<\/h2>\n\n<ul>\n<li>Puidu- v\u00f5i elektrikeris<\/li>\n\n\n\n<li>Haavapuust lava<\/li>\n\n\n\n<li>Klaasuksed ja aknad<\/li>\n\n\n\n<li>Korsten ja torum\u00fctsike<\/li>\n\n\n\n<li>Viltkate<\/li>\n\n\n\n<li>Krunditud elemendid<\/li>\n<\/ul>\n\n<p>Kokkupandava tarne puhul on katus, p\u00f5rand ja seinad kergesti kokkupandavad elemendid.<\/p>\n\n<h2 class=\"wp-block-heading\" style=\"font-size:34px;font-style:normal;font-weight:200\">Tarvikud<\/h2>\n\n<ul>\n<li>Kerise veepaak<\/li>\n\n\n\n<li>Seljatugi<\/li>\n\n\n\n<li>Led tuled<\/li>\n\n\n\n<li>Lukk uksel<\/li>\n\n\n\n<li>V\u00e4lisv\u00e4rvimine<\/li>\n\n\n\n<li>Usaldusv\u00e4\u00e4rne tarne, ka saarele<\/li>\n<\/ul>\n\n<h3 class=\"wp-block-heading\" style=\"font-size:34px;font-style:normal;font-weight:200\">Rohkem teavet selle saunaosa kohta<\/h3>\n\n<p>Kui saun ja maastik on \u00fchendatud, pakub Lux Sauna v\u00e4ga l\u00f5\u00f5gastavaid saunu kogu Soomes. Kaunis kaasaegne M-mudel on riietusruumiga, kuubikujuline ja esindab seega moodsat ajastut, mis on saavutanud suure populaarsuse nii Soomes kui ka mujal maailmas. Nii et see stiil ei valmista pettumust! See meelitab purjetajaid vastupandamatu hetkega \u00f5ndsusele, suhetele ja maastikule. Kogege koos meiega oma Lux Sauna hetke.<\/p>\n\n<p>Kaasaegne M koos riietusruumiga on ideaalne aiasaun k\u00fclalistele v\u00f5i perele, mis mahutab mugavalt 5 inimest, kes saavad samaaegselt nautida kuuma sauna, nautides samal ajal saare, aia v\u00f5i mis tahes muu koha maastikku, kuhu saunamudel on paigutatud. Selle aken on kogu esiseina suurune, nii et iga detail esiplaanil on esiplaanil.  <\/p>\n\n<p>Lummavaid p\u00e4ikeseloojanguid, rohelisi jaanip\u00e4eva\u00f5htuid ja talvist lund saab n\u00e4ha Modern M v\u00e4lissaunast, sest vastupidavad puidust plangud on ideaalselt paigutatud suure aknaklaasi poole.<\/p>\n\n<p>Lux Sauna Moderni M koos riietusruumiga on kokkupandav saun, mis transporditakse kohale sellisena nagu ta on, kuid kui asukoht on raskesti transporditav, siis on v\u00f5imalik v\u00e4lissauna transportida elementidena.  <\/p>\n\n<p>Kui oled unistanud mujal maailmas populaarsust kogunud Soome aiasaunast, siis ei pea enam unistama &#8211; n\u00fc\u00fcd on aeg see teoks teha!<\/p>\n","protected":false},"excerpt":{"rendered":"<p>M\u00f5\u00f5tmed 6m2 (Sauna + riietusruum) Sauna 2200\u00d72500 mm + riietusruum 1200&#215;1500 mm Meie saunas on k\u00f5ik, mida saunas\u00f5ber kunagi vajab. Kokkupandava tarne puhul on katus, p\u00f5rand ja seinad kergesti kokkupandavad elemendid. Tarvikud Rohkem teavet selle saunaosa kohta Kui saun ja maastik on \u00fchendatud, pakub Lux Sauna v\u00e4ga l\u00f5\u00f5gastavaid saunu kogu Soomes. Kaunis kaasaegne M-mudel on&nbsp;<a class=\"readbutton\" href=\"https:\/\/luxsauna.fi\/et\/saunad\/lux-sauna-moderni-m\/\">Loe rohkem<\/a><\/p>\n","protected":false},"featured_media":3497,"comment_status":"open","ping_status":"closed","template":"","meta":{"_uag_custom_page_level_css":"","_genesis_hide_title":false,"_genesis_hide_breadcrumbs":false,"_genesis_hide_singular_image":false,"_genesis_hide_footer_widgets":false,"_genesis_custom_body_class":"","_genesis_custom_post_class":"","_genesis_layout":""},"product_cat":[135,122],"product_tag":[],"berocket_brand":[],"uagb_featured_image_src":{"full":["https:\/\/luxsauna.fi\/wp-content\/uploads\/2022\/12\/Lux-Sauna-Moderni-M-1.jpg",1200,696,false],"thumbnail":["https:\/\/luxsauna.fi\/wp-content\/uploads\/2022\/12\/Lux-Sauna-Moderni-M-1-150x150.jpg",150,150,true],"medium":["https:\/\/luxsauna.fi\/wp-content\/uploads\/2022\/12\/Lux-Sauna-Moderni-M-1-300x174.jpg",300,174,true],"medium_large":["https:\/\/luxsauna.fi\/wp-content\/uploads\/2022\/12\/Lux-Sauna-Moderni-M-1-768x445.jpg",768,445,true],"large":["https:\/\/luxsauna.fi\/wp-content\/uploads\/2022\/12\/Lux-Sauna-Moderni-M-1-1024x594.jpg",1024,594,true],"1536x1536":["https:\/\/luxsauna.fi\/wp-content\/uploads\/2022\/12\/Lux-Sauna-Moderni-M-1.jpg",1200,696,false],"2048x2048":["https:\/\/luxsauna.fi\/wp-content\/uploads\/2022\/12\/Lux-Sauna-Moderni-M-1.jpg",1200,696,false],"featured-blog":["https:\/\/luxsauna.fi\/wp-content\/uploads\/2022\/12\/Lux-Sauna-Moderni-M-1-600x338.jpg",600,338,true],"sidebar-thumbnail":["https:\/\/luxsauna.fi\/wp-content\/uploads\/2022\/12\/Lux-Sauna-Moderni-M-1-80x80.jpg",80,80,true],"gb-block-post-grid-landscape":["https:\/\/luxsauna.fi\/wp-content\/uploads\/2022\/12\/Lux-Sauna-Moderni-M-1.jpg",600,348,false],"gb-block-post-grid-square":["https:\/\/luxsauna.fi\/wp-content\/uploads\/2022\/12\/Lux-Sauna-Moderni-M-1.jpg",600,348,false],"cfw_cart_thumb":["https:\/\/luxsauna.fi\/wp-content\/uploads\/2022\/12\/Lux-Sauna-Moderni-M-1.jpg",60,35,false],"woocommerce_thumbnail":["https:\/\/luxsauna.fi\/wp-content\/uploads\/2022\/12\/Lux-Sauna-Moderni-M-1-530x307.jpg",530,307,true],"woocommerce_single":["https:\/\/luxsauna.fi\/wp-content\/uploads\/2022\/12\/Lux-Sauna-Moderni-M-1-720x418.jpg",720,418,true],"woocommerce_gallery_thumbnail":["https:\/\/luxsauna.fi\/wp-content\/uploads\/2022\/12\/Lux-Sauna-Moderni-M-1-180x180.jpg",180,180,true]},"uagb_author_info":{"display_name":"Christine","author_link":"https:\/\/luxsauna.fi\/et\/author\/"},"uagb_comment_info":0,"uagb_excerpt":"M\u00f5\u00f5tmed 6m2 (Sauna + riietusruum) Sauna 2200\u00d72500 mm + riietusruum 1200&#215;1500 mm Meie saunas on k\u00f5ik, mida saunas\u00f5ber kunagi vajab. Kokkupandava tarne puhul on katus, p\u00f5rand ja seinad kergesti kokkupandavad elemendid. Tarvikud Rohkem teavet selle saunaosa kohta Kui saun ja maastik on \u00fchendatud, pakub Lux Sauna v\u00e4ga l\u00f5\u00f5gastavaid saunu kogu Soomes. Kaunis kaasaegne M-mudel on&nbsp;Loe&hellip;","_links":{"self":[{"href":"https:\/\/luxsauna.fi\/et\/wp-json\/wp\/v2\/product\/3938"}],"collection":[{"href":"https:\/\/luxsauna.fi\/et\/wp-json\/wp\/v2\/product"}],"about":[{"href":"https:\/\/luxsauna.fi\/et\/wp-json\/wp\/v2\/types\/product"}],"replies":[{"embeddable":true,"href":"https:\/\/luxsauna.fi\/et\/wp-json\/wp\/v2\/comments?post=3938"}],"wp:featuredmedia":[{"embeddable":true,"href":"https:\/\/luxsauna.fi\/et\/wp-json\/wp\/v2\/media\/3497"}],"wp:attachment":[{"href":"https:\/\/luxsauna.fi\/et\/wp-json\/wp\/v2\/media?parent=3938"}],"wp:term":[{"taxonomy":"product_cat","embeddable":true,"href":"https:\/\/luxsauna.fi\/et\/wp-json\/wp\/v2\/product_cat?post=3938"},{"taxonomy":"product_tag","embeddable":true,"href":"https:\/\/luxsauna.fi\/et\/wp-json\/wp\/v2\/product_tag?post=3938"},{"taxonomy":"berocket_brand","embeddable":true,"href":"https:\/\/luxsauna.fi\/et\/wp-json\/wp\/v2\/berocket_brand?post=3938"}],"curies":[{"name":"wp","href":"https:\/\/api.w.org\/{rel}","templated":true}]}}