{"id":3933,"date":"2022-12-13T08:23:12","date_gmt":"2022-12-13T06:23:12","guid":{"rendered":"https:\/\/luxsauna.fi\/maaratlemata\/lux-sauna-moderni-l\/"},"modified":"2023-08-22T11:11:52","modified_gmt":"2023-08-22T08:11:52","slug":"lux-sauna-moderni-l","status":"publish","type":"product","link":"https:\/\/luxsauna.fi\/et\/saunad\/lux-sauna-moderni-l\/","title":{"rendered":"Lux Sauna Kaasaegne L"},"content":{"rendered":"\n<h2 class=\"wp-block-heading\" style=\"font-size:34px;font-style:normal;font-weight:200\">M\u00f5\u00f5tmed<\/h2>\n\n<p>20m2 saun<\/p>\n\n<p>M\u00f5\u00f5tmed: 3500*5500 mm<\/p>\n\n<figure class=\"wp-block-image size-large\"><img decoding=\"async\" width=\"867\" height=\"1024\" src=\"https:\/\/luxsauna.fi\/wp-content\/uploads\/2022\/12\/Lux-sauna-Moderni-L-1-867x1024.jpg\" alt=\"Lux Sauna Kaasaegne L\" class=\"wp-image-2274\" srcset=\"https:\/\/luxsauna.fi\/wp-content\/uploads\/2022\/12\/Lux-sauna-Moderni-L-1-867x1024.jpg 867w, https:\/\/luxsauna.fi\/wp-content\/uploads\/2022\/12\/Lux-sauna-Moderni-L-1-530x626.jpg 530w, https:\/\/luxsauna.fi\/wp-content\/uploads\/2022\/12\/Lux-sauna-Moderni-L-1-720x850.jpg 720w, https:\/\/luxsauna.fi\/wp-content\/uploads\/2022\/12\/Lux-sauna-Moderni-L-1-254x300.jpg 254w, https:\/\/luxsauna.fi\/wp-content\/uploads\/2022\/12\/Lux-sauna-Moderni-L-1-768x907.jpg 768w, https:\/\/luxsauna.fi\/wp-content\/uploads\/2022\/12\/Lux-sauna-Moderni-L-1-1301x1536.jpg 1301w, https:\/\/luxsauna.fi\/wp-content\/uploads\/2022\/12\/Lux-sauna-Moderni-L-1.jpg 1321w\" sizes=\"(max-width: 867px) 100vw, 867px\" \/><\/figure>\n\n<h2 class=\"wp-block-heading\" style=\"font-size:34px;font-style:normal;font-weight:200\">Meie saunas on k\u00f5ik, mida saunas\u00f5ber kunagi vajab.<\/h2>\n\n<ul>\n<li>Puidu- v\u00f5i elektrikeris<\/li>\n\n\n\n<li>Haavapuust lava<\/li>\n\n\n\n<li>Klaasuksed ja aknad<\/li>\n\n\n\n<li>Korsten ja torum\u00fctsike<\/li>\n\n\n\n<li>Viltkate<\/li>\n\n\n\n<li>Krunditud elemendid<\/li>\n<\/ul>\n\n<p>Kokkupandava tarne puhul on katus, p\u00f5rand ja seinad kergesti kokkupandavad elemendid.<\/p>\n\n<h2 class=\"wp-block-heading\" style=\"font-size:34px;font-style:normal;font-weight:200\">Tarvikud<\/h2>\n\n<ul>\n<li>Kerise veepaak<\/li>\n\n\n\n<li>Seljatugi<\/li>\n\n\n\n<li>Led tuled<\/li>\n\n\n\n<li>Lukk uksel<\/li>\n\n\n\n<li>V\u00e4lisv\u00e4rvimine<\/li>\n\n\n\n<li>Usaldusv\u00e4\u00e4rne tarne, ka saarele<\/li>\n<\/ul>\n\n<h3 class=\"wp-block-heading\" style=\"font-size:34px;font-style:normal;font-weight:200\">Rohkem teavet selle saunaosa kohta<\/h3>\n\n<p>Kui saun ja maastik on \u00fchendatud, pakub Lux Sauna v\u00e4ga l\u00f5\u00f5gastavaid saunu kogu Soomes. Kaunis L-kujuline ristk\u00fclik esindab moodsat ajastut, mis on saavutanud suure populaarsuse nii Soomes kui ka kogu maailmas. Nii et see stiil ei valmista pettumust! See meelitab purjetajaid vastupandamatu hetkega \u00f5ndsusele, suhetele ja maastikule. Kogege koos meiega oma Lux Sauna hetke.<\/p>\n\n<p>Modern L on ideaalne v\u00e4lissaun suuremale seltskonnale, kus on ruumi kuni 20 inimesele, kes saavad samaaegselt nautida kuuma sauna, nautides samal ajal saare, aia v\u00f5i kus iganes saunamudeli paigutada. Selle suur aken on kogu esiseina suurune, andes igale detailile esiseina vaate.  <\/p>\n\n<p>Lummavaid p\u00e4ikeseloojanguid, rohelisi jaanip\u00e4eva\u00f5htuid ja talvist lund saab n\u00e4ha Modern L v\u00e4lissaunast, sest vastupidavad puidust plangud on ideaalselt paigutatud suure aknaklaasi poole.<\/p>\n\n<p>Lux Sauna Moderni L on suur kokkupandav saun, mis transporditakse kohale sellisena nagu ta on, kuid kui asukoht on raskesti transporditav, on v\u00f5imalik v\u00e4lissauna transportida elementidena.  <\/p>\n\n<p>Kui oled unistanud mujal maailmas populaarsust kogunud Soome aiasaunast, siis ei pea enam unistama &#8211; n\u00fc\u00fcd on aeg see teoks teha!<\/p>\n","protected":false},"excerpt":{"rendered":"<p>M\u00f5\u00f5tmed 20m2 saun M\u00f5\u00f5tmed: 3500*5500 mm Meie saunas on k\u00f5ik, mida saunas\u00f5ber kunagi vajab. Kokkupandava tarne puhul on katus, p\u00f5rand ja seinad kergesti kokkupandavad elemendid. Tarvikud Rohkem teavet selle saunaosa kohta Kui saun ja maastik on \u00fchendatud, pakub Lux Sauna v\u00e4ga l\u00f5\u00f5gastavaid saunu kogu Soomes. Kaunis L-kujuline ristk\u00fclik esindab moodsat ajastut, mis on saavutanud suure&nbsp;<a class=\"readbutton\" href=\"https:\/\/luxsauna.fi\/et\/saunad\/lux-sauna-moderni-l\/\">Loe rohkem<\/a><\/p>\n","protected":false},"featured_media":3817,"comment_status":"open","ping_status":"closed","template":"","meta":{"_uag_custom_page_level_css":"","_genesis_hide_title":false,"_genesis_hide_breadcrumbs":false,"_genesis_hide_singular_image":false,"_genesis_hide_footer_widgets":false,"_genesis_custom_body_class":"","_genesis_custom_post_class":"","_genesis_layout":""},"product_cat":[135,122],"product_tag":[],"berocket_brand":[],"uagb_featured_image_src":{"full":["https:\/\/luxsauna.fi\/wp-content\/uploads\/2022\/12\/Moderni-L-sauna-edesta.jpg",1200,696,false],"thumbnail":["https:\/\/luxsauna.fi\/wp-content\/uploads\/2022\/12\/Moderni-L-sauna-edesta-150x150.jpg",150,150,true],"medium":["https:\/\/luxsauna.fi\/wp-content\/uploads\/2022\/12\/Moderni-L-sauna-edesta-300x174.jpg",300,174,true],"medium_large":["https:\/\/luxsauna.fi\/wp-content\/uploads\/2022\/12\/Moderni-L-sauna-edesta-768x445.jpg",768,445,true],"large":["https:\/\/luxsauna.fi\/wp-content\/uploads\/2022\/12\/Moderni-L-sauna-edesta-1024x594.jpg",1024,594,true],"1536x1536":["https:\/\/luxsauna.fi\/wp-content\/uploads\/2022\/12\/Moderni-L-sauna-edesta.jpg",1200,696,false],"2048x2048":["https:\/\/luxsauna.fi\/wp-content\/uploads\/2022\/12\/Moderni-L-sauna-edesta.jpg",1200,696,false],"featured-blog":["https:\/\/luxsauna.fi\/wp-content\/uploads\/2022\/12\/Moderni-L-sauna-edesta-600x338.jpg",600,338,true],"sidebar-thumbnail":["https:\/\/luxsauna.fi\/wp-content\/uploads\/2022\/12\/Moderni-L-sauna-edesta-80x80.jpg",80,80,true],"gb-block-post-grid-landscape":["https:\/\/luxsauna.fi\/wp-content\/uploads\/2022\/12\/Moderni-L-sauna-edesta-600x400.jpg",600,400,true],"gb-block-post-grid-square":["https:\/\/luxsauna.fi\/wp-content\/uploads\/2022\/12\/Moderni-L-sauna-edesta-600x600.jpg",600,600,true],"cfw_cart_thumb":["https:\/\/luxsauna.fi\/wp-content\/uploads\/2022\/12\/Moderni-L-sauna-edesta.jpg",60,35,false],"woocommerce_thumbnail":["https:\/\/luxsauna.fi\/wp-content\/uploads\/2022\/12\/Moderni-L-sauna-edesta-530x307.jpg",530,307,true],"woocommerce_single":["https:\/\/luxsauna.fi\/wp-content\/uploads\/2022\/12\/Moderni-L-sauna-edesta-720x418.jpg",720,418,true],"woocommerce_gallery_thumbnail":["https:\/\/luxsauna.fi\/wp-content\/uploads\/2022\/12\/Moderni-L-sauna-edesta-180x180.jpg",180,180,true]},"uagb_author_info":{"display_name":"Christine","author_link":"https:\/\/luxsauna.fi\/et\/author\/"},"uagb_comment_info":0,"uagb_excerpt":"M\u00f5\u00f5tmed 20m2 saun M\u00f5\u00f5tmed: 3500*5500 mm Meie saunas on k\u00f5ik, mida saunas\u00f5ber kunagi vajab. Kokkupandava tarne puhul on katus, p\u00f5rand ja seinad kergesti kokkupandavad elemendid. Tarvikud Rohkem teavet selle saunaosa kohta Kui saun ja maastik on \u00fchendatud, pakub Lux Sauna v\u00e4ga l\u00f5\u00f5gastavaid saunu kogu Soomes. Kaunis L-kujuline ristk\u00fclik esindab moodsat ajastut, mis on saavutanud suure&nbsp;Loe&hellip;","_links":{"self":[{"href":"https:\/\/luxsauna.fi\/et\/wp-json\/wp\/v2\/product\/3933"}],"collection":[{"href":"https:\/\/luxsauna.fi\/et\/wp-json\/wp\/v2\/product"}],"about":[{"href":"https:\/\/luxsauna.fi\/et\/wp-json\/wp\/v2\/types\/product"}],"replies":[{"embeddable":true,"href":"https:\/\/luxsauna.fi\/et\/wp-json\/wp\/v2\/comments?post=3933"}],"wp:featuredmedia":[{"embeddable":true,"href":"https:\/\/luxsauna.fi\/et\/wp-json\/wp\/v2\/media\/3817"}],"wp:attachment":[{"href":"https:\/\/luxsauna.fi\/et\/wp-json\/wp\/v2\/media?parent=3933"}],"wp:term":[{"taxonomy":"product_cat","embeddable":true,"href":"https:\/\/luxsauna.fi\/et\/wp-json\/wp\/v2\/product_cat?post=3933"},{"taxonomy":"product_tag","embeddable":true,"href":"https:\/\/luxsauna.fi\/et\/wp-json\/wp\/v2\/product_tag?post=3933"},{"taxonomy":"berocket_brand","embeddable":true,"href":"https:\/\/luxsauna.fi\/et\/wp-json\/wp\/v2\/berocket_brand?post=3933"}],"curies":[{"name":"wp","href":"https:\/\/api.w.org\/{rel}","templated":true}]}}