{"id":3928,"date":"2022-12-13T09:57:06","date_gmt":"2022-12-13T07:57:06","guid":{"rendered":"https:\/\/luxsauna.fi\/maaratlemata\/lux-sauna-moderni-xl\/"},"modified":"2023-08-22T12:21:45","modified_gmt":"2023-08-22T09:21:45","slug":"lux-sauna-modern-xl","status":"publish","type":"product","link":"https:\/\/luxsauna.fi\/et\/saunad\/lux-sauna-modern-xl\/","title":{"rendered":"Lux Sauna Kaasaegne XL"},"content":{"rendered":"\n<h2 class=\"wp-block-heading\" style=\"font-size:34px;font-style:normal;font-weight:200\">M\u00f5\u00f5tmed<\/h2>\n\n<p>20m2 Saun + 2,7 m2<\/p>\n\n<p>M\u00f5\u00f5tmed: 3500*5500 mm + 1500*1800m<\/p>\n\n<figure class=\"wp-block-image size-large\"><img decoding=\"async\" width=\"1024\" height=\"843\" src=\"https:\/\/luxsauna.fi\/wp-content\/uploads\/2022\/12\/Lux-sauna-Moderni-XL-1-1024x843.jpg\" alt=\"Lux saun Modern XL\" class=\"wp-image-2275\" srcset=\"https:\/\/luxsauna.fi\/wp-content\/uploads\/2022\/12\/Lux-sauna-Moderni-XL-1-1024x843.jpg 1024w, https:\/\/luxsauna.fi\/wp-content\/uploads\/2022\/12\/Lux-sauna-Moderni-XL-1-530x436.jpg 530w, https:\/\/luxsauna.fi\/wp-content\/uploads\/2022\/12\/Lux-sauna-Moderni-XL-1-720x592.jpg 720w, https:\/\/luxsauna.fi\/wp-content\/uploads\/2022\/12\/Lux-sauna-Moderni-XL-1-300x247.jpg 300w, https:\/\/luxsauna.fi\/wp-content\/uploads\/2022\/12\/Lux-sauna-Moderni-XL-1-768x632.jpg 768w, https:\/\/luxsauna.fi\/wp-content\/uploads\/2022\/12\/Lux-sauna-Moderni-XL-1.jpg 1264w\" sizes=\"(max-width: 1024px) 100vw, 1024px\" \/><\/figure>\n\n<h2 class=\"wp-block-heading\" style=\"font-size:34px;font-style:normal;font-weight:200\">Meie saunas on k\u00f5ik, mida saunas\u00f5ber kunagi vajab.<\/h2>\n\n<ul>\n<li>Puidu- v\u00f5i elektrikeris<\/li>\n\n\n\n<li>Haavapuust lava<\/li>\n\n\n\n<li>Klaasuksed ja aknad<\/li>\n\n\n\n<li>Korsten ja torum\u00fctsike<\/li>\n\n\n\n<li>Viltkate<\/li>\n\n\n\n<li>Krunditud elemendid<\/li>\n<\/ul>\n\n<p>Kokkupandava tarne puhul on katus, p\u00f5rand ja seinad kergesti kokkupandavad elemendid.<\/p>\n\n<h2 class=\"wp-block-heading\" style=\"font-size:34px;font-style:normal;font-weight:200\">Tarvikud<\/h2>\n\n<ul>\n<li>Kerise veepaak<\/li>\n\n\n\n<li>Seljatugi<\/li>\n\n\n\n<li>Led tuled<\/li>\n\n\n\n<li>Lukk uksel<\/li>\n\n\n\n<li>V\u00e4lisv\u00e4rvimine<\/li>\n\n\n\n<li>Usaldusv\u00e4\u00e4rne tarne, ka saarele<\/li>\n<\/ul>\n\n<h3 class=\"wp-block-heading\" style=\"font-size:34px;font-style:normal;font-weight:200\">Rohkem teavet selle saunaosa kohta<\/h3>\n\n<p>Kui saun ja maastik on \u00fchendatud, pakub Lux Sauna v\u00e4ga l\u00f5\u00f5gastavaid saunu kogu Soomes. Kaunis kaasaegne XL-mudel on suur, riietusruumiga, kuubikujuline ja esindab seega moodsat ajastut, mis on saavutanud suure populaarsuse nii Soomes kui ka mujal maailmas. Nii et see stiil ei valmista pettumust! See meelitab purjetajaid vastupandamatu hetkega \u00f5ndsusele, suhetele ja maastikule. Kogege koos meiega oma Lux Sauna hetke.<\/p>\n\n<p>Kaasaegne XL koos riietusruumiga on ideaalne aiasaun k\u00fclalistele v\u00f5i perele, kus on ruumi kuni 20 inimesele, kes saavad samaaegselt nautida kuuma sauna, nautides samal ajal saare, aia v\u00f5i peaaegu iga koha, kuhu saunamudel paigutatakse, maastikku. Selle suur aken on kogu esiseina suurune, andes igale detailile esiseina vaate.  <\/p>\n\n<p>Lummavaid p\u00e4ikeseloojanguid, rohelisi jaanip\u00e4eva\u00f5htuid ja talvist lund saab n\u00e4ha Modern XL v\u00e4lisaunaga, sest vastupidavad puidust plangud on ideaalselt paigutatud suure aknaklaasi poole.<\/p>\n\n<p>Lux Sauna Moderni XL koos riietusruumiga on suur kokkupandav saun, mis transporditakse kohale nagu ta on, kuid kui asukoht on raskesti transporditav, siis on v\u00f5imalik v\u00e4lisauna transportida elementidena. <\/p>\n\n<p>Kui oled unistanud mujal maailmas populaarsust kogunud Soome aiasaunast, siis ei pea enam unistama &#8211; n\u00fc\u00fcd on aeg see teoks teha!<\/p>\n","protected":false},"excerpt":{"rendered":"<p><strong>Sauna suurus: 20m2 (3500\u00d75500 + Rr: 1500\u00d71800 mm) | 20 inimest.<\/strong><\/p>\n","protected":false},"featured_media":3512,"comment_status":"open","ping_status":"closed","template":"","meta":{"_uag_custom_page_level_css":"","_genesis_hide_title":false,"_genesis_hide_breadcrumbs":false,"_genesis_hide_singular_image":false,"_genesis_hide_footer_widgets":false,"_genesis_custom_body_class":"","_genesis_custom_post_class":"","_genesis_layout":""},"product_cat":[135,122],"product_tag":[],"berocket_brand":[],"uagb_featured_image_src":{"full":["https:\/\/luxsauna.fi\/wp-content\/uploads\/2022\/12\/Lux-Sauna-Moderni-xl.jpg",1200,696,false],"thumbnail":["https:\/\/luxsauna.fi\/wp-content\/uploads\/2022\/12\/Lux-Sauna-Moderni-xl-150x150.jpg",150,150,true],"medium":["https:\/\/luxsauna.fi\/wp-content\/uploads\/2022\/12\/Lux-Sauna-Moderni-xl-300x174.jpg",300,174,true],"medium_large":["https:\/\/luxsauna.fi\/wp-content\/uploads\/2022\/12\/Lux-Sauna-Moderni-xl-768x445.jpg",768,445,true],"large":["https:\/\/luxsauna.fi\/wp-content\/uploads\/2022\/12\/Lux-Sauna-Moderni-xl-1024x594.jpg",1024,594,true],"1536x1536":["https:\/\/luxsauna.fi\/wp-content\/uploads\/2022\/12\/Lux-Sauna-Moderni-xl.jpg",1200,696,false],"2048x2048":["https:\/\/luxsauna.fi\/wp-content\/uploads\/2022\/12\/Lux-Sauna-Moderni-xl.jpg",1200,696,false],"featured-blog":["https:\/\/luxsauna.fi\/wp-content\/uploads\/2022\/12\/Lux-Sauna-Moderni-xl-600x338.jpg",600,338,true],"sidebar-thumbnail":["https:\/\/luxsauna.fi\/wp-content\/uploads\/2022\/12\/Lux-Sauna-Moderni-xl-80x80.jpg",80,80,true],"gb-block-post-grid-landscape":["https:\/\/luxsauna.fi\/wp-content\/uploads\/2022\/12\/Lux-Sauna-Moderni-xl.jpg",600,348,false],"gb-block-post-grid-square":["https:\/\/luxsauna.fi\/wp-content\/uploads\/2022\/12\/Lux-Sauna-Moderni-xl.jpg",600,348,false],"cfw_cart_thumb":["https:\/\/luxsauna.fi\/wp-content\/uploads\/2022\/12\/Lux-Sauna-Moderni-xl.jpg",60,35,false],"woocommerce_thumbnail":["https:\/\/luxsauna.fi\/wp-content\/uploads\/2022\/12\/Lux-Sauna-Moderni-xl-530x307.jpg",530,307,true],"woocommerce_single":["https:\/\/luxsauna.fi\/wp-content\/uploads\/2022\/12\/Lux-Sauna-Moderni-xl-720x418.jpg",720,418,true],"woocommerce_gallery_thumbnail":["https:\/\/luxsauna.fi\/wp-content\/uploads\/2022\/12\/Lux-Sauna-Moderni-xl-180x180.jpg",180,180,true]},"uagb_author_info":{"display_name":"Christine","author_link":"https:\/\/luxsauna.fi\/et\/author\/"},"uagb_comment_info":0,"uagb_excerpt":"Sauna suurus: 20m2 (3500\u00d75500 + Rr: 1500\u00d71800 mm) | 20 inimest.","_links":{"self":[{"href":"https:\/\/luxsauna.fi\/et\/wp-json\/wp\/v2\/product\/3928"}],"collection":[{"href":"https:\/\/luxsauna.fi\/et\/wp-json\/wp\/v2\/product"}],"about":[{"href":"https:\/\/luxsauna.fi\/et\/wp-json\/wp\/v2\/types\/product"}],"replies":[{"embeddable":true,"href":"https:\/\/luxsauna.fi\/et\/wp-json\/wp\/v2\/comments?post=3928"}],"wp:featuredmedia":[{"embeddable":true,"href":"https:\/\/luxsauna.fi\/et\/wp-json\/wp\/v2\/media\/3512"}],"wp:attachment":[{"href":"https:\/\/luxsauna.fi\/et\/wp-json\/wp\/v2\/media?parent=3928"}],"wp:term":[{"taxonomy":"product_cat","embeddable":true,"href":"https:\/\/luxsauna.fi\/et\/wp-json\/wp\/v2\/product_cat?post=3928"},{"taxonomy":"product_tag","embeddable":true,"href":"https:\/\/luxsauna.fi\/et\/wp-json\/wp\/v2\/product_tag?post=3928"},{"taxonomy":"berocket_brand","embeddable":true,"href":"https:\/\/luxsauna.fi\/et\/wp-json\/wp\/v2\/berocket_brand?post=3928"}],"curies":[{"name":"wp","href":"https:\/\/api.w.org\/{rel}","templated":true}]}}