{"id":7557,"date":"2020-11-09T17:58:35","date_gmt":"2020-11-09T15:58:35","guid":{"rendered":"https:\/\/luxsauna.fi\/kasutustingimused\/"},"modified":"2024-05-07T15:31:08","modified_gmt":"2024-05-07T12:31:08","slug":"kasutustingimused","status":"publish","type":"page","link":"https:\/\/luxsauna.fi\/et\/kasutustingimused\/","title":{"rendered":"Kasutustingimused"},"content":{"rendered":"\n<div style=\"height:40px\" aria-hidden=\"true\" class=\"wp-block-spacer\"><\/div>\n\n\n\n<h1 class=\"wp-block-heading\">Kasutustingimused<\/h1>\n\n\n\n<p><strong>Veebisait<\/strong> &#8211; <a href=\"https:\/\/luxsauna.fi\/et\/\"><strong>https:\/\/luxsauna.fi<\/strong><\/a><\/p>\n\n\n\n<p>Lux Sauna (Lux sauna Oy) on veebisaidi <a href=\"https:\/\/luxsauna.fi\/et\/\">https:\/\/luxsauna.fi<\/a> (edaspidi &#8220;meie&#8221; v\u00f5i &#8220;me&#8221;) registreeritud omanik ja haldaja.<\/p>\n\n\n\n<p>Lux Sauna Oy pakub teile kogu sellel veebisaidil olevat teavet, funktsioone, tootepakkumisi ja teenuseid, eeskirju, tingimusi ja muud teavet. Kui te ei soovi \u00fchegi poliitika v\u00f5i tingimustega n\u00f5ustuda, peaksite l\u00f5petama meie saidil j\u00e4tkamise ja l\u00f5petama meie pakutavate teenuste v\u00f5i toodete kasutamise. <\/p>\n\n\n\n<p>Kui teil on muresid v\u00f5i kaebusi v\u00f5i teabetaotlusi, v\u00f5tate meiega otse \u00fchendust (e-post). Vastame teile esimesel v\u00f5imalusel. <\/p>\n\n\n\n<p><strong>Privaatsus<\/strong><\/p>\n\n\n\n<p>Meie Lux Saunas kogume oma klientide kohta infot ja s\u00e4ilitame seda saunatellimuste j\u00e4tkamiseks. Samuti kogume infot valides uudiskirja, kus klient on valinud vastava kasti, et saada meilt turunduskampaaniaid. Kasutame seda teavet ainult turunduseesm\u00e4rkidel ega jaga seda teiste osapooltega. Kui te ei soovi neid enam kunagi saada, v\u00f5ite meiega igal ajal \u00fchendust v\u00f5tta ja me eemaldame teid loendist ja kustutame teie salvestatud teabe.   <\/p>\n\n\n\n<p>Lugege lisateavet meie <a href=\"\/?page_id=7480\">privaatsus- ja k\u00fcpsistepoliitika<\/a> kohta.<\/p>\n\n\n\n<p>J\u00e4tame endale \u00f5iguse uuendada, muuta v\u00f5i asendada kasutustingimuste mis tahes osa. Hoidke seda kursis meie avaldatavate uute teenuste ja toodetega v\u00f5i muu vajaliku teabega. Praeguseid tingimusi uuendati viimati 07. novembril 2022.   <\/p>\n","protected":false},"excerpt":{"rendered":"<p>Kasutustingimused Veebisait &#8211; https:\/\/luxsauna.fi Lux Sauna (Lux sauna Oy) on veebisaidi https:\/\/luxsauna.fi (edaspidi &#8220;meie&#8221; v\u00f5i &#8220;me&#8221;) registreeritud omanik ja haldaja. Lux Sauna Oy pakub teile kogu sellel veebisaidil olevat teavet, funktsioone, tootepakkumisi ja teenuseid, eeskirju, tingimusi ja muud teavet. Kui te ei soovi \u00fchegi poliitika v\u00f5i tingimustega n\u00f5ustuda, peaksite l\u00f5petama meie saidil j\u00e4tkamise ja l\u00f5petama&nbsp;<a class=\"readbutton\" href=\"https:\/\/luxsauna.fi\/et\/kasutustingimused\/\">Loe rohkem<\/a><\/p>\n","protected":false},"author":2,"featured_media":0,"parent":0,"menu_order":0,"comment_status":"closed","ping_status":"closed","template":"","meta":{"_uag_custom_page_level_css":"","_genesis_hide_title":false,"_genesis_hide_breadcrumbs":false,"_genesis_hide_singular_image":false,"_genesis_hide_footer_widgets":false,"_genesis_custom_body_class":"","_genesis_custom_post_class":"","_genesis_layout":"full-width-content","footnotes":""},"featured_image_src":null,"featured_image_src_square":null,"uagb_featured_image_src":{"full":false,"thumbnail":false,"medium":false,"medium_large":false,"large":false,"1536x1536":false,"2048x2048":false,"featured-blog":false,"sidebar-thumbnail":false,"gb-block-post-grid-landscape":false,"gb-block-post-grid-square":false,"cfw_cart_thumb":false,"woocommerce_thumbnail":false,"woocommerce_single":false,"woocommerce_gallery_thumbnail":false},"uagb_author_info":{"display_name":"Christine","author_link":"https:\/\/luxsauna.fi\/et\/author\/christine\/"},"uagb_comment_info":0,"uagb_excerpt":"Kasutustingimused Veebisait &#8211; https:\/\/luxsauna.fi Lux Sauna (Lux sauna Oy) on veebisaidi https:\/\/luxsauna.fi (edaspidi &#8220;meie&#8221; v\u00f5i &#8220;me&#8221;) registreeritud omanik ja haldaja. Lux Sauna Oy pakub teile kogu sellel veebisaidil olevat teavet, funktsioone, tootepakkumisi ja teenuseid, eeskirju, tingimusi ja muud teavet. Kui te ei soovi \u00fchegi poliitika v\u00f5i tingimustega n\u00f5ustuda, peaksite l\u00f5petama meie saidil j\u00e4tkamise ja l\u00f5petama&nbsp;Loe&hellip;","_links":{"self":[{"href":"https:\/\/luxsauna.fi\/et\/wp-json\/wp\/v2\/pages\/7557"}],"collection":[{"href":"https:\/\/luxsauna.fi\/et\/wp-json\/wp\/v2\/pages"}],"about":[{"href":"https:\/\/luxsauna.fi\/et\/wp-json\/wp\/v2\/types\/page"}],"author":[{"embeddable":true,"href":"https:\/\/luxsauna.fi\/et\/wp-json\/wp\/v2\/users\/2"}],"replies":[{"embeddable":true,"href":"https:\/\/luxsauna.fi\/et\/wp-json\/wp\/v2\/comments?post=7557"}],"version-history":[{"count":3,"href":"https:\/\/luxsauna.fi\/et\/wp-json\/wp\/v2\/pages\/7557\/revisions"}],"predecessor-version":[{"id":7577,"href":"https:\/\/luxsauna.fi\/et\/wp-json\/wp\/v2\/pages\/7557\/revisions\/7577"}],"wp:attachment":[{"href":"https:\/\/luxsauna.fi\/et\/wp-json\/wp\/v2\/media?parent=7557"}],"curies":[{"name":"wp","href":"https:\/\/api.w.org\/{rel}","templated":true}]}}