{"id":7547,"date":"2023-07-05T10:25:19","date_gmt":"2023-07-05T07:25:19","guid":{"rendered":"https:\/\/luxsauna.fi\/tarneviisid\/"},"modified":"2024-05-07T15:35:37","modified_gmt":"2024-05-07T12:35:37","slug":"tarneviisid","status":"publish","type":"page","link":"https:\/\/luxsauna.fi\/et\/tarneviisid\/","title":{"rendered":"Tarneviisid"},"content":{"rendered":"\n<div style=\"height:40px\" aria-hidden=\"true\" class=\"wp-block-spacer\"><\/div>\n\n\n\n<h1 class=\"wp-block-heading\">Tarneviisid<\/h1>\n\n\n\n<p>Sellelt lehelt leiate k\u00f5ik saadaolevad tarneviisid.<\/p>\n\n\n\n<h2 class=\"wp-block-heading\">\u00d5uesaunad<\/h2>\n\n\n\n<p>\u00d5uesaunad tarnitakse tootja nimel eraldi kokkuleppe alusel. Kohaletoimetamine toimub enamasti veoauto ja kraana abil, et v\u00e4lisauna saaks t\u00e4pselt ja turvaliselt soovitud kohta teisaldada. T\u00e4psem info v\u00e4lisauna kohaletoimetamise kohta ja graafikud lepitakse kokku tellimuse vormistamisel.<\/p>\n\n\n\n<h2 class=\"wp-block-heading\">K\u00fcmblust\u00fcnnid, saunakerised, terrassim\u00f6\u00f6bel ja puu materjalid<\/h2>\n\n\n\n<p>Pakume ahjudele, terrassim\u00f6\u00f6blile ja puitmaterjalidele kahte tarnev\u00f5imalust: <\/p>\n\n\n\n<ul>\n<li>PostNord<\/li>\n\n\n\n<li>Kaukokiito<\/li>\n<\/ul>\n\n\n\n<p><strong>M\u00e4rkused tarnete kohta:<\/strong><\/p>\n\n\n\n<ul>\n<li>P\u00fc\u00fcame teie tellimuse t\u00f6\u00f6delda v\u00f5imalikult kiiresti ja tarnida tooted vastavalt teie valitud tarneviisile.<\/li>\n\n\n\n<li>Tarneaeg v\u00f5ib olenevalt tootest, tarneaadressist ja teie valitud tarneviisist erineda.<\/li>\n\n\n\n<li>Teavitame Teid tellimuse tarnegraafikust ja j\u00e4lgimisinfost esimesel v\u00f5imalusel peale tellimuse t\u00f6\u00f6tlemist.<\/li>\n\n\n\n<li>Veenduge, et teie sisestatud tarneaadress on \u00f5ige, et saaksime tagada eduka kohaletoimetamise.<\/li>\n<\/ul>\n\n\n\n<p>Kui teil on k\u00fcsimusi tarneviiside kohta v\u00f5i vajate lisateavet, v\u00f5ite meiega \u00fchendust v\u00f5tta.<\/p>\n","protected":false},"excerpt":{"rendered":"<p>Tarneviisid Sellelt lehelt leiate k\u00f5ik saadaolevad tarneviisid. \u00d5uesaunad \u00d5uesaunad tarnitakse tootja nimel eraldi kokkuleppe alusel. Kohaletoimetamine toimub enamasti veoauto ja kraana abil, et v\u00e4lisauna saaks t\u00e4pselt ja turvaliselt soovitud kohta teisaldada. T\u00e4psem info v\u00e4lisauna kohaletoimetamise kohta ja graafikud lepitakse kokku tellimuse vormistamisel. K\u00fcmblust\u00fcnnid, saunakerised, terrassim\u00f6\u00f6bel ja puu materjalid Pakume ahjudele, terrassim\u00f6\u00f6blile ja puitmaterjalidele kahte tarnev\u00f5imalust:&nbsp;<a class=\"readbutton\" href=\"https:\/\/luxsauna.fi\/et\/tarneviisid\/\">Loe rohkem<\/a><\/p>\n","protected":false},"author":2,"featured_media":0,"parent":0,"menu_order":0,"comment_status":"closed","ping_status":"closed","template":"","meta":{"_uag_custom_page_level_css":"","_genesis_hide_title":false,"_genesis_hide_breadcrumbs":false,"_genesis_hide_singular_image":false,"_genesis_hide_footer_widgets":false,"_genesis_custom_body_class":"","_genesis_custom_post_class":"","_genesis_layout":"","footnotes":""},"featured_image_src":null,"featured_image_src_square":null,"uagb_featured_image_src":{"full":false,"thumbnail":false,"medium":false,"medium_large":false,"large":false,"1536x1536":false,"2048x2048":false,"featured-blog":false,"sidebar-thumbnail":false,"gb-block-post-grid-landscape":false,"gb-block-post-grid-square":false,"cfw_cart_thumb":false,"woocommerce_thumbnail":false,"woocommerce_single":false,"woocommerce_gallery_thumbnail":false},"uagb_author_info":{"display_name":"Christine","author_link":"https:\/\/luxsauna.fi\/et\/author\/christine\/"},"uagb_comment_info":0,"uagb_excerpt":"Tarneviisid Sellelt lehelt leiate k\u00f5ik saadaolevad tarneviisid. \u00d5uesaunad \u00d5uesaunad tarnitakse tootja nimel eraldi kokkuleppe alusel. Kohaletoimetamine toimub enamasti veoauto ja kraana abil, et v\u00e4lisauna saaks t\u00e4pselt ja turvaliselt soovitud kohta teisaldada. T\u00e4psem info v\u00e4lisauna kohaletoimetamise kohta ja graafikud lepitakse kokku tellimuse vormistamisel. K\u00fcmblust\u00fcnnid, saunakerised, terrassim\u00f6\u00f6bel ja puu materjalid Pakume ahjudele, terrassim\u00f6\u00f6blile ja puitmaterjalidele kahte tarnev\u00f5imalust:&nbsp;Loe&hellip;","_links":{"self":[{"href":"https:\/\/luxsauna.fi\/et\/wp-json\/wp\/v2\/pages\/7547"}],"collection":[{"href":"https:\/\/luxsauna.fi\/et\/wp-json\/wp\/v2\/pages"}],"about":[{"href":"https:\/\/luxsauna.fi\/et\/wp-json\/wp\/v2\/types\/page"}],"author":[{"embeddable":true,"href":"https:\/\/luxsauna.fi\/et\/wp-json\/wp\/v2\/users\/2"}],"replies":[{"embeddable":true,"href":"https:\/\/luxsauna.fi\/et\/wp-json\/wp\/v2\/comments?post=7547"}],"version-history":[{"count":3,"href":"https:\/\/luxsauna.fi\/et\/wp-json\/wp\/v2\/pages\/7547\/revisions"}],"predecessor-version":[{"id":7578,"href":"https:\/\/luxsauna.fi\/et\/wp-json\/wp\/v2\/pages\/7547\/revisions\/7578"}],"wp:attachment":[{"href":"https:\/\/luxsauna.fi\/et\/wp-json\/wp\/v2\/media?parent=7547"}],"curies":[{"name":"wp","href":"https:\/\/api.w.org\/{rel}","templated":true}]}}