{"id":7537,"date":"2023-07-05T10:02:29","date_gmt":"2023-07-05T07:02:29","guid":{"rendered":"https:\/\/luxsauna.fi\/makseviisid\/"},"modified":"2024-05-07T15:32:02","modified_gmt":"2024-05-07T12:32:02","slug":"makseviisid","status":"publish","type":"page","link":"https:\/\/luxsauna.fi\/et\/makseviisid\/","title":{"rendered":"Makseviisid"},"content":{"rendered":"\n<div style=\"height:40px\" aria-hidden=\"true\" class=\"wp-block-spacer\"><\/div>\n\n\n\n<h1 class=\"wp-block-heading\">Makseviisid<\/h1>\n\n\n\n<p>Soovime muuta teie ostukogemuse v\u00f5imalikult meeldivaks ning pakkuda teile turvalisi ja usaldusv\u00e4\u00e4rseid maksev\u00f5imalusi. Allpool on nimekiri meie poolt aktsepteeritavatest makseviisidest, mis k\u00f5ik vastavad Soome tarbijakaitseseadusele.<\/p>\n\n\n\n<h2 class=\"wp-block-heading\">1. Klarna<\/h2>\n\n\n\n<p>Pakume Klarna makseteenust, mis pakub paindlikke maksev\u00f5imalusi. Klarna maksega saate oma ostu eest tasuda:<\/p>\n\n\n\n<ul>\n<li>Maksa arvega<\/li>\n\n\n\n<li>J\u00e4relmaksu plaanil<\/li>\n\n\n\n<li>Klarna kontoga <\/li>\n<\/ul>\n\n\n\n<p>Klarna maksetingimused leiate meie veebisaidilt ja need kehtivad Klarna maksete tegemisel.<\/p>\n\n\n\n<h2 class=\"wp-block-heading\">2. Krediitkaardid (Klarna v\u00f5i Stripe)<\/h2>\n\n\n\n<p>Aktsepteerime j\u00e4rgmisi krediitkaarte:<\/p>\n\n\n\n<ul>\n<li>Visa<\/li>\n\n\n\n<li>Visa Electron<\/li>\n\n\n\n<li>Mastercard<\/li>\n\n\n\n<li>Maestro<\/li>\n<\/ul>\n\n\n\n<h2 class=\"wp-block-heading\">3. Interneti-pangateenused (Klarna)<\/h2>\n\n\n\n<p>Pakume v\u00f5imalust tasuda oma ostude eest populaarseimate internetipankade abil.<\/p>\n\n\n\n<h2 class=\"wp-block-heading\">Muud kaalutlused<\/h2>\n\n\n\n<p>Pange t\u00e4hele, et makseviisi valik v\u00f5ib erineda s\u00f5ltuvalt tellimuse koguv\u00e4\u00e4rtusest, toodetest v\u00f5i muudest teguritest. P\u00fc\u00fcame pakkuda v\u00f5imalikult laia valikut v\u00f5imalusi, et saaksite valida endale sobivaima makseviisi.<\/p>\n\n\n\n<p>K\u00f5ik meie pakutavad makseviisid vastavad Soome tarbijakaitseseadusele. Oleme v\u00f5tnud endale kohustuse j\u00e4rgida Soome tarbijaameti juhiseid ja tagada, et meie kliendid oleksid oma \u00f5igustes kaitstud.<\/p>\n\n\n\n<p>Meie ostutehingud on alati turvalised ja usaldusv\u00e4\u00e4rsed. Garanteerime teie privaatsuse ja isikuandmete kaitse k\u00f5igi maksetehingute puhul.<\/p>\n\n\n\n<p>Kui teil on makseviiside kohta k\u00fcsimusi v\u00f5i vajate lisateavet, v\u00f5tke meiega kindlasti \u00fchendust.<\/p>\n","protected":false},"excerpt":{"rendered":"<p>Makseviisid Soovime muuta teie ostukogemuse v\u00f5imalikult meeldivaks ning pakkuda teile turvalisi ja usaldusv\u00e4\u00e4rseid maksev\u00f5imalusi. Allpool on nimekiri meie poolt aktsepteeritavatest makseviisidest, mis k\u00f5ik vastavad Soome tarbijakaitseseadusele. 1. Klarna Pakume Klarna makseteenust, mis pakub paindlikke maksev\u00f5imalusi. Klarna maksega saate oma ostu eest tasuda: Klarna maksetingimused leiate meie veebisaidilt ja need kehtivad Klarna maksete tegemisel. 2. Krediitkaardid&nbsp;<a class=\"readbutton\" href=\"https:\/\/luxsauna.fi\/et\/makseviisid\/\">Loe rohkem<\/a><\/p>\n","protected":false},"author":2,"featured_media":0,"parent":0,"menu_order":0,"comment_status":"closed","ping_status":"closed","template":"","meta":{"_uag_custom_page_level_css":"","_genesis_hide_title":false,"_genesis_hide_breadcrumbs":false,"_genesis_hide_singular_image":false,"_genesis_hide_footer_widgets":false,"_genesis_custom_body_class":"","_genesis_custom_post_class":"","_genesis_layout":"","footnotes":""},"featured_image_src":null,"featured_image_src_square":null,"uagb_featured_image_src":{"full":false,"thumbnail":false,"medium":false,"medium_large":false,"large":false,"1536x1536":false,"2048x2048":false,"featured-blog":false,"sidebar-thumbnail":false,"gb-block-post-grid-landscape":false,"gb-block-post-grid-square":false,"cfw_cart_thumb":false,"woocommerce_thumbnail":false,"woocommerce_single":false,"woocommerce_gallery_thumbnail":false},"uagb_author_info":{"display_name":"Christine","author_link":"https:\/\/luxsauna.fi\/et\/author\/christine\/"},"uagb_comment_info":0,"uagb_excerpt":"Makseviisid Soovime muuta teie ostukogemuse v\u00f5imalikult meeldivaks ning pakkuda teile turvalisi ja usaldusv\u00e4\u00e4rseid maksev\u00f5imalusi. Allpool on nimekiri meie poolt aktsepteeritavatest makseviisidest, mis k\u00f5ik vastavad Soome tarbijakaitseseadusele. 1. Klarna Pakume Klarna makseteenust, mis pakub paindlikke maksev\u00f5imalusi. Klarna maksega saate oma ostu eest tasuda: Klarna maksetingimused leiate meie veebisaidilt ja need kehtivad Klarna maksete tegemisel. 2. Krediitkaardid&nbsp;Loe&hellip;","_links":{"self":[{"href":"https:\/\/luxsauna.fi\/et\/wp-json\/wp\/v2\/pages\/7537"}],"collection":[{"href":"https:\/\/luxsauna.fi\/et\/wp-json\/wp\/v2\/pages"}],"about":[{"href":"https:\/\/luxsauna.fi\/et\/wp-json\/wp\/v2\/types\/page"}],"author":[{"embeddable":true,"href":"https:\/\/luxsauna.fi\/et\/wp-json\/wp\/v2\/users\/2"}],"replies":[{"embeddable":true,"href":"https:\/\/luxsauna.fi\/et\/wp-json\/wp\/v2\/comments?post=7537"}],"version-history":[{"count":2,"href":"https:\/\/luxsauna.fi\/et\/wp-json\/wp\/v2\/pages\/7537\/revisions"}],"predecessor-version":[{"id":7574,"href":"https:\/\/luxsauna.fi\/et\/wp-json\/wp\/v2\/pages\/7537\/revisions\/7574"}],"wp:attachment":[{"href":"https:\/\/luxsauna.fi\/et\/wp-json\/wp\/v2\/media?parent=7537"}],"curies":[{"name":"wp","href":"https:\/\/api.w.org\/{rel}","templated":true}]}}