{"id":7526,"date":"2023-07-05T10:36:10","date_gmt":"2023-07-05T07:36:10","guid":{"rendered":"https:\/\/luxsauna.fi\/garantii\/"},"modified":"2024-05-07T15:26:30","modified_gmt":"2024-05-07T12:26:30","slug":"garantii","status":"publish","type":"page","link":"https:\/\/luxsauna.fi\/et\/garantii\/","title":{"rendered":"Garantii"},"content":{"rendered":"\n<div style=\"height:40px\" aria-hidden=\"true\" class=\"wp-block-spacer\"><\/div>\n\n\n\n<h1 class=\"wp-block-heading\">Garantii<\/h1>\n\n\n\n<p>Sellelt lehelt leiate meie toodetele garantiid.<\/p>\n\n\n\n<h2 class=\"wp-block-heading\">\u00d5uesaunad<\/h2>\n\n\n\n<p>Terrassisaunade garantii on materjalidele ja komponentidele 2 aastat.<\/p>\n\n\n\n<h2 class=\"wp-block-heading\">K\u00fcmblust\u00fcnnid<\/h2>\n\n\n\n<p>K\u00fcmblust\u00fcnnile ja selle varuosadele kehtib 3-aastane garantii ning lisaks on vannide klaaskiust basseinile 5-aastane garantii. <\/p>\n\n\n\n<h2 class=\"wp-block-heading\">Sauna kerised<\/h2>\n\n\n\n<p>Ahjude garantii erineb olenevalt margist.<\/p>\n\n\n\n<h2 class=\"wp-block-heading\">Puitmaterjalid<\/h2>\n\n\n\n<p>Puitmaterjalidele kehtib garantii, mis p\u00f5hineb m\u00fc\u00fcja konkreetsel lepingus toodud andmetel. M\u00fc\u00fcja ei vastuta toote sobivuse eest kliendi sihtotstarbeliseks kasutamiseks, v\u00e4lja arvatud juhul, kui m\u00fc\u00fcja oli sellest lepingut s\u00f5lmides teadlik. Puittooted on individuaalsed ning tarnitavad tooted v\u00f5ivad esitletud piltidelt erineda n\u00e4iteks v\u00e4rvitooni v\u00f5i pinnamustrite poolest.<\/p>\n\n\n\n<p>M\u00fc\u00fcja annab kliendi tellimuse j\u00e4rgi valmistatud toodetele ehitusgarantii, mis kehtib 6 kuud alates tehingu tegemise hetkest. See garantii katab tootmisdefektid ja materjalidefektid.<\/p>\n","protected":false},"excerpt":{"rendered":"<p>Garantii Sellelt lehelt leiate meie toodetele garantiid. \u00d5uesaunad Terrassisaunade garantii on materjalidele ja komponentidele 2 aastat. K\u00fcmblust\u00fcnnid K\u00fcmblust\u00fcnnile ja selle varuosadele kehtib 3-aastane garantii ning lisaks on vannide klaaskiust basseinile 5-aastane garantii. Sauna kerised Ahjude garantii erineb olenevalt margist. Puitmaterjalid Puitmaterjalidele kehtib garantii, mis p\u00f5hineb m\u00fc\u00fcja konkreetsel lepingus toodud andmetel. M\u00fc\u00fcja ei vastuta toote sobivuse&nbsp;<a class=\"readbutton\" href=\"https:\/\/luxsauna.fi\/et\/garantii\/\">Loe rohkem<\/a><\/p>\n","protected":false},"author":2,"featured_media":0,"parent":0,"menu_order":0,"comment_status":"closed","ping_status":"closed","template":"","meta":{"_uag_custom_page_level_css":"","_genesis_hide_title":false,"_genesis_hide_breadcrumbs":false,"_genesis_hide_singular_image":false,"_genesis_hide_footer_widgets":false,"_genesis_custom_body_class":"","_genesis_custom_post_class":"","_genesis_layout":"","footnotes":""},"featured_image_src":null,"featured_image_src_square":null,"uagb_featured_image_src":{"full":false,"thumbnail":false,"medium":false,"medium_large":false,"large":false,"1536x1536":false,"2048x2048":false,"featured-blog":false,"sidebar-thumbnail":false,"gb-block-post-grid-landscape":false,"gb-block-post-grid-square":false,"cfw_cart_thumb":false,"woocommerce_thumbnail":false,"woocommerce_single":false,"woocommerce_gallery_thumbnail":false},"uagb_author_info":{"display_name":"Christine","author_link":"https:\/\/luxsauna.fi\/et\/author\/christine\/"},"uagb_comment_info":0,"uagb_excerpt":"Garantii Sellelt lehelt leiate meie toodetele garantiid. \u00d5uesaunad Terrassisaunade garantii on materjalidele ja komponentidele 2 aastat. K\u00fcmblust\u00fcnnid K\u00fcmblust\u00fcnnile ja selle varuosadele kehtib 3-aastane garantii ning lisaks on vannide klaaskiust basseinile 5-aastane garantii. Sauna kerised Ahjude garantii erineb olenevalt margist. Puitmaterjalid Puitmaterjalidele kehtib garantii, mis p\u00f5hineb m\u00fc\u00fcja konkreetsel lepingus toodud andmetel. M\u00fc\u00fcja ei vastuta toote sobivuse&nbsp;Loe&hellip;","_links":{"self":[{"href":"https:\/\/luxsauna.fi\/et\/wp-json\/wp\/v2\/pages\/7526"}],"collection":[{"href":"https:\/\/luxsauna.fi\/et\/wp-json\/wp\/v2\/pages"}],"about":[{"href":"https:\/\/luxsauna.fi\/et\/wp-json\/wp\/v2\/types\/page"}],"author":[{"embeddable":true,"href":"https:\/\/luxsauna.fi\/et\/wp-json\/wp\/v2\/users\/2"}],"replies":[{"embeddable":true,"href":"https:\/\/luxsauna.fi\/et\/wp-json\/wp\/v2\/comments?post=7526"}],"version-history":[{"count":2,"href":"https:\/\/luxsauna.fi\/et\/wp-json\/wp\/v2\/pages\/7526\/revisions"}],"predecessor-version":[{"id":7572,"href":"https:\/\/luxsauna.fi\/et\/wp-json\/wp\/v2\/pages\/7526\/revisions\/7572"}],"wp:attachment":[{"href":"https:\/\/luxsauna.fi\/et\/wp-json\/wp\/v2\/media?parent=7526"}],"curies":[{"name":"wp","href":"https:\/\/api.w.org\/{rel}","templated":true}]}}