{"id":7516,"date":"2023-07-05T09:43:12","date_gmt":"2023-07-05T06:43:12","guid":{"rendered":"https:\/\/luxsauna.fi\/tagastamisoigus\/"},"modified":"2024-05-07T15:31:39","modified_gmt":"2024-05-07T12:31:39","slug":"tagastamisoigus","status":"publish","type":"page","link":"https:\/\/luxsauna.fi\/et\/tagastamisoigus\/","title":{"rendered":"Tagastamis\u00f5igus"},"content":{"rendered":"\n<div style=\"height:40px\" aria-hidden=\"true\" class=\"wp-block-spacer\"><\/div>\n\n\n\n<h2 class=\"wp-block-heading\">\u00dcldine teave tagastamise kohta<\/h2>\n\n\n\n<p>Tagastamis\u00f5igus ja meie tagastuspoliitika s\u00f5ltuvad tootest.<\/p>\n\n\n\n<p>Toote tagastamiseks peab see olema kasutamata ja samas seisukorras kui selle k\u00e4ttesaamisel.<\/p>\n\n\n\n<p>Tagastamis\u00f5igus ei kehti toodete tellimisel, mis valmistatakse kliendi soovil eraldi.<\/p>\n\n\n\n<p>Tagastamine on lihtne:<\/p>\n\n\n\n<ol>\n<li>V\u00f5tke \u00fchendust meie klienditeenindusega e-posti teel myynti (at) luxsauna.fi ja edastage oma ostu andmed (arve\/kviitung) ja tagastamise p\u00f5hjus.<\/li>\n\n\n\n<li>Kui olete heakskiidu saanud, pakkige toode hoolikalt ja saatke see usaldusv\u00e4\u00e4rset saatmisteenust kasutades tagasi meie antud aadressile.<\/li>\n\n\n\n<li>Vaatame tagastatud toote kohe \u00fcle ja menetleme raha tagastamise v\u00f5i vahetuse 14 p\u00e4eva jooksul.<\/li>\n<\/ol>\n\n\n\n<p>Palun lugege iga toote kohta allolevat tagastusinfot.<\/p>\n\n\n\n<h3 class=\"wp-block-heading\">Saunad<\/h3>\n\n\n\n<p>Saate tasuda 100% hinnast ja saada kogu raha tagasi enne, kui saunaosa tootmine on alanud, miinus Klarna, Stripe ja meie panga t\u00f6\u00f6tlemiskulud. <strong>Kui oleme tootmist alustanud<\/strong>, ei saa te raha tagasi, sest kuigi seisame oma toodete kvaliteedi taga, peame puidu ja t\u00f6\u00f6tajate eest maksma.<\/p>\n\n\n\n<p>Sama kehtib ka siis, kui otsustate maksta osamaksetena 35% ja 65%. N\u00e4iteks saab maksta 35%, mis on t\u00e4ielikult tagastatav kuni tootmise alguseni, millest on maha arvatud Klarna, Stripe ja meie panga t\u00f6\u00f6tlemiskulud. P\u00e4rast tootmise algust seda enam ei tagastata. \u00dclej\u00e4\u00e4nud 65% + saatekulud on samuti pole tagastatavad ja tuleb tasuda peale saunaosa valmimist, enne kui selle Teie aadressile toimetame.<\/p>\n\n\n\n<h3 class=\"wp-block-heading\">Palgid, ahjud, terrassim\u00f6\u00f6bel ja puitmaterjalid*<\/h3>\n\n\n\n<p>Palkide, ahjude, terrassim\u00f6\u00f6bli ja puitmaterjalide tagastamise \u00f5igus on 14 p\u00e4eva peale toote k\u00e4ttesaamist. Tagastatav toode peab olema kasutamata, originaalpakendis ja tagastamiseks pakitud. Tagastamise kulud kohustub klient tasuma ise. <\/p>\n\n\n\n<p>Kui ostust on m\u00f6\u00f6dunud 14 p\u00e4eva, ei saa me teile pakkuda t\u00e4ielikku raha tagasi v\u00f5i vahetust.<\/p>\n\n\n\n<p>*<strong>Puitmaterjalid<\/strong>: Kui toode on paigaldatud, ei ole seda enam v\u00f5imalik tagastada.<\/p>\n\n\n\n<h2 class=\"wp-block-heading\">Makse tagastamine<\/h2>\n\n\n\n<p>Raha tagastamine Kui teie tagastus on k\u00e4tte saadud ja kontrollitud, saadame teile e-kirja, mis teavitab teid, et oleme tagastatud toote k\u00e4tte saanud. Samuti teavitame teid tagasimakse vastuv\u00f5tmisest v\u00f5i tagasil\u00fckkamisest.<\/p>\n\n\n\n<p>Kui tagasimakse kinnitatakse, t\u00f6\u00f6deldakse teie tagasimakset ja teie krediitkaarti v\u00f5i algset makseviisi krediteeritakse automaatselt 14 p\u00e4eva jooksul.<\/p>\n\n\n\n<p><b>Hilinenud v\u00f5i puuduv tagastamine<\/b><\/p>\n\n\n\n<p>Kui te pole veel tagasimakset saanud, kontrollige esmalt uuesti oma pangakontot.<\/p>\n\n\n\n<p>Seej\u00e4rel v\u00f5tke \u00fchendust oma krediitkaardiettev\u00f5ttega. Teie tagasimakse ametlikuks saatmiseks v\u00f5ib kuluda veidi aega.<\/p>\n\n\n\n<p>J\u00e4rgmisena v\u00f5tke \u00fchendust oma pangaga. T\u00f6\u00f6tlemine v\u00f5tab sageli aega, enne kui raha tagasi saadetakse.<\/p>\n\n\n\n<p>Kui olete seda k\u00f5ike teinud, kuid pole ikka veel raha tagasi saanud, v\u00f5tke meiega \u00fchendust aadressil myynti (at) luxsauna.fi.<\/p>\n\n\n\n<p><b>Allahinnatud tooted<\/b><\/p>\n\n\n\n<p>Tagastada saab ainult tavahinnaga tooteid. Soodushinnaga tooteid tagastada ei saa.<\/p>\n\n\n\n<h2 class=\"wp-block-heading\">Vahetus\u00f5igus<\/h2>\n\n\n\n<p>Vahetame tooted v\u00e4lja ainult siis, kui need on defektsed v\u00f5i kahjustatud kohe p\u00e4rast k\u00e4ttesaamist. Kui teil on vaja vahetada sama toote vastu, saatke meile e-kiri aadressil myynti (at) luxsauna.fi ja me anname juhised vahetuse kohta.<\/p>\n\n\n\n<h2 class=\"wp-block-heading\">Saatekulu tagastamine<\/h2>\n\n\n\n<p>Tellija vastutab toote tagastamisega kaasnevate saatmiskulude tasumise eest. Kohaletoimetamise kulusid ei tagastata. Kui saate raha tagasi, arvatakse teie tagasimaksest maha tagastamise saatmiskulud.<\/p>\n\n\n\n<p>Vahetatava toote saabumisaeg v\u00f5ib varieeruda s\u00f5ltuvalt saadavusest ja teie elukohast.<\/p>\n\n\n\n<p>Kui tagastate kallimaid kaupu, v\u00f5ite kaaluda j\u00e4lgitava saatmisteenuse kasutamist v\u00f5i transpordikindlustuse s\u00f5lmimist. Me ei garanteeri, et saame tagastatud toote k\u00e4tte.<\/p>\n\n\n\n<h2 class=\"wp-block-heading\">Kas vajad abi?<\/h2>\n\n\n\n<p>Kui teil on tagasimaksete ja tagastamise kohta k\u00fcsimusi, v\u00f5tke meiega \u00fchendust aadressil myynti (at) luxsauna.fi v\u00f5i meie vestlusteenuse kaudu.<\/p>\n\n\n\n<p><em>Meil on \u00f5igus tagastamis\u00f5igusi muuta ja nendega tutvumine on kliendi kohustus.<\/em><\/p>\n","protected":false},"excerpt":{"rendered":"<p>\u00dcldine teave tagastamise kohta Tagastamis\u00f5igus ja meie tagastuspoliitika s\u00f5ltuvad tootest. Toote tagastamiseks peab see olema kasutamata ja samas seisukorras kui selle k\u00e4ttesaamisel. Tagastamis\u00f5igus ei kehti toodete tellimisel, mis valmistatakse kliendi soovil eraldi. Tagastamine on lihtne: Palun lugege iga toote kohta allolevat tagastusinfot. Saunad Saate tasuda 100% hinnast ja saada kogu raha tagasi enne, kui saunaosa&nbsp;<a class=\"readbutton\" href=\"https:\/\/luxsauna.fi\/et\/tagastamisoigus\/\">Loe rohkem<\/a><\/p>\n","protected":false},"author":1,"featured_media":0,"parent":0,"menu_order":0,"comment_status":"closed","ping_status":"closed","template":"","meta":{"_uag_custom_page_level_css":"","_genesis_hide_title":false,"_genesis_hide_breadcrumbs":false,"_genesis_hide_singular_image":false,"_genesis_hide_footer_widgets":false,"_genesis_custom_body_class":"","_genesis_custom_post_class":"","_genesis_layout":"","footnotes":""},"featured_image_src":null,"featured_image_src_square":null,"uagb_featured_image_src":{"full":false,"thumbnail":false,"medium":false,"medium_large":false,"large":false,"1536x1536":false,"2048x2048":false,"featured-blog":false,"sidebar-thumbnail":false,"gb-block-post-grid-landscape":false,"gb-block-post-grid-square":false,"cfw_cart_thumb":false,"woocommerce_thumbnail":false,"woocommerce_single":false,"woocommerce_gallery_thumbnail":false},"uagb_author_info":{"display_name":"Raido","author_link":"https:\/\/luxsauna.fi\/et\/author\/sauna\/"},"uagb_comment_info":0,"uagb_excerpt":"\u00dcldine teave tagastamise kohta Tagastamis\u00f5igus ja meie tagastuspoliitika s\u00f5ltuvad tootest. Toote tagastamiseks peab see olema kasutamata ja samas seisukorras kui selle k\u00e4ttesaamisel. Tagastamis\u00f5igus ei kehti toodete tellimisel, mis valmistatakse kliendi soovil eraldi. Tagastamine on lihtne: Palun lugege iga toote kohta allolevat tagastusinfot. Saunad Saate tasuda 100% hinnast ja saada kogu raha tagasi enne, kui saunaosa&nbsp;Loe&hellip;","_links":{"self":[{"href":"https:\/\/luxsauna.fi\/et\/wp-json\/wp\/v2\/pages\/7516"}],"collection":[{"href":"https:\/\/luxsauna.fi\/et\/wp-json\/wp\/v2\/pages"}],"about":[{"href":"https:\/\/luxsauna.fi\/et\/wp-json\/wp\/v2\/types\/page"}],"author":[{"embeddable":true,"href":"https:\/\/luxsauna.fi\/et\/wp-json\/wp\/v2\/users\/1"}],"replies":[{"embeddable":true,"href":"https:\/\/luxsauna.fi\/et\/wp-json\/wp\/v2\/comments?post=7516"}],"version-history":[{"count":2,"href":"https:\/\/luxsauna.fi\/et\/wp-json\/wp\/v2\/pages\/7516\/revisions"}],"predecessor-version":[{"id":7575,"href":"https:\/\/luxsauna.fi\/et\/wp-json\/wp\/v2\/pages\/7516\/revisions\/7575"}],"wp:attachment":[{"href":"https:\/\/luxsauna.fi\/et\/wp-json\/wp\/v2\/media?parent=7516"}],"curies":[{"name":"wp","href":"https:\/\/api.w.org\/{rel}","templated":true}]}}