{"id":7480,"date":"2020-11-17T12:36:19","date_gmt":"2020-11-17T10:36:19","guid":{"rendered":"https:\/\/luxsauna.fi\/tietosuoja-ja-evastekaytanto\/"},"modified":"2024-05-07T15:30:46","modified_gmt":"2024-05-07T12:30:46","slug":"privaatsus-ja-kupsiseeskiri","status":"publish","type":"page","link":"https:\/\/luxsauna.fi\/et\/privaatsus-ja-kupsiseeskiri\/","title":{"rendered":"Privaatsus- ja k\u00fcpsiseeskiri"},"content":{"rendered":"\n<div style=\"height:40px\" aria-hidden=\"true\" class=\"wp-block-spacer\"><\/div>\n\n\n\n<h1 class=\"wp-block-heading\">Privaatsus- ja k\u00fcpsiseeskiri <\/h1>\n\n\n\n<p>Meie ettev\u00f5tte privaatsus- ja k\u00fcpsiseeskiri<\/p>\n\n\n\n<p>See privaatsus- ja k\u00fcpsiseeskiri selgitab, kuidas kasutame isikuandmeid, mida kogume teie kohta, kui k\u00fclastate meie veebisaiti, tellite meie uudiskirja v\u00f5i ostate meie tooteid ja teenuseid.<\/p>\n\n\n\n<p>K\u00e4sitletavad teemad:<\/p>\n\n\n\n<ul>\n<li>Milliseid andmeid me kogume? <\/li>\n\n\n\n<li>Kuidas me teie andmeid kogume? <\/li>\n\n\n\n<li>Kuidas me teie andmeid kasutame? <\/li>\n\n\n\n<li>Kuidas me teie andmeid salvestame? <\/li>\n\n\n\n<li>Turundus <\/li>\n\n\n\n<li>Millised on teie privaatsus\u00f5igused? <\/li>\n\n\n\n<li>Mis on k\u00fcpsised? <\/li>\n\n\n\n<li>Kuidas me k\u00fcpsiseid kasutame? <\/li>\n\n\n\n<li>Milliseid k\u00fcpsiseid me kasutame? <\/li>\n\n\n\n<li>Kuidas oma k\u00fcpsiseid hallata? <\/li>\n\n\n\n<li>Teiste veebisaitide privaatsuspoliitika Muudatused privaatsuspoliitikas <\/li>\n\n\n\n<li>Kuidas meiega \u00fchendust v\u00f5tta? <\/li>\n<\/ul>\n\n\n\n<p><strong>Milliseid andmeid me kogume? <\/strong><\/p>\n\n\n\n<p>Meie ettev\u00f5te Lux Sauna O\u00dc (saunapood) kogub j\u00e4rgmisi andmeid:<\/p>\n\n\n\n<ul>\n<li>Isiklikud tuvastatavad andmed (nimi, e-posti aadress, telefoninumber ja krediitkaardiandmed) <\/li>\n\n\n\n<li>Mitteisiklikud tuvastatavad andmed (brauseri nimi, arvuti t\u00fc\u00fcp, operatsioonis\u00fcsteemid, Interneti-teenuse pakkujad ja muud sellega seotud andmed) <\/li>\n<\/ul>\n\n\n\n<p>Lisaks kogume meie veebisaidi statistilisi ja m\u00f5\u00f5tmisandmeid, nagu lehek\u00fclgede vaatamiste arv, v\u00e4ljumise m\u00e4\u00e4r, veebisaidil viibitud aeg ja muud kasutajate kaasatuse ja s\u00e4ilitamise taseme parandamiseks m\u00f5eldud andmed. Need andmed kogutakse ainult Lux Sauna kasutamiseks ja neid ei m\u00fc\u00fcda ega avaldata kellelegi teisele.<\/p>\n\n\n\n<p><strong>Kuidas me teie andmeid kogume?<\/strong><\/p>\n\n\n\n<p>Andsite meie ettev\u00f5ttele suurema osa meie kogutud andmetest otse. Kogume ja t\u00f6\u00f6tleme andmeid j\u00e4rgmistel juhtudel:<\/p>\n\n\n\n<ul>\n<li>Ostate meie tooteid v\u00f5i teenuseid, nagu \u00f5ue saunad, k\u00fcmblust\u00fcnnid, t\u00fcnnisaunad ja muud saunad v\u00f5i teenused. <\/li>\n\n\n\n<li>T\u00e4idate vabatahtlikult &#8220;liitu meie uudiskirjaga&#8221;. <\/li>\n\n\n\n<li>Annate tagasisidet meie toodete ja teenuste kohta. <\/li>\n<\/ul>\n\n\n\n<p>Meie ettev\u00f5te v\u00f5ib saada teie andmeid ka kaudselt j\u00e4rgmistest allikatest:<\/p>\n\n\n\n<p>Kui k\u00fclastate meie veebisaiti &#8211; k\u00fcpsised (selgitatud teistes teemades) ja statistilised andmed, mida mainitakse kogutavate andmete all. <\/p>\n\n\n\n<p>V\u00f5i mis tahes muu tegevuse, teenuste, funktsioonide v\u00f5i ressursside kaudu, mille oleme k\u00e4ttesaadavaks teinud meie veebisaidil.<\/p>\n\n\n\n<p><strong>Kuidas me teie andmeid kasutame?<\/strong><\/p>\n\n\n\n<p>Meie ettev\u00f5te kogub teie andmeid, et saaksime:<\/p>\n\n\n\n<ul>\n<li>T\u00f6\u00f6delda teie tellimusi<\/li>\n\n\n\n<li>V\u00f5tame teie taotluse j\u00e4tmist \u00fchendust telefoni, e-posti <\/li>\n\n\n\n<li>Saadame e-posti eripakkumisi toodetest <\/li>\n\n\n\n<li>Pakume turunduskampaaniaid, mis on spetsiaalselt kohandatud teie praeguste ostude ja eelistuste p\u00f5hjal. <\/li>\n<\/ul>\n\n\n\n<p>Lisaks v\u00f5idakse teie andmeid jagada kolmandate osapooltega, nagu:<\/p>\n\n\n\n<ul>\n<li>Raamatupidajad<\/li>\n\n\n\n<li>Kullerid <\/li>\n\n\n\n<li>Tellimuste t\u00f6\u00f6tlemise ajal petturluse \u00e4rahoidmiseks v\u00f5ib meie ettev\u00f5te edastada teie andmeid ja kasutada ka teie kohta luottotietotoimistojen andmeid.<\/li>\n<\/ul>\n\n\n\n<p><strong>Kuidas me teie andmeid salvestame?<\/strong><\/p>\n\n\n\n<p>Meie ettev\u00f5te salvestab teie andmed turvaliselt WordPress, Getresponse&#8217;i ja Clickfunnels&#8217;i serverikeskustesse ning neid andmeid ei \u00fclekanta muudesse andmehalduskeskustesse. See muudab selle v\u00e4ga turvaliseks, kuna neil platvormil on k\u00f5rge ettevaatlikkus salvestatud andmete turvalisuse suhtes.<\/p>\n\n\n\n<p>Kui otsustate loobuda meie uudiskirjast v\u00f5i paluda oma andmete kustutamist, kustutatakse teie andmed p\u00fcsivalt serverikeskustest v\u00f5i muul viisil, kus need on s\u00e4ilitatud ja kogutud teate saamisest alates aasta jooksul.<\/p>\n\n\n\n<p><strong>Turundus<\/strong><\/p>\n\n\n\n<p>Meie ettev\u00f5te soovib saata teile teavet ja pakkumisi uute toodete ja teenuste kohta, mida soovite osta. Soovime samuti saata teile turundusteavet ettev\u00f5tetelt, kellega oleme teinud koost\u00f6\u00f6d.<\/p>\n\n\n\n<p>See tehakse p\u00e4rast seda, kui olete n\u00f5ustunud meilt turunduskampaaniatega ja e-kirjadega, valides meie uudiskirja. Saate igal ajal hiljem loobuda.<\/p>\n\n\n\n<p>Saadud andmeid s\u00e4ilitatakse seni, kuni saadame teile uut sisu, pakkumisi v\u00f5i uudiskirju, mida valisite. See kustutatakse p\u00e4rast seda, kui me teile enam midagi ei paku v\u00f5i kui otsustate meie uudiskirjast loobuda. Lisaks, kui palute oma andmete kustutamist.<\/p>\n\n\n\n<p>Teil on igal ajal t\u00e4ielik \u00f5igus l\u00f5petada turunduskampaaniate e-posti v\u00f5i telefoni teel vastuv\u00f5tmine ning l\u00f5petada andmete edastamine meie partneritele ja muudele meie \u00e4ritegevuse liikmetele.<\/p>\n\n\n\n<p>Kui te ei soovi meilt enam e-kirju saada, kl\u00f5psake siin.<\/p>\n\n\n\n<p><strong>Mis on teie privaatsus\u00f5igused?<\/strong><\/p>\n\n\n\n<p>Meie ettev\u00f5te soovib tagada, et oleksite t\u00e4ielikult teadlik k\u00f5igist oma privaatsus\u00f5igustest. Igal kasutajal on j\u00e4rgmised \u00f5igused:<\/p>\n\n\n\n<p><strong>\u00d5igus saada teavet <\/strong>&#8211; Teil on \u00f5igus paluda meie ettev\u00f5ttel teie kohta olevaid isikuandmeid. Selle teenuse eest v\u00f5idakse k\u00fcsida v\u00e4ikest tasu.<\/p>\n\n\n\n<p><strong>\u00d5igus parandamisele<\/strong> &#8211; Teil on \u00f5igus paluda meie ettev\u00f5ttel parandada k\u00f5iki andmeid, mida peate ebat\u00e4pseks. Teil on ka \u00f5igus paluda t\u00e4iendavaid puuduvaid andmeid.<\/p>\n\n\n\n<p><strong>\u00d5igus andmete kustutamisele<\/strong> &#8211; Teil on \u00f5igus paluda meie ettev\u00f5ttel kustutada teie isikuandmed teatud tingimustel.<\/p>\n\n\n\n<p><strong>\u00d5igus t\u00f6\u00f6tlemise piiramisele <\/strong>&#8211; Teil on \u00f5igus paluda meie ettev\u00f5ttel piirata teie isikuandmete t\u00f6\u00f6tlemist teatud tingimustel.<\/p>\n\n\n\n<p><strong>\u00d5igus vastuv\u00e4itele<\/strong> &#8211; Teil on \u00f5igus vastuv\u00e4ita meie ettev\u00f5tte isikuandmete t\u00f6\u00f6tlemist teatud tingimustel.<\/p>\n\n\n\n<p><strong>\u00d5igus andmete \u00fclekandmisele<\/strong> &#8211; Teil on \u00f5igus paluda meie ettev\u00f5ttel edastada teisele organisatsioonile v\u00f5i otse teile kogutud andmed teatud tingimustel.<\/p>\n\n\n\n<p>P\u00e4rast taotluse esitamist on meil \u00fcks kuu aega vastamiseks. Kui soovite kasutada m\u00f5nda \u00fclalnimetatud \u00f5igust, v\u00f5tke meiega \u00fchendust:<\/p>\n\n\n\n<p>+358 40 816 2667<\/p>\n\n\n\n<p>V\u00f5i meiliaadressil<\/p>\n\n\n\n<p><a>myynti@luxsauna.fi<\/a><\/p>\n\n\n\n<p><strong>Mis on k\u00fcpsised?<\/strong><\/p>\n\n\n\n<p>K\u00fcpsised on v\u00e4ikesed failid\/andmed teie arvutist ja teie k\u00fclastusk\u00e4itumisandmetest, mida kogutakse automaatselt ja millele v\u00f5rgu- v\u00f5i klientarvuti p\u00e4\u00e4seb juurde. Lisateavet leiate aadressilt <a href=\"https:\/\/ec.europa.eu\/info\/cookies_fi\" target=\"_blank\" rel=\"noopener\">https:\/\/ec.europa.eu\/info\/cookies_fi<\/a>.<\/p>\n\n\n\n<p><strong>Kuidas me k\u00fcpsiseid kasutame?<\/strong><\/p>\n\n\n\n<p>Meie ettev\u00f5te kasutab k\u00fcpsiseid mitmel viisil, et parandada teie kogemust meie veebisaidil, sealhulgas:<\/p>\n\n\n\n<p>M\u00f5istmaks, kuidas te kasutate meie veebisaiti Turunduskampaaniate pakkumine Sotsiaalmeedia sihtimine Sihtimine uuesti p\u00e4rast meie veebisaidil k\u00e4imist. <\/p>\n\n\n\n<p><strong>Milliseid k\u00fcpsiseid me kasutame?<\/strong><\/p>\n\n\n\n<p>On mitmeid erinevat t\u00fc\u00fcpi k\u00fcpsiseid, kuid meie veebisait kasutab:<\/p>\n\n\n\n<p><strong>Funktsionaalsus<\/strong> &#8211; kui k\u00fclastate meie veebisaiti, kogume k\u00fcpsiste andmeid, et meelde j\u00e4tta teie valitud seaded, nagu n\u00f5ustutud k\u00fcpsised, keel ja asukoht. Me kasutame esimese osapoole k\u00fcpsiseid &#8211; andmete kogumiseks meie veebisaidil. Ja kolmanda osapoole k\u00fcpsised &#8211; mida meie veebisait ei kogu otse, vaid kolmandad osapooled koguvad selle asemel reklaamide sihtimiseks, vestlusrobotite ja sotsiaalsete nuppude jaoks.<\/p>\n\n\n\n<p><strong>Reklaam<\/strong> &#8211; Meie ettev\u00f5te kogub teavet teie visiidi kohta meie veebisaidil, millist sisu olete lugenud, milliseid linke kl\u00f5psanud ja teie IP-aadressi, brauserit ja seadet puudutavaid andmeid. Meie ettev\u00f5te v\u00f5ib jagada neid andmeid reklaamiosapooltele ja reklaamipartneritele reklaamimise eesm\u00e4rgil. See t\u00e4hendab, et kui olete meie veebisaidil k\u00e4inud ja seej\u00e4rel k\u00e4inud teisel veebisaidil, v\u00f5ivad nad n\u00e4idata teile toodete ja teenuste reklaame.<\/p>\n\n\n\n<p><strong>Kuidas oma k\u00fcpsiseid hallata?<\/strong><\/p>\n\n\n\n<p>V\u00f5ite igal ajal seadistada oma brauseri seaded nii, et see ei aktsepteeri k\u00fcpsiseid. Selle tegemise viis s\u00f5ltub iga brauseri ja selle veebisaidi kohta. <a href=\"https:\/\/m.wikihow.com\/Disable-Cookies\" target=\"_blank\" rel=\"noopener\">https:\/\/m.wikihow.com\/Disable-Cookies<\/a><\/p>\n\n\n\n<p><strong>M\u00e4rkus<\/strong>: Kui keelate k\u00fcpsised oma brauseris, v\u00f5ite kaotada m\u00f5ned meie veebisaidi funktsioonid ja omadused.<\/p>\n\n\n\n<p><strong>Teiste veebisaitide privaatsuspoliitika<\/strong><\/p>\n\n\n\n<p>Kuigi meil on linke teistele veebisaitidele, h\u00f5lmab meie privaatsus- ja k\u00fcpsiseeskiri ainult meie veebisaiti. See t\u00e4hendab, et kui kl\u00f5psate linke teisele veebisaidile meie veebisaidilt, peate leidma ja lugema nende poliitikat, et m\u00f5ista, kuidas nad teie andmeid koguvad ja t\u00f6\u00f6tlevad.<\/p>\n\n\n\n<p><strong>Muudatused privaatsuspoliitikas<\/strong><\/p>\n\n\n\n<p>Meie ettev\u00f5te austab suuresti isikuandmeid ja seet\u00f5ttu hoiab oma privaatsuspoliitikat regulaarselt ajakohasena uute andmete kogumise ja t\u00f6\u00f6tlemise osas. Praegune privaatsus- ja k\u00fcpsiseeskiri viimati uuendatud 10. juulil 2023.<\/p>\n\n\n\n<p><strong>Kuidas meiega \u00fchendust v\u00f5tta?<\/strong><\/p>\n\n\n\n<p>Kui teil on k\u00fcsimusi selle kohta, kuidas meie teie andmeid kogume, milliseid andmeid me s\u00e4ilitame ja t\u00f6\u00f6tleme, v\u00f5i kui soovite kasutada m\u00f5nda oma privaatsus\u00f5igustest, \u00e4rge kartke meiega \u00fchendust v\u00f5tta:<\/p>\n\n\n\n<p>Saada meile e-kiri: <a>myynti@luxsauna.fi<\/a><\/p>\n\n\n\n<p>Helista: +358 40 816 2667<\/p>\n","protected":false},"excerpt":{"rendered":"<p>Privaatsus- ja k\u00fcpsiseeskiri Meie ettev\u00f5tte privaatsus- ja k\u00fcpsiseeskiri See privaatsus- ja k\u00fcpsiseeskiri selgitab, kuidas kasutame isikuandmeid, mida kogume teie kohta, kui k\u00fclastate meie veebisaiti, tellite meie uudiskirja v\u00f5i ostate meie tooteid ja teenuseid. K\u00e4sitletavad teemad: Milliseid andmeid me kogume? Meie ettev\u00f5te Lux Sauna O\u00dc (saunapood) kogub j\u00e4rgmisi andmeid: Lisaks kogume meie veebisaidi statistilisi ja m\u00f5\u00f5tmisandmeid,&nbsp;<a class=\"readbutton\" href=\"https:\/\/luxsauna.fi\/et\/privaatsus-ja-kupsiseeskiri\/\">Loe rohkem<\/a><\/p>\n","protected":false},"author":1,"featured_media":0,"parent":0,"menu_order":0,"comment_status":"closed","ping_status":"closed","template":"","meta":{"_uag_custom_page_level_css":"","_genesis_hide_title":false,"_genesis_hide_breadcrumbs":false,"_genesis_hide_singular_image":false,"_genesis_hide_footer_widgets":false,"_genesis_custom_body_class":"","_genesis_custom_post_class":"","_genesis_layout":"full-width-content","footnotes":""},"featured_image_src":null,"featured_image_src_square":null,"uagb_featured_image_src":{"full":false,"thumbnail":false,"medium":false,"medium_large":false,"large":false,"1536x1536":false,"2048x2048":false,"featured-blog":false,"sidebar-thumbnail":false,"gb-block-post-grid-landscape":false,"gb-block-post-grid-square":false,"cfw_cart_thumb":false,"woocommerce_thumbnail":false,"woocommerce_single":false,"woocommerce_gallery_thumbnail":false},"uagb_author_info":{"display_name":"Raido","author_link":"https:\/\/luxsauna.fi\/et\/author\/sauna\/"},"uagb_comment_info":0,"uagb_excerpt":"Privaatsus- ja k\u00fcpsiseeskiri Meie ettev\u00f5tte privaatsus- ja k\u00fcpsiseeskiri See privaatsus- ja k\u00fcpsiseeskiri selgitab, kuidas kasutame isikuandmeid, mida kogume teie kohta, kui k\u00fclastate meie veebisaiti, tellite meie uudiskirja v\u00f5i ostate meie tooteid ja teenuseid. K\u00e4sitletavad teemad: Milliseid andmeid me kogume? Meie ettev\u00f5te Lux Sauna O\u00dc (saunapood) kogub j\u00e4rgmisi andmeid: Lisaks kogume meie veebisaidi statistilisi ja m\u00f5\u00f5tmisandmeid,&nbsp;Loe&hellip;","_links":{"self":[{"href":"https:\/\/luxsauna.fi\/et\/wp-json\/wp\/v2\/pages\/7480"}],"collection":[{"href":"https:\/\/luxsauna.fi\/et\/wp-json\/wp\/v2\/pages"}],"about":[{"href":"https:\/\/luxsauna.fi\/et\/wp-json\/wp\/v2\/types\/page"}],"author":[{"embeddable":true,"href":"https:\/\/luxsauna.fi\/et\/wp-json\/wp\/v2\/users\/1"}],"replies":[{"embeddable":true,"href":"https:\/\/luxsauna.fi\/et\/wp-json\/wp\/v2\/comments?post=7480"}],"version-history":[{"count":3,"href":"https:\/\/luxsauna.fi\/et\/wp-json\/wp\/v2\/pages\/7480\/revisions"}],"predecessor-version":[{"id":7496,"href":"https:\/\/luxsauna.fi\/et\/wp-json\/wp\/v2\/pages\/7480\/revisions\/7496"}],"wp:attachment":[{"href":"https:\/\/luxsauna.fi\/et\/wp-json\/wp\/v2\/media?parent=7480"}],"curies":[{"name":"wp","href":"https:\/\/api.w.org\/{rel}","templated":true}]}}