{"id":3969,"date":"2022-12-12T09:29:31","date_gmt":"2022-12-12T07:29:31","guid":{"rendered":"https:\/\/luxsauna.fi\/unkategorisiert\/lux-sauna-s\/"},"modified":"2024-05-05T15:47:00","modified_gmt":"2024-05-05T12:47:00","slug":"lux-sauna-s","status":"publish","type":"product","link":"https:\/\/luxsauna.fi\/de\/hofsaunen\/lux-sauna-s\/","title":{"rendered":"Traditionelle S-G\u00fcnstige Hofsauna"},"content":{"rendered":"\n<h2 class=\"wp-block-heading\" style=\"font-size:34px;font-style:normal;font-weight:200\">Abmessungen<\/h2>\n\n<p>5.5m2 Sauna<\/p>\n\n<p>Abmessungen: 2200*2570 mm<\/p>\n\n<figure class=\"wp-block-image size-large\"><img decoding=\"async\" width=\"970\" height=\"1024\" src=\"https:\/\/luxsauna.fi\/wp-content\/uploads\/2022\/12\/Lux-Sauna-S-mitat-970x1024.jpg\" alt=\"Abmessungen der Lux-Sauna S\" class=\"wp-image-2269\" srcset=\"https:\/\/luxsauna.fi\/wp-content\/uploads\/2022\/12\/Lux-Sauna-S-mitat-970x1024.jpg 970w, https:\/\/luxsauna.fi\/wp-content\/uploads\/2022\/12\/Lux-Sauna-S-mitat-530x559.jpg 530w, https:\/\/luxsauna.fi\/wp-content\/uploads\/2022\/12\/Lux-Sauna-S-mitat-720x760.jpg 720w, https:\/\/luxsauna.fi\/wp-content\/uploads\/2022\/12\/Lux-Sauna-S-mitat-284x300.jpg 284w, https:\/\/luxsauna.fi\/wp-content\/uploads\/2022\/12\/Lux-Sauna-S-mitat-768x810.jpg 768w, https:\/\/luxsauna.fi\/wp-content\/uploads\/2022\/12\/Lux-Sauna-S-mitat.jpg 1068w\" sizes=\"(max-width: 970px) 100vw, 970px\" \/><\/figure>\n\n<h2 class=\"wp-block-heading\" style=\"font-size:34px;font-style:normal;font-weight:200\">Unsere Sauna hat alles, was ein Saunaliebhaber braucht.<\/h2>\n\n<ul>\n<li>Holz- oder Elektroherd<\/li>\n\n\n\n<li>Teerlepp-Saunaliegen<\/li>\n\n\n\n<li>Glast\u00fcren und Fenster<\/li>\n\n\n\n<li>Schornstein und Schornsteinkappe<\/li>\n\n\n\n<li>Filzbezug<\/li>\n\n\n\n<li>Grundierte Elemente<\/li>\n<\/ul>\n\n<p>Bei der vorgefertigten Lieferung sind Dach, Boden und W\u00e4nde einfach zu montierende Elemente<\/p>\n\n<h2 class=\"wp-block-heading\" style=\"font-size:34px;font-style:normal;font-weight:200\">Zubeh\u00f6r<\/h2>\n\n<ul>\n<li>Wassertank f\u00fcr den Herd<\/li>\n\n\n\n<li>R\u00fcckenlehne<\/li>\n\n\n\n<li>Led-Leuchten<\/li>\n\n\n\n<li>Schloss an der T\u00fcr<\/li>\n\n\n\n<li>Malerei im Freien<\/li>\n\n\n\n<li>Erdarbeiten<\/li>\n\n\n\n<li>Schl\u00fcsselfertige Installation<\/li>\n\n\n\n<li>Zuverl\u00e4ssige Lieferung, auch auf die Insel<\/li>\n<\/ul>\n\n<h3 class=\"wp-block-heading\" style=\"font-size:34px;font-style:normal;font-weight:200\">Traditionelle Hofsauna S Weitere Informationen<\/h3>\n\n<p>Wo die traditionelle Sauna hoch gesch\u00e4tzt wird, bietet Lux Sauna in ganz Finnland sehr entspannende B\u00e4der an. Die g\u00fcnstige traditionelle <a href=\"https:\/\/luxsauna.fi\/de\/produkt-kategorie\/hofsaunen\/\">Gartensauna<\/a> S-Modell hat eine kubische Form und stellt somit auch eine neuere \u00c4ra dar, die an verschiedenen Orten in Finnland sowie in anderen Teilen der Welt gro\u00dfe Popularit\u00e4t erlangt hat. Also, dieser Stil entt\u00e4uscht nicht! Es lockt Saunabesucher zu einem unwiderstehlichen Moment, in dem Entspannung, Beziehungen und Traditionen zusammenkommen. In unserem Sortiment finden Sie auch ein \u00e4hnliches <a href=\"https:\/\/luxsauna.fi\/de\/hofsaunen\/lux-sauna-m\/\">Outdoor-Sauna-Modell mit Umkleideraum<\/a>. Erleben Sie Ihren eigenen Lux-Sauna-Moment mit uns. <\/p>\n\n<h3 class=\"has-larger-font-size wp-block-heading\" style=\"font-style:normal;font-weight:200\">Eine g\u00fcnstige, aber hochwertige Au\u00dfensauna<\/h3>\n\n<p>Die traditionelle S ist die perfekte Hofsauna f\u00fcr G\u00e4ste oder eine Familie, die perfekt Platz f\u00fcr 5 Personen bietet, um gleichzeitig den hei\u00dfen Dampf zu genie\u00dfen und gleichzeitig den Archipel, den Garten oder fast jeden beliebigen Ort in der Landschaft zu genie\u00dfen, an dem sich das Saunamodell befindet. Die drei sch\u00f6n schmalen und l\u00e4nglichen Fenster sorgen f\u00fcr gen\u00fcgend Privatsph\u00e4re und verspotten die Landschaft aus zwei verschiedenen Richtungen.<\/p>\n\n<p>Der bezaubernde Sonnenuntergang, die gr\u00fcne Mittsommernacht und der Winterschnee k\u00f6nnen mit der traditionellen S-Outdoor-Sauna gesehen werden, da die strapazierf\u00e4higen Erlenb\u00e4nke perfekt positioniert sind, so dass Sie von vorne und von der Seite nach drau\u00dfen sehen k\u00f6nnen.<\/p>\n\n<p>Die traditionelle Lux-Sauna S ist eine fertige Sauna, die so transportiert wird, wie sie ist, aber wenn der Standort f\u00fcr den Transport schwierig ist, ist es m\u00f6glich, die Hofsauna als Elemente zu transportieren. <\/p>\n\n<p>Wenn Sie schon immer von einer finnischen Gartensauna getr\u00e4umt haben, die sich in anderen Teilen der Welt gro\u00dfer Beliebtheit erfreut, brauchen Sie nicht l\u00e4nger zu tr\u00e4umen &#8211; jetzt ist es an der Zeit, sie Wirklichkeit werden zu lassen!<\/p>\n","protected":false},"excerpt":{"rendered":"<p>Abmessungen 5.5m2 Sauna Abmessungen: 2200*2570 mm Unsere Sauna hat alles, was ein Saunaliebhaber braucht. Bei der vorgefertigten Lieferung sind Dach, Boden und W\u00e4nde einfach zu montierende Elemente Zubeh\u00f6r Traditionelle Hofsauna S Weitere Informationen Wo die traditionelle Sauna hoch gesch\u00e4tzt wird, bietet Lux Sauna in ganz Finnland sehr entspannende B\u00e4der an. Die g\u00fcnstige traditionelle Gartensauna S-Modell&nbsp;<a class=\"readbutton\" href=\"https:\/\/luxsauna.fi\/de\/hofsaunen\/lux-sauna-s\/\">Weiterlesen<\/a><\/p>\n","protected":false},"featured_media":5381,"comment_status":"open","ping_status":"closed","template":"","meta":{"_uag_custom_page_level_css":"","_genesis_hide_title":false,"_genesis_hide_breadcrumbs":false,"_genesis_hide_singular_image":false,"_genesis_hide_footer_widgets":false,"_genesis_custom_body_class":"","_genesis_custom_post_class":"","_genesis_layout":""},"product_cat":[136,235,131],"product_tag":[],"berocket_brand":[],"uagb_featured_image_src":{"full":["https:\/\/luxsauna.fi\/wp-content\/uploads\/2022\/12\/Perinteinen-pihasauna-S-1.jpg",1200,696,false],"thumbnail":["https:\/\/luxsauna.fi\/wp-content\/uploads\/2022\/12\/Perinteinen-pihasauna-S-1-150x150.jpg",150,150,true],"medium":["https:\/\/luxsauna.fi\/wp-content\/uploads\/2022\/12\/Perinteinen-pihasauna-S-1-300x174.jpg",300,174,true],"medium_large":["https:\/\/luxsauna.fi\/wp-content\/uploads\/2022\/12\/Perinteinen-pihasauna-S-1-768x445.jpg",768,445,true],"large":["https:\/\/luxsauna.fi\/wp-content\/uploads\/2022\/12\/Perinteinen-pihasauna-S-1-1024x594.jpg",1024,594,true],"1536x1536":["https:\/\/luxsauna.fi\/wp-content\/uploads\/2022\/12\/Perinteinen-pihasauna-S-1.jpg",1200,696,false],"2048x2048":["https:\/\/luxsauna.fi\/wp-content\/uploads\/2022\/12\/Perinteinen-pihasauna-S-1.jpg",1200,696,false],"featured-blog":["https:\/\/luxsauna.fi\/wp-content\/uploads\/2022\/12\/Perinteinen-pihasauna-S-1-600x338.jpg",600,338,true],"sidebar-thumbnail":["https:\/\/luxsauna.fi\/wp-content\/uploads\/2022\/12\/Perinteinen-pihasauna-S-1-80x80.jpg",80,80,true],"gb-block-post-grid-landscape":["https:\/\/luxsauna.fi\/wp-content\/uploads\/2022\/12\/Perinteinen-pihasauna-S-1-600x400.jpg",600,400,true],"gb-block-post-grid-square":["https:\/\/luxsauna.fi\/wp-content\/uploads\/2022\/12\/Perinteinen-pihasauna-S-1-600x600.jpg",600,600,true],"cfw_cart_thumb":["https:\/\/luxsauna.fi\/wp-content\/uploads\/2022\/12\/Perinteinen-pihasauna-S-1.jpg",60,35,false],"woocommerce_thumbnail":["https:\/\/luxsauna.fi\/wp-content\/uploads\/2022\/12\/Perinteinen-pihasauna-S-1-530x307.jpg",530,307,true],"woocommerce_single":["https:\/\/luxsauna.fi\/wp-content\/uploads\/2022\/12\/Perinteinen-pihasauna-S-1-720x418.jpg",720,418,true],"woocommerce_gallery_thumbnail":["https:\/\/luxsauna.fi\/wp-content\/uploads\/2022\/12\/Perinteinen-pihasauna-S-1-180x180.jpg",180,180,true]},"uagb_author_info":{"display_name":"Raido","author_link":"https:\/\/luxsauna.fi\/de\/author\/"},"uagb_comment_info":0,"uagb_excerpt":"Abmessungen 5.5m2 Sauna Abmessungen: 2200*2570 mm Unsere Sauna hat alles, was ein Saunaliebhaber braucht. Bei der vorgefertigten Lieferung sind Dach, Boden und W\u00e4nde einfach zu montierende Elemente Zubeh\u00f6r Traditionelle Hofsauna S Weitere Informationen Wo die traditionelle Sauna hoch gesch\u00e4tzt wird, bietet Lux Sauna in ganz Finnland sehr entspannende B\u00e4der an. Die g\u00fcnstige traditionelle Gartensauna S-Modell&nbsp;Weiterlesen","_links":{"self":[{"href":"https:\/\/luxsauna.fi\/de\/wp-json\/wp\/v2\/product\/3969"}],"collection":[{"href":"https:\/\/luxsauna.fi\/de\/wp-json\/wp\/v2\/product"}],"about":[{"href":"https:\/\/luxsauna.fi\/de\/wp-json\/wp\/v2\/types\/product"}],"replies":[{"embeddable":true,"href":"https:\/\/luxsauna.fi\/de\/wp-json\/wp\/v2\/comments?post=3969"}],"wp:featuredmedia":[{"embeddable":true,"href":"https:\/\/luxsauna.fi\/de\/wp-json\/wp\/v2\/media\/5381"}],"wp:attachment":[{"href":"https:\/\/luxsauna.fi\/de\/wp-json\/wp\/v2\/media?parent=3969"}],"wp:term":[{"taxonomy":"product_cat","embeddable":true,"href":"https:\/\/luxsauna.fi\/de\/wp-json\/wp\/v2\/product_cat?post=3969"},{"taxonomy":"product_tag","embeddable":true,"href":"https:\/\/luxsauna.fi\/de\/wp-json\/wp\/v2\/product_tag?post=3969"},{"taxonomy":"berocket_brand","embeddable":true,"href":"https:\/\/luxsauna.fi\/de\/wp-json\/wp\/v2\/berocket_brand?post=3969"}],"curies":[{"name":"wp","href":"https:\/\/api.w.org\/{rel}","templated":true}]}}