{"id":3964,"date":"2022-12-12T09:38:38","date_gmt":"2022-12-12T07:38:38","guid":{"rendered":"https:\/\/luxsauna.fi\/unkategorisiert\/lux-sauna-m\/"},"modified":"2023-08-16T13:36:01","modified_gmt":"2023-08-16T10:36:01","slug":"lux-sauna-m","status":"publish","type":"product","link":"https:\/\/luxsauna.fi\/de\/hofsaunen\/lux-sauna-m\/","title":{"rendered":"Traditionelle M-Hofsauna mit Umkleideraum"},"content":{"rendered":"\n<div class=\"wp-block-genesis-blocks-gb-columns gb-layout-columns-1 gb-1-col-equal gb-columns-center\"><div class=\"gb-layout-column-wrap gb-block-layout-column-gap-2 gb-is-responsive-column\" style=\"max-width:700px\">\n<div class=\"wp-block-genesis-blocks-gb-column gb-block-layout-column gb-is-vertically-aligned-center\"><div class=\"gb-block-layout-column-inner\">\n<h2 class=\"wp-block-heading\" style=\"font-size:34px;font-style:normal;font-weight:200\">Abmessungen<\/h2>\n\n\n\n<p>5.5m2 Sauna + 4m2 U-Raum<\/p>\n\n\n\n<p>Abmessungen: 3830*2570 mm<\/p>\n\n\n\n<figure class=\"wp-block-image size-large\"><img decoding=\"async\" width=\"1024\" height=\"789\" src=\"https:\/\/luxsauna.fi\/wp-content\/uploads\/2022\/12\/Lux-sauna-M-mitat-1024x789.jpg\" alt=\"Ma&#xDF;e der Lux Sauna M\" class=\"wp-image-2258\" srcset=\"https:\/\/luxsauna.fi\/wp-content\/uploads\/2022\/12\/Lux-sauna-M-mitat-1024x789.jpg 1024w, https:\/\/luxsauna.fi\/wp-content\/uploads\/2022\/12\/Lux-sauna-M-mitat-530x409.jpg 530w, https:\/\/luxsauna.fi\/wp-content\/uploads\/2022\/12\/Lux-sauna-M-mitat-720x555.jpg 720w, https:\/\/luxsauna.fi\/wp-content\/uploads\/2022\/12\/Lux-sauna-M-mitat-300x231.jpg 300w, https:\/\/luxsauna.fi\/wp-content\/uploads\/2022\/12\/Lux-sauna-M-mitat-768x592.jpg 768w, https:\/\/luxsauna.fi\/wp-content\/uploads\/2022\/12\/Lux-sauna-M-mitat.jpg 1257w\" sizes=\"(max-width: 1024px) 100vw, 1024px\" \/><\/figure>\n<\/div><\/div>\n<\/div><\/div>\n\n<div class=\"wp-block-genesis-blocks-gb-columns gb-layout-columns-1 gb-1-col-equal gb-columns-center\"><div class=\"gb-layout-column-wrap gb-block-layout-column-gap-2 gb-is-responsive-column\" style=\"max-width:700px\">\n<div class=\"wp-block-genesis-blocks-gb-column gb-block-layout-column gb-is-vertically-aligned-center\"><div class=\"gb-block-layout-column-inner\">\n<h2 class=\"wp-block-heading\" style=\"font-size:34px;font-style:normal;font-weight:200\">Unsere Sauna hat alles, was ein Saunaliebhaber braucht.<\/h2>\n\n\n\n<ul>\n<li>Holz- oder Elektroherd<\/li>\n\n\n\n<li>Teerlepp-Saunaliegen<\/li>\n\n\n\n<li>Glast\u00fcren und Fenster<\/li>\n\n\n\n<li>Schornstein und Schornsteinkappe<\/li>\n\n\n\n<li>Filzbezug<\/li>\n\n\n\n<li>Grundierte Elemente<\/li>\n<\/ul>\n\n\n\n<p>Bei der vorgefertigten Lieferung sind Dach, Boden und W\u00e4nde einfach zu montierende Elemente<\/p>\n<\/div><\/div>\n<\/div><\/div>\n\n<div class=\"wp-block-genesis-blocks-gb-columns gb-layout-columns-1 gb-1-col-equal gb-columns-center\"><div class=\"gb-layout-column-wrap gb-block-layout-column-gap-2 gb-is-responsive-column\" style=\"max-width:700px\">\n<div class=\"wp-block-genesis-blocks-gb-column gb-block-layout-column gb-is-vertically-aligned-center\"><div class=\"gb-block-layout-column-inner\">\n<h2 class=\"wp-block-heading\" style=\"font-size:34px;font-style:normal;font-weight:200\">Zubeh\u00f6r<\/h2>\n\n\n\n<ul>\n<li>Wassertank f\u00fcr den Herd<\/li>\n\n\n\n<li>R\u00fcckenlehne<\/li>\n\n\n\n<li>Led-Leuchten<\/li>\n\n\n\n<li>Schloss an der T\u00fcr<\/li>\n\n\n\n<li>Malerei im Freien<\/li>\n\n\n\n<li>Erdarbeiten<\/li>\n\n\n\n<li>Schl\u00fcsselfertige Installation<\/li>\n\n\n\n<li>Zuverl\u00e4ssige Lieferung, auch auf die Insel<\/li>\n<\/ul>\n<\/div><\/div>\n<\/div><\/div>\n\n<div class=\"wp-block-genesis-blocks-gb-columns gb-layout-columns-1 gb-1-col-equal gb-columns-center\"><div class=\"gb-layout-column-wrap gb-block-layout-column-gap-2 gb-is-responsive-column\" style=\"max-width:700px\">\n<div class=\"wp-block-genesis-blocks-gb-column gb-block-layout-column gb-is-vertically-aligned-center\"><div class=\"gb-block-layout-column-inner\">\n<h3 class=\"wp-block-heading\" style=\"font-size:34px;font-style:normal;font-weight:200\">Traditionelle M-Hofsauna mit Umkleideraum Weitere Informationen<\/h3>\n\n\n\n<p>Wo die traditionelle Sauna hoch gesch\u00e4tzt wird, bietet Lux Sauna in ganz Finnland sehr entspannende B\u00e4der an. <\/p>\n\n\n\n<p>Die traditionelle M-Hofsauna ist mit einer Umkleidekabine ausgestattet, hat eine kubische Form und repr\u00e4sentiert daher auch eine neuere \u00c4ra, die an verschiedenen Orten in Finnland und in anderen Teilen der Welt gro\u00dfe Popularit\u00e4t erlangt hat. Also, dieser Stil entt\u00e4uscht nicht! Sie lockt die Segler zu einem unwiderstehlichen Moment, in dem Dampf, Beziehungen und Traditionen aufeinandertreffen. Erleben Sie Ihren eigenen Lux-Sauna-Moment mit uns.<\/p>\n\n\n\n<p>Das traditionelle M-Ankleidezimmer verf\u00fcgt \u00fcber eine perfekte Hofsauna f\u00fcr G\u00e4ste oder eine Familie, die perfekt Platz f\u00fcr 5 Personen bietet, um den hei\u00dfen Dampf zu genie\u00dfen und gleichzeitig den Archipel, den Garten oder fast jede Landschaft des gew\u00fcnschten Ortes zu genie\u00dfen, an dem das Saunamodell platziert ist. Der Saunaraum verf\u00fcgt \u00fcber drei angenehm schmale und l\u00e4ngliche Fenster, die gen\u00fcgend Privatsph\u00e4re bieten, w\u00e4hrend die Aussicht aus zwei verschiedenen Richtungen zu sehen ist. <\/p>\n\n\n\n<p>Der zauberhafte Sonnenuntergang, die gr\u00fcne Mittsommernacht und der Winterschnee sind in der traditionellen M Au\u00dfensauna zu sehen, da die strapazierf\u00e4higen Erlenb\u00e4nke perfekt positioniert sind, so dass Sie von vorne und von der Seite nach au\u00dfen sehen k\u00f6nnen.<\/p>\n\n\n\n<p>Die traditionelle Umkleidekabine der Lux Sauna M verf\u00fcgt \u00fcber eine fertige Sauna, die als solche an den Standort transportiert wird, aber wenn der Standort f\u00fcr den Transport ung\u00fcnstig ist, ist es m\u00f6glich, die Hofsauna als Elemente zu transportieren. Wir haben auch eine <a href=\"https:\/\/luxsauna.fi\/de\/hofsaunen\/lux-sauna-panaroma-s\/\">Au\u00dfensauna in der Panoramaklasse ohne Kabine zum Verkauf<\/a>. Finde es jetzt heraus.<\/p>\n\n\n\n<p>Wenn Sie schon immer von einer finnischen Gartensauna getr\u00e4umt haben, die sich in anderen Teilen der Welt gro\u00dfer Beliebtheit erfreut, brauchen Sie nicht l\u00e4nger zu tr\u00e4umen &#8211; jetzt ist es an der Zeit, sie Wirklichkeit werden zu lassen!<\/p>\n<\/div><\/div>\n<\/div><\/div>\n\n<div class=\"wp-block-genesis-blocks-gb-columns gb-layout-service-2 gb-layout-columns-1 one-column gb-columns-center\" style=\"padding-right:5%;padding-bottom:10%;padding-left:5%\"><div class=\"gb-layout-column-wrap gb-block-layout-column-gap-2 gb-is-responsive-column\" style=\"max-width:1200px\">\n<div class=\"wp-block-genesis-blocks-gb-column gb-block-layout-column\"><div class=\"gb-block-layout-column-inner\">\n<div style=\"margin-bottom:5%\" class=\"wp-block-genesis-blocks-gb-container gb-block-container\"><div class=\"gb-container-inside\"><div class=\"gb-container-content\" style=\"max-width:700px\">\n<h3 class=\"has-text-align-left wp-block-heading\" style=\"font-size:34px;font-style:normal;font-weight:200;text-transform:none\">H\u00e4ufig gestellte Fragen zum Kauf einer Sauna<\/h3>\n\n\n\n<div class=\"wp-block-uagb-faq uagb-faq__outer-wrap uagb-block-2f6dd6d5 uagb-faq-icon-row uagb-faq-layout-accordion uagb-faq-expand-first-false uagb-faq-inactive-other-true uagb-faq__wrap uagb-buttons-layout-wrap uagb-faq-equal-height\" data-faqtoggle=\"true\" role=\"tablist\">\n<div class=\"wp-block-uagb-faq-child uagb-faq-child__outer-wrap uagb-faq-item uagb-block-3d6ac847\" role=\"tab\" tabindex=\"0\"><div class=\"uagb-faq-questions-button uagb-faq-questions\"><span class=\"uagb-icon uagb-faq-icon-wrap\"><svg xmlns=\"https:\/\/www.w3.org\/2000\/svg\" viewbox=\"0 0 448 512\"><path d=\"M432 256c0 17.69-14.33 32.01-32 32.01H256v144c0 17.69-14.33 31.99-32 31.99s-32-14.3-32-31.99v-144H48c-17.67 0-32-14.32-32-32.01s14.33-31.99 32-31.99H192v-144c0-17.69 14.33-32.01 32-32.01s32 14.32 32 32.01v144h144C417.7 224 432 238.3 432 256z\"><\/path><\/svg><\/span><span class=\"uagb-icon-active uagb-faq-icon-wrap\"><svg xmlns=\"https:\/\/www.w3.org\/2000\/svg\" viewbox=\"0 0 448 512\"><path d=\"M400 288h-352c-17.69 0-32-14.32-32-32.01s14.31-31.99 32-31.99h352c17.69 0 32 14.3 32 31.99S417.7 288 400 288z\"><\/path><\/svg><\/span><span class=\"uagb-question\">Ist dieses Modell das Richtige f\u00fcr mich?<\/span><\/div><p class=\"uagb-faq-content\">Ja, auf jeden Fall, unser M-Sauna-Modell ist so konzipiert, dass es zu jedem gro\u00dfen oder kleinen Garten passt. Es ist kompakt, aber ger\u00e4umig, wo bis zu 4-5 Personen ein hei\u00dfes Saunaerlebnis bei Ihnen zu Hause, in der H\u00fctte oder am See genie\u00dfen k\u00f6nnen.<\/p><\/div>\n\n\n\n<div class=\"wp-block-uagb-faq-child uagb-faq-child__outer-wrap uagb-faq-item uagb-block-8a956201\" role=\"tab\" tabindex=\"0\"><div class=\"uagb-faq-questions-button uagb-faq-questions\"><span class=\"uagb-icon uagb-faq-icon-wrap\"><svg xmlns=\"https:\/\/www.w3.org\/2000\/svg\" viewbox=\"0 0 448 512\"><path d=\"M432 256c0 17.69-14.33 32.01-32 32.01H256v144c0 17.69-14.33 31.99-32 31.99s-32-14.3-32-31.99v-144H48c-17.67 0-32-14.32-32-32.01s14.33-31.99 32-31.99H192v-144c0-17.69 14.33-32.01 32-32.01s32 14.32 32 32.01v144h144C417.7 224 432 238.3 432 256z\"><\/path><\/svg><\/span><span class=\"uagb-icon-active uagb-faq-icon-wrap\"><svg xmlns=\"https:\/\/www.w3.org\/2000\/svg\" viewbox=\"0 0 448 512\"><path d=\"M400 288h-352c-17.69 0-32-14.32-32-32.01s14.31-31.99 32-31.99h352c17.69 0 32 14.3 32 31.99S417.7 288 400 288z\"><\/path><\/svg><\/span><span class=\"uagb-question\">Wie viel kostet der Versand?<\/span><\/div><p class=\"uagb-faq-content\">Antwort: Die Liefergeb\u00fchr betr\u00e4gt 4,4\u20135 \u20ac\/km, die wir auf der Grundlage Ihrer Lieferadresse berechnen, nachdem wir ein Angebot angefordert haben.<\/p><\/div>\n\n\n\n<div class=\"wp-block-uagb-faq-child uagb-faq-child__outer-wrap uagb-faq-item uagb-block-ac4d99a8\" role=\"tab\" tabindex=\"0\"><div class=\"uagb-faq-questions-button uagb-faq-questions\"><span class=\"uagb-icon uagb-faq-icon-wrap\"><svg xmlns=\"https:\/\/www.w3.org\/2000\/svg\" viewbox=\"0 0 448 512\"><path d=\"M432 256c0 17.69-14.33 32.01-32 32.01H256v144c0 17.69-14.33 31.99-32 31.99s-32-14.3-32-31.99v-144H48c-17.67 0-32-14.32-32-32.01s14.33-31.99 32-31.99H192v-144c0-17.69 14.33-32.01 32-32.01s32 14.32 32 32.01v144h144C417.7 224 432 238.3 432 256z\"><\/path><\/svg><\/span><span class=\"uagb-icon-active uagb-faq-icon-wrap\"><svg xmlns=\"https:\/\/www.w3.org\/2000\/svg\" viewbox=\"0 0 448 512\"><path d=\"M400 288h-352c-17.69 0-32-14.32-32-32.01s14.31-31.99 32-31.99h352c17.69 0 32 14.3 32 31.99S417.7 288 400 288z\"><\/path><\/svg><\/span><span class=\"uagb-question\">Wie garantiert die Lux Sauna M die Sicherheit?<\/span><\/div><p class=\"uagb-faq-content\">Antwort: Jede unserer Saunaabteilungen ist mit modernsten Sicherheitsfunktionen ausgestattet, einschlie\u00dflich korrekter Ofeninstallationen und Saunakaminheizungsschutz. Dar\u00fcber hinaus garantieren die robuste Struktur und die langlebigen Materialien ein sicheres und angenehmes Saunaerlebnis.<\/p><\/div>\n\n\n\n<div class=\"wp-block-uagb-faq-child uagb-faq-child__outer-wrap uagb-faq-item uagb-block-fd0924c1\" role=\"tab\" tabindex=\"0\"><div class=\"uagb-faq-questions-button uagb-faq-questions\"><span class=\"uagb-icon uagb-faq-icon-wrap\"><svg xmlns=\"https:\/\/www.w3.org\/2000\/svg\" viewbox=\"0 0 448 512\"><path d=\"M432 256c0 17.69-14.33 32.01-32 32.01H256v144c0 17.69-14.33 31.99-32 31.99s-32-14.3-32-31.99v-144H48c-17.67 0-32-14.32-32-32.01s14.33-31.99 32-31.99H192v-144c0-17.69 14.33-32.01 32-32.01s32 14.32 32 32.01v144h144C417.7 224 432 238.3 432 256z\"><\/path><\/svg><\/span><span class=\"uagb-icon-active uagb-faq-icon-wrap\"><svg xmlns=\"https:\/\/www.w3.org\/2000\/svg\" viewbox=\"0 0 448 512\"><path d=\"M400 288h-352c-17.69 0-32-14.32-32-32.01s14.31-31.99 32-31.99h352c17.69 0 32 14.3 32 31.99S417.7 288 400 288z\"><\/path><\/svg><\/span><span class=\"uagb-question\">Brauche ich eine Baugenehmigung?<\/span><\/div><p class=\"uagb-faq-content\">Antwort: Der Bau einer Sauna, gr\u00f6\u00dfere Renovierungen oder wesentliche \u00c4nderungen am Geb\u00e4ude erfordern in der Regel eine Genehmigung. Um festzustellen, ob eine Genehmigung oder Erkl\u00e4rung erforderlich ist, m\u00fcssen Vorverhandlungen \u00fcber <a href=\"https:\/\/www.lupapiste.fi\/login\/fi\" target=\"_blank\" rel=\"noopener\">den Online-Genehmigungsdienst Lupapiste<\/a> gef\u00fchrt werden.<\/p><\/div>\n\n\n\n<div class=\"wp-block-uagb-faq-child uagb-faq-child__outer-wrap uagb-faq-item uagb-block-00ff6be6\" role=\"tab\" tabindex=\"0\"><div class=\"uagb-faq-questions-button uagb-faq-questions\"><span class=\"uagb-icon uagb-faq-icon-wrap\"><svg xmlns=\"https:\/\/www.w3.org\/2000\/svg\" viewbox=\"0 0 448 512\"><path d=\"M432 256c0 17.69-14.33 32.01-32 32.01H256v144c0 17.69-14.33 31.99-32 31.99s-32-14.3-32-31.99v-144H48c-17.67 0-32-14.32-32-32.01s14.33-31.99 32-31.99H192v-144c0-17.69 14.33-32.01 32-32.01s32 14.32 32 32.01v144h144C417.7 224 432 238.3 432 256z\"><\/path><\/svg><\/span><span class=\"uagb-icon-active uagb-faq-icon-wrap\"><svg xmlns=\"https:\/\/www.w3.org\/2000\/svg\" viewbox=\"0 0 448 512\"><path d=\"M400 288h-352c-17.69 0-32-14.32-32-32.01s14.31-31.99 32-31.99h352c17.69 0 32 14.3 32 31.99S417.7 288 400 288z\"><\/path><\/svg><\/span><span class=\"uagb-question\">Ist eine traditionelle Sauna nicht besser als eine Au\u00dfensauna?  <\/span><\/div><p class=\"uagb-faq-content\">Antwort: In der Tat bietet unsere Sauna M genau das gleiche einzigartige und erfrischende Erlebnis wie jede andere traditionelle Sauna. Sie k\u00f6nnen einfach in der Sauna drau\u00dfen entspannen. Dar\u00fcber hinaus spart das energieeffiziente Design Geld und bietet die gleichen gesundheitlichen Vorteile wie eine traditionelle Sauna.<\/p><\/div>\n\n\n\n<div class=\"wp-block-uagb-faq-child uagb-faq-child__outer-wrap uagb-faq-item uagb-block-1b08df4d\" role=\"tab\" tabindex=\"0\"><div class=\"uagb-faq-questions-button uagb-faq-questions\"><span class=\"uagb-icon uagb-faq-icon-wrap\"><svg xmlns=\"https:\/\/www.w3.org\/2000\/svg\" viewbox=\"0 0 448 512\"><path d=\"M432 256c0 17.69-14.33 32.01-32 32.01H256v144c0 17.69-14.33 31.99-32 31.99s-32-14.3-32-31.99v-144H48c-17.67 0-32-14.32-32-32.01s14.33-31.99 32-31.99H192v-144c0-17.69 14.33-32.01 32-32.01s32 14.32 32 32.01v144h144C417.7 224 432 238.3 432 256z\"><\/path><\/svg><\/span><span class=\"uagb-icon-active uagb-faq-icon-wrap\"><svg xmlns=\"https:\/\/www.w3.org\/2000\/svg\" viewbox=\"0 0 448 512\"><path d=\"M400 288h-352c-17.69 0-32-14.32-32-32.01s14.31-31.99 32-31.99h352c17.69 0 32 14.3 32 31.99S417.7 288 400 288z\"><\/path><\/svg><\/span><span class=\"uagb-question\">Wie ist Sauna M im Vergleich zu anderen Au\u00dfensaunen auf dem Markt?<\/span><\/div><p class=\"uagb-faq-content\">Antwort: Unsere Au\u00dfensaunen sind wirklich einzigartig und erstklassige Materialien und Konstruktionen.<br>Dar\u00fcber hinaus hebt uns unser Engagement f\u00fcr Kundenzufriedenheit und hohe Qualit\u00e4t vom Wettbewerb ab.<\/p><\/div>\n\n\n\n<div class=\"wp-block-uagb-faq-child uagb-faq-child__outer-wrap uagb-faq-item uagb-block-7e1ac44f\" role=\"tab\" tabindex=\"0\"><div class=\"uagb-faq-questions-button uagb-faq-questions\"><span class=\"uagb-icon uagb-faq-icon-wrap\"><svg xmlns=\"https:\/\/www.w3.org\/2000\/svg\" viewbox=\"0 0 448 512\"><path d=\"M432 256c0 17.69-14.33 32.01-32 32.01H256v144c0 17.69-14.33 31.99-32 31.99s-32-14.3-32-31.99v-144H48c-17.67 0-32-14.32-32-32.01s14.33-31.99 32-31.99H192v-144c0-17.69 14.33-32.01 32-32.01s32 14.32 32 32.01v144h144C417.7 224 432 238.3 432 256z\"><\/path><\/svg><\/span><span class=\"uagb-icon-active uagb-faq-icon-wrap\"><svg xmlns=\"https:\/\/www.w3.org\/2000\/svg\" viewbox=\"0 0 448 512\"><path d=\"M400 288h-352c-17.69 0-32-14.32-32-32.01s14.31-31.99 32-31.99h352c17.69 0 32 14.3 32 31.99S417.7 288 400 288z\"><\/path><\/svg><\/span><span class=\"uagb-question\">Was unterscheidet Luxsauna.fi von anderen Saunaanbietern?<\/span><\/div><p class=\"uagb-faq-content\">Antwort: Bei Lux Sauna stehen das Kundenerlebnis und die Zufriedenheit an erster Stelle. Unser Bekenntnis zu hochwertigen Materialien und Konstruktionen garantiert ein langanhaltendes und angenehmes Saunaerlebnis f\u00fcr die kommenden Jahre.<\/p><\/div>\n\n\n\n<div class=\"wp-block-uagb-faq-child uagb-faq-child__outer-wrap uagb-faq-item uagb-block-20bf9b20\" role=\"tab\" tabindex=\"0\"><div class=\"uagb-faq-questions-button uagb-faq-questions\"><span class=\"uagb-icon uagb-faq-icon-wrap\"><svg xmlns=\"https:\/\/www.w3.org\/2000\/svg\" viewbox=\"0 0 448 512\"><path d=\"M432 256c0 17.69-14.33 32.01-32 32.01H256v144c0 17.69-14.33 31.99-32 31.99s-32-14.3-32-31.99v-144H48c-17.67 0-32-14.32-32-32.01s14.33-31.99 32-31.99H192v-144c0-17.69 14.33-32.01 32-32.01s32 14.32 32 32.01v144h144C417.7 224 432 238.3 432 256z\"><\/path><\/svg><\/span><span class=\"uagb-icon-active uagb-faq-icon-wrap\"><svg xmlns=\"https:\/\/www.w3.org\/2000\/svg\" viewbox=\"0 0 448 512\"><path d=\"M400 288h-352c-17.69 0-32-14.32-32-32.01s14.31-31.99 32-31.99h352c17.69 0 32 14.3 32 31.99S417.7 288 400 288z\"><\/path><\/svg><\/span><span class=\"uagb-question\">Wie lange dauert die Installation von Sauna M?  <\/span><\/div><p class=\"uagb-faq-content\">Antwort: Auf schl\u00fcsselfertiger Basis ist unser Montageprozess nur wenige Stunden lang. Wenn Sie es als Elemente ausw\u00e4hlen und selbst vorbereiten, wird es mit leicht verst\u00e4ndlichen Anweisungen f\u00fcr einen einfachen Montageprozess geliefert (die Zeit h\u00e4ngt von Ihnen selbst ab).<\/p><\/div>\n\n\n\n<div class=\"wp-block-uagb-faq-child uagb-faq-child__outer-wrap uagb-faq-item uagb-block-87930c01\" role=\"tab\" tabindex=\"0\"><div class=\"uagb-faq-questions-button uagb-faq-questions\"><span class=\"uagb-icon uagb-faq-icon-wrap\"><svg xmlns=\"https:\/\/www.w3.org\/2000\/svg\" viewbox=\"0 0 448 512\"><path d=\"M432 256c0 17.69-14.33 32.01-32 32.01H256v144c0 17.69-14.33 31.99-32 31.99s-32-14.3-32-31.99v-144H48c-17.67 0-32-14.32-32-32.01s14.33-31.99 32-31.99H192v-144c0-17.69 14.33-32.01 32-32.01s32 14.32 32 32.01v144h144C417.7 224 432 238.3 432 256z\"><\/path><\/svg><\/span><span class=\"uagb-icon-active uagb-faq-icon-wrap\"><svg xmlns=\"https:\/\/www.w3.org\/2000\/svg\" viewbox=\"0 0 448 512\"><path d=\"M400 288h-352c-17.69 0-32-14.32-32-32.01s14.31-31.99 32-31.99h352c17.69 0 32 14.3 32 31.99S417.7 288 400 288z\"><\/path><\/svg><\/span><span class=\"uagb-question\">Was beinhaltet das Angebot von Sauna M?<\/span><\/div><p class=\"uagb-faq-content\">Antwort: Unser Outdoor-Sauna-M-Paket enth\u00e4lt alles, was Sie f\u00fcr den Einstieg ben\u00f6tigen, einschlie\u00dflich Sauna, Zubeh\u00f6r und Anleitung. Dar\u00fcber hinaus k\u00f6nnen Sie mit unserem zus\u00e4tzlichen Zubeh\u00f6r die Sauna genau so definieren, wie Sie es m\u00f6chten.<\/p><\/div>\n\n\n\n<div class=\"wp-block-uagb-faq-child uagb-faq-child__outer-wrap uagb-faq-item uagb-block-8c829a2b\" role=\"tab\" tabindex=\"0\"><div class=\"uagb-faq-questions-button uagb-faq-questions\"><span class=\"uagb-icon uagb-faq-icon-wrap\"><svg xmlns=\"https:\/\/www.w3.org\/2000\/svg\" viewbox=\"0 0 448 512\"><path d=\"M432 256c0 17.69-14.33 32.01-32 32.01H256v144c0 17.69-14.33 31.99-32 31.99s-32-14.3-32-31.99v-144H48c-17.67 0-32-14.32-32-32.01s14.33-31.99 32-31.99H192v-144c0-17.69 14.33-32.01 32-32.01s32 14.32 32 32.01v144h144C417.7 224 432 238.3 432 256z\"><\/path><\/svg><\/span><span class=\"uagb-icon-active uagb-faq-icon-wrap\"><svg xmlns=\"https:\/\/www.w3.org\/2000\/svg\" viewbox=\"0 0 448 512\"><path d=\"M400 288h-352c-17.69 0-32-14.32-32-32.01s14.31-31.99 32-31.99h352c17.69 0 32 14.3 32 31.99S417.7 288 400 288z\"><\/path><\/svg><\/span><span class=\"uagb-question\">Was ist Ihr R\u00fcckgaberecht?<\/span><\/div><p class=\"uagb-faq-content\">So funktioniert unsere Preisgestaltung:<br>Sie k\u00f6nnen 100% bezahlen und erhalten eine volle R\u00fcckerstattung, bevor die Vorbereitung der Saunaabteilung begonnen hat, abz\u00fcglich der Bearbeitungsgeb\u00fchren von Stripe und unserer Bank. Sobald wir mit der Produktion begonnen haben, k\u00f6nnen Sie keine R\u00fcckerstattung mehr erhalten, denn obwohl wir hinter der Qualit\u00e4t unserer Produkte stehen, m\u00fcssen wir f\u00fcr Holz und Arbeiter bezahlen.<br><br>Gleiches gilt, wenn Sie sich f\u00fcr eine Ratenzahlung von 35% und 65% entscheiden. Zum Beispiel k\u00f6nnen Sie 35% bezahlen, die vollst\u00e4ndig zur\u00fcckerstattet werden, bis die Produktion begonnen hat, abz\u00fcglich Stripe- und Bankkontobearbeitungsgeb\u00fchren. Nach dem Produktionsstart wird es nicht mehr zur\u00fcckgegeben. Die restlichen 65% + Versandkosten sind ebenfalls nicht erstattungsf\u00e4hig und m\u00fcssen nach Fertigstellung der Saunateile bezahlt werden, bevor wir sie an Ihre Adresse senden.<\/p><\/div>\n<\/div>\n<\/div><\/div><\/div>\n<\/div><\/div>\n<\/div><\/div>\n","protected":false},"excerpt":{"rendered":"<p>Eine Hofsauna mit Umkleideraum bietet eine perfekte Kombination aus Eleganz und Zweckm\u00e4\u00dfigkeit. Hochwertiges finnisches Design und ein gro\u00dfz\u00fcgiges Ankleidezimmer schaffen den idealen Rahmen f\u00fcr ein Saunaerlebnis. Holen Sie sich Ihre eigene Au\u00dfensauna mit Umkleideraum und laden Sie Ihre Freunde ein, entspannte Momente zu genie\u00dfen. Der Preis beinhaltet kein Zubeh\u00f6r. Um den vollen Preis zu erhalten, w\u00e4hlen Sie einfach das Zubeh\u00f6r aus, klicken Sie auf \u201eAngebot anfordern\u201c, geben Sie Ihre Daten ein und Sie erhalten schnell ein Angebot.<\/p>\n","protected":false},"featured_media":5402,"comment_status":"open","ping_status":"closed","template":"","meta":{"_uag_custom_page_level_css":"","_genesis_hide_title":false,"_genesis_hide_breadcrumbs":false,"_genesis_hide_singular_image":false,"_genesis_hide_footer_widgets":false,"_genesis_custom_body_class":"","_genesis_custom_post_class":"","_genesis_layout":""},"product_cat":[136,131],"product_tag":[],"berocket_brand":[],"uagb_featured_image_src":{"full":["https:\/\/luxsauna.fi\/wp-content\/uploads\/2022\/12\/Pihasauna-pukuhuoneella-eli-tuvalla.jpg",1901,1202,false],"thumbnail":["https:\/\/luxsauna.fi\/wp-content\/uploads\/2022\/12\/Pihasauna-pukuhuoneella-eli-tuvalla-150x150.jpg",150,150,true],"medium":["https:\/\/luxsauna.fi\/wp-content\/uploads\/2022\/12\/Pihasauna-pukuhuoneella-eli-tuvalla-300x190.jpg",300,190,true],"medium_large":["https:\/\/luxsauna.fi\/wp-content\/uploads\/2022\/12\/Pihasauna-pukuhuoneella-eli-tuvalla-768x486.jpg",768,486,true],"large":["https:\/\/luxsauna.fi\/wp-content\/uploads\/2022\/12\/Pihasauna-pukuhuoneella-eli-tuvalla-1024x647.jpg",1024,647,true],"1536x1536":["https:\/\/luxsauna.fi\/wp-content\/uploads\/2022\/12\/Pihasauna-pukuhuoneella-eli-tuvalla-1536x971.jpg",1536,971,true],"2048x2048":["https:\/\/luxsauna.fi\/wp-content\/uploads\/2022\/12\/Pihasauna-pukuhuoneella-eli-tuvalla.jpg",1901,1202,false],"featured-blog":["https:\/\/luxsauna.fi\/wp-content\/uploads\/2022\/12\/Pihasauna-pukuhuoneella-eli-tuvalla-600x338.jpg",600,338,true],"sidebar-thumbnail":["https:\/\/luxsauna.fi\/wp-content\/uploads\/2022\/12\/Pihasauna-pukuhuoneella-eli-tuvalla-80x80.jpg",80,80,true],"gb-block-post-grid-landscape":["https:\/\/luxsauna.fi\/wp-content\/uploads\/2022\/12\/Pihasauna-pukuhuoneella-eli-tuvalla-600x400.jpg",600,400,true],"gb-block-post-grid-square":["https:\/\/luxsauna.fi\/wp-content\/uploads\/2022\/12\/Pihasauna-pukuhuoneella-eli-tuvalla-600x600.jpg",600,600,true],"cfw_cart_thumb":["https:\/\/luxsauna.fi\/wp-content\/uploads\/2022\/12\/Pihasauna-pukuhuoneella-eli-tuvalla.jpg",60,38,false],"woocommerce_thumbnail":["https:\/\/luxsauna.fi\/wp-content\/uploads\/2022\/12\/Pihasauna-pukuhuoneella-eli-tuvalla-530x335.jpg",530,335,true],"woocommerce_single":["https:\/\/luxsauna.fi\/wp-content\/uploads\/2022\/12\/Pihasauna-pukuhuoneella-eli-tuvalla-720x455.jpg",720,455,true],"woocommerce_gallery_thumbnail":["https:\/\/luxsauna.fi\/wp-content\/uploads\/2022\/12\/Pihasauna-pukuhuoneella-eli-tuvalla-180x180.jpg",180,180,true]},"uagb_author_info":{"display_name":"Raido","author_link":"https:\/\/luxsauna.fi\/de\/author\/"},"uagb_comment_info":0,"uagb_excerpt":"Eine Hofsauna mit Umkleideraum bietet eine perfekte Kombination aus Eleganz und Zweckm\u00e4\u00dfigkeit. Hochwertiges finnisches Design und ein gro\u00dfz\u00fcgiges Ankleidezimmer schaffen den idealen Rahmen f\u00fcr ein Saunaerlebnis. Holen Sie sich Ihre eigene Au\u00dfensauna mit Umkleideraum und laden Sie Ihre Freunde ein, entspannte Momente zu genie\u00dfen. Der Preis beinhaltet kein Zubeh\u00f6r. Um den vollen Preis zu erhalten,&hellip;","_links":{"self":[{"href":"https:\/\/luxsauna.fi\/de\/wp-json\/wp\/v2\/product\/3964"}],"collection":[{"href":"https:\/\/luxsauna.fi\/de\/wp-json\/wp\/v2\/product"}],"about":[{"href":"https:\/\/luxsauna.fi\/de\/wp-json\/wp\/v2\/types\/product"}],"replies":[{"embeddable":true,"href":"https:\/\/luxsauna.fi\/de\/wp-json\/wp\/v2\/comments?post=3964"}],"wp:featuredmedia":[{"embeddable":true,"href":"https:\/\/luxsauna.fi\/de\/wp-json\/wp\/v2\/media\/5402"}],"wp:attachment":[{"href":"https:\/\/luxsauna.fi\/de\/wp-json\/wp\/v2\/media?parent=3964"}],"wp:term":[{"taxonomy":"product_cat","embeddable":true,"href":"https:\/\/luxsauna.fi\/de\/wp-json\/wp\/v2\/product_cat?post=3964"},{"taxonomy":"product_tag","embeddable":true,"href":"https:\/\/luxsauna.fi\/de\/wp-json\/wp\/v2\/product_tag?post=3964"},{"taxonomy":"berocket_brand","embeddable":true,"href":"https:\/\/luxsauna.fi\/de\/wp-json\/wp\/v2\/berocket_brand?post=3964"}],"curies":[{"name":"wp","href":"https:\/\/api.w.org\/{rel}","templated":true}]}}