{"id":3959,"date":"2022-12-12T09:42:33","date_gmt":"2022-12-12T07:42:33","guid":{"rendered":"https:\/\/luxsauna.fi\/unkategorisiert\/lux-sauna-m-patio\/"},"modified":"2024-05-05T12:09:44","modified_gmt":"2024-05-05T09:09:44","slug":"lux-sauna-m-patio","status":"publish","type":"product","link":"https:\/\/luxsauna.fi\/de\/hofsaunen\/lux-sauna-m-patio\/","title":{"rendered":"Eine traditionelle M-Hof-Sauna mit Terrasse"},"content":{"rendered":"\n<h2 class=\"wp-block-heading\" style=\"font-style:normal;font-weight:200\">Abmessungen<\/h2>\n\n<p>6m2 Sauna + 6m2 Veranda<\/p>\n\n<p>Abmessungen: 4200*2570 mm<\/p>\n\n<figure class=\"wp-block-image size-large\"><img decoding=\"async\" width=\"1024\" height=\"662\" src=\"https:\/\/luxsauna.fi\/wp-content\/uploads\/2022\/12\/Lux-Sauna-M-patio-mitat-1024x662.jpg\" alt=\"Lux Sauna M Terrassenma&#xDF;e\" class=\"wp-image-2259\" srcset=\"https:\/\/luxsauna.fi\/wp-content\/uploads\/2022\/12\/Lux-Sauna-M-patio-mitat-1024x662.jpg 1024w, https:\/\/luxsauna.fi\/wp-content\/uploads\/2022\/12\/Lux-Sauna-M-patio-mitat-530x343.jpg 530w, https:\/\/luxsauna.fi\/wp-content\/uploads\/2022\/12\/Lux-Sauna-M-patio-mitat-720x466.jpg 720w, https:\/\/luxsauna.fi\/wp-content\/uploads\/2022\/12\/Lux-Sauna-M-patio-mitat-300x194.jpg 300w, https:\/\/luxsauna.fi\/wp-content\/uploads\/2022\/12\/Lux-Sauna-M-patio-mitat-768x497.jpg 768w, https:\/\/luxsauna.fi\/wp-content\/uploads\/2022\/12\/Lux-Sauna-M-patio-mitat.jpg 1365w\" sizes=\"(max-width: 1024px) 100vw, 1024px\" \/><\/figure>\n\n<div class=\"wp-block-genesis-blocks-gb-columns gb-layout-columns-1 gb-1-col-equal gb-columns-center\"><div class=\"gb-layout-column-wrap gb-block-layout-column-gap-2 gb-is-responsive-column\" style=\"max-width:700px\">\n<div class=\"wp-block-genesis-blocks-gb-column gb-block-layout-column gb-is-vertically-aligned-center\"><div class=\"gb-block-layout-column-inner\">\n<h2 class=\"wp-block-heading\" style=\"font-size:34px;font-style:normal;font-weight:200\">Unsere Sauna hat alles, was ein Saunaliebhaber braucht.<\/h2>\n\n\n\n<ul>\n<li>Holz- oder Elektroherd<\/li>\n\n\n\n<li>Teerlepp-Saunaliegen<\/li>\n\n\n\n<li>Glast\u00fcren und Fenster<\/li>\n\n\n\n<li>Schornstein und Schornsteinkappe<\/li>\n\n\n\n<li>Filzbezug<\/li>\n\n\n\n<li>Grundierte Elemente<\/li>\n<\/ul>\n\n\n\n<p>Bei der vorgefertigten Lieferung sind Dach, Boden und W\u00e4nde einfach zu montierende Elemente<\/p>\n<\/div><\/div>\n<\/div><\/div>\n\n<div class=\"wp-block-genesis-blocks-gb-columns gb-layout-columns-1 gb-1-col-equal gb-columns-center\"><div class=\"gb-layout-column-wrap gb-block-layout-column-gap-2 gb-is-responsive-column\" style=\"max-width:700px\">\n<div class=\"wp-block-genesis-blocks-gb-column gb-block-layout-column gb-is-vertically-aligned-center\"><div class=\"gb-block-layout-column-inner\">\n<h2 class=\"wp-block-heading\" style=\"font-size:34px;font-style:normal;font-weight:200\">Zubeh\u00f6r<\/h2>\n\n\n\n<ul>\n<li>Wassertank f\u00fcr den Herd<\/li>\n\n\n\n<li>R\u00fcckenlehne<\/li>\n\n\n\n<li>Led-Leuchten<\/li>\n\n\n\n<li>Schloss an der T\u00fcr<\/li>\n\n\n\n<li>Malerei im Freien<\/li>\n\n\n\n<li>Erdarbeiten<\/li>\n\n\n\n<li>Schl\u00fcsselfertige Installation<\/li>\n\n\n\n<li>Zuverl\u00e4ssige Lieferung, auch auf die Insel<\/li>\n<\/ul>\n<\/div><\/div>\n<\/div><\/div>\n\n<h3 class=\"wp-block-heading\" style=\"font-size:34px;font-style:normal;font-weight:200\">Weitere Informationen &#8211; Hofsauna mit Terrasse<\/h3>\n\n<p>Wo die traditionelle Sauna hoch gesch\u00e4tzt wird, bietet Lux Sauna in ganz Finnland sehr entspannende B\u00e4der an. Die traditionelle M-Au\u00dfensauna mit Terrasse ist mit einer Terrasse ausgestattet, hat eine kubische Form und repr\u00e4sentiert daher auch eine neuere \u00c4ra, die an verschiedenen Orten in Finnland und in anderen Teilen der Welt gro\u00dfe Popularit\u00e4t erlangt hat. Also, dieser Stil entt\u00e4uscht nicht! Es lockt Saunabesucher zu einem unwiderstehlichen Moment, in dem Entspannung, Beziehungen und Traditionen zusammenkommen. Sehen Sie sich auch die <a href=\"https:\/\/luxsauna.fi\/de\/hofsaunen\/lux-sauna-panaroma-m\/\">Traditionelle Au\u00dfensauna Panorama M Black<\/a> an und erleben Sie Ihren eigenen Lux-Sauna-Moment bei uns.<\/p>\n\n<p>Die traditionelle M-Sauna mit Terrasse ist die perfekte <a href=\"https:\/\/luxsauna.fi\/de\/produkt-kategorie\/hofsaunen\/\">Hofsauna<\/a> f\u00fcr G\u00e4ste oder Familien. Sie bietet Platz f\u00fcr 5 Personen, um gleichzeitig die hei\u00dfen B\u00e4der zu genie\u00dfen und gleichzeitig die Landschaft des Archipels, den Garten oder was auch immer Sie m\u00f6chten, wo sich das Saunamodell befindet, zu genie\u00dfen platziert. Der Saunaraum verf\u00fcgt \u00fcber drei angenehm schmale und l\u00e4ngliche Fenster, die gen\u00fcgend Privatsph\u00e4re bieten, w\u00e4hrend die Aussicht aus zwei verschiedenen Richtungen zu sehen ist. Dar\u00fcber hinaus erm\u00f6glicht eine gro\u00dfz\u00fcgige Terrasse ein entspannendes Saunaerlebnis au\u00dferhalb des Saunaraums.<\/p>\n\n<p>Zauberhafte Sonnenunterg\u00e4nge, gr\u00fcne Mittsommern\u00e4chte und Schnee im Winter &#8211; all das kann man von der traditionellen M Patio-Au\u00dfensauna aus sehen, denn die langlebigen Teerplanken sind perfekt positioniert, um den Blick nach vorne und zur Seite zu erm\u00f6glichen.<\/p>\n\n<p>Die traditionelle Lux Sauna M Patio ist eine vorgefertigte Sauna, die so, wie sie ist, zum Standort transportiert wird. Wenn der Standort jedoch schwierig zu transportieren ist, ist es m\u00f6glich, die Patio-Sauna als vorgefertigte Sauna zu transportieren. Die Saunakabine ist genauso gro\u00df wie die der traditionellen Modelle S und M.<\/p>\n\n<p>Wenn Sie schon immer von einer finnischen Gartensauna getr\u00e4umt haben, die sich in anderen Teilen der Welt gro\u00dfer Beliebtheit erfreut, brauchen Sie nicht l\u00e4nger zu tr\u00e4umen &#8211; jetzt ist es an der Zeit, sie Wirklichkeit werden zu lassen!<\/p>\n","protected":false},"excerpt":{"rendered":"<p>Hofsauna mit Terrasse \u2013 Saunaerlebnisse f\u00fcr Ihren Garten, See oder Ferienhaus.<\/p>\n<p>Der Preis beinhaltet kein Zubeh\u00f6r. Um den vollen Preis zu erhalten, w\u00e4hlen Sie einfach das Zubeh\u00f6r aus, klicken Sie auf \u201eAngebot anfordern\u201c, geben Sie Ihre Daten ein und Sie erhalten schnell ein Angebot.<\/p>\n","protected":false},"featured_media":5420,"comment_status":"open","ping_status":"closed","template":"","meta":{"_uag_custom_page_level_css":"","_genesis_hide_title":false,"_genesis_hide_breadcrumbs":false,"_genesis_hide_singular_image":false,"_genesis_hide_footer_widgets":false,"_genesis_custom_body_class":"","_genesis_custom_post_class":"","_genesis_layout":""},"product_cat":[136,131],"product_tag":[],"berocket_brand":[],"uagb_featured_image_src":{"full":["https:\/\/luxsauna.fi\/wp-content\/uploads\/2022\/12\/Pihasauna-terassilla-perinteinen-M-malli.jpg",1600,1114,false],"thumbnail":["https:\/\/luxsauna.fi\/wp-content\/uploads\/2022\/12\/Pihasauna-terassilla-perinteinen-M-malli-150x150.jpg",150,150,true],"medium":["https:\/\/luxsauna.fi\/wp-content\/uploads\/2022\/12\/Pihasauna-terassilla-perinteinen-M-malli-300x209.jpg",300,209,true],"medium_large":["https:\/\/luxsauna.fi\/wp-content\/uploads\/2022\/12\/Pihasauna-terassilla-perinteinen-M-malli-768x535.jpg",768,535,true],"large":["https:\/\/luxsauna.fi\/wp-content\/uploads\/2022\/12\/Pihasauna-terassilla-perinteinen-M-malli-1024x713.jpg",1024,713,true],"1536x1536":["https:\/\/luxsauna.fi\/wp-content\/uploads\/2022\/12\/Pihasauna-terassilla-perinteinen-M-malli-1536x1069.jpg",1536,1069,true],"2048x2048":["https:\/\/luxsauna.fi\/wp-content\/uploads\/2022\/12\/Pihasauna-terassilla-perinteinen-M-malli.jpg",1600,1114,false],"featured-blog":["https:\/\/luxsauna.fi\/wp-content\/uploads\/2022\/12\/Pihasauna-terassilla-perinteinen-M-malli-600x338.jpg",600,338,true],"sidebar-thumbnail":["https:\/\/luxsauna.fi\/wp-content\/uploads\/2022\/12\/Pihasauna-terassilla-perinteinen-M-malli-80x80.jpg",80,80,true],"gb-block-post-grid-landscape":["https:\/\/luxsauna.fi\/wp-content\/uploads\/2022\/12\/Pihasauna-terassilla-perinteinen-M-malli-600x400.jpg",600,400,true],"gb-block-post-grid-square":["https:\/\/luxsauna.fi\/wp-content\/uploads\/2022\/12\/Pihasauna-terassilla-perinteinen-M-malli-600x600.jpg",600,600,true],"cfw_cart_thumb":["https:\/\/luxsauna.fi\/wp-content\/uploads\/2022\/12\/Pihasauna-terassilla-perinteinen-M-malli.jpg",60,42,false],"woocommerce_thumbnail":["https:\/\/luxsauna.fi\/wp-content\/uploads\/2022\/12\/Pihasauna-terassilla-perinteinen-M-malli-530x369.jpg",530,369,true],"woocommerce_single":["https:\/\/luxsauna.fi\/wp-content\/uploads\/2022\/12\/Pihasauna-terassilla-perinteinen-M-malli-720x501.jpg",720,501,true],"woocommerce_gallery_thumbnail":["https:\/\/luxsauna.fi\/wp-content\/uploads\/2022\/12\/Pihasauna-terassilla-perinteinen-M-malli-180x180.jpg",180,180,true]},"uagb_author_info":{"display_name":"Raido","author_link":"https:\/\/luxsauna.fi\/de\/author\/"},"uagb_comment_info":0,"uagb_excerpt":"Hofsauna mit Terrasse \u2013 Saunaerlebnisse f\u00fcr Ihren Garten, See oder Ferienhaus. Der Preis beinhaltet kein Zubeh\u00f6r. Um den vollen Preis zu erhalten, w\u00e4hlen Sie einfach das Zubeh\u00f6r aus, klicken Sie auf \u201eAngebot anfordern\u201c, geben Sie Ihre Daten ein und Sie erhalten schnell ein Angebot.","_links":{"self":[{"href":"https:\/\/luxsauna.fi\/de\/wp-json\/wp\/v2\/product\/3959"}],"collection":[{"href":"https:\/\/luxsauna.fi\/de\/wp-json\/wp\/v2\/product"}],"about":[{"href":"https:\/\/luxsauna.fi\/de\/wp-json\/wp\/v2\/types\/product"}],"replies":[{"embeddable":true,"href":"https:\/\/luxsauna.fi\/de\/wp-json\/wp\/v2\/comments?post=3959"}],"wp:featuredmedia":[{"embeddable":true,"href":"https:\/\/luxsauna.fi\/de\/wp-json\/wp\/v2\/media\/5420"}],"wp:attachment":[{"href":"https:\/\/luxsauna.fi\/de\/wp-json\/wp\/v2\/media?parent=3959"}],"wp:term":[{"taxonomy":"product_cat","embeddable":true,"href":"https:\/\/luxsauna.fi\/de\/wp-json\/wp\/v2\/product_cat?post=3959"},{"taxonomy":"product_tag","embeddable":true,"href":"https:\/\/luxsauna.fi\/de\/wp-json\/wp\/v2\/product_tag?post=3959"},{"taxonomy":"berocket_brand","embeddable":true,"href":"https:\/\/luxsauna.fi\/de\/wp-json\/wp\/v2\/berocket_brand?post=3959"}],"curies":[{"name":"wp","href":"https:\/\/api.w.org\/{rel}","templated":true}]}}