{"id":3949,"date":"2022-12-12T09:48:51","date_gmt":"2022-12-12T07:48:51","guid":{"rendered":"https:\/\/luxsauna.fi\/unkategorisiert\/lux-sauna-panorama-m\/"},"modified":"2024-05-05T12:09:43","modified_gmt":"2024-05-05T09:09:43","slug":"lux-sauna-panaroma-m","status":"publish","type":"product","link":"https:\/\/luxsauna.fi\/de\/hofsaunen\/lux-sauna-panaroma-m\/","title":{"rendered":"Traditionelle schwarze Terrassensauna Panorama M"},"content":{"rendered":"\n<h3 class=\"wp-block-heading\" style=\"font-size:34px;font-style:normal;font-weight:200\">Abmessungen<\/h3>\n\n<p>5.5m2 Sauna + 4m2 U-Raum<\/p>\n\n<p>Abmessungen: 3830*2570 mm<\/p>\n\n<figure class=\"wp-block-image size-large\"><img decoding=\"async\" width=\"1024\" height=\"789\" src=\"https:\/\/luxsauna.fi\/wp-content\/uploads\/2022\/12\/Lux-sauna-M-mitat-1024x789.jpg\" alt=\"Ma&#xDF;e der Lux Sauna M\" class=\"wp-image-2258\" srcset=\"https:\/\/luxsauna.fi\/wp-content\/uploads\/2022\/12\/Lux-sauna-M-mitat-1024x789.jpg 1024w, https:\/\/luxsauna.fi\/wp-content\/uploads\/2022\/12\/Lux-sauna-M-mitat-530x409.jpg 530w, https:\/\/luxsauna.fi\/wp-content\/uploads\/2022\/12\/Lux-sauna-M-mitat-720x555.jpg 720w, https:\/\/luxsauna.fi\/wp-content\/uploads\/2022\/12\/Lux-sauna-M-mitat-300x231.jpg 300w, https:\/\/luxsauna.fi\/wp-content\/uploads\/2022\/12\/Lux-sauna-M-mitat-768x592.jpg 768w, https:\/\/luxsauna.fi\/wp-content\/uploads\/2022\/12\/Lux-sauna-M-mitat.jpg 1257w\" sizes=\"(max-width: 1024px) 100vw, 1024px\" \/><\/figure>\n\n<h3 class=\"wp-block-heading\" style=\"font-size:34px;font-style:normal;font-weight:200\">Unsere Sauna hat alles, was ein Saunaliebhaber braucht.<\/h3>\n\n<ul>\n<li>Holz- oder Elektroherd<\/li>\n\n\n\n<li>Teerlepp-Saunaliegen<\/li>\n\n\n\n<li>Glast\u00fcren und Fenster<\/li>\n\n\n\n<li>Schornstein und Schornsteinkappe<\/li>\n\n\n\n<li>Filzbezug<\/li>\n\n\n\n<li>Grundierte Elemente<\/li>\n<\/ul>\n\n<p>Bei der vorgefertigten Lieferung sind Dach, Boden und W\u00e4nde einfach zu montierende Elemente<\/p>\n\n<h3 class=\"wp-block-heading\" style=\"font-size:34px;font-style:normal;font-weight:200\">Zubeh\u00f6r<\/h3>\n\n<ul>\n<li>Wassertank f\u00fcr den Herd<\/li>\n\n\n\n<li>R\u00fcckenlehne<\/li>\n\n\n\n<li>Led-Leuchten<\/li>\n\n\n\n<li>Schloss an der T\u00fcr<\/li>\n\n\n\n<li>Malerei im Freien<\/li>\n\n\n\n<li>Erdarbeiten<\/li>\n\n\n\n<li>Schl\u00fcsselfertige Installation<\/li>\n\n\n\n<li>Zuverl\u00e4ssige Lieferung, auch auf die Insel<\/li>\n<\/ul>\n\n<h3 class=\"wp-block-heading\" style=\"font-size:34px;font-style:normal;font-weight:200\">Weitere Informationen \u2013 Traditionelle schwarze Terrassensauna M<\/h3>\n\n<p>Wo die traditionelle Sauna hoch gesch\u00e4tzt wird, bietet Lux Sauna in ganz Finnland sehr entspannende B\u00e4der an. Das traditionelle Modell Panorama M verf\u00fcgt \u00fcber eine <a href=\"\/?p=3962\">Umkleidekabine<\/a>, hat eine rechteckige Form und repr\u00e4sentiert damit auch die neuere \u00c4ra, die sich sowohl an verschiedenen Orten in Finnland als auch in anderen Teilen der Welt gro\u00dfer Beliebtheit erfreut. Also, dieser Stil entt\u00e4uscht nicht! Es lockt Saunabesucher zu einem unwiderstehlichen Moment, in dem Entspannung, Beziehungen und Traditionen zusammenkommen. Erleben Sie Ihren eigenen Lux-Sauna-Moment mit uns.<\/p>\n\n<p>Die traditionelle Panorama M mit Umkleidekabine ist die perfekte <a href=\"\/?p=3967\">Gartensauna<\/a> f\u00fcr G\u00e4ste oder Familien. Sie bietet Platz f\u00fcr 5 Personen, die gleichzeitig hei\u00dfe B\u00e4der genie\u00dfen k\u00f6nnen, w\u00e4hrend sie die Landschaft der Sch\u00e4ren, des Gartens oder wo auch immer Sie das Saunamodell platzieren m\u00f6chten, genie\u00dfen. Der Saunaraum bietet einen atemberaubenden Blick durch ein raumhohes Fenster auf die wundersch\u00f6ne Landschaft. Das gro\u00dfe Fenster stellt sowohl von au\u00dfen als auch von innen ein stilvolles Design dar, das jede Sauna immer wieder aufs Neue \u00fcberzeugt.<\/p>\n\n<p>Zauberhafte Sonnenunterg\u00e4nge, gr\u00fcne Mittsommern\u00e4chte und Schnee im Winter &#8211; all das kann man von der traditionellen Panorama M-Au\u00dfensauna aus sehen, denn die robusten geteerten Fensterl\u00e4den sind perfekt positioniert, um den Blick nach vorne und zur Seite zu erm\u00f6glichen. Eine Umkleidekabine im selben Geb\u00e4ude macht den Saunagang noch komfortabler.<\/p>\n\n<p>Die traditionelle Lux-Sauna Panorama M mit Umkleidekabine ist eine vorgefertigte Sauna, die so, wie sie ist, zum Standort transportiert wird, aber wenn der Standort schwierig zu transportieren ist, ist es m\u00f6glich, die Au\u00dfensauna in Elementen zu transportieren.<\/p>\n\n<p>Wenn Sie schon immer von einer finnischen Gartensauna getr\u00e4umt haben, die sich in anderen Teilen der Welt gro\u00dfer Beliebtheit erfreut, brauchen Sie nicht l\u00e4nger zu tr\u00e4umen &#8211; jetzt ist es an der Zeit, sie Wirklichkeit werden zu lassen!<\/p>\n","protected":false},"excerpt":{"rendered":"<p>Abmessungen 5.5m2 Sauna + 4m2 U-Raum Abmessungen: 3830*2570 mm Unsere Sauna hat alles, was ein Saunaliebhaber braucht. Bei der vorgefertigten Lieferung sind Dach, Boden und W\u00e4nde einfach zu montierende Elemente Zubeh\u00f6r Weitere Informationen \u2013 Traditionelle schwarze Terrassensauna M Wo die traditionelle Sauna hoch gesch\u00e4tzt wird, bietet Lux Sauna in ganz Finnland sehr entspannende B\u00e4der an.&nbsp;<a class=\"readbutton\" href=\"https:\/\/luxsauna.fi\/de\/hofsaunen\/lux-sauna-panaroma-m\/\">Weiterlesen<\/a><\/p>\n","protected":false},"featured_media":5750,"comment_status":"open","ping_status":"closed","template":"","meta":{"_uag_custom_page_level_css":"","_genesis_hide_title":false,"_genesis_hide_breadcrumbs":false,"_genesis_hide_singular_image":false,"_genesis_hide_footer_widgets":false,"_genesis_custom_body_class":"","_genesis_custom_post_class":"","_genesis_layout":""},"product_cat":[136,131],"product_tag":[],"berocket_brand":[],"uagb_featured_image_src":{"full":["https:\/\/luxsauna.fi\/wp-content\/uploads\/2022\/12\/Musta-pihasauna-panorama-plus.jpg",800,557,false],"thumbnail":["https:\/\/luxsauna.fi\/wp-content\/uploads\/2022\/12\/Musta-pihasauna-panorama-plus-150x150.jpg",150,150,true],"medium":["https:\/\/luxsauna.fi\/wp-content\/uploads\/2022\/12\/Musta-pihasauna-panorama-plus-300x209.jpg",300,209,true],"medium_large":["https:\/\/luxsauna.fi\/wp-content\/uploads\/2022\/12\/Musta-pihasauna-panorama-plus-768x535.jpg",768,535,true],"large":["https:\/\/luxsauna.fi\/wp-content\/uploads\/2022\/12\/Musta-pihasauna-panorama-plus.jpg",800,557,false],"1536x1536":["https:\/\/luxsauna.fi\/wp-content\/uploads\/2022\/12\/Musta-pihasauna-panorama-plus.jpg",800,557,false],"2048x2048":["https:\/\/luxsauna.fi\/wp-content\/uploads\/2022\/12\/Musta-pihasauna-panorama-plus.jpg",800,557,false],"featured-blog":["https:\/\/luxsauna.fi\/wp-content\/uploads\/2022\/12\/Musta-pihasauna-panorama-plus-600x338.jpg",600,338,true],"sidebar-thumbnail":["https:\/\/luxsauna.fi\/wp-content\/uploads\/2022\/12\/Musta-pihasauna-panorama-plus-80x80.jpg",80,80,true],"gb-block-post-grid-landscape":["https:\/\/luxsauna.fi\/wp-content\/uploads\/2022\/12\/Musta-pihasauna-panorama-plus-600x400.jpg",600,400,true],"gb-block-post-grid-square":["https:\/\/luxsauna.fi\/wp-content\/uploads\/2022\/12\/Musta-pihasauna-panorama-plus-600x557.jpg",600,557,true],"cfw_cart_thumb":["https:\/\/luxsauna.fi\/wp-content\/uploads\/2022\/12\/Musta-pihasauna-panorama-plus.jpg",60,42,false],"woocommerce_thumbnail":["https:\/\/luxsauna.fi\/wp-content\/uploads\/2022\/12\/Musta-pihasauna-panorama-plus-530x369.jpg",530,369,true],"woocommerce_single":["https:\/\/luxsauna.fi\/wp-content\/uploads\/2022\/12\/Musta-pihasauna-panorama-plus-720x501.jpg",720,501,true],"woocommerce_gallery_thumbnail":["https:\/\/luxsauna.fi\/wp-content\/uploads\/2022\/12\/Musta-pihasauna-panorama-plus-180x180.jpg",180,180,true]},"uagb_author_info":{"display_name":"Raido","author_link":"https:\/\/luxsauna.fi\/de\/author\/"},"uagb_comment_info":0,"uagb_excerpt":"Abmessungen 5.5m2 Sauna + 4m2 U-Raum Abmessungen: 3830*2570 mm Unsere Sauna hat alles, was ein Saunaliebhaber braucht. Bei der vorgefertigten Lieferung sind Dach, Boden und W\u00e4nde einfach zu montierende Elemente Zubeh\u00f6r Weitere Informationen \u2013 Traditionelle schwarze Terrassensauna M Wo die traditionelle Sauna hoch gesch\u00e4tzt wird, bietet Lux Sauna in ganz Finnland sehr entspannende B\u00e4der an.&nbsp;Weiterlesen","_links":{"self":[{"href":"https:\/\/luxsauna.fi\/de\/wp-json\/wp\/v2\/product\/3949"}],"collection":[{"href":"https:\/\/luxsauna.fi\/de\/wp-json\/wp\/v2\/product"}],"about":[{"href":"https:\/\/luxsauna.fi\/de\/wp-json\/wp\/v2\/types\/product"}],"replies":[{"embeddable":true,"href":"https:\/\/luxsauna.fi\/de\/wp-json\/wp\/v2\/comments?post=3949"}],"wp:featuredmedia":[{"embeddable":true,"href":"https:\/\/luxsauna.fi\/de\/wp-json\/wp\/v2\/media\/5750"}],"wp:attachment":[{"href":"https:\/\/luxsauna.fi\/de\/wp-json\/wp\/v2\/media?parent=3949"}],"wp:term":[{"taxonomy":"product_cat","embeddable":true,"href":"https:\/\/luxsauna.fi\/de\/wp-json\/wp\/v2\/product_cat?post=3949"},{"taxonomy":"product_tag","embeddable":true,"href":"https:\/\/luxsauna.fi\/de\/wp-json\/wp\/v2\/product_tag?post=3949"},{"taxonomy":"berocket_brand","embeddable":true,"href":"https:\/\/luxsauna.fi\/de\/wp-json\/wp\/v2\/berocket_brand?post=3949"}],"curies":[{"name":"wp","href":"https:\/\/api.w.org\/{rel}","templated":true}]}}