{"id":3944,"date":"2022-12-13T08:14:17","date_gmt":"2022-12-13T06:14:17","guid":{"rendered":"https:\/\/luxsauna.fi\/unkategorisiert\/lux-sauna-moderni-s\/"},"modified":"2024-05-05T12:09:43","modified_gmt":"2024-05-05T09:09:43","slug":"lux-sauna-moderni-s","status":"publish","type":"product","link":"https:\/\/luxsauna.fi\/de\/hofsaunen\/lux-sauna-moderni-s\/","title":{"rendered":"Moderne S-Innenhofsauna, kleines Modell"},"content":{"rendered":"\n<h2 class=\"wp-block-heading\" style=\"font-size:34px;font-style:normal;font-weight:200\">Abmessungen<\/h2>\n\n<p>6m2 Sauna | 6 Leute<\/p>\n\n<p>Abmessungen: 2200&#215;2500 mm<\/p>\n\n<figure class=\"wp-block-image size-large\"><img decoding=\"async\" width=\"1024\" height=\"810\" src=\"https:\/\/luxsauna.fi\/wp-content\/uploads\/2022\/12\/Moderni-S-pihasauna-pieni-malli-mitat-1024x810.jpg\" alt=\"Moderne S-Innenhofsauna in kleinen Modellabmessungen\" class=\"wp-image-7043\" srcset=\"https:\/\/luxsauna.fi\/wp-content\/uploads\/2022\/12\/Moderni-S-pihasauna-pieni-malli-mitat-1024x810.jpg 1024w, https:\/\/luxsauna.fi\/wp-content\/uploads\/2022\/12\/Moderni-S-pihasauna-pieni-malli-mitat-530x419.jpg 530w, https:\/\/luxsauna.fi\/wp-content\/uploads\/2022\/12\/Moderni-S-pihasauna-pieni-malli-mitat-720x570.jpg 720w, https:\/\/luxsauna.fi\/wp-content\/uploads\/2022\/12\/Moderni-S-pihasauna-pieni-malli-mitat-300x237.jpg 300w, https:\/\/luxsauna.fi\/wp-content\/uploads\/2022\/12\/Moderni-S-pihasauna-pieni-malli-mitat-768x608.jpg 768w, https:\/\/luxsauna.fi\/wp-content\/uploads\/2022\/12\/Moderni-S-pihasauna-pieni-malli-mitat.jpg 1125w\" sizes=\"(max-width: 1024px) 100vw, 1024px\" \/><\/figure>\n\n<h2 class=\"wp-block-heading\" style=\"font-size:34px;font-style:normal;font-weight:200\">Unsere Sauna hat alles, was ein Saunaliebhaber braucht.<\/h2>\n\n<ul>\n<li>Holz- oder Elektroherd<\/li>\n\n\n\n<li>Espensparren<\/li>\n\n\n\n<li>Glast\u00fcren und Fenster<\/li>\n\n\n\n<li>Schornstein und Schornsteinkappe<\/li>\n\n\n\n<li>Filzbezug<\/li>\n\n\n\n<li>Grundierte Elemente<\/li>\n<\/ul>\n\n<p>Bei der vorgefertigten Lieferung sind Dach, Boden und W\u00e4nde einfach zu montierende Elemente<\/p>\n\n<h2 class=\"wp-block-heading\" style=\"font-size:34px;font-style:normal;font-weight:200\">Zubeh\u00f6r<\/h2>\n\n<ul>\n<li>Wassertank f\u00fcr den Herd<\/li>\n\n\n\n<li>R\u00fcckenlehne<\/li>\n\n\n\n<li>Led-Leuchten<\/li>\n\n\n\n<li>Schloss an der T\u00fcr<\/li>\n\n\n\n<li>Malerei im Freien<\/li>\n\n\n\n<li>Zuverl\u00e4ssige Lieferung, auch auf die Insel<\/li>\n<\/ul>\n\n<h3 class=\"wp-block-heading\" style=\"font-size:34px;font-style:normal;font-weight:200\">Weitere Informationen zu diesem Saunabereich<\/h3>\n\n<p>Wo sich Sauna und Landschaft verbinden, bietet Lux Sauna in ganz Finnland sehr entspannende B\u00e4der an. Das h\u00fcbsche, moderne S-Modell hat eine kubische Form und repr\u00e4sentiert eine moderne \u00c4ra, die sowohl in Finnland als auch in der ganzen Welt gro\u00dfe Beliebtheit erlangt hat. Also, dieser Stil entt\u00e4uscht nicht! Sie lockt Segler zu einem unwiderstehlichen Moment des Gl\u00fccks, der Beziehungen und der Landschaft. Erleben Sie Ihren eigenen Lux-Sauna-Moment mit uns.<\/p>\n\n<h2 class=\"wp-block-heading\" style=\"font-style:normal;font-weight:200\">Das kleine Modell der Gartensauna bietet ein tolles Saunaerlebnis<\/h2>\n\n<p>Das moderne kleine Modell der S-Innenhofsauna eignet sich perfekt f\u00fcr G\u00e4ste oder eine Familie. Es bietet bequem Platz f\u00fcr 5 Personen, um gleichzeitig die hei\u00dfen B\u00e4der zu genie\u00dfen und die Landschaft des Sch\u00e4rengartens, den Garten oder was auch immer Sie genie\u00dfen m\u00f6chten, wo das Saunamodell aufgestellt ist. Sein Fenster ist so gro\u00df wie die gesamte Vorderwand, so dass man jedes Detail im Vorgarten aus der ersten Reihe sehen kann. <\/p>\n\n<p>Bezaubernde Sonnenunterg\u00e4nge, gr\u00fcne Mittsommern\u00e4chte und winterlicher Schnee sind mit der Modern S-Au\u00dfensauna zu sehen, denn die langlebigen Holzplanken sind perfekt auf die gro\u00dfen Glasfl\u00e4chen ausgerichtet.<\/p>\n\n<p>Lux Sauna Moderni S ist eine Fertigsauna, die so, wie sie ist, zum Standort transportiert wird. Wenn der Standort jedoch schwierig zu transportieren ist, ist es m\u00f6glich, die Au\u00dfensauna als vorgefertigte Elemente zu transportieren.  <\/p>\n\n<p>Wenn Sie schon immer von einer finnischen Gartensauna getr\u00e4umt haben, die sich in anderen Teilen der Welt gro\u00dfer Beliebtheit erfreut, brauchen Sie nicht l\u00e4nger zu tr\u00e4umen &#8211; jetzt ist es an der Zeit, sie Wirklichkeit werden zu lassen!<\/p>\n","protected":false},"excerpt":{"rendered":"<p>Moderni S Hofsauna kleines Modell, tolles Saunaerlebnis. Genie\u00dfen Sie das Saunavergn\u00fcgen in Ihrer eigenen Gartensauna. Schauen Sie sich unsere Auswahl an und bestellen Sie jetzt.<\/p>\n","protected":false},"featured_media":3493,"comment_status":"open","ping_status":"closed","template":"","meta":{"_uag_custom_page_level_css":"","_genesis_hide_title":false,"_genesis_hide_breadcrumbs":false,"_genesis_hide_singular_image":false,"_genesis_hide_footer_widgets":false,"_genesis_custom_body_class":"","_genesis_custom_post_class":"","_genesis_layout":""},"product_cat":[136,235,124],"product_tag":[],"berocket_brand":[],"uagb_featured_image_src":{"full":["https:\/\/luxsauna.fi\/wp-content\/uploads\/2022\/12\/Lux-Sauna-moderni-M.jpg",1200,696,false],"thumbnail":["https:\/\/luxsauna.fi\/wp-content\/uploads\/2022\/12\/Lux-Sauna-moderni-M-150x150.jpg",150,150,true],"medium":["https:\/\/luxsauna.fi\/wp-content\/uploads\/2022\/12\/Lux-Sauna-moderni-M-300x174.jpg",300,174,true],"medium_large":["https:\/\/luxsauna.fi\/wp-content\/uploads\/2022\/12\/Lux-Sauna-moderni-M-768x445.jpg",768,445,true],"large":["https:\/\/luxsauna.fi\/wp-content\/uploads\/2022\/12\/Lux-Sauna-moderni-M-1024x594.jpg",1024,594,true],"1536x1536":["https:\/\/luxsauna.fi\/wp-content\/uploads\/2022\/12\/Lux-Sauna-moderni-M.jpg",1200,696,false],"2048x2048":["https:\/\/luxsauna.fi\/wp-content\/uploads\/2022\/12\/Lux-Sauna-moderni-M.jpg",1200,696,false],"featured-blog":["https:\/\/luxsauna.fi\/wp-content\/uploads\/2022\/12\/Lux-Sauna-moderni-M-600x338.jpg",600,338,true],"sidebar-thumbnail":["https:\/\/luxsauna.fi\/wp-content\/uploads\/2022\/12\/Lux-Sauna-moderni-M-80x80.jpg",80,80,true],"gb-block-post-grid-landscape":["https:\/\/luxsauna.fi\/wp-content\/uploads\/2022\/12\/Lux-Sauna-moderni-M.jpg",600,348,false],"gb-block-post-grid-square":["https:\/\/luxsauna.fi\/wp-content\/uploads\/2022\/12\/Lux-Sauna-moderni-M.jpg",600,348,false],"cfw_cart_thumb":["https:\/\/luxsauna.fi\/wp-content\/uploads\/2022\/12\/Lux-Sauna-moderni-M.jpg",60,35,false],"woocommerce_thumbnail":["https:\/\/luxsauna.fi\/wp-content\/uploads\/2022\/12\/Lux-Sauna-moderni-M-530x307.jpg",530,307,true],"woocommerce_single":["https:\/\/luxsauna.fi\/wp-content\/uploads\/2022\/12\/Lux-Sauna-moderni-M-720x418.jpg",720,418,true],"woocommerce_gallery_thumbnail":["https:\/\/luxsauna.fi\/wp-content\/uploads\/2022\/12\/Lux-Sauna-moderni-M-180x180.jpg",180,180,true]},"uagb_author_info":{"display_name":"Christine","author_link":"https:\/\/luxsauna.fi\/de\/author\/"},"uagb_comment_info":0,"uagb_excerpt":"Moderni S Hofsauna kleines Modell, tolles Saunaerlebnis. Genie\u00dfen Sie das Saunavergn\u00fcgen in Ihrer eigenen Gartensauna. Schauen Sie sich unsere Auswahl an und bestellen Sie jetzt.","_links":{"self":[{"href":"https:\/\/luxsauna.fi\/de\/wp-json\/wp\/v2\/product\/3944"}],"collection":[{"href":"https:\/\/luxsauna.fi\/de\/wp-json\/wp\/v2\/product"}],"about":[{"href":"https:\/\/luxsauna.fi\/de\/wp-json\/wp\/v2\/types\/product"}],"replies":[{"embeddable":true,"href":"https:\/\/luxsauna.fi\/de\/wp-json\/wp\/v2\/comments?post=3944"}],"wp:featuredmedia":[{"embeddable":true,"href":"https:\/\/luxsauna.fi\/de\/wp-json\/wp\/v2\/media\/3493"}],"wp:attachment":[{"href":"https:\/\/luxsauna.fi\/de\/wp-json\/wp\/v2\/media?parent=3944"}],"wp:term":[{"taxonomy":"product_cat","embeddable":true,"href":"https:\/\/luxsauna.fi\/de\/wp-json\/wp\/v2\/product_cat?post=3944"},{"taxonomy":"product_tag","embeddable":true,"href":"https:\/\/luxsauna.fi\/de\/wp-json\/wp\/v2\/product_tag?post=3944"},{"taxonomy":"berocket_brand","embeddable":true,"href":"https:\/\/luxsauna.fi\/de\/wp-json\/wp\/v2\/berocket_brand?post=3944"}],"curies":[{"name":"wp","href":"https:\/\/api.w.org\/{rel}","templated":true}]}}