{"id":3929,"date":"2022-12-13T09:57:06","date_gmt":"2022-12-13T07:57:06","guid":{"rendered":"https:\/\/luxsauna.fi\/unkategorisiert\/lux-sauna-moderni-xl\/"},"modified":"2024-05-05T15:47:00","modified_gmt":"2024-05-05T12:47:00","slug":"lux-sauna-modern-xl","status":"publish","type":"product","link":"https:\/\/luxsauna.fi\/de\/hofsaunen\/lux-sauna-modern-xl\/","title":{"rendered":"Lux Sauna Modern XL"},"content":{"rendered":"\n<h2 class=\"wp-block-heading\" style=\"font-size:34px;font-style:normal;font-weight:200\">Abmessungen<\/h2>\n\n<p>20m2 Sauna + 2,7 m2<\/p>\n\n<p>Abmessungen: 3500*5500 mm + 1500*1800m<\/p>\n\n<figure class=\"wp-block-image size-large\"><img decoding=\"async\" width=\"1024\" height=\"843\" src=\"https:\/\/luxsauna.fi\/wp-content\/uploads\/2022\/12\/Lux-sauna-Moderni-XL-1-1024x843.jpg\" alt=\"Lux-Sauna Modern XL\" class=\"wp-image-2275\" srcset=\"https:\/\/luxsauna.fi\/wp-content\/uploads\/2022\/12\/Lux-sauna-Moderni-XL-1-1024x843.jpg 1024w, https:\/\/luxsauna.fi\/wp-content\/uploads\/2022\/12\/Lux-sauna-Moderni-XL-1-530x436.jpg 530w, https:\/\/luxsauna.fi\/wp-content\/uploads\/2022\/12\/Lux-sauna-Moderni-XL-1-720x592.jpg 720w, https:\/\/luxsauna.fi\/wp-content\/uploads\/2022\/12\/Lux-sauna-Moderni-XL-1-300x247.jpg 300w, https:\/\/luxsauna.fi\/wp-content\/uploads\/2022\/12\/Lux-sauna-Moderni-XL-1-768x632.jpg 768w, https:\/\/luxsauna.fi\/wp-content\/uploads\/2022\/12\/Lux-sauna-Moderni-XL-1.jpg 1264w\" sizes=\"(max-width: 1024px) 100vw, 1024px\" \/><\/figure>\n\n<h2 class=\"wp-block-heading\" style=\"font-size:34px;font-style:normal;font-weight:200\">Unsere Sauna hat alles, was ein Saunaliebhaber braucht.<\/h2>\n\n<ul>\n<li>Holz- oder Elektroherd<\/li>\n\n\n\n<li>Espensparren<\/li>\n\n\n\n<li>Glast\u00fcren und Fenster<\/li>\n\n\n\n<li>Schornstein und Schornsteinkappe<\/li>\n\n\n\n<li>Filzbezug<\/li>\n\n\n\n<li>Grundierte Elemente<\/li>\n<\/ul>\n\n<p>Bei der vorgefertigten Lieferung sind Dach, Boden und W\u00e4nde einfach zu montierende Elemente<\/p>\n\n<h2 class=\"wp-block-heading\" style=\"font-size:34px;font-style:normal;font-weight:200\">Zubeh\u00f6r<\/h2>\n\n<ul>\n<li>Wassertank f\u00fcr den Herd<\/li>\n\n\n\n<li>R\u00fcckenlehne<\/li>\n\n\n\n<li>Led-Leuchten<\/li>\n\n\n\n<li>Schloss an der T\u00fcr<\/li>\n\n\n\n<li>Malerei im Freien<\/li>\n\n\n\n<li>Zuverl\u00e4ssige Lieferung, auch auf die Insel<\/li>\n<\/ul>\n\n<h3 class=\"wp-block-heading\" style=\"font-size:34px;font-style:normal;font-weight:200\">Weitere Informationen zu diesem Saunabereich<\/h3>\n\n<p>Wo sich Sauna und Landschaft verbinden, bietet Lux Sauna in ganz Finnland sehr entspannende B\u00e4der an. Das h\u00fcbsche, moderne XL-Modell ist gro\u00df, hat eine Umkleidekabine und eine kubische Form und repr\u00e4sentiert damit eine moderne \u00c4ra, die sowohl in Finnland als auch in anderen Teilen der Welt gro\u00dfe Beliebtheit erlangt hat. Also, dieser Stil entt\u00e4uscht nicht! Sie lockt Segler zu einem unwiderstehlichen Moment des Gl\u00fccks, der Beziehungen und der Landschaft. Erleben Sie Ihren eigenen Lux-Sauna-Moment mit uns.<\/p>\n\n<p>Die moderne XL-Sauna mit Umkleidekabine ist die perfekte Gartensauna f\u00fcr G\u00e4ste oder die Familie. Sie bietet Platz f\u00fcr bis zu 20 Personen, die gleichzeitig hei\u00dfe B\u00e4der genie\u00dfen k\u00f6nnen, w\u00e4hrend sie die Aussicht auf die Insel, den Garten oder jeden anderen Ort, an dem das Saunamodell aufgestellt wird, genie\u00dfen. Sein gro\u00dfes Fenster ist so gro\u00df wie die gesamte Vorderwand, so dass man jedes Detail des Vorgartens aus der ersten Reihe sehen kann.  <\/p>\n\n<p>Bezaubernde Sonnenunterg\u00e4nge, gr\u00fcne Mittsommern\u00e4chte und winterlicher Schnee sind mit der Modern XL-Au\u00dfensauna zu sehen, denn die langlebigen Holzplanken sind perfekt auf die gro\u00dfen Glasfl\u00e4chen ausgerichtet.<\/p>\n\n<p>Die Lux Sauna Moderni XL mit Umkleidekabine ist eine gro\u00dfe, vorgefertigte Sauna, die so, wie sie ist, zum Standort transportiert wird, aber wenn der Standort schwierig zu transportieren ist, ist es m\u00f6glich, die Au\u00dfensauna in Elementen zu transportieren.  <\/p>\n\n<p>Wenn Sie schon immer von einer finnischen Gartensauna getr\u00e4umt haben, die sich in anderen Teilen der Welt gro\u00dfer Beliebtheit erfreut, brauchen Sie nicht l\u00e4nger zu tr\u00e4umen &#8211; jetzt ist es an der Zeit, sie Wirklichkeit werden zu lassen!<\/p>\n","protected":false},"excerpt":{"rendered":"<p><strong>Gr\u00f6\u00dfe der Sauna: 20m2 (3500\u00d75500 +Umkleideraum: 1500\u00d71800 mm) | 20 Personen.<\/strong><\/p>\n","protected":false},"featured_media":3513,"comment_status":"open","ping_status":"closed","template":"","meta":{"_uag_custom_page_level_css":"","_genesis_hide_title":false,"_genesis_hide_breadcrumbs":false,"_genesis_hide_singular_image":false,"_genesis_hide_footer_widgets":false,"_genesis_custom_body_class":"","_genesis_custom_post_class":"","_genesis_layout":""},"product_cat":[136,124],"product_tag":[],"berocket_brand":[],"uagb_featured_image_src":{"full":["https:\/\/luxsauna.fi\/wp-content\/uploads\/2022\/12\/Lux-Sauna-Moderni-xl.jpg",1200,696,false],"thumbnail":["https:\/\/luxsauna.fi\/wp-content\/uploads\/2022\/12\/Lux-Sauna-Moderni-xl-150x150.jpg",150,150,true],"medium":["https:\/\/luxsauna.fi\/wp-content\/uploads\/2022\/12\/Lux-Sauna-Moderni-xl-300x174.jpg",300,174,true],"medium_large":["https:\/\/luxsauna.fi\/wp-content\/uploads\/2022\/12\/Lux-Sauna-Moderni-xl-768x445.jpg",768,445,true],"large":["https:\/\/luxsauna.fi\/wp-content\/uploads\/2022\/12\/Lux-Sauna-Moderni-xl-1024x594.jpg",1024,594,true],"1536x1536":["https:\/\/luxsauna.fi\/wp-content\/uploads\/2022\/12\/Lux-Sauna-Moderni-xl.jpg",1200,696,false],"2048x2048":["https:\/\/luxsauna.fi\/wp-content\/uploads\/2022\/12\/Lux-Sauna-Moderni-xl.jpg",1200,696,false],"featured-blog":["https:\/\/luxsauna.fi\/wp-content\/uploads\/2022\/12\/Lux-Sauna-Moderni-xl-600x338.jpg",600,338,true],"sidebar-thumbnail":["https:\/\/luxsauna.fi\/wp-content\/uploads\/2022\/12\/Lux-Sauna-Moderni-xl-80x80.jpg",80,80,true],"gb-block-post-grid-landscape":["https:\/\/luxsauna.fi\/wp-content\/uploads\/2022\/12\/Lux-Sauna-Moderni-xl.jpg",600,348,false],"gb-block-post-grid-square":["https:\/\/luxsauna.fi\/wp-content\/uploads\/2022\/12\/Lux-Sauna-Moderni-xl.jpg",600,348,false],"cfw_cart_thumb":["https:\/\/luxsauna.fi\/wp-content\/uploads\/2022\/12\/Lux-Sauna-Moderni-xl.jpg",60,35,false],"woocommerce_thumbnail":["https:\/\/luxsauna.fi\/wp-content\/uploads\/2022\/12\/Lux-Sauna-Moderni-xl-530x307.jpg",530,307,true],"woocommerce_single":["https:\/\/luxsauna.fi\/wp-content\/uploads\/2022\/12\/Lux-Sauna-Moderni-xl-720x418.jpg",720,418,true],"woocommerce_gallery_thumbnail":["https:\/\/luxsauna.fi\/wp-content\/uploads\/2022\/12\/Lux-Sauna-Moderni-xl-180x180.jpg",180,180,true]},"uagb_author_info":{"display_name":"Christine","author_link":"https:\/\/luxsauna.fi\/de\/author\/"},"uagb_comment_info":0,"uagb_excerpt":"Gr\u00f6\u00dfe der Sauna: 20m2 (3500\u00d75500 +Umkleideraum: 1500\u00d71800 mm) | 20 Personen.","_links":{"self":[{"href":"https:\/\/luxsauna.fi\/de\/wp-json\/wp\/v2\/product\/3929"}],"collection":[{"href":"https:\/\/luxsauna.fi\/de\/wp-json\/wp\/v2\/product"}],"about":[{"href":"https:\/\/luxsauna.fi\/de\/wp-json\/wp\/v2\/types\/product"}],"replies":[{"embeddable":true,"href":"https:\/\/luxsauna.fi\/de\/wp-json\/wp\/v2\/comments?post=3929"}],"wp:featuredmedia":[{"embeddable":true,"href":"https:\/\/luxsauna.fi\/de\/wp-json\/wp\/v2\/media\/3513"}],"wp:attachment":[{"href":"https:\/\/luxsauna.fi\/de\/wp-json\/wp\/v2\/media?parent=3929"}],"wp:term":[{"taxonomy":"product_cat","embeddable":true,"href":"https:\/\/luxsauna.fi\/de\/wp-json\/wp\/v2\/product_cat?post=3929"},{"taxonomy":"product_tag","embeddable":true,"href":"https:\/\/luxsauna.fi\/de\/wp-json\/wp\/v2\/product_tag?post=3929"},{"taxonomy":"berocket_brand","embeddable":true,"href":"https:\/\/luxsauna.fi\/de\/wp-json\/wp\/v2\/berocket_brand?post=3929"}],"curies":[{"name":"wp","href":"https:\/\/api.w.org\/{rel}","templated":true}]}}