{"id":7563,"date":"2020-11-09T17:58:35","date_gmt":"2020-11-09T15:58:35","guid":{"rendered":"https:\/\/luxsauna.fi\/nutzungsbedingungen\/"},"modified":"2024-05-09T13:04:49","modified_gmt":"2024-05-09T10:04:49","slug":"nutzungsbedingungen","status":"publish","type":"page","link":"https:\/\/luxsauna.fi\/de\/nutzungsbedingungen\/","title":{"rendered":"Nutzungsbedingungen"},"content":{"rendered":"\n<div style=\"height:40px\" aria-hidden=\"true\" class=\"wp-block-spacer\"><\/div>\n\n\n\n<h1 class=\"wp-block-heading\">Nutzungsbedingungen<\/h1>\n\n\n\n<p><strong>Webseite &#8211; <\/strong><a href=\"https:\/\/luxsauna.fi\/de\/\"><strong>https:\/\/luxsauna.fi<\/strong><\/a><\/p>\n\n\n\n<p>Lux Sauna (Lux Sauna Oy) ist der eingetragene Eigent\u00fcmer und Betreiber der Website <a href=\"https:\/\/luxsauna.fi\/de\/\">https:\/\/luxsauna.fi<\/a> (im Folgenden als \u201ewir\u201c oder \u201eunser\u201c bezeichnet).<\/p>\n\n\n\n<p>Lux Sauna Oy stellt Ihnen auf dieser Website alle Informationen, Funktionen, Produktangebote und Dienstleistungen, Richtlinien, Bedingungen und andere Informationen zur Verf\u00fcgung. Wenn Sie eine der Richtlinien oder Bedingungen nicht akzeptieren m\u00f6chten, sollten Sie aufh\u00f6ren, auf unserer Website fortzufahren und die von uns angebotenen Dienste oder Produkte nicht mehr zu nutzen. <\/p>\n\n\n\n<p>Wenn Sie Bedenken oder Beschwerden sowie Informationsanfragen haben, k\u00f6nnen Sie sich gerne direkt an uns wenden (E-Mail). Wir werden Ihnen so schnell wie m\u00f6glich antworten. <\/p>\n\n\n\n<p><strong>Privatsph\u00e4re<\/strong><\/p>\n\n\n\n<p>Wir von Lux Sauna sammeln Informationen \u00fcber unsere Kunden und speichern sie, um Saunabestellungen fortzusetzen. Wir sammeln auch Informationen, indem wir einen Newsletter ausw\u00e4hlen, bei dem der Kunde das entsprechende K\u00e4stchen ausgew\u00e4hlt hat, um Marketingkampagnen von uns zu erhalten. Wir verwenden diese Informationen nur f\u00fcr Marketingzwecke und geben sie nicht an andere Parteien weiter. Wenn Sie diese nie wieder erhalten m\u00f6chten, k\u00f6nnen Sie uns jederzeit kontaktieren und wir werden Sie aus der Liste entfernen und die von Ihnen gespeicherten Informationen l\u00f6schen.   <\/p>\n\n\n\n<p>Lesen Sie mehr \u00fcber unsere <a href=\"\/?page_id=7482\">Datenschutz- und Cookie-Richtlinien<\/a>.<\/p>\n\n\n\n<p>Wir behalten uns das Recht vor, Teile der Nutzungsbedingungen zu aktualisieren, zu \u00e4ndern oder zu ersetzen. Halten Sie es mit neuen Dienstleistungen und Produkten, die wir ver\u00f6ffentlichen, oder anderen erforderlichen Informationen auf dem Laufenden. Die aktuellen Bedingungen wurden zuletzt am 07. November 2022 aktualisiert.   <\/p>\n","protected":false},"excerpt":{"rendered":"<p>Nutzungsbedingungen Webseite &#8211; https:\/\/luxsauna.fi Lux Sauna (Lux Sauna Oy) ist der eingetragene Eigent\u00fcmer und Betreiber der Website https:\/\/luxsauna.fi (im Folgenden als \u201ewir\u201c oder \u201eunser\u201c bezeichnet). Lux Sauna Oy stellt Ihnen auf dieser Website alle Informationen, Funktionen, Produktangebote und Dienstleistungen, Richtlinien, Bedingungen und andere Informationen zur Verf\u00fcgung. Wenn Sie eine der Richtlinien oder Bedingungen nicht akzeptieren&nbsp;<a class=\"readbutton\" href=\"https:\/\/luxsauna.fi\/de\/nutzungsbedingungen\/\">Weiterlesen<\/a><\/p>\n","protected":false},"author":2,"featured_media":0,"parent":0,"menu_order":0,"comment_status":"closed","ping_status":"closed","template":"","meta":{"_uag_custom_page_level_css":"","_genesis_hide_title":false,"_genesis_hide_breadcrumbs":false,"_genesis_hide_singular_image":false,"_genesis_hide_footer_widgets":false,"_genesis_custom_body_class":"","_genesis_custom_post_class":"","_genesis_layout":"full-width-content","footnotes":""},"featured_image_src":null,"featured_image_src_square":null,"uagb_featured_image_src":{"full":false,"thumbnail":false,"medium":false,"medium_large":false,"large":false,"1536x1536":false,"2048x2048":false,"featured-blog":false,"sidebar-thumbnail":false,"gb-block-post-grid-landscape":false,"gb-block-post-grid-square":false,"cfw_cart_thumb":false,"woocommerce_thumbnail":false,"woocommerce_single":false,"woocommerce_gallery_thumbnail":false},"uagb_author_info":{"display_name":"Christine","author_link":"https:\/\/luxsauna.fi\/de\/author\/christine\/"},"uagb_comment_info":0,"uagb_excerpt":"Nutzungsbedingungen Webseite &#8211; https:\/\/luxsauna.fi Lux Sauna (Lux Sauna Oy) ist der eingetragene Eigent\u00fcmer und Betreiber der Website https:\/\/luxsauna.fi (im Folgenden als \u201ewir\u201c oder \u201eunser\u201c bezeichnet). Lux Sauna Oy stellt Ihnen auf dieser Website alle Informationen, Funktionen, Produktangebote und Dienstleistungen, Richtlinien, Bedingungen und andere Informationen zur Verf\u00fcgung. Wenn Sie eine der Richtlinien oder Bedingungen nicht akzeptieren&nbsp;Weiterlesen","_links":{"self":[{"href":"https:\/\/luxsauna.fi\/de\/wp-json\/wp\/v2\/pages\/7563"}],"collection":[{"href":"https:\/\/luxsauna.fi\/de\/wp-json\/wp\/v2\/pages"}],"about":[{"href":"https:\/\/luxsauna.fi\/de\/wp-json\/wp\/v2\/types\/page"}],"author":[{"embeddable":true,"href":"https:\/\/luxsauna.fi\/de\/wp-json\/wp\/v2\/users\/2"}],"replies":[{"embeddable":true,"href":"https:\/\/luxsauna.fi\/de\/wp-json\/wp\/v2\/comments?post=7563"}],"version-history":[{"count":3,"href":"https:\/\/luxsauna.fi\/de\/wp-json\/wp\/v2\/pages\/7563\/revisions"}],"predecessor-version":[{"id":7585,"href":"https:\/\/luxsauna.fi\/de\/wp-json\/wp\/v2\/pages\/7563\/revisions\/7585"}],"wp:attachment":[{"href":"https:\/\/luxsauna.fi\/de\/wp-json\/wp\/v2\/media?parent=7563"}],"curies":[{"name":"wp","href":"https:\/\/api.w.org\/{rel}","templated":true}]}}