{"id":7549,"date":"2023-07-05T10:25:19","date_gmt":"2023-07-05T07:25:19","guid":{"rendered":"https:\/\/luxsauna.fi\/liefermethoden\/"},"modified":"2024-05-09T13:04:05","modified_gmt":"2024-05-09T10:04:05","slug":"liefermethoden","status":"publish","type":"page","link":"https:\/\/luxsauna.fi\/de\/liefermethoden\/","title":{"rendered":"Liefermethoden"},"content":{"rendered":"\n<div style=\"height:40px\" aria-hidden=\"true\" class=\"wp-block-spacer\"><\/div>\n\n\n\n<h1 class=\"wp-block-heading\">Liefermethoden<\/h1>\n\n\n\n<p>Auf dieser Seite finden Sie alle verf\u00fcgbaren Versandarten.<\/p>\n\n\n\n<h2 class=\"wp-block-heading\">Hofsaunen<\/h2>\n\n\n\n<p>Die Lieferung von Hofsaunen erfolgt im Auftrag des Herstellers nach gesonderter Vereinbarung. Die Lieferung erfolgt in der Regel mit Hilfe eines LKWs und eines Krans, sodass die Au\u00dfensauna pr\u00e4zise und sicher an den gew\u00fcnschten Ort gebracht werden kann. Genauere Informationen zur Lieferung der Au\u00dfensauna und zu den Terminen werden bei der Bestellung vereinbart.<\/p>\n\n\n\n<h2 class=\"wp-block-heading\">Whirlpools, Sauna\u00f6fen, Terrassenm\u00f6bel und Holzmaterialien<\/h2>\n\n\n\n<p>F\u00fcr \u00d6fen, \u00d6fen, Terrassenm\u00f6bel und Holzwerkstoffe bieten wir zwei Lieferm\u00f6glichkeiten an: <\/p>\n\n\n\n<ul>\n<li>PostNord<\/li>\n\n\n\n<li>Kaukokiito<\/li>\n<\/ul>\n\n\n\n<p><strong>Hinweise zu Lieferungen:<\/strong><\/p>\n\n\n\n<ul>\n<li>Wir versuchen, Ihre Bestellung so schnell wie m\u00f6glich zu bearbeiten und die Produkte entsprechend der von Ihnen gew\u00e4hlten Versandart zu liefern.<\/li>\n\n\n\n<li>Die Lieferzeit kann je nach Produkt, Lieferadresse und gew\u00e4hlter Versandart variieren.<\/li>\n\n\n\n<li>Wir werden Sie so bald wie m\u00f6glich nach der Bearbeitung der Bestellung \u00fcber den Lieferplan und die Informationen zur Sendungsverfolgung informieren.<\/li>\n\n\n\n<li>Bitte stellen Sie sicher, dass die von Ihnen angegebene Lieferadresse korrekt ist, damit wir eine erfolgreiche Lieferung garantieren k\u00f6nnen.<\/li>\n<\/ul>\n\n\n\n<p>Wenn Sie Fragen zu den Versandarten haben oder weitere Informationen ben\u00f6tigen, k\u00f6nnen Sie uns kontaktieren.<\/p>\n","protected":false},"excerpt":{"rendered":"<p>Liefermethoden Auf dieser Seite finden Sie alle verf\u00fcgbaren Versandarten. Hofsaunen Die Lieferung von Hofsaunen erfolgt im Auftrag des Herstellers nach gesonderter Vereinbarung. Die Lieferung erfolgt in der Regel mit Hilfe eines LKWs und eines Krans, sodass die Au\u00dfensauna pr\u00e4zise und sicher an den gew\u00fcnschten Ort gebracht werden kann. Genauere Informationen zur Lieferung der Au\u00dfensauna und&nbsp;<a class=\"readbutton\" href=\"https:\/\/luxsauna.fi\/de\/liefermethoden\/\">Weiterlesen<\/a><\/p>\n","protected":false},"author":2,"featured_media":0,"parent":0,"menu_order":0,"comment_status":"closed","ping_status":"closed","template":"","meta":{"_uag_custom_page_level_css":"","_genesis_hide_title":false,"_genesis_hide_breadcrumbs":false,"_genesis_hide_singular_image":false,"_genesis_hide_footer_widgets":false,"_genesis_custom_body_class":"","_genesis_custom_post_class":"","_genesis_layout":"","footnotes":""},"featured_image_src":null,"featured_image_src_square":null,"uagb_featured_image_src":{"full":false,"thumbnail":false,"medium":false,"medium_large":false,"large":false,"1536x1536":false,"2048x2048":false,"featured-blog":false,"sidebar-thumbnail":false,"gb-block-post-grid-landscape":false,"gb-block-post-grid-square":false,"cfw_cart_thumb":false,"woocommerce_thumbnail":false,"woocommerce_single":false,"woocommerce_gallery_thumbnail":false},"uagb_author_info":{"display_name":"Christine","author_link":"https:\/\/luxsauna.fi\/de\/author\/christine\/"},"uagb_comment_info":0,"uagb_excerpt":"Liefermethoden Auf dieser Seite finden Sie alle verf\u00fcgbaren Versandarten. Hofsaunen Die Lieferung von Hofsaunen erfolgt im Auftrag des Herstellers nach gesonderter Vereinbarung. Die Lieferung erfolgt in der Regel mit Hilfe eines LKWs und eines Krans, sodass die Au\u00dfensauna pr\u00e4zise und sicher an den gew\u00fcnschten Ort gebracht werden kann. Genauere Informationen zur Lieferung der Au\u00dfensauna und&nbsp;Weiterlesen","_links":{"self":[{"href":"https:\/\/luxsauna.fi\/de\/wp-json\/wp\/v2\/pages\/7549"}],"collection":[{"href":"https:\/\/luxsauna.fi\/de\/wp-json\/wp\/v2\/pages"}],"about":[{"href":"https:\/\/luxsauna.fi\/de\/wp-json\/wp\/v2\/types\/page"}],"author":[{"embeddable":true,"href":"https:\/\/luxsauna.fi\/de\/wp-json\/wp\/v2\/users\/2"}],"replies":[{"embeddable":true,"href":"https:\/\/luxsauna.fi\/de\/wp-json\/wp\/v2\/comments?post=7549"}],"version-history":[{"count":2,"href":"https:\/\/luxsauna.fi\/de\/wp-json\/wp\/v2\/pages\/7549\/revisions"}],"predecessor-version":[{"id":7583,"href":"https:\/\/luxsauna.fi\/de\/wp-json\/wp\/v2\/pages\/7549\/revisions\/7583"}],"wp:attachment":[{"href":"https:\/\/luxsauna.fi\/de\/wp-json\/wp\/v2\/media?parent=7549"}],"curies":[{"name":"wp","href":"https:\/\/api.w.org\/{rel}","templated":true}]}}