{"id":7539,"date":"2023-07-05T10:02:29","date_gmt":"2023-07-05T07:02:29","guid":{"rendered":"https:\/\/luxsauna.fi\/zahlungsarten\/"},"modified":"2024-05-09T13:02:46","modified_gmt":"2024-05-09T10:02:46","slug":"zahlungsarten","status":"publish","type":"page","link":"https:\/\/luxsauna.fi\/de\/zahlungsarten\/","title":{"rendered":"Zahlungsarten"},"content":{"rendered":"\n<div style=\"height:40px\" aria-hidden=\"true\" class=\"wp-block-spacer\"><\/div>\n\n\n\n<h1 class=\"wp-block-heading\">Zahlungsarten<\/h1>\n\n\n\n<p>Wir m\u00f6chten Ihr Einkaufserlebnis so angenehm wie m\u00f6glich gestalten und Ihnen sichere und zuverl\u00e4ssige Zahlungsm\u00f6glichkeiten bieten. Nachfolgend finden Sie eine Liste der von uns akzeptierten Zahlungsmethoden, die alle dem finnischen Verbraucherschutzgesetz entsprechen.<\/p>\n\n\n\n<h2 class=\"wp-block-heading\">1. Klarna<\/h2>\n\n\n\n<p>Dar\u00fcber hinaus bieten wir den Zahlungsservice Klarna an, der flexible Zahlungsm\u00f6glichkeiten bietet. Mit der Klarna-Zahlung k\u00f6nnen Sie Ihren Einkauf bezahlen:<\/p>\n\n\n\n<ul>\n<li>Auf der Rechnung<\/li>\n\n\n\n<li>Auf dem Ratenplan<\/li>\n\n\n\n<li>Mit einem Klarna-Konto <\/li>\n<\/ul>\n\n\n\n<p>Die Zahlungsbedingungen von Klarna finden Sie auf unserer Website und sie gelten, wenn Sie Klarna-Zahlungen t\u00e4tigen.<\/p>\n\n\n\n<h2 class=\"wp-block-heading\">2. Kreditkarten (Klarna oder Stripe)<\/h2>\n\n\n\n<p>Wir akzeptieren folgende Kreditkarten:<\/p>\n\n\n\n<ul>\n<li>Visa<\/li>\n\n\n\n<li>Visa Electron<\/li>\n\n\n\n<li>Mastercard<\/li>\n\n\n\n<li>Maestro<\/li>\n<\/ul>\n\n\n\n<h2 class=\"wp-block-heading\">3. Online-Banking-Dienste (Klarna)<\/h2>\n\n\n\n<p>Wir bieten Ihnen die M\u00f6glichkeit, Ihre Eink\u00e4ufe \u00fcber die g\u00e4ngigsten Online-Banken zu bezahlen.<\/p>\n\n\n\n<h2 class=\"wp-block-heading\">Andere \u00dcberlegungen<\/h2>\n\n\n\n<p>Huomaathan, ett\u00e4 maksutavan valinta voi vaihdella tilauksen kokonaisarvon, tuotteiden tai muiden tekij\u00f6iden perusteella. Pyrimme tarjoamaan mahdollisimman kattavan valikoiman vaihtoehtoja, jotta voit valita itsellesi sopivimman maksutavan.<\/p>\n\n\n\n<p>Kaikki maksutavat, jotka tarjoamme, ovat Suomen kuluttajasuojalain mukaisia. Wir verpflichten uns, die Anweisungen der finnischen Verbraucheragentur einzuhalten und sicherzustellen, dass unsere Kunden in ihren Rechten gesch\u00fctzt sind.<\/p>\n\n\n\n<p>Unsere Kaufabwicklung erfolgt stets sicher und zuverl\u00e4ssig. Wir garantieren den Schutz Ihrer Privatsph\u00e4re und personenbezogenen Daten bei allen Zahlungsvorg\u00e4ngen.<\/p>\n\n\n\n<p>Wenn Sie Fragen zu den Zahlungsarten haben oder weitere Informationen ben\u00f6tigen, k\u00f6nnen Sie uns jederzeit kontaktieren.<\/p>\n","protected":false},"excerpt":{"rendered":"<p>Zahlungsarten Wir m\u00f6chten Ihr Einkaufserlebnis so angenehm wie m\u00f6glich gestalten und Ihnen sichere und zuverl\u00e4ssige Zahlungsm\u00f6glichkeiten bieten. Nachfolgend finden Sie eine Liste der von uns akzeptierten Zahlungsmethoden, die alle dem finnischen Verbraucherschutzgesetz entsprechen. 1. Klarna Dar\u00fcber hinaus bieten wir den Zahlungsservice Klarna an, der flexible Zahlungsm\u00f6glichkeiten bietet. Mit der Klarna-Zahlung k\u00f6nnen Sie Ihren Einkauf bezahlen:&nbsp;<a class=\"readbutton\" href=\"https:\/\/luxsauna.fi\/de\/zahlungsarten\/\">Weiterlesen<\/a><\/p>\n","protected":false},"author":2,"featured_media":0,"parent":0,"menu_order":0,"comment_status":"closed","ping_status":"closed","template":"","meta":{"_uag_custom_page_level_css":"","_genesis_hide_title":false,"_genesis_hide_breadcrumbs":false,"_genesis_hide_singular_image":false,"_genesis_hide_footer_widgets":false,"_genesis_custom_body_class":"","_genesis_custom_post_class":"","_genesis_layout":"","footnotes":""},"featured_image_src":null,"featured_image_src_square":null,"uagb_featured_image_src":{"full":false,"thumbnail":false,"medium":false,"medium_large":false,"large":false,"1536x1536":false,"2048x2048":false,"featured-blog":false,"sidebar-thumbnail":false,"gb-block-post-grid-landscape":false,"gb-block-post-grid-square":false,"cfw_cart_thumb":false,"woocommerce_thumbnail":false,"woocommerce_single":false,"woocommerce_gallery_thumbnail":false},"uagb_author_info":{"display_name":"Christine","author_link":"https:\/\/luxsauna.fi\/de\/author\/christine\/"},"uagb_comment_info":0,"uagb_excerpt":"Zahlungsarten Wir m\u00f6chten Ihr Einkaufserlebnis so angenehm wie m\u00f6glich gestalten und Ihnen sichere und zuverl\u00e4ssige Zahlungsm\u00f6glichkeiten bieten. Nachfolgend finden Sie eine Liste der von uns akzeptierten Zahlungsmethoden, die alle dem finnischen Verbraucherschutzgesetz entsprechen. 1. Klarna Dar\u00fcber hinaus bieten wir den Zahlungsservice Klarna an, der flexible Zahlungsm\u00f6glichkeiten bietet. Mit der Klarna-Zahlung k\u00f6nnen Sie Ihren Einkauf bezahlen:&nbsp;Weiterlesen","_links":{"self":[{"href":"https:\/\/luxsauna.fi\/de\/wp-json\/wp\/v2\/pages\/7539"}],"collection":[{"href":"https:\/\/luxsauna.fi\/de\/wp-json\/wp\/v2\/pages"}],"about":[{"href":"https:\/\/luxsauna.fi\/de\/wp-json\/wp\/v2\/types\/page"}],"author":[{"embeddable":true,"href":"https:\/\/luxsauna.fi\/de\/wp-json\/wp\/v2\/users\/2"}],"replies":[{"embeddable":true,"href":"https:\/\/luxsauna.fi\/de\/wp-json\/wp\/v2\/comments?post=7539"}],"version-history":[{"count":2,"href":"https:\/\/luxsauna.fi\/de\/wp-json\/wp\/v2\/pages\/7539\/revisions"}],"predecessor-version":[{"id":7580,"href":"https:\/\/luxsauna.fi\/de\/wp-json\/wp\/v2\/pages\/7539\/revisions\/7580"}],"wp:attachment":[{"href":"https:\/\/luxsauna.fi\/de\/wp-json\/wp\/v2\/media?parent=7539"}],"curies":[{"name":"wp","href":"https:\/\/api.w.org\/{rel}","templated":true}]}}