{"id":7482,"date":"2020-11-17T12:36:19","date_gmt":"2020-11-17T10:36:19","guid":{"rendered":"https:\/\/luxsauna.fi\/tietosuoja-ja-evaestekaeytaentoe\/"},"modified":"2024-05-07T11:47:57","modified_gmt":"2024-05-07T08:47:57","slug":"datenschutz-und-cookie-richtlinie","status":"publish","type":"page","link":"https:\/\/luxsauna.fi\/de\/datenschutz-und-cookie-richtlinie\/","title":{"rendered":"Datenschutz- und Cookie-Richtlinie"},"content":{"rendered":"\n<div style=\"height:40px\" aria-hidden=\"true\" class=\"wp-block-spacer\"><\/div>\n\n\n\n<h1 class=\"wp-block-heading\">Unsere Datenschutz- und Cookie-Richtlinie<\/h1>\n\n\n\n<p>Diese Datenschutz- und Cookie-Richtlinie erl\u00e4utert, wie wir personenbezogene Daten verwenden, die von Ihnen gesammelt werden, wenn Sie unsere Website besuchen, unseren Newsletter abonnieren oder unsere Produkte und Dienstleistungen kaufen.<\/p>\n\n\n\n<p>Enthaltene Themen:<\/p>\n\n\n\n<ul>\n<li>Welche Informationen sammeln wir? <\/li>\n\n\n\n<li>Wie erfassen wir Ihre Informationen? <\/li>\n\n\n\n<li>Wie verwenden wir Ihre Informationen? <\/li>\n\n\n\n<li>Wie speichern wir Ihre Informationen?<\/li>\n\n\n\n<li> Marketing <\/li>\n\n\n\n<li>Was sind Ihre Datenschutzrechte? <\/li>\n\n\n\n<li>Was sind Cookies? <\/li>\n\n\n\n<li>Wie verwenden wir Cookies? <\/li>\n\n\n\n<li>Welche Arten von Cookies verwenden wir? <\/li>\n\n\n\n<li>Wie verwalten Sie Ihre Cookies? <\/li>\n\n\n\n<li>Datenschutzrichtlinien anderer Websites \u00c4nderungen an unserer Datenschutzrichtlinie <\/li>\n\n\n\n<li>Wie k\u00f6nnen Sie uns kontaktieren? <\/li>\n<\/ul>\n\n\n\n<p><strong>Welche Informationen sammeln wir? <\/strong><\/p>\n\n\n\n<p>Unser Unternehmen Lux Sauna Oy (Sauna-Shop) sammelt folgende Daten:<\/p>\n\n\n\n<p><\/p>\n\n\n\n<ul>\n<li>Personenbezogene Identifikationsinformationen (Name, E-Mail-Adresse, Telefonnummer und Kreditkarteninformationen) <\/li>\n\n\n\n<li>Nicht personenbezogene Identifikationsinformationen (Browsername, Computertyp, Betriebssysteme, Internetdienstanbieter und \u00e4hnliche Daten) <\/li>\n<\/ul>\n\n\n\n<p>Dar\u00fcber hinaus sammeln wir statistische und Messdaten von unserer Website, wie Seitenaufrufe, Absprungrate, auf der Website verbrachte Zeit und andere Informationen, um die Benutzerbindung und -retention zu verbessern. Diese Daten werden ausschlie\u00dflich f\u00fcr die Nutzung durch Lux Sauna gesammelt und werden nicht verkauft oder an andere Parteien weitergegeben.<\/p>\n\n\n\n<p><strong>Wie erfassen wir Ihre Informationen?<\/strong><\/p>\n\n\n\n<p>Sie geben unserem Unternehmen die meisten Informationen direkt, die wir sammeln. Wir sammeln und verarbeiten Informationen, wenn:<\/p>\n\n\n\n<p>Sie eines unserer Produkte oder Dienstleistungen kaufen, wie Gartensaunen, Whirlpools, Fasssaunen und andere Saunen oder Dienstleistungen. Sie sich freiwillig f\u00fcr unseren Newsletter anmelden. Sie Feedback zu unseren Produkten und Dienstleistungen geben. Unser Unternehmen kann Ihre Informationen auch indirekt aus den folgenden Quellen erhalten:<\/p>\n\n\n\n<p>Wenn Sie unsere Website besuchen &#8211; Cookies (in anderen Themen erl\u00e4utert) und unter den gesammelten Daten erw\u00e4hnte Statistiken. Oder \u00fcber andere Aktivit\u00e4ten, Dienste, Funktionen oder Ressourcen, die wir auf unserer Website zur Verf\u00fcgung stellen.<\/p>\n\n\n\n<p><strong>Wie verwenden wir Ihre Informationen?<\/strong><\/p>\n\n\n\n<p>Unser Unternehmen sammelt Ihre Informationen, um:<\/p>\n\n\n\n<ul>\n<li>Ihre Sauna-Bestellungen zu bearbeiten.<\/li>\n\n\n\n<li>Kontaktieren Sie bez\u00fcglich Ihrer Anfragen telefonisch, per E-Mail oder \u00fcber das Kontaktformular.<\/li>\n\n\n\n<li>E-Mails \u00fcber Sonderangebote zu den begehrtesten Produkten senden.<\/li>\n\n\n\n<li>Marketingkampagnen bereitzustellen, die speziell auf der Grundlage Ihrer aktuellen Eink\u00e4ufe und Vorlieben zugeschnitten sind.<\/li>\n<\/ul>\n\n\n\n<p>Dar\u00fcber hinaus k\u00f6nnen die Informationen mit Dritten wie:<\/p>\n\n\n\n<ul>\n<li>Buchhalter <\/li>\n\n\n\n<li>Kuriere <\/li>\n\n\n\n<li>W\u00e4hrend der Auftragsabwicklung, um betr\u00fcgerische Eink\u00e4ufe zu verhindern, kann unser Unternehmen Ihre Informationen teilen und auch Informationen von Kreditauskunfteien \u00fcber Sie verwenden.<\/li>\n<\/ul>\n\n\n\n<p><strong>Wie speichern wir Ihre Informationen?<\/strong><\/p>\n\n\n\n<p>Unser Unternehmen speichert Ihre Daten sicher in den Rechenzentren von Getresponse und Clickfunnels, und diese Daten werden nicht an andere Rechenzentren \u00fcbertragen. Dies macht sie \u00e4u\u00dferst sicher, da diese beiden Plattformen beim Speichern der Daten \u00e4u\u00dferst vorsichtig sind.<\/p>\n\n\n\n<p>Wenn Sie sich dazu entschlie\u00dfen, unseren Newsletter abzubestellen oder die L\u00f6schung Ihrer Daten anzufordern, werden Ihre Informationen innerhalb eines Jahres nach der Benachrichtigung dauerhaft aus den Rechenzentren von Getresponse und Clickfunnels gel\u00f6scht oder auf andere Weise, in denen sie gespeichert und gesammelt wurden.<\/p>\n\n\n\n<p><strong>Marketing<\/strong><\/p>\n\n\n\n<p>Unser Unternehmen m\u00f6chte Ihnen Informationen und Angebote zu neuen Produkten und Dienstleistungen senden, die Sie m\u00f6glicherweise kaufen m\u00f6chten. Wir m\u00f6chten Ihnen auch Marketinginformationen von Unternehmen senden, mit denen wir zusammenarbeiten.<\/p>\n\n\n\n<p>Dies erfolgt nur, nachdem Sie zugestimmt haben, Marketingkampagnen und E-Mails von uns zu erhalten, indem Sie unseren Newsletter ausw\u00e4hlen. Sie k\u00f6nnen sich jederzeit sp\u00e4ter abmelden.<\/p>\n\n\n\n<p>Die erhaltenen Informationen werden so lange aufbewahrt, bis wir Ihnen neuen Inhalt, Angebote oder Newsletter Ihrer Wahl zustellen. Danach wird es gel\u00f6scht oder wenn Sie sich von unserem Newsletter abmelden. Dar\u00fcber hinaus, wenn Sie die L\u00f6schung Ihrer Daten anfordern.<\/p>\n\n\n\n<p>Sie haben jederzeit das vollst\u00e4ndige Recht, Marketingkampagnen per E-Mail oder Telefon nicht mehr zu erhalten, sowie die Datenfreigabe mit unseren Partnern und einem anderen Mitglied unseres Unternehmens einzustellen.<\/p>\n\n\n\n<p>Wenn Sie keine E-Mails mehr von uns erhalten m\u00f6chten, klicken Sie hier.<\/p>\n\n\n\n<p><strong>Was sind Ihre Datenschutzrechte?<\/strong><\/p>\n\n\n\n<p>Unser Unternehmen m\u00f6chte sicherstellen, dass Sie sich vollst\u00e4ndig Ihrer Datenschutzrechte bewusst sind. Jeder Benutzer hat die folgenden Rechte:<\/p>\n\n\n\n<p><strong>Recht auf Auskunft<\/strong> &#8211; Sie haben das Recht, alle personenbezogenen Daten anzufordern, die unser Unternehmen \u00fcber Sie hat. F\u00fcr diesen Service kann eine geringe Geb\u00fchr anfallen.<\/p>\n\n\n\n<p><strong>Recht auf Berichtigung<\/strong> &#8211; Sie haben das Recht, unser Unternehmen aufzufordern, alle Informationen zu korrigieren, von denen Sie glauben, dass sie ungenau sind. Sie haben auch das Recht, zus\u00e4tzliche Informationen anzufordern, wenn sie unvollst\u00e4ndig sind.<\/p>\n\n\n\n<p><strong>Recht auf L\u00f6schung<\/strong> &#8211; Sie haben das Recht, unser Unternehmen aufzufordern, Ihre personenbezogenen Daten unter bestimmten Bedingungen zu l\u00f6schen.<\/p>\n\n\n\n<p><strong>Recht auf Einschr\u00e4nkung der Verarbeitung<\/strong> &#8211; Sie haben das Recht, unser Unternehmen aufzufordern, die Verarbeitung Ihrer personenbezogenen Daten unter bestimmten Bedingungen einzuschr\u00e4nken.<\/p>\n\n\n\n<p><strong>Widerspruchsrecht<\/strong> &#8211; Sie haben das Recht, der Verarbeitung Ihrer personenbezogenen Daten durch unser Unternehmen unter bestimmten Bedingungen zu widersprechen.<\/p>\n\n\n\n<p><strong>Recht auf Daten\u00fcbertragbarkeit<\/strong> &#8211; Sie haben das Recht, unser Unternehmen aufzufordern, die von uns gesammelten Daten unter bestimmten Bedingungen an eine andere Organisation oder direkt an Sie zu \u00fcbertragen.<\/p>\n\n\n\n<p>Nach Eingang eines Antrags haben wir einen Monat Zeit, um zu antworten. Wenn Sie eines dieser Rechte aus\u00fcben m\u00f6chten, kontaktieren Sie uns bitte:<\/p>\n\n\n\n<p>+358 40 816 2667<\/p>\n\n\n\n<p>Oder per E-Mail an: <a>myynti@luxsauna.fi<\/a><\/p>\n\n\n\n<p><strong>Was sind Cookies?<\/strong><\/p>\n\n\n\n<p>Cookies sind kleine Dateien\/Daten \u00fcber Ihren Computer und Ihr Surfverhalten, die automatisch vom Web oder Clientcomputer gesammelt und abgerufen werden. Weitere Informationen finden Sie unter <a href=\"https:\/\/ec.europa.eu\/info\/cookies_fi\" target=\"_blank\" rel=\"noopener\">https:\/\/ec.europa.eu\/info\/cookies_fi<\/a>.<\/p>\n\n\n\n<p><strong>Wie verwenden wir Cookies?<\/strong><\/p>\n\n\n\n<p>Unser Unternehmen verwendet Cookies auf verschiedene Weise, um Ihre Erfahrung auf unserer Website zu verbessern, einschlie\u00dflich:<\/p>\n\n\n\n<p>Verst\u00e4ndnis, wie Sie unsere Website nutzen Bereitstellung von Marketingkampagnen Zielen auf sozialen Medien Sie erneut ansprechen, nachdem Sie unsere Seite besucht haben. <\/p>\n\n\n\n<p><strong>Welche Arten von Cookies verwenden wir?<\/strong><\/p>\n\n\n\n<p>Es gibt verschiedene Arten von Cookies, aber unsere Website verwendet:<\/p>\n\n\n\n<p><strong>Funktionalit\u00e4t<\/strong> &#8211; Wenn Sie unsere Seite besuchen, erfassen wir Cookie-Daten, um Ihre ausgew\u00e4hlten Einstellungen zu speichern, wie akzeptierte Cookies, Sprache und Standort. Wir verwenden First-Party-Cookies &#8211; um Daten auf unserer Website zu sammeln. Und Third-Party-Cookies &#8211; die unsere Website nicht direkt sammelt, sondern Dritte stattdessen f\u00fcr zielgerichtete Werbung, Chatbots und Social Buttons.<\/p>\n\n\n\n<p><strong>Werbung<\/strong> &#8211; Unser Unternehmen sammelt Informationen \u00fcber Ihren Besuch auf unserer Website, welche Inhalte Sie gelesen haben, welche Links Sie geklickt haben, und Informationen \u00fcber Ihre IP-Adresse, Ihren Browser und Ihr Ger\u00e4t. Unser Unternehmen kann diese Informationen f\u00fcr Werbezwecke mit Dritten und Werbepartnern teilen. Dies bedeutet, dass Ihnen, wenn Sie unsere Seite besucht haben und dann eine andere Seite besuchen, Anzeigen f\u00fcr Produkte und Dienstleistungen angezeigt werden k\u00f6nnen.<\/p>\n\n\n\n<p><strong>Wie verwalten Sie Ihre Cookies?<\/strong><\/p>\n\n\n\n<p>Sie k\u00f6nnen Ihre Browsereinstellungen jederzeit so einstellen, dass keine Cookies akzeptiert werden. Die Methode hierzu variiert je nach Browser und f\u00fcr diese Website <a href=\"https:\/\/m.wikihow.com\/Disable-Cookies\" target=\"_blank\" rel=\"noopener\">https:\/\/m.wikihow.com\/Disable-Cookies<\/a><\/p>\n\n\n\n<p><strong>Hinweis<\/strong>: Wenn Sie Cookies in Ihrem Browser deaktivieren, k\u00f6nnen einige Funktionen und Funktionen unserer Website m\u00f6glicherweise nicht angezeigt werden.<\/p>\n\n\n\n<p><strong>Datenschutzrichtlinien anderer Websites<\/strong><\/p>\n\n\n\n<p>Obwohl wir Links zu anderen Websites haben, deckt unsere Datenschutz- und Cookie-Richtlinie nur unsere Website ab. Dies bedeutet, dass Sie, wenn Sie von unserer Website aus auf Links zu einer anderen Website klicken, deren Richtlinien finden und lesen sollten, um zu verstehen, wie sie Ihre Daten sammeln und verarbeiten.<\/p>\n\n\n\n<p><strong>\u00c4nderungen an unserer Datenschutzrichtlinie<\/strong><\/p>\n\n\n\n<p>Unser Unternehmen respektiert personenbezogene Daten sehr und aktualisiert daher regelm\u00e4\u00dfig seine Datenschutzrichtlinie, um mit der Erfassung und Verarbeitung neuer Daten Schritt zu halten. Die aktuelle Datenschutz- und Cookie-Richtlinie wurde zuletzt am 10. Juli 2023 aktualisiert.<\/p>\n\n\n\n<p><strong>Wie k\u00f6nnen Sie uns kontaktieren?<\/strong><\/p>\n\n\n\n<p>Wenn Sie Fragen dazu haben, wie wir Ihre Daten sammeln, welche Daten wir speichern und verarbeiten, oder wenn Sie eines Ihrer Datenschutzrechte aus\u00fcben m\u00f6chten, z\u00f6gern Sie bitte nicht, uns zu kontaktieren:<\/p>\n\n\n\n<p>Senden Sie uns eine E-Mail: <a>myynti@luxsauna.fi<\/a><\/p>\n\n\n\n<p>Rufen Sie uns an: +358 40 816 2667<\/p>\n","protected":false},"excerpt":{"rendered":"<p>Unsere Datenschutz- und Cookie-Richtlinie Diese Datenschutz- und Cookie-Richtlinie erl\u00e4utert, wie wir personenbezogene Daten verwenden, die von Ihnen gesammelt werden, wenn Sie unsere Website besuchen, unseren Newsletter abonnieren oder unsere Produkte und Dienstleistungen kaufen. Enthaltene Themen: Welche Informationen sammeln wir? Unser Unternehmen Lux Sauna Oy (Sauna-Shop) sammelt folgende Daten: Dar\u00fcber hinaus sammeln wir statistische und Messdaten&nbsp;<a class=\"readbutton\" href=\"https:\/\/luxsauna.fi\/de\/datenschutz-und-cookie-richtlinie\/\">Weiterlesen<\/a><\/p>\n","protected":false},"author":1,"featured_media":0,"parent":0,"menu_order":0,"comment_status":"closed","ping_status":"closed","template":"","meta":{"_uag_custom_page_level_css":"","_genesis_hide_title":false,"_genesis_hide_breadcrumbs":false,"_genesis_hide_singular_image":false,"_genesis_hide_footer_widgets":false,"_genesis_custom_body_class":"","_genesis_custom_post_class":"","_genesis_layout":"full-width-content","footnotes":""},"featured_image_src":null,"featured_image_src_square":null,"uagb_featured_image_src":{"full":false,"thumbnail":false,"medium":false,"medium_large":false,"large":false,"1536x1536":false,"2048x2048":false,"featured-blog":false,"sidebar-thumbnail":false,"gb-block-post-grid-landscape":false,"gb-block-post-grid-square":false,"cfw_cart_thumb":false,"woocommerce_thumbnail":false,"woocommerce_single":false,"woocommerce_gallery_thumbnail":false},"uagb_author_info":{"display_name":"Raido","author_link":"https:\/\/luxsauna.fi\/de\/author\/sauna\/"},"uagb_comment_info":0,"uagb_excerpt":"Unsere Datenschutz- und Cookie-Richtlinie Diese Datenschutz- und Cookie-Richtlinie erl\u00e4utert, wie wir personenbezogene Daten verwenden, die von Ihnen gesammelt werden, wenn Sie unsere Website besuchen, unseren Newsletter abonnieren oder unsere Produkte und Dienstleistungen kaufen. Enthaltene Themen: Welche Informationen sammeln wir? Unser Unternehmen Lux Sauna Oy (Sauna-Shop) sammelt folgende Daten: Dar\u00fcber hinaus sammeln wir statistische und Messdaten&nbsp;Weiterlesen","_links":{"self":[{"href":"https:\/\/luxsauna.fi\/de\/wp-json\/wp\/v2\/pages\/7482"}],"collection":[{"href":"https:\/\/luxsauna.fi\/de\/wp-json\/wp\/v2\/pages"}],"about":[{"href":"https:\/\/luxsauna.fi\/de\/wp-json\/wp\/v2\/types\/page"}],"author":[{"embeddable":true,"href":"https:\/\/luxsauna.fi\/de\/wp-json\/wp\/v2\/users\/1"}],"replies":[{"embeddable":true,"href":"https:\/\/luxsauna.fi\/de\/wp-json\/wp\/v2\/comments?post=7482"}],"version-history":[{"count":2,"href":"https:\/\/luxsauna.fi\/de\/wp-json\/wp\/v2\/pages\/7482\/revisions"}],"predecessor-version":[{"id":7495,"href":"https:\/\/luxsauna.fi\/de\/wp-json\/wp\/v2\/pages\/7482\/revisions\/7495"}],"wp:attachment":[{"href":"https:\/\/luxsauna.fi\/de\/wp-json\/wp\/v2\/media?parent=7482"}],"curies":[{"name":"wp","href":"https:\/\/api.w.org\/{rel}","templated":true}]}}