{"id":5021,"date":"2023-05-19T14:59:14","date_gmt":"2023-05-19T11:59:14","guid":{"rendered":"https:\/\/luxsauna.fi\/?page_id=5021"},"modified":"2024-05-10T16:32:49","modified_gmt":"2024-05-10T13:32:49","slug":"haeufig-gestellte-fragen-zum-bau-einer-gartensauna","status":"publish","type":"page","link":"https:\/\/luxsauna.fi\/de\/haeufig-gestellte-fragen-zum-bau-einer-gartensauna\/","title":{"rendered":"H\u00e4ufig gestellte Fragen zum Bau einer Gartensauna"},"content":{"rendered":"\n<div class=\"wp-block-genesis-blocks-gb-columns gb-slate-section-text-with-cta gb-slate-text-with-cta gb-layout-columns-1 gb-1-col-equal gb-has-background-dim gb-has-background-dim-30 has-white-background-color gb-has-custom-text-color gb-columns-center alignfull\" style=\"padding-top:3em;padding-right:1em;padding-bottom:3em;padding-left:1em;color:#f5f5f5;background-position:50% 52%\"><div class=\"gb-layout-column-wrap gb-block-layout-column-gap-3 gb-is-responsive-column\" style=\"max-width:872px\">\n<div class=\"wp-block-genesis-blocks-gb-column gb-block-layout-column\"><div class=\"gb-block-layout-column-inner\"><style>@media only screen and (max-width: 600px) {.gb-69d696a29e44e{font-size: 26px!important;}}<\/style>\n<h2 class=\"gb-69d696a29e44e wp-block-heading has-text-align-center has-black-color has-text-color\" style=\"font-size:50px;text-transform:uppercase\">H\u00e4ufig gestellte Fragen zum Bau und Kauf einer Gartensauna<\/h2>\n\n\n\n<p class=\"has-text-align-center has-black-color has-text-color\">Hier haben wir h\u00e4ufig gestellte Fragen zum Bau einer Gartensauna und zum Kauf bei uns beantwortet.<\/p>\n\n\n\n<div class=\"wp-block-buttons fade-in-up is-content-justification-center is-layout-flex wp-container-1 wp-block-buttons-is-layout-flex\">\n<div class=\"wp-block-button has-custom-font-size is-style-fill has-normal-font-size\"><a class=\"wp-block-button__link has-background wp-element-button\" href=\"https:\/\/luxsauna.fi\/pihasaunat\/\" style=\"background-color:#000000\">Schauen Sie sich unsere Outdoor-Sauna-Modelle an<\/a><\/div>\n<\/div>\n<\/div><\/div>\n<\/div><\/div>\n\n<div class=\"wp-block-genesis-blocks-gb-columns gb-slate-section-feature-text-columns gb-slate-feature-text-columns gb-layout-columns-1 one-column has-white-background-color gb-has-custom-text-color gb-columns-center alignfull\" style=\"padding-top:2em;padding-right:1em;padding-bottom:5em;padding-left:1em;color:#1f1f1f\"><div class=\"gb-layout-column-wrap gb-block-layout-column-gap-2 gb-is-responsive-column\" style=\"max-width:1200px\">\n<div class=\"wp-block-genesis-blocks-gb-column gb-block-layout-column\"><div class=\"gb-block-layout-column-inner\"><div id=\"rank-math-faq\" class=\"rank-math-block\">\n<div class=\"rank-math-list \">\n<div id=\"faq-question-1684474025017\" class=\"rank-math-list-item\">\n<h3 class=\"rank-math-question \">Brauche ich eine Baugenehmigung f\u00fcr die Sauna?<\/h3>\n<div class=\"rank-math-answer \">\n\n<p><strong>Ja,<\/strong> f\u00fcr die Installation einer Au\u00dfensauna ist in der Regel eine Baugenehmigung erforderlich. Wenden Sie sich an den Bauinspektor Ihres \u00f6rtlichen Landkreises oder Ihrer Stadt, um die spezifischen Anforderungen f\u00fcr Ihre Region zu erfahren, oder nutzen Sie einen Dienst wie z<mark class=\"has-inline-color has-theme-primary-color\"> <\/mark><mark style=\"background-color:#f1ff00;color:#000000\" class=\"has-inline-color\"><a href=\"https:\/\/www.lupapiste.fi\" target=\"_blank\" rel=\"noopener\">Lupapiste.fi<\/a><\/mark>, der den Genehmigungsantrag f\u00fcr Sie bearbeitet, um den gesamten Prozess zu vereinfachen.<\/p>\n\n<\/div>\n<\/div>\n<div id=\"faq-question-1684474093224\" class=\"rank-math-list-item\">\n<h3 class=\"rank-math-question \">Was kostet eine Gartensauna?<\/h3>\n<div class=\"rank-math-answer \">\n\n<p><strong>Die Preise f\u00fcr eine Au\u00dfensauna beginnen bei etwa 8.000 \u20ac.<\/strong> Zubeh\u00f6r wie Isolierung, \u00d6fen, Wassertank usw. sind nicht im Preis enthalten. So k\u00f6nnen Sie Ihre n\u00e4chste Sauna ganz auf Ihre Bed\u00fcrfnisse und W\u00fcnsche abstimmen. Beispielsweise kostet eine 50 mm Vollisolierung rund 1.700 Euro und 30 mm 950 Euro bei einer kleineren S-Einheit.<\/p>\n\n<\/div>\n<\/div>\n<div id=\"faq-question-1684474098894\" class=\"rank-math-list-item\">\n<h3 class=\"rank-math-question \">Worauf muss ich als Kunde achten?<\/h3>\n<div class=\"rank-math-answer \">\n\n<p>Ihre Aufgabe ist es, das <strong>Baugenehmigungsverfahren<\/strong> zu verwalten. Auch um die <strong>Fundamentarbeiten<\/strong> sollten Sie sich k\u00fcmmern. Wir stellen die grundlegenden Mess- und St\u00fctzpositionen entsprechend dem von Ihnen gekauften Modell zur Verf\u00fcgung.<\/p>\n\n<\/div>\n<\/div>\n<div id=\"faq-question-1684474101411\" class=\"rank-math-list-item\">\n<h3 class=\"rank-math-question \">Wie hoch ist die Liefergeb\u00fchr?<\/h3>\n<div class=\"rank-math-answer \">\n\n<p>Die Frachtkosten f\u00fcr eine Saunaanlage belaufen sich je nach Gr\u00f6\u00dfe des Modells <strong>auf 2,2 \u20ac bis 2,5 \u20ac\/km.<\/strong> Der Preis muss f\u00fcr beide Wege berechnet werden, von unserer Produktion zu Ihrer Adresse und zur\u00fcck. Die gesamten Transportkosten der Saunateile betragen somit 4,4 \u2013 5 \u20ac\/km, die wir bei einer Preisanfrage anhand der Adresse berechnen. Die Versandkosten f\u00fcr andere Produkte richten sich nach <strong>Gr\u00f6\u00dfe und Menge.<\/strong><\/p>\n\n<\/div>\n<\/div>\n<div id=\"faq-question-1684474104166\" class=\"rank-math-list-item\">\n<h3 class=\"rank-math-question \">Wann kann ich mit der Lieferung meiner Sauna rechnen?<\/h3>\n<div class=\"rank-math-answer \">\n\n<p>Nach Eingang der Anzahlung ben\u00f6tigen wir <strong>in der Regel 6 Wochen f\u00fcr die Lieferung Ihrer Sauna.<\/strong> Bitte beachten Sie, dass es sich hierbei um eine Sch\u00e4tzung handelt und Faktoren wie die Jahreszeit, die Verf\u00fcgbarkeit von Holzmaterialien und Zeiten hoher Nachfrage die tats\u00e4chliche Lieferzeit beeinflussen k\u00f6nnen. Unser Ziel ist es, nach Ihren W\u00fcnschen zu liefern und sicherzustellen, dass Sie Ihre Sauna so schnell wie m\u00f6glich erhalten.<\/p>\n\n<\/div>\n<\/div>\n<div id=\"faq-question-1684478061289\" class=\"rank-math-list-item\">\n<h3 class=\"rank-math-question \">Was ist, wenn ich Hilfe ben\u00f6tige?<\/h3>\n<div class=\"rank-math-answer \">\n\n<p>Bei Fragen sind wir jederzeit <strong>telefonisch oder per E-Mail erreichbar,<\/strong> die Sie auf unserer Kontaktseite finden. Dar\u00fcber hinaus steht Ihnen auch ein <strong>Online-Chat<\/strong> zur Verf\u00fcgung, bei dem Ihnen unser freundlicher Kundenservice weiterhelfen kann.<\/p>\n\n<\/div>\n<\/div>\n<\/div>\n<\/div><\/div><\/div>\n<\/div><\/div>\n\n<div class=\"wp-block-genesis-blocks-gb-container gb-layout-landing-2 ctacss gb-block-container alignfull\"><div class=\"gb-container-inside\"><div class=\"gb-container-content\" style=\"max-width:1600px\">\n<div style=\"background-color:#f8f8f8;padding-bottom:5%;padding-top:1%\" class=\"wp-block-genesis-blocks-gb-container gb-layout-landing-2 ctacss gb-block-container alignfull\"><div class=\"gb-container-inside\"><div class=\"gb-container-content\" style=\"max-width:1600px\">\n<div class=\"wp-block-cover aligncenter is-light gb-block-cta ctaall\" style=\"padding-top:2%;min-height:13px\"><span aria-hidden=\"true\" class=\"wp-block-cover__background has-background-dim-100 has-background-dim\" style=\"background-color:#f8f8f8\"><\/span><div class=\"wp-block-cover__inner-container is-layout-flow wp-block-cover-is-layout-flow\">\n<h2 class=\"wp-block-heading has-text-align-center has-text-color\" style=\"color:#000000;font-size:32;line-height:1\">Genie\u00dfen Sie das finnische Saunaerlebnis in der Ruhe Ihres eigenen Gartens<\/h2>\n\n\n\n<div class=\"wp-block-uagb-buttons uagb-buttons__outer-wrap uagb-btn__default-btn uagb-btn-tablet__default-btn uagb-btn-mobile__default-btn uagb-block-6122b51f\"><div class=\"uagb-buttons__wrap uagb-buttons-layout-wrap \">\n<div class=\"wp-block-uagb-buttons-child uagb-buttons__outer-wrap uagb-block-35341bfd wp-block-button\"><div class=\"uagb-button__wrapper\"><a class=\"uagb-buttons-repeater wp-block-button__link\" aria-label=\"\" href=\"https:\/\/luxsauna.fi\/pihasaunat\/\" rel=\"follow noopener\" target=\"_self\" role=\"button\"><div class=\"uagb-button__link\">Schauen Sie sich unsere Terrassensauna-Auswahl an<\/div><\/a><\/div><\/div>\n<\/div><\/div>\n<\/div><\/div>\n<\/div><\/div><\/div>\n<\/div><\/div><\/div>\n","protected":false},"excerpt":{"rendered":"","protected":false},"author":1,"featured_media":0,"parent":0,"menu_order":0,"comment_status":"closed","ping_status":"closed","template":"","meta":{"_uag_custom_page_level_css":"","_genesis_hide_title":false,"_genesis_hide_breadcrumbs":false,"_genesis_hide_singular_image":false,"_genesis_hide_footer_widgets":false,"_genesis_custom_body_class":"","_genesis_custom_post_class":"","_genesis_layout":"full-width-content","footnotes":""},"featured_image_src":null,"featured_image_src_square":null,"uagb_featured_image_src":{"full":false,"thumbnail":false,"medium":false,"medium_large":false,"large":false,"1536x1536":false,"2048x2048":false,"featured-blog":false,"sidebar-thumbnail":false,"gb-block-post-grid-landscape":false,"gb-block-post-grid-square":false,"cfw_cart_thumb":false,"woocommerce_thumbnail":false,"woocommerce_single":false,"woocommerce_gallery_thumbnail":false},"uagb_author_info":{"display_name":"Raido","author_link":"https:\/\/luxsauna.fi\/de\/author\/sauna\/"},"uagb_comment_info":0,"uagb_excerpt":null,"_links":{"self":[{"href":"https:\/\/luxsauna.fi\/de\/wp-json\/wp\/v2\/pages\/5021"}],"collection":[{"href":"https:\/\/luxsauna.fi\/de\/wp-json\/wp\/v2\/pages"}],"about":[{"href":"https:\/\/luxsauna.fi\/de\/wp-json\/wp\/v2\/types\/page"}],"author":[{"embeddable":true,"href":"https:\/\/luxsauna.fi\/de\/wp-json\/wp\/v2\/users\/1"}],"replies":[{"embeddable":true,"href":"https:\/\/luxsauna.fi\/de\/wp-json\/wp\/v2\/comments?post=5021"}],"version-history":[{"count":5,"href":"https:\/\/luxsauna.fi\/de\/wp-json\/wp\/v2\/pages\/5021\/revisions"}],"predecessor-version":[{"id":7629,"href":"https:\/\/luxsauna.fi\/de\/wp-json\/wp\/v2\/pages\/5021\/revisions\/7629"}],"wp:attachment":[{"href":"https:\/\/luxsauna.fi\/de\/wp-json\/wp\/v2\/media?parent=5021"}],"curies":[{"name":"wp","href":"https:\/\/api.w.org\/{rel}","templated":true}]}}